{"id":958,"date":"2024-07-11T12:05:50","date_gmt":"2024-07-11T10:05:50","guid":{"rendered":"https:\/\/salgourmet.es\/?post_type=product&#038;p=958"},"modified":"2025-03-12T11:00:32","modified_gmt":"2025-03-12T10:00:32","slug":"magnesio","status":"publish","type":"product","link":"https:\/\/salgourmet.es\/it\/saludate\/magnesio\/","title":{"rendered":"Sale con magnesio. Saluta te stesso."},"content":{"rendered":"<div class=\"desc\">\n<div class=\"col-12 col-md-6\">\n<div class=\"desc\">\n<div class=\"desc\">\n<div class=\"desc\">\n<div class=\"col-12 col-md-6\">\n<div class=\"col-12 col-md-6\">\n<div class=\"desc\">\n<div class=\"col-12 col-md-6\">\n<div class=\"desc\">\n<div class=\"col-12 col-md-6\">\n<div class=\"desc\">\n<div class=\"desc\">\n<div class=\"col-12 col-md-6\">\n<div class=\"desc\">\n<div class=\"col-12 col-md-6\">\n<div class=\"col-12 col-md-6\">\n<div class=\"col-12 col-md-6\">Il magnesio contribuisce alla normale funzione muscolare e al normale funzionamento del sistema nervoso. Aiuta anche a ridurre l&#039;affaticamento. Con acidi grassi essenziali Omega-3 e Omega-6, contribuisce alla salute del cuore. Contiene anche potassio, che aiuta a mantenere una pressione sanguigna normale.<\/div>\n<\/div>\n<\/div>\n<\/div>\n<\/div>\n<\/div>\n<\/div>\n<\/div>\n<\/div>\n<\/div>\n<\/div>\n<\/div>\n<\/div>\n<\/div>\n<\/div>\n<\/div>\n<\/div>\n<\/div>","protected":false},"excerpt":{"rendered":"<div class=\"desc\">\n<div class=\"desc\">\n<div class=\"col-12 col-md-6\">\n<div class=\"col-12 col-md-6\">\n<div class=\"desc\">\n<div class=\"desc\">\n<div class=\"col-12 col-md-6\">\n<div class=\"desc\">\n<div class=\"desc\">\n<div class=\"desc\">\n<div class=\"desc\">\n<div class=\"desc\">\n<p>Con magnesio e solo 221 mg di sodio, il condimento Sal\u00fadate, grazie al suo contenuto di acidi grassi essenziali omega-3 e omega-6, contribuisce alla salute del cuore.<\/p>\n<p>sms<\/p>\n<\/div>\n<\/div>\n<\/div>\n<\/div>\n<\/div>\n<\/div>\n<\/div>\n<\/div>\n<\/div>\n<\/div>\n<\/div>\n<\/div>","protected":false},"featured_media":976,"template":"","meta":{"_acf_changed":false,"neve_meta_sidebar":"","neve_meta_container":"","neve_meta_enable_content_width":"off","neve_meta_content_width":100,"neve_meta_title_alignment":"","neve_meta_author_avatar":"","neve_post_elements_order":"","neve_meta_disable_header":"","neve_meta_disable_footer":"","neve_meta_disable_title":""},"product_brand":[],"product_cat":[22],"product_tag":[],"class_list":{"0":"post-958","1":"product","2":"type-product","3":"status-publish","4":"has-post-thumbnail","6":"product_cat-saludate","8":"first","9":"instock","10":"taxable","11":"shipping-taxable","12":"purchasable","13":"product-type-variable","14":"wvs-archive-product-wrapper"},"acf":[],"yoast_head":"<!-- This site is optimized with the Yoast SEO plugin v25.8 - https:\/\/yoast.com\/wordpress\/plugins\/seo\/ -->\n<title>Sal con Magnesio Sal\u00fadate - Sal Gourmet<\/title>\n<meta name=\"robots\" content=\"index, follow, max-snippet:-1, max-image-preview:large, max-video-preview:-1\" \/>\n<link rel=\"canonical\" href=\"https:\/\/salgourmet.es\/it\/saludate\/magnesio\/\" \/>\n<meta property=\"og:locale\" content=\"it_IT\" \/>\n<meta property=\"og:type\" content=\"article\" \/>\n<meta property=\"og:title\" content=\"Sal con Magnesio Sal\u00fadate - Sal Gourmet\" \/>\n<meta property=\"og:description\" content=\"Con Magnesio y s\u00f3lo un 22% de sodio. El sazonador Sal\u00fadate, por su contenido en \u00e1cidos grasos esenciales omega-3 y omega-6, contribuye a la salud de tu coraz\u00f3n.  SMS\" \/>\n<meta property=\"og:url\" content=\"https:\/\/salgourmet.es\/it\/saludate\/magnesio\/\" \/>\n<meta property=\"og:site_name\" content=\"Sal Gourmet\" \/>\n<meta property=\"article:modified_time\" content=\"2025-03-12T10:00:32+00:00\" \/>\n<meta property=\"og:image\" content=\"https:\/\/salgourmet.es\/wp-content\/uploads\/Sal-con-Magnesio-Saludate.jpg\" \/>\n\t<meta property=\"og:image:width\" content=\"2000\" \/>\n\t<meta property=\"og:image:height\" content=\"1968\" \/>\n\t<meta property=\"og:image:type\" content=\"image\/jpeg\" \/>\n<meta name=\"twitter:card\" content=\"summary_large_image\" \/>\n<meta name=\"twitter:label1\" content=\"Tempo di lettura stimato\" \/>\n\t<meta name=\"twitter:data1\" content=\"1 minuto\" \/>\n<script type=\"application\/ld+json\" class=\"yoast-schema-graph\">{\"@context\":\"https:\/\/schema.org\",\"@graph\":[{\"@type\":\"WebPage\",\"@id\":\"https:\/\/salgourmet.es\/saludate\/magnesio\/\",\"url\":\"https:\/\/salgourmet.es\/saludate\/magnesio\/\",\"name\":\"Sal con Magnesio Sal\u00fadate - Sal Gourmet\",\"isPartOf\":{\"@id\":\"https:\/\/salgourmet.es\/#website\"},\"primaryImageOfPage\":{\"@id\":\"https:\/\/salgourmet.es\/saludate\/magnesio\/#primaryimage\"},\"image\":{\"@id\":\"https:\/\/salgourmet.es\/saludate\/magnesio\/#primaryimage\"},\"thumbnailUrl\":\"https:\/\/salgourmet.es\/wp-content\/uploads\/Sal-con-Magnesio-Saludate.jpg\",\"datePublished\":\"2024-07-11T10:05:50+00:00\",\"dateModified\":\"2025-03-12T10:00:32+00:00\",\"breadcrumb\":{\"@id\":\"https:\/\/salgourmet.es\/saludate\/magnesio\/#breadcrumb\"},\"inLanguage\":\"it-IT\",\"potentialAction\":[{\"@type\":\"ReadAction\",\"target\":[\"https:\/\/salgourmet.es\/saludate\/magnesio\/\"]}]},{\"@type\":\"ImageObject\",\"inLanguage\":\"it-IT\",\"@id\":\"https:\/\/salgourmet.es\/saludate\/magnesio\/#primaryimage\",\"url\":\"https:\/\/salgourmet.es\/wp-content\/uploads\/Sal-con-Magnesio-Saludate.jpg\",\"contentUrl\":\"https:\/\/salgourmet.es\/wp-content\/uploads\/Sal-con-Magnesio-Saludate.jpg\",\"width\":2000,\"height\":1968},{\"@type\":\"BreadcrumbList\",\"@id\":\"https:\/\/salgourmet.es\/saludate\/magnesio\/#breadcrumb\",\"itemListElement\":[{\"@type\":\"ListItem\",\"position\":1,\"name\":\"Portada\",\"item\":\"https:\/\/salgourmet.es\/\"},{\"@type\":\"ListItem\",\"position\":2,\"name\":\"Tienda\",\"item\":\"https:\/\/salgourmet.es\/tienda\/\"},{\"@type\":\"ListItem\",\"position\":3,\"name\":\"Sal con Magnesio Sal\u00fadate\"}]},{\"@type\":\"WebSite\",\"@id\":\"https:\/\/salgourmet.es\/#website\",\"url\":\"https:\/\/salgourmet.es\/\",\"name\":\"Sal Gourmet\",\"description\":\"\",\"potentialAction\":[{\"@type\":\"SearchAction\",\"target\":{\"@type\":\"EntryPoint\",\"urlTemplate\":\"https:\/\/salgourmet.es\/?s={search_term_string}\"},\"query-input\":{\"@type\":\"PropertyValueSpecification\",\"valueRequired\":true,\"valueName\":\"search_term_string\"}}],\"inLanguage\":\"it-IT\"}]}<\/script>\n<!-- \/ Yoast SEO plugin. -->","yoast_head_json":{"title":"Sal con Magnesio Sal\u00fadate - Sal Gourmet","robots":{"index":"index","follow":"follow","max-snippet":"max-snippet:-1","max-image-preview":"max-image-preview:large","max-video-preview":"max-video-preview:-1"},"canonical":"https:\/\/salgourmet.es\/it\/saludate\/magnesio\/","og_locale":"it_IT","og_type":"article","og_title":"Sal con Magnesio Sal\u00fadate - Sal Gourmet","og_description":"Con Magnesio y s\u00f3lo un 22% de sodio. El sazonador Sal\u00fadate, por su contenido en \u00e1cidos grasos esenciales omega-3 y omega-6, contribuye a la salud de tu coraz\u00f3n.  SMS","og_url":"https:\/\/salgourmet.es\/it\/saludate\/magnesio\/","og_site_name":"Sal Gourmet","article_modified_time":"2025-03-12T10:00:32+00:00","og_image":[{"width":2000,"height":1968,"url":"https:\/\/salgourmet.es\/wp-content\/uploads\/Sal-con-Magnesio-Saludate.jpg","type":"image\/jpeg"}],"twitter_card":"summary_large_image","twitter_misc":{"Tempo di lettura stimato":"1 minuto"},"schema":{"@context":"https:\/\/schema.org","@graph":[{"@type":"WebPage","@id":"https:\/\/salgourmet.es\/saludate\/magnesio\/","url":"https:\/\/salgourmet.es\/saludate\/magnesio\/","name":"Sal con Magnesio Sal\u00fadate - Sal Gourmet","isPartOf":{"@id":"https:\/\/salgourmet.es\/#website"},"primaryImageOfPage":{"@id":"https:\/\/salgourmet.es\/saludate\/magnesio\/#primaryimage"},"image":{"@id":"https:\/\/salgourmet.es\/saludate\/magnesio\/#primaryimage"},"thumbnailUrl":"https:\/\/salgourmet.es\/wp-content\/uploads\/Sal-con-Magnesio-Saludate.jpg","datePublished":"2024-07-11T10:05:50+00:00","dateModified":"2025-03-12T10:00:32+00:00","breadcrumb":{"@id":"https:\/\/salgourmet.es\/saludate\/magnesio\/#breadcrumb"},"inLanguage":"it-IT","potentialAction":[{"@type":"ReadAction","target":["https:\/\/salgourmet.es\/saludate\/magnesio\/"]}]},{"@type":"ImageObject","inLanguage":"it-IT","@id":"https:\/\/salgourmet.es\/saludate\/magnesio\/#primaryimage","url":"https:\/\/salgourmet.es\/wp-content\/uploads\/Sal-con-Magnesio-Saludate.jpg","contentUrl":"https:\/\/salgourmet.es\/wp-content\/uploads\/Sal-con-Magnesio-Saludate.jpg","width":2000,"height":1968},{"@type":"BreadcrumbList","@id":"https:\/\/salgourmet.es\/saludate\/magnesio\/#breadcrumb","itemListElement":[{"@type":"ListItem","position":1,"name":"Portada","item":"https:\/\/salgourmet.es\/"},{"@type":"ListItem","position":2,"name":"Tienda","item":"https:\/\/salgourmet.es\/tienda\/"},{"@type":"ListItem","position":3,"name":"Sal con Magnesio Sal\u00fadate"}]},{"@type":"WebSite","@id":"https:\/\/salgourmet.es\/#website","url":"https:\/\/salgourmet.es\/","name":"Sale Gourmet","description":"","potentialAction":[{"@type":"SearchAction","target":{"@type":"EntryPoint","urlTemplate":"https:\/\/salgourmet.es\/?s={search_term_string}"},"query-input":{"@type":"PropertyValueSpecification","valueRequired":true,"valueName":"search_term_string"}}],"inLanguage":"it-IT"}]}},"_links":{"self":[{"href":"https:\/\/salgourmet.es\/it\/wp-json\/wp\/v2\/product\/958","targetHints":{"allow":["GET"]}}],"collection":[{"href":"https:\/\/salgourmet.es\/it\/wp-json\/wp\/v2\/product"}],"about":[{"href":"https:\/\/salgourmet.es\/it\/wp-json\/wp\/v2\/types\/product"}],"wp:featuredmedia":[{"embeddable":true,"href":"https:\/\/salgourmet.es\/it\/wp-json\/wp\/v2\/media\/976"}],"wp:attachment":[{"href":"https:\/\/salgourmet.es\/it\/wp-json\/wp\/v2\/media?parent=958"}],"wp:term":[{"taxonomy":"product_brand","embeddable":true,"href":"https:\/\/salgourmet.es\/it\/wp-json\/wp\/v2\/product_brand?post=958"},{"taxonomy":"product_cat","embeddable":true,"href":"https:\/\/salgourmet.es\/it\/wp-json\/wp\/v2\/product_cat?post=958"},{"taxonomy":"product_tag","embeddable":true,"href":"https:\/\/salgourmet.es\/it\/wp-json\/wp\/v2\/product_tag?post=958"}],"curies":[{"name":"wp","href":"https:\/\/api.w.org\/{rel}","templated":true}]}}