{"id":844,"date":"2024-07-11T11:54:15","date_gmt":"2024-07-11T09:54:15","guid":{"rendered":"https:\/\/salgourmet.es\/?post_type=product&#038;p=844"},"modified":"2025-03-12T12:36:02","modified_gmt":"2025-03-12T11:36:02","slug":"manantial-escamas","status":"publish","type":"product","link":"https:\/\/salgourmet.es\/it\/flocons-de-sel\/manantial-escamas\/","title":{"rendered":"Sale primaverile in fiocchi"},"content":{"rendered":"<div class=\"desc\">\n<div class=\"col-12 col-md-6\">\n<div class=\"desc\">\n<div class=\"desc\">\n<div class=\"desc\">\n<div class=\"col-12 col-md-6\">\n<div class=\"col-12 col-md-6\">\n<div class=\"desc\">\n<div class=\"col-12 col-md-6\">\n<div class=\"desc\">\n<div class=\"col-12 col-md-6\">\n<div class=\"desc\">\n<div class=\"desc\">\n<div class=\"col-12 col-md-6\">\n<div class=\"col-12 col-md-6\">\n<div class=\"col-12 col-md-6\">\n<div>I processi di evaporazione e sedimentazione conferiscono a questo sale il suo sapore unico. A differenza di altri sali, non \u00e8 eccessivamente salato. Il suo sapore delicato e i suoi fiocchi fini fanno s\u00ec che si sciolga al minimo tocco. Inoltre, \u00e8 il sale pi\u00f9 sano sul mercato, poich\u00e9 il suo contenuto di cloruro di sodio \u00e8 inferiore a quello di altri sali non primaverili.<\/div>\n<div><\/div>\n<div>Questo sale in scaglie, raccolto a mano per evitare che si disintegri, deve la sua caratteristica struttura a scaglie agli elementi primari della Terra: il sole e l&#039;aria. Le sue origini risalgono a oltre 220 milioni di anni fa.<\/div>\n<div>Ricco di ferro, magnesio, potassio e solfati, \u00e8 per questo che noi produttori di sale lo apprezziamo cos\u00ec tanto, perch\u00e9 non \u00e8 aggressivo al palato e perch\u00e9 funge da esaltatore di sapore per tutta la gastronomia.<\/div>\n<\/div>\n<\/div>\n<\/div>\n<\/div>\n<\/div>\n<\/div>\n<\/div>\n<\/div>\n<\/div>\n<\/div>\n<\/div>\n<div class=\"col-12 col-md-6\"><\/div>\n<\/div>\n<\/div>\n<\/div>\n<\/div>\n<\/div>","protected":false},"excerpt":{"rendered":"<div class=\"desc\">\n<div class=\"desc\">\n<div class=\"col-12 col-md-6\">\n<div class=\"col-12 col-md-6\">\n<div class=\"desc\">\n<div class=\"desc\">\n<div class=\"col-12 col-md-6\">\n<div class=\"desc\">\n<div class=\"desc\">\n<div class=\"desc\">\n<p>Con la sua consistenza unica, questo sale primaverile in fiocchi \u00e8 prodotto artigianalmente dai salinai, garantendo che non venga perso nemmeno un minerale. Basta un tocco di questo sale sulle labbra per farlo sciogliere e valorizzare qualsiasi piatto.<\/p>\n<p>SMEFS<\/p>\n<\/div>\n<\/div>\n<\/div>\n<\/div>\n<\/div>\n<\/div>\n<\/div>\n<\/div>\n<\/div>\n<\/div>","protected":false},"featured_media":874,"template":"","meta":{"_acf_changed":false,"neve_meta_sidebar":"","neve_meta_container":"","neve_meta_enable_content_width":"off","neve_meta_content_width":100,"neve_meta_title_alignment":"","neve_meta_author_avatar":"","neve_post_elements_order":"","neve_meta_disable_header":"","neve_meta_disable_footer":"","neve_meta_disable_title":""},"product_brand":[],"product_cat":[21],"product_tag":[],"class_list":{"0":"post-844","1":"product","2":"type-product","3":"status-publish","4":"has-post-thumbnail","6":"product_cat-flocons-de-sel","8":"first","9":"instock","10":"taxable","11":"shipping-taxable","12":"purchasable","13":"product-type-variable","14":"wvs-archive-product-wrapper"},"acf":[],"yoast_head":"<!-- This site is optimized with the Yoast SEO plugin v25.8 - https:\/\/yoast.com\/wordpress\/plugins\/seo\/ -->\n<title>Sal de manantial en escamas - Sal Gourmet<\/title>\n<meta name=\"robots\" content=\"index, follow, max-snippet:-1, max-image-preview:large, max-video-preview:-1\" \/>\n<link rel=\"canonical\" href=\"https:\/\/salgourmet.es\/it\/flocons-de-sel\/manantial-escamas\/\" \/>\n<meta property=\"og:locale\" content=\"it_IT\" \/>\n<meta property=\"og:type\" content=\"article\" \/>\n<meta property=\"og:title\" content=\"Sal de manantial en escamas - Sal Gourmet\" \/>\n<meta property=\"og:description\" content=\"Con su textura \u00fanica, la sal de manantial en escamas, es extra\u00edda de forma artesanal por los salineros haciendo que no pierda ni un mineral. Con solo rozar esta sal con los labios, se derrite y potencia el sabor de cualquier plato.  SMEFS\" \/>\n<meta property=\"og:url\" content=\"https:\/\/salgourmet.es\/it\/flocons-de-sel\/manantial-escamas\/\" \/>\n<meta property=\"og:site_name\" content=\"Sal Gourmet\" \/>\n<meta property=\"article:modified_time\" content=\"2025-03-12T11:36:02+00:00\" \/>\n<meta property=\"og:image\" content=\"https:\/\/salgourmet.es\/wp-content\/uploads\/Sal-de-manantial-en-escamas.jpg\" \/>\n\t<meta property=\"og:image:width\" content=\"2000\" \/>\n\t<meta property=\"og:image:height\" content=\"2000\" \/>\n\t<meta property=\"og:image:type\" content=\"image\/jpeg\" \/>\n<meta name=\"twitter:card\" content=\"summary_large_image\" \/>\n<meta name=\"twitter:label1\" content=\"Tempo di lettura stimato\" \/>\n\t<meta name=\"twitter:data1\" content=\"1 minuto\" \/>\n<script type=\"application\/ld+json\" class=\"yoast-schema-graph\">{\"@context\":\"https:\/\/schema.org\",\"@graph\":[{\"@type\":\"WebPage\",\"@id\":\"https:\/\/salgourmet.es\/flocons-de-sel\/manantial-escamas\/\",\"url\":\"https:\/\/salgourmet.es\/flocons-de-sel\/manantial-escamas\/\",\"name\":\"Sal de manantial en escamas - Sal Gourmet\",\"isPartOf\":{\"@id\":\"https:\/\/salgourmet.es\/#website\"},\"primaryImageOfPage\":{\"@id\":\"https:\/\/salgourmet.es\/flocons-de-sel\/manantial-escamas\/#primaryimage\"},\"image\":{\"@id\":\"https:\/\/salgourmet.es\/flocons-de-sel\/manantial-escamas\/#primaryimage\"},\"thumbnailUrl\":\"https:\/\/salgourmet.es\/wp-content\/uploads\/Sal-de-manantial-en-escamas.jpg\",\"datePublished\":\"2024-07-11T09:54:15+00:00\",\"dateModified\":\"2025-03-12T11:36:02+00:00\",\"breadcrumb\":{\"@id\":\"https:\/\/salgourmet.es\/flocons-de-sel\/manantial-escamas\/#breadcrumb\"},\"inLanguage\":\"it-IT\",\"potentialAction\":[{\"@type\":\"ReadAction\",\"target\":[\"https:\/\/salgourmet.es\/flocons-de-sel\/manantial-escamas\/\"]}]},{\"@type\":\"ImageObject\",\"inLanguage\":\"it-IT\",\"@id\":\"https:\/\/salgourmet.es\/flocons-de-sel\/manantial-escamas\/#primaryimage\",\"url\":\"https:\/\/salgourmet.es\/wp-content\/uploads\/Sal-de-manantial-en-escamas.jpg\",\"contentUrl\":\"https:\/\/salgourmet.es\/wp-content\/uploads\/Sal-de-manantial-en-escamas.jpg\",\"width\":2000,\"height\":2000},{\"@type\":\"BreadcrumbList\",\"@id\":\"https:\/\/salgourmet.es\/flocons-de-sel\/manantial-escamas\/#breadcrumb\",\"itemListElement\":[{\"@type\":\"ListItem\",\"position\":1,\"name\":\"Portada\",\"item\":\"https:\/\/salgourmet.es\/\"},{\"@type\":\"ListItem\",\"position\":2,\"name\":\"Tienda\",\"item\":\"https:\/\/salgourmet.es\/tienda\/\"},{\"@type\":\"ListItem\",\"position\":3,\"name\":\"Sal de manantial en escamas\"}]},{\"@type\":\"WebSite\",\"@id\":\"https:\/\/salgourmet.es\/#website\",\"url\":\"https:\/\/salgourmet.es\/\",\"name\":\"Sal Gourmet\",\"description\":\"\",\"potentialAction\":[{\"@type\":\"SearchAction\",\"target\":{\"@type\":\"EntryPoint\",\"urlTemplate\":\"https:\/\/salgourmet.es\/?s={search_term_string}\"},\"query-input\":{\"@type\":\"PropertyValueSpecification\",\"valueRequired\":true,\"valueName\":\"search_term_string\"}}],\"inLanguage\":\"it-IT\"}]}<\/script>\n<!-- \/ Yoast SEO plugin. -->","yoast_head_json":{"title":"Sal de manantial en escamas - Sal Gourmet","robots":{"index":"index","follow":"follow","max-snippet":"max-snippet:-1","max-image-preview":"max-image-preview:large","max-video-preview":"max-video-preview:-1"},"canonical":"https:\/\/salgourmet.es\/it\/flocons-de-sel\/manantial-escamas\/","og_locale":"it_IT","og_type":"article","og_title":"Sal de manantial en escamas - Sal Gourmet","og_description":"Con su textura \u00fanica, la sal de manantial en escamas, es extra\u00edda de forma artesanal por los salineros haciendo que no pierda ni un mineral. Con solo rozar esta sal con los labios, se derrite y potencia el sabor de cualquier plato.  SMEFS","og_url":"https:\/\/salgourmet.es\/it\/flocons-de-sel\/manantial-escamas\/","og_site_name":"Sal Gourmet","article_modified_time":"2025-03-12T11:36:02+00:00","og_image":[{"width":2000,"height":2000,"url":"https:\/\/salgourmet.es\/wp-content\/uploads\/Sal-de-manantial-en-escamas.jpg","type":"image\/jpeg"}],"twitter_card":"summary_large_image","twitter_misc":{"Tempo di lettura stimato":"1 minuto"},"schema":{"@context":"https:\/\/schema.org","@graph":[{"@type":"WebPage","@id":"https:\/\/salgourmet.es\/flocons-de-sel\/manantial-escamas\/","url":"https:\/\/salgourmet.es\/flocons-de-sel\/manantial-escamas\/","name":"Sal de manantial en escamas - Sal Gourmet","isPartOf":{"@id":"https:\/\/salgourmet.es\/#website"},"primaryImageOfPage":{"@id":"https:\/\/salgourmet.es\/flocons-de-sel\/manantial-escamas\/#primaryimage"},"image":{"@id":"https:\/\/salgourmet.es\/flocons-de-sel\/manantial-escamas\/#primaryimage"},"thumbnailUrl":"https:\/\/salgourmet.es\/wp-content\/uploads\/Sal-de-manantial-en-escamas.jpg","datePublished":"2024-07-11T09:54:15+00:00","dateModified":"2025-03-12T11:36:02+00:00","breadcrumb":{"@id":"https:\/\/salgourmet.es\/flocons-de-sel\/manantial-escamas\/#breadcrumb"},"inLanguage":"it-IT","potentialAction":[{"@type":"ReadAction","target":["https:\/\/salgourmet.es\/flocons-de-sel\/manantial-escamas\/"]}]},{"@type":"ImageObject","inLanguage":"it-IT","@id":"https:\/\/salgourmet.es\/flocons-de-sel\/manantial-escamas\/#primaryimage","url":"https:\/\/salgourmet.es\/wp-content\/uploads\/Sal-de-manantial-en-escamas.jpg","contentUrl":"https:\/\/salgourmet.es\/wp-content\/uploads\/Sal-de-manantial-en-escamas.jpg","width":2000,"height":2000},{"@type":"BreadcrumbList","@id":"https:\/\/salgourmet.es\/flocons-de-sel\/manantial-escamas\/#breadcrumb","itemListElement":[{"@type":"ListItem","position":1,"name":"Portada","item":"https:\/\/salgourmet.es\/"},{"@type":"ListItem","position":2,"name":"Tienda","item":"https:\/\/salgourmet.es\/tienda\/"},{"@type":"ListItem","position":3,"name":"Sal de manantial en escamas"}]},{"@type":"WebSite","@id":"https:\/\/salgourmet.es\/#website","url":"https:\/\/salgourmet.es\/","name":"Sale Gourmet","description":"","potentialAction":[{"@type":"SearchAction","target":{"@type":"EntryPoint","urlTemplate":"https:\/\/salgourmet.es\/?s={search_term_string}"},"query-input":{"@type":"PropertyValueSpecification","valueRequired":true,"valueName":"search_term_string"}}],"inLanguage":"it-IT"}]}},"_links":{"self":[{"href":"https:\/\/salgourmet.es\/it\/wp-json\/wp\/v2\/product\/844","targetHints":{"allow":["GET"]}}],"collection":[{"href":"https:\/\/salgourmet.es\/it\/wp-json\/wp\/v2\/product"}],"about":[{"href":"https:\/\/salgourmet.es\/it\/wp-json\/wp\/v2\/types\/product"}],"wp:featuredmedia":[{"embeddable":true,"href":"https:\/\/salgourmet.es\/it\/wp-json\/wp\/v2\/media\/874"}],"wp:attachment":[{"href":"https:\/\/salgourmet.es\/it\/wp-json\/wp\/v2\/media?parent=844"}],"wp:term":[{"taxonomy":"product_brand","embeddable":true,"href":"https:\/\/salgourmet.es\/it\/wp-json\/wp\/v2\/product_brand?post=844"},{"taxonomy":"product_cat","embeddable":true,"href":"https:\/\/salgourmet.es\/it\/wp-json\/wp\/v2\/product_cat?post=844"},{"taxonomy":"product_tag","embeddable":true,"href":"https:\/\/salgourmet.es\/it\/wp-json\/wp\/v2\/product_tag?post=844"}],"curies":[{"name":"wp","href":"https:\/\/api.w.org\/{rel}","templated":true}]}}