{"id":702,"date":"2024-07-11T11:47:16","date_gmt":"2024-07-11T09:47:16","guid":{"rendered":"https:\/\/salgourmet.es\/?post_type=product&#038;p=702"},"modified":"2025-03-12T13:49:12","modified_gmt":"2025-03-12T12:49:12","slug":"picante","status":"publish","type":"product","link":"https:\/\/salgourmet.es\/it\/sal-liquida\/picante\/","title":{"rendered":"Sale liquido piccante"},"content":{"rendered":"<div class=\"desc\">\n<div class=\"col-12 col-md-6\">\n<div class=\"desc\">\n<div class=\"desc\">\n<div class=\"desc\">\n<div class=\"col-12 col-md-6\">\n<div class=\"col-12 col-md-6\">\n<div class=\"desc\">\n<div class=\"col-12 col-md-6\">\n<div class=\"desc\">\n<div class=\"col-12 col-md-6\">\n<div class=\"desc\">\n<div class=\"desc\">\n<div class=\"col-12 col-md-6\">\n<div class=\"desc\">\n<div class=\"col-12 col-md-6\">\n<div class=\"col-12 col-md-6\">\n<p>Il sale liquido con estratto naturale di paprika aggiunge un delicato tocco speziato a qualsiasi piatto. Perfetto per tutti gli amanti della cucina che apprezzano un pizzico di paprika.<\/p>\n<p>\u00c8 pi\u00f9 leggero perch\u00e9 contiene 251 TP3T di cloruro di potassio, quindi meno sodio. Con 3 o 4 spruzzi, si riduce il sodio di 901 TP3T rispetto a un pizzico di sale.<\/p>\n<p>Non rinunciare pi\u00f9 ai sapori piccanti e salati, prenditi cura di te e del sapore dei tuoi piatti.<\/p>\n<\/div>\n<\/div>\n<\/div>\n<\/div>\n<\/div>\n<\/div>\n<\/div>\n<\/div>\n<\/div>\n<\/div>\n<\/div>\n<\/div>\n<\/div>\n<\/div>\n<\/div>\n<\/div>\n<\/div>","protected":false},"excerpt":{"rendered":"<div class=\"desc\">\n<div class=\"desc\">\n<div class=\"col-12 col-md-6\">\n<div class=\"col-12 col-md-6\">\n<div class=\"desc\">\n<div class=\"desc\">\n<div class=\"col-12 col-md-6\">\n<div class=\"desc\">\n<div class=\"desc\">\n<div class=\"desc\">\n<div class=\"desc\">\n<div class=\"desc\">\n<p>Sale liquido di sorgente, a basso contenuto di sodio, con estratto naturale di paprika.<\/p>\n<\/div>\n<p>PISL<\/p>\n<\/div>\n<\/div>\n<\/div>\n<\/div>\n<\/div>\n<\/div>\n<\/div>\n<\/div>\n<\/div>\n<\/div>\n<\/div>","protected":false},"featured_media":764,"template":"","meta":{"_acf_changed":false,"neve_meta_sidebar":"","neve_meta_container":"","neve_meta_enable_content_width":"off","neve_meta_content_width":100,"neve_meta_title_alignment":"","neve_meta_author_avatar":"","neve_post_elements_order":"","neve_meta_disable_header":"","neve_meta_disable_footer":"","neve_meta_disable_title":""},"product_brand":[],"product_cat":[20],"product_tag":[],"class_list":{"0":"post-702","1":"product","2":"type-product","3":"status-publish","4":"has-post-thumbnail","6":"product_cat-sal-liquida","8":"first","9":"instock","10":"taxable","11":"shipping-taxable","12":"purchasable","13":"product-type-variable","14":"wvs-archive-product-wrapper"},"acf":[],"yoast_head":"<!-- This site is optimized with the Yoast SEO plugin v25.8 - https:\/\/yoast.com\/wordpress\/plugins\/seo\/ -->\n<title>Sal L\u00edquida Picante - Sal Gourmet<\/title>\n<meta name=\"robots\" content=\"index, follow, max-snippet:-1, max-image-preview:large, max-video-preview:-1\" \/>\n<link rel=\"canonical\" href=\"https:\/\/salgourmet.es\/it\/sal-liquida\/picante\/\" \/>\n<meta property=\"og:locale\" content=\"it_IT\" \/>\n<meta property=\"og:type\" content=\"article\" \/>\n<meta property=\"og:title\" content=\"Sal L\u00edquida Picante - Sal Gourmet\" \/>\n<meta property=\"og:description\" content=\"Sal l\u00edquida de manantial ligera en sodio, con extracto natural de piment\u00f3n.   PISL\" \/>\n<meta property=\"og:url\" content=\"https:\/\/salgourmet.es\/it\/sal-liquida\/picante\/\" \/>\n<meta property=\"og:site_name\" content=\"Sal Gourmet\" \/>\n<meta property=\"article:modified_time\" content=\"2025-03-12T12:49:12+00:00\" \/>\n<meta property=\"og:image\" content=\"https:\/\/salgourmet.es\/wp-content\/uploads\/Sal-Liquida-Picante.jpg\" \/>\n\t<meta property=\"og:image:width\" content=\"2000\" \/>\n\t<meta property=\"og:image:height\" content=\"2000\" \/>\n\t<meta property=\"og:image:type\" content=\"image\/jpeg\" \/>\n<meta name=\"twitter:card\" content=\"summary_large_image\" \/>\n<meta name=\"twitter:label1\" content=\"Tempo di lettura stimato\" \/>\n\t<meta name=\"twitter:data1\" content=\"1 minuto\" \/>\n<script type=\"application\/ld+json\" class=\"yoast-schema-graph\">{\"@context\":\"https:\/\/schema.org\",\"@graph\":[{\"@type\":\"WebPage\",\"@id\":\"https:\/\/salgourmet.es\/sal-liquida\/picante\/\",\"url\":\"https:\/\/salgourmet.es\/sal-liquida\/picante\/\",\"name\":\"Sal L\u00edquida Picante - Sal Gourmet\",\"isPartOf\":{\"@id\":\"https:\/\/salgourmet.es\/#website\"},\"primaryImageOfPage\":{\"@id\":\"https:\/\/salgourmet.es\/sal-liquida\/picante\/#primaryimage\"},\"image\":{\"@id\":\"https:\/\/salgourmet.es\/sal-liquida\/picante\/#primaryimage\"},\"thumbnailUrl\":\"https:\/\/salgourmet.es\/wp-content\/uploads\/Sal-Liquida-Picante.jpg\",\"datePublished\":\"2024-07-11T09:47:16+00:00\",\"dateModified\":\"2025-03-12T12:49:12+00:00\",\"breadcrumb\":{\"@id\":\"https:\/\/salgourmet.es\/sal-liquida\/picante\/#breadcrumb\"},\"inLanguage\":\"it-IT\",\"potentialAction\":[{\"@type\":\"ReadAction\",\"target\":[\"https:\/\/salgourmet.es\/sal-liquida\/picante\/\"]}]},{\"@type\":\"ImageObject\",\"inLanguage\":\"it-IT\",\"@id\":\"https:\/\/salgourmet.es\/sal-liquida\/picante\/#primaryimage\",\"url\":\"https:\/\/salgourmet.es\/wp-content\/uploads\/Sal-Liquida-Picante.jpg\",\"contentUrl\":\"https:\/\/salgourmet.es\/wp-content\/uploads\/Sal-Liquida-Picante.jpg\",\"width\":2000,\"height\":2000},{\"@type\":\"BreadcrumbList\",\"@id\":\"https:\/\/salgourmet.es\/sal-liquida\/picante\/#breadcrumb\",\"itemListElement\":[{\"@type\":\"ListItem\",\"position\":1,\"name\":\"Portada\",\"item\":\"https:\/\/salgourmet.es\/\"},{\"@type\":\"ListItem\",\"position\":2,\"name\":\"Tienda\",\"item\":\"https:\/\/salgourmet.es\/tienda\/\"},{\"@type\":\"ListItem\",\"position\":3,\"name\":\"Sal L\u00edquida Picante\"}]},{\"@type\":\"WebSite\",\"@id\":\"https:\/\/salgourmet.es\/#website\",\"url\":\"https:\/\/salgourmet.es\/\",\"name\":\"Sal Gourmet\",\"description\":\"\",\"potentialAction\":[{\"@type\":\"SearchAction\",\"target\":{\"@type\":\"EntryPoint\",\"urlTemplate\":\"https:\/\/salgourmet.es\/?s={search_term_string}\"},\"query-input\":{\"@type\":\"PropertyValueSpecification\",\"valueRequired\":true,\"valueName\":\"search_term_string\"}}],\"inLanguage\":\"it-IT\"}]}<\/script>\n<!-- \/ Yoast SEO plugin. -->","yoast_head_json":{"title":"Sal L\u00edquida Picante - Sal Gourmet","robots":{"index":"index","follow":"follow","max-snippet":"max-snippet:-1","max-image-preview":"max-image-preview:large","max-video-preview":"max-video-preview:-1"},"canonical":"https:\/\/salgourmet.es\/it\/sal-liquida\/picante\/","og_locale":"it_IT","og_type":"article","og_title":"Sal L\u00edquida Picante - Sal Gourmet","og_description":"Sal l\u00edquida de manantial ligera en sodio, con extracto natural de piment\u00f3n.   PISL","og_url":"https:\/\/salgourmet.es\/it\/sal-liquida\/picante\/","og_site_name":"Sal Gourmet","article_modified_time":"2025-03-12T12:49:12+00:00","og_image":[{"width":2000,"height":2000,"url":"https:\/\/salgourmet.es\/wp-content\/uploads\/Sal-Liquida-Picante.jpg","type":"image\/jpeg"}],"twitter_card":"summary_large_image","twitter_misc":{"Tempo di lettura stimato":"1 minuto"},"schema":{"@context":"https:\/\/schema.org","@graph":[{"@type":"WebPage","@id":"https:\/\/salgourmet.es\/sal-liquida\/picante\/","url":"https:\/\/salgourmet.es\/sal-liquida\/picante\/","name":"Sal L\u00edquida Picante - Sal Gourmet","isPartOf":{"@id":"https:\/\/salgourmet.es\/#website"},"primaryImageOfPage":{"@id":"https:\/\/salgourmet.es\/sal-liquida\/picante\/#primaryimage"},"image":{"@id":"https:\/\/salgourmet.es\/sal-liquida\/picante\/#primaryimage"},"thumbnailUrl":"https:\/\/salgourmet.es\/wp-content\/uploads\/Sal-Liquida-Picante.jpg","datePublished":"2024-07-11T09:47:16+00:00","dateModified":"2025-03-12T12:49:12+00:00","breadcrumb":{"@id":"https:\/\/salgourmet.es\/sal-liquida\/picante\/#breadcrumb"},"inLanguage":"it-IT","potentialAction":[{"@type":"ReadAction","target":["https:\/\/salgourmet.es\/sal-liquida\/picante\/"]}]},{"@type":"ImageObject","inLanguage":"it-IT","@id":"https:\/\/salgourmet.es\/sal-liquida\/picante\/#primaryimage","url":"https:\/\/salgourmet.es\/wp-content\/uploads\/Sal-Liquida-Picante.jpg","contentUrl":"https:\/\/salgourmet.es\/wp-content\/uploads\/Sal-Liquida-Picante.jpg","width":2000,"height":2000},{"@type":"BreadcrumbList","@id":"https:\/\/salgourmet.es\/sal-liquida\/picante\/#breadcrumb","itemListElement":[{"@type":"ListItem","position":1,"name":"Portada","item":"https:\/\/salgourmet.es\/"},{"@type":"ListItem","position":2,"name":"Tienda","item":"https:\/\/salgourmet.es\/tienda\/"},{"@type":"ListItem","position":3,"name":"Sal L\u00edquida Picante"}]},{"@type":"WebSite","@id":"https:\/\/salgourmet.es\/#website","url":"https:\/\/salgourmet.es\/","name":"Sale Gourmet","description":"","potentialAction":[{"@type":"SearchAction","target":{"@type":"EntryPoint","urlTemplate":"https:\/\/salgourmet.es\/?s={search_term_string}"},"query-input":{"@type":"PropertyValueSpecification","valueRequired":true,"valueName":"search_term_string"}}],"inLanguage":"it-IT"}]}},"_links":{"self":[{"href":"https:\/\/salgourmet.es\/it\/wp-json\/wp\/v2\/product\/702","targetHints":{"allow":["GET"]}}],"collection":[{"href":"https:\/\/salgourmet.es\/it\/wp-json\/wp\/v2\/product"}],"about":[{"href":"https:\/\/salgourmet.es\/it\/wp-json\/wp\/v2\/types\/product"}],"wp:featuredmedia":[{"embeddable":true,"href":"https:\/\/salgourmet.es\/it\/wp-json\/wp\/v2\/media\/764"}],"wp:attachment":[{"href":"https:\/\/salgourmet.es\/it\/wp-json\/wp\/v2\/media?parent=702"}],"wp:term":[{"taxonomy":"product_brand","embeddable":true,"href":"https:\/\/salgourmet.es\/it\/wp-json\/wp\/v2\/product_brand?post=702"},{"taxonomy":"product_cat","embeddable":true,"href":"https:\/\/salgourmet.es\/it\/wp-json\/wp\/v2\/product_cat?post=702"},{"taxonomy":"product_tag","embeddable":true,"href":"https:\/\/salgourmet.es\/it\/wp-json\/wp\/v2\/product_tag?post=702"}],"curies":[{"name":"wp","href":"https:\/\/api.w.org\/{rel}","templated":true}]}}