{"id":558,"date":"2024-07-11T11:35:43","date_gmt":"2024-07-11T09:35:43","guid":{"rendered":"https:\/\/salgourmet.es\/?post_type=product&#038;p=558"},"modified":"2025-03-11T13:12:36","modified_gmt":"2025-03-11T12:12:36","slug":"ambares-eoceno","status":"publish","type":"product","link":"https:\/\/salgourmet.es\/it\/sales-del-mundo\/ambares-eoceno\/","title":{"rendered":"Ambra eocenica"},"content":{"rendered":"<div class=\"desc\">\n<div class=\"col-12 col-md-6\">\n<div class=\"desc\">\n<div class=\"desc\">\n<div class=\"desc\">\n<div class=\"col-12 col-md-6\">\n<div class=\"col-12 col-md-6\">\n<div class=\"desc\">\n<div class=\"col-12 col-md-6\">\n<div class=\"desc\">\n<div class=\"col-12 col-md-6\">\n<div class=\"desc\">\n<div class=\"desc\">\n<div class=\"col-12 col-md-6\">\n<div class=\"col-12 col-md-6\">Nell&#039;epoca geologica dell&#039;Eocene medio, tra 50 e 40 milioni di anni fa, si verificarono diversi cambiamenti climatici sulla Terra, che portarono alla formazione di importanti catene montuose, tra cui i Pirenei. In quel periodo, il mare che ricopriva gran parte di quello che oggi \u00e8 il Sistema Iberico si ritir\u00f2, lasciando dietro di s\u00e9 depositi di gesso, minerali e argille rosse. Oggi estraiamo da questi depositi, a una profondit\u00e0 di 700 metri, un sale ricco di potassio e povero di sodio, che conserva eccellenti propriet\u00e0 ed \u00e8 privo di contaminanti marini. I cristalli vengono selezionati senza alcun processo di raffinazione, il che significa che conservano tutti i minerali contenuti nell&#039;antico mare, in particolare il potassio. Questi cristalli si sciolgono rapidamente in bocca, lasciando un sapore morbido e persistente.<\/div>\n<\/div>\n<\/div>\n<\/div>\n<\/div>\n<\/div>\n<\/div>\n<\/div>\n<\/div>\n<\/div>\n<\/div>\n<\/div>\n<\/div>\n<\/div>\n<\/div>","protected":false},"excerpt":{"rendered":"<div class=\"desc\">\n<div class=\"desc\">\n<div class=\"col-12 col-md-6\">\n<div class=\"col-12 col-md-6\">\n<div class=\"desc\">\n<div class=\"desc\">\n<div class=\"col-12 col-md-6\">\n<div class=\"desc\">\n<div class=\"desc\">Sale a basso contenuto di sodio proveniente dal mare dell&#039;Eocene, fossilizzato oltre 40 milioni di anni fa. Ricco di potassio e povero di sodio.<br \/>\nAESM<\/div>\n<\/div>\n<\/div>\n<\/div>\n<\/div>\n<\/div>\n<\/div>\n<\/div>\n<\/div>","protected":false},"featured_media":573,"template":"","meta":{"_acf_changed":false,"neve_meta_sidebar":"","neve_meta_container":"","neve_meta_enable_content_width":"off","neve_meta_content_width":100,"neve_meta_title_alignment":"","neve_meta_author_avatar":"","neve_post_elements_order":"","neve_meta_disable_header":"","neve_meta_disable_footer":"","neve_meta_disable_title":""},"product_brand":[],"product_cat":[19],"product_tag":[],"class_list":{"0":"post-558","1":"product","2":"type-product","3":"status-publish","4":"has-post-thumbnail","6":"product_cat-sales-del-mundo","8":"first","9":"instock","10":"taxable","11":"shipping-taxable","12":"purchasable","13":"product-type-variable","14":"wvs-archive-product-wrapper"},"acf":[],"yoast_head":"<!-- This site is optimized with the Yoast SEO plugin v25.8 - https:\/\/yoast.com\/wordpress\/plugins\/seo\/ -->\n<title>\u00c1mbares del Eoceno - Sal Gourmet<\/title>\n<meta name=\"robots\" content=\"index, follow, max-snippet:-1, max-image-preview:large, max-video-preview:-1\" \/>\n<link rel=\"canonical\" href=\"https:\/\/salgourmet.es\/it\/sales-del-mundo\/ambares-eoceno\/\" \/>\n<meta property=\"og:locale\" content=\"it_IT\" \/>\n<meta property=\"og:type\" content=\"article\" \/>\n<meta property=\"og:title\" content=\"\u00c1mbares del Eoceno - Sal Gourmet\" \/>\n<meta property=\"og:description\" content=\"Sal ligera en sodio procedente del mar Eoceno, fosilizado hace m\u00e1s de 40 millones de a\u00f1os. Con alto contenido en potasio y ligera en sodio. AESM\" \/>\n<meta property=\"og:url\" content=\"https:\/\/salgourmet.es\/it\/sales-del-mundo\/ambares-eoceno\/\" \/>\n<meta property=\"og:site_name\" content=\"Sal Gourmet\" \/>\n<meta property=\"article:modified_time\" content=\"2025-03-11T12:12:36+00:00\" \/>\n<meta property=\"og:image\" content=\"https:\/\/salgourmet.es\/wp-content\/uploads\/Ambares-del-Eoceno.jpg\" \/>\n\t<meta property=\"og:image:width\" content=\"2000\" \/>\n\t<meta property=\"og:image:height\" content=\"2000\" \/>\n\t<meta property=\"og:image:type\" content=\"image\/jpeg\" \/>\n<meta name=\"twitter:card\" content=\"summary_large_image\" \/>\n<meta name=\"twitter:label1\" content=\"Tempo di lettura stimato\" \/>\n\t<meta name=\"twitter:data1\" content=\"1 minuto\" \/>\n<script type=\"application\/ld+json\" class=\"yoast-schema-graph\">{\"@context\":\"https:\/\/schema.org\",\"@graph\":[{\"@type\":\"WebPage\",\"@id\":\"https:\/\/salgourmet.es\/sales-del-mundo\/ambares-eoceno\/\",\"url\":\"https:\/\/salgourmet.es\/sales-del-mundo\/ambares-eoceno\/\",\"name\":\"\u00c1mbares del Eoceno - Sal Gourmet\",\"isPartOf\":{\"@id\":\"https:\/\/salgourmet.es\/#website\"},\"primaryImageOfPage\":{\"@id\":\"https:\/\/salgourmet.es\/sales-del-mundo\/ambares-eoceno\/#primaryimage\"},\"image\":{\"@id\":\"https:\/\/salgourmet.es\/sales-del-mundo\/ambares-eoceno\/#primaryimage\"},\"thumbnailUrl\":\"https:\/\/salgourmet.es\/wp-content\/uploads\/Ambares-del-Eoceno.jpg\",\"datePublished\":\"2024-07-11T09:35:43+00:00\",\"dateModified\":\"2025-03-11T12:12:36+00:00\",\"breadcrumb\":{\"@id\":\"https:\/\/salgourmet.es\/sales-del-mundo\/ambares-eoceno\/#breadcrumb\"},\"inLanguage\":\"it-IT\",\"potentialAction\":[{\"@type\":\"ReadAction\",\"target\":[\"https:\/\/salgourmet.es\/sales-del-mundo\/ambares-eoceno\/\"]}]},{\"@type\":\"ImageObject\",\"inLanguage\":\"it-IT\",\"@id\":\"https:\/\/salgourmet.es\/sales-del-mundo\/ambares-eoceno\/#primaryimage\",\"url\":\"https:\/\/salgourmet.es\/wp-content\/uploads\/Ambares-del-Eoceno.jpg\",\"contentUrl\":\"https:\/\/salgourmet.es\/wp-content\/uploads\/Ambares-del-Eoceno.jpg\",\"width\":2000,\"height\":2000},{\"@type\":\"BreadcrumbList\",\"@id\":\"https:\/\/salgourmet.es\/sales-del-mundo\/ambares-eoceno\/#breadcrumb\",\"itemListElement\":[{\"@type\":\"ListItem\",\"position\":1,\"name\":\"Portada\",\"item\":\"https:\/\/salgourmet.es\/\"},{\"@type\":\"ListItem\",\"position\":2,\"name\":\"Tienda\",\"item\":\"https:\/\/salgourmet.es\/tienda\/\"},{\"@type\":\"ListItem\",\"position\":3,\"name\":\"\u00c1mbares del Eoceno\"}]},{\"@type\":\"WebSite\",\"@id\":\"https:\/\/salgourmet.es\/#website\",\"url\":\"https:\/\/salgourmet.es\/\",\"name\":\"Sal Gourmet\",\"description\":\"\",\"potentialAction\":[{\"@type\":\"SearchAction\",\"target\":{\"@type\":\"EntryPoint\",\"urlTemplate\":\"https:\/\/salgourmet.es\/?s={search_term_string}\"},\"query-input\":{\"@type\":\"PropertyValueSpecification\",\"valueRequired\":true,\"valueName\":\"search_term_string\"}}],\"inLanguage\":\"it-IT\"}]}<\/script>\n<!-- \/ Yoast SEO plugin. -->","yoast_head_json":{"title":"\u00c1mbares del Eoceno - Sal Gourmet","robots":{"index":"index","follow":"follow","max-snippet":"max-snippet:-1","max-image-preview":"max-image-preview:large","max-video-preview":"max-video-preview:-1"},"canonical":"https:\/\/salgourmet.es\/it\/sales-del-mundo\/ambares-eoceno\/","og_locale":"it_IT","og_type":"article","og_title":"\u00c1mbares del Eoceno - Sal Gourmet","og_description":"Sal ligera en sodio procedente del mar Eoceno, fosilizado hace m\u00e1s de 40 millones de a\u00f1os. Con alto contenido en potasio y ligera en sodio. AESM","og_url":"https:\/\/salgourmet.es\/it\/sales-del-mundo\/ambares-eoceno\/","og_site_name":"Sal Gourmet","article_modified_time":"2025-03-11T12:12:36+00:00","og_image":[{"width":2000,"height":2000,"url":"https:\/\/salgourmet.es\/wp-content\/uploads\/Ambares-del-Eoceno.jpg","type":"image\/jpeg"}],"twitter_card":"summary_large_image","twitter_misc":{"Tempo di lettura stimato":"1 minuto"},"schema":{"@context":"https:\/\/schema.org","@graph":[{"@type":"WebPage","@id":"https:\/\/salgourmet.es\/sales-del-mundo\/ambares-eoceno\/","url":"https:\/\/salgourmet.es\/sales-del-mundo\/ambares-eoceno\/","name":"\u00c1mbares del Eoceno - Sal Gourmet","isPartOf":{"@id":"https:\/\/salgourmet.es\/#website"},"primaryImageOfPage":{"@id":"https:\/\/salgourmet.es\/sales-del-mundo\/ambares-eoceno\/#primaryimage"},"image":{"@id":"https:\/\/salgourmet.es\/sales-del-mundo\/ambares-eoceno\/#primaryimage"},"thumbnailUrl":"https:\/\/salgourmet.es\/wp-content\/uploads\/Ambares-del-Eoceno.jpg","datePublished":"2024-07-11T09:35:43+00:00","dateModified":"2025-03-11T12:12:36+00:00","breadcrumb":{"@id":"https:\/\/salgourmet.es\/sales-del-mundo\/ambares-eoceno\/#breadcrumb"},"inLanguage":"it-IT","potentialAction":[{"@type":"ReadAction","target":["https:\/\/salgourmet.es\/sales-del-mundo\/ambares-eoceno\/"]}]},{"@type":"ImageObject","inLanguage":"it-IT","@id":"https:\/\/salgourmet.es\/sales-del-mundo\/ambares-eoceno\/#primaryimage","url":"https:\/\/salgourmet.es\/wp-content\/uploads\/Ambares-del-Eoceno.jpg","contentUrl":"https:\/\/salgourmet.es\/wp-content\/uploads\/Ambares-del-Eoceno.jpg","width":2000,"height":2000},{"@type":"BreadcrumbList","@id":"https:\/\/salgourmet.es\/sales-del-mundo\/ambares-eoceno\/#breadcrumb","itemListElement":[{"@type":"ListItem","position":1,"name":"Portada","item":"https:\/\/salgourmet.es\/"},{"@type":"ListItem","position":2,"name":"Tienda","item":"https:\/\/salgourmet.es\/tienda\/"},{"@type":"ListItem","position":3,"name":"\u00c1mbares del Eoceno"}]},{"@type":"WebSite","@id":"https:\/\/salgourmet.es\/#website","url":"https:\/\/salgourmet.es\/","name":"Sale Gourmet","description":"","potentialAction":[{"@type":"SearchAction","target":{"@type":"EntryPoint","urlTemplate":"https:\/\/salgourmet.es\/?s={search_term_string}"},"query-input":{"@type":"PropertyValueSpecification","valueRequired":true,"valueName":"search_term_string"}}],"inLanguage":"it-IT"}]}},"_links":{"self":[{"href":"https:\/\/salgourmet.es\/it\/wp-json\/wp\/v2\/product\/558","targetHints":{"allow":["GET"]}}],"collection":[{"href":"https:\/\/salgourmet.es\/it\/wp-json\/wp\/v2\/product"}],"about":[{"href":"https:\/\/salgourmet.es\/it\/wp-json\/wp\/v2\/types\/product"}],"wp:featuredmedia":[{"embeddable":true,"href":"https:\/\/salgourmet.es\/it\/wp-json\/wp\/v2\/media\/573"}],"wp:attachment":[{"href":"https:\/\/salgourmet.es\/it\/wp-json\/wp\/v2\/media?parent=558"}],"wp:term":[{"taxonomy":"product_brand","embeddable":true,"href":"https:\/\/salgourmet.es\/it\/wp-json\/wp\/v2\/product_brand?post=558"},{"taxonomy":"product_cat","embeddable":true,"href":"https:\/\/salgourmet.es\/it\/wp-json\/wp\/v2\/product_cat?post=558"},{"taxonomy":"product_tag","embeddable":true,"href":"https:\/\/salgourmet.es\/it\/wp-json\/wp\/v2\/product_tag?post=558"}],"curies":[{"name":"wp","href":"https:\/\/api.w.org\/{rel}","templated":true}]}}