{"id":526,"date":"2024-07-11T11:33:52","date_gmt":"2024-07-11T09:33:52","guid":{"rendered":"https:\/\/salgourmet.es\/?post_type=product&#038;p=526"},"modified":"2025-03-11T13:54:02","modified_gmt":"2025-03-11T12:54:02","slug":"himalaya-negra","status":"publish","type":"product","link":"https:\/\/salgourmet.es\/it\/sales-del-mundo\/himalaya-negra\/","title":{"rendered":"Sale nero dell&#039;Himalaya Kala Namak"},"content":{"rendered":"<div class=\"desc\">\n<div class=\"col-12 col-md-6\">\n<div class=\"desc\">\n<div class=\"desc\">\n<div class=\"desc\">\n<div class=\"col-12 col-md-6\">\n<div class=\"col-12 col-md-6\">\n<div class=\"desc\">\n<div class=\"col-12 col-md-6\">\n<div class=\"desc\">\n<div class=\"col-12 col-md-6\">\n<div class=\"desc\">\n<div class=\"desc\">\n<div class=\"col-12 col-md-6\">\n<p><span style=\"font-weight: 400;\">Il sale nero dell&#039;Himalaya, noto anche come sale nero, Kala Namak, sale nero, Sulemani Namak o Kala loon, \u00e8 un tipo molto speciale di sale minerale grezzo con un potere salante inferiore a quello del sale comune.<\/span><\/p>\n<p><span style=\"font-weight: 400;\">Proviene dall&#039;Himalaya e ha un caratteristico sapore sulfureo. Il suo sapore \u00e8 completamente diverso dal sale marino o da tavola, poich\u00e9 la sua composizione chimica include composti di zolfo e tracce di vari minerali, oltre a cloruro di sodio, potassio e ferro. Secondo l&#039;Ayurveda, la scienza medica classica indiana, il sale nero dell&#039;Himalaya ha notevoli benefici terapeutici: \u00e8 molto ricco di ferro, aiuta la digestione ed \u00e8 ottimo contro flatulenza e bruciore di stomaco.<\/span><\/p>\n<\/div>\n<\/div>\n<\/div>\n<\/div>\n<\/div>\n<\/div>\n<\/div>\n<\/div>\n<\/div>\n<div class=\"col-12 col-md-6\"><\/div>\n<\/div>\n<\/div>\n<\/div>\n<\/div>\n<\/div>","protected":false},"excerpt":{"rendered":"<div class=\"desc\">\n<div class=\"desc\">\n<div class=\"col-12 col-md-6\">\n<div class=\"col-12 col-md-6\">\n<div class=\"desc\">\n<div class=\"desc\">\n<div class=\"col-12 col-md-6\">\n<div class=\"desc\">\n<p>Noto come Kala Namak, ha un caratteristico sapore sulfureo ed \u00e8 ricco di ferro, che secondo la medicina ayurvedica favorisce la digestione. \u00c8 il famoso sale al gusto di uovo!<br \/>\nHNSM<\/p>\n<\/div>\n<\/div>\n<\/div>\n<\/div>\n<\/div>\n<\/div>\n<\/div>\n<\/div>","protected":false},"featured_media":541,"template":"","meta":{"_acf_changed":false,"neve_meta_sidebar":"","neve_meta_container":"","neve_meta_enable_content_width":"off","neve_meta_content_width":100,"neve_meta_title_alignment":"","neve_meta_author_avatar":"","neve_post_elements_order":"","neve_meta_disable_header":"","neve_meta_disable_footer":"","neve_meta_disable_title":""},"product_brand":[],"product_cat":[19],"product_tag":[],"class_list":{"0":"post-526","1":"product","2":"type-product","3":"status-publish","4":"has-post-thumbnail","6":"product_cat-sales-del-mundo","8":"first","9":"instock","10":"taxable","11":"shipping-taxable","12":"purchasable","13":"product-type-variable","14":"wvs-archive-product-wrapper"},"acf":[],"yoast_head":"<!-- This site is optimized with the Yoast SEO plugin v25.8 - https:\/\/yoast.com\/wordpress\/plugins\/seo\/ -->\n<title>Sal del Himalaya Negra Kala Namak - Sal Gourmet<\/title>\n<meta name=\"robots\" content=\"index, follow, max-snippet:-1, max-image-preview:large, max-video-preview:-1\" \/>\n<link rel=\"canonical\" href=\"https:\/\/salgourmet.es\/it\/sales-del-mundo\/himalaya-negra\/\" \/>\n<meta property=\"og:locale\" content=\"it_IT\" \/>\n<meta property=\"og:type\" content=\"article\" \/>\n<meta property=\"og:title\" content=\"Sal del Himalaya Negra Kala Namak - Sal Gourmet\" \/>\n<meta property=\"og:description\" content=\"Conocida como Kala Namak, tiene un distintivo sabor sulfuroso y es rica en hierro, ayuda a la digesti\u00f3n seg\u00fan la medicina hind\u00fa Ayurvreda. \u00a1Es la famosa sal con sabor a huevo! HNSM\" \/>\n<meta property=\"og:url\" content=\"https:\/\/salgourmet.es\/it\/sales-del-mundo\/himalaya-negra\/\" \/>\n<meta property=\"og:site_name\" content=\"Sal Gourmet\" \/>\n<meta property=\"article:modified_time\" content=\"2025-03-11T12:54:02+00:00\" \/>\n<meta property=\"og:image\" content=\"https:\/\/salgourmet.es\/wp-content\/uploads\/Sal-del-Himalaya-Negra-Kala-Namak.jpg\" \/>\n\t<meta property=\"og:image:width\" content=\"2000\" \/>\n\t<meta property=\"og:image:height\" content=\"2000\" \/>\n\t<meta property=\"og:image:type\" content=\"image\/jpeg\" \/>\n<meta name=\"twitter:card\" content=\"summary_large_image\" \/>\n<meta name=\"twitter:label1\" content=\"Tempo di lettura stimato\" \/>\n\t<meta name=\"twitter:data1\" content=\"1 minuto\" \/>\n<script type=\"application\/ld+json\" class=\"yoast-schema-graph\">{\"@context\":\"https:\/\/schema.org\",\"@graph\":[{\"@type\":\"WebPage\",\"@id\":\"https:\/\/salgourmet.es\/sales-del-mundo\/himalaya-negra\/\",\"url\":\"https:\/\/salgourmet.es\/sales-del-mundo\/himalaya-negra\/\",\"name\":\"Sal del Himalaya Negra Kala Namak - Sal Gourmet\",\"isPartOf\":{\"@id\":\"https:\/\/salgourmet.es\/#website\"},\"primaryImageOfPage\":{\"@id\":\"https:\/\/salgourmet.es\/sales-del-mundo\/himalaya-negra\/#primaryimage\"},\"image\":{\"@id\":\"https:\/\/salgourmet.es\/sales-del-mundo\/himalaya-negra\/#primaryimage\"},\"thumbnailUrl\":\"https:\/\/salgourmet.es\/wp-content\/uploads\/Sal-del-Himalaya-Negra-Kala-Namak.jpg\",\"datePublished\":\"2024-07-11T09:33:52+00:00\",\"dateModified\":\"2025-03-11T12:54:02+00:00\",\"breadcrumb\":{\"@id\":\"https:\/\/salgourmet.es\/sales-del-mundo\/himalaya-negra\/#breadcrumb\"},\"inLanguage\":\"it-IT\",\"potentialAction\":[{\"@type\":\"ReadAction\",\"target\":[\"https:\/\/salgourmet.es\/sales-del-mundo\/himalaya-negra\/\"]}]},{\"@type\":\"ImageObject\",\"inLanguage\":\"it-IT\",\"@id\":\"https:\/\/salgourmet.es\/sales-del-mundo\/himalaya-negra\/#primaryimage\",\"url\":\"https:\/\/salgourmet.es\/wp-content\/uploads\/Sal-del-Himalaya-Negra-Kala-Namak.jpg\",\"contentUrl\":\"https:\/\/salgourmet.es\/wp-content\/uploads\/Sal-del-Himalaya-Negra-Kala-Namak.jpg\",\"width\":2000,\"height\":2000},{\"@type\":\"BreadcrumbList\",\"@id\":\"https:\/\/salgourmet.es\/sales-del-mundo\/himalaya-negra\/#breadcrumb\",\"itemListElement\":[{\"@type\":\"ListItem\",\"position\":1,\"name\":\"Portada\",\"item\":\"https:\/\/salgourmet.es\/\"},{\"@type\":\"ListItem\",\"position\":2,\"name\":\"Tienda\",\"item\":\"https:\/\/salgourmet.es\/tienda\/\"},{\"@type\":\"ListItem\",\"position\":3,\"name\":\"Sal del Himalaya Negra Kala Namak\"}]},{\"@type\":\"WebSite\",\"@id\":\"https:\/\/salgourmet.es\/#website\",\"url\":\"https:\/\/salgourmet.es\/\",\"name\":\"Sal Gourmet\",\"description\":\"\",\"potentialAction\":[{\"@type\":\"SearchAction\",\"target\":{\"@type\":\"EntryPoint\",\"urlTemplate\":\"https:\/\/salgourmet.es\/?s={search_term_string}\"},\"query-input\":{\"@type\":\"PropertyValueSpecification\",\"valueRequired\":true,\"valueName\":\"search_term_string\"}}],\"inLanguage\":\"it-IT\"}]}<\/script>\n<!-- \/ Yoast SEO plugin. -->","yoast_head_json":{"title":"Sal del Himalaya Negra Kala Namak - Sal Gourmet","robots":{"index":"index","follow":"follow","max-snippet":"max-snippet:-1","max-image-preview":"max-image-preview:large","max-video-preview":"max-video-preview:-1"},"canonical":"https:\/\/salgourmet.es\/it\/sales-del-mundo\/himalaya-negra\/","og_locale":"it_IT","og_type":"article","og_title":"Sal del Himalaya Negra Kala Namak - Sal Gourmet","og_description":"Conocida como Kala Namak, tiene un distintivo sabor sulfuroso y es rica en hierro, ayuda a la digesti\u00f3n seg\u00fan la medicina hind\u00fa Ayurvreda. \u00a1Es la famosa sal con sabor a huevo! HNSM","og_url":"https:\/\/salgourmet.es\/it\/sales-del-mundo\/himalaya-negra\/","og_site_name":"Sal Gourmet","article_modified_time":"2025-03-11T12:54:02+00:00","og_image":[{"width":2000,"height":2000,"url":"https:\/\/salgourmet.es\/wp-content\/uploads\/Sal-del-Himalaya-Negra-Kala-Namak.jpg","type":"image\/jpeg"}],"twitter_card":"summary_large_image","twitter_misc":{"Tempo di lettura stimato":"1 minuto"},"schema":{"@context":"https:\/\/schema.org","@graph":[{"@type":"WebPage","@id":"https:\/\/salgourmet.es\/sales-del-mundo\/himalaya-negra\/","url":"https:\/\/salgourmet.es\/sales-del-mundo\/himalaya-negra\/","name":"Sal del Himalaya Negra Kala Namak - Sal Gourmet","isPartOf":{"@id":"https:\/\/salgourmet.es\/#website"},"primaryImageOfPage":{"@id":"https:\/\/salgourmet.es\/sales-del-mundo\/himalaya-negra\/#primaryimage"},"image":{"@id":"https:\/\/salgourmet.es\/sales-del-mundo\/himalaya-negra\/#primaryimage"},"thumbnailUrl":"https:\/\/salgourmet.es\/wp-content\/uploads\/Sal-del-Himalaya-Negra-Kala-Namak.jpg","datePublished":"2024-07-11T09:33:52+00:00","dateModified":"2025-03-11T12:54:02+00:00","breadcrumb":{"@id":"https:\/\/salgourmet.es\/sales-del-mundo\/himalaya-negra\/#breadcrumb"},"inLanguage":"it-IT","potentialAction":[{"@type":"ReadAction","target":["https:\/\/salgourmet.es\/sales-del-mundo\/himalaya-negra\/"]}]},{"@type":"ImageObject","inLanguage":"it-IT","@id":"https:\/\/salgourmet.es\/sales-del-mundo\/himalaya-negra\/#primaryimage","url":"https:\/\/salgourmet.es\/wp-content\/uploads\/Sal-del-Himalaya-Negra-Kala-Namak.jpg","contentUrl":"https:\/\/salgourmet.es\/wp-content\/uploads\/Sal-del-Himalaya-Negra-Kala-Namak.jpg","width":2000,"height":2000},{"@type":"BreadcrumbList","@id":"https:\/\/salgourmet.es\/sales-del-mundo\/himalaya-negra\/#breadcrumb","itemListElement":[{"@type":"ListItem","position":1,"name":"Portada","item":"https:\/\/salgourmet.es\/"},{"@type":"ListItem","position":2,"name":"Tienda","item":"https:\/\/salgourmet.es\/tienda\/"},{"@type":"ListItem","position":3,"name":"Sal del Himalaya Negra Kala Namak"}]},{"@type":"WebSite","@id":"https:\/\/salgourmet.es\/#website","url":"https:\/\/salgourmet.es\/","name":"Sale Gourmet","description":"","potentialAction":[{"@type":"SearchAction","target":{"@type":"EntryPoint","urlTemplate":"https:\/\/salgourmet.es\/?s={search_term_string}"},"query-input":{"@type":"PropertyValueSpecification","valueRequired":true,"valueName":"search_term_string"}}],"inLanguage":"it-IT"}]}},"_links":{"self":[{"href":"https:\/\/salgourmet.es\/it\/wp-json\/wp\/v2\/product\/526","targetHints":{"allow":["GET"]}}],"collection":[{"href":"https:\/\/salgourmet.es\/it\/wp-json\/wp\/v2\/product"}],"about":[{"href":"https:\/\/salgourmet.es\/it\/wp-json\/wp\/v2\/types\/product"}],"wp:featuredmedia":[{"embeddable":true,"href":"https:\/\/salgourmet.es\/it\/wp-json\/wp\/v2\/media\/541"}],"wp:attachment":[{"href":"https:\/\/salgourmet.es\/it\/wp-json\/wp\/v2\/media?parent=526"}],"wp:term":[{"taxonomy":"product_brand","embeddable":true,"href":"https:\/\/salgourmet.es\/it\/wp-json\/wp\/v2\/product_brand?post=526"},{"taxonomy":"product_cat","embeddable":true,"href":"https:\/\/salgourmet.es\/it\/wp-json\/wp\/v2\/product_cat?post=526"},{"taxonomy":"product_tag","embeddable":true,"href":"https:\/\/salgourmet.es\/it\/wp-json\/wp\/v2\/product_tag?post=526"}],"curies":[{"name":"wp","href":"https:\/\/api.w.org\/{rel}","templated":true}]}}