{"id":251,"date":"2024-07-08T18:03:49","date_gmt":"2024-07-08T16:03:49","guid":{"rendered":"https:\/\/salgourmet.es\/?page_id=251"},"modified":"2024-08-08T14:35:47","modified_gmt":"2024-08-08T12:35:47","slug":"condiciones","status":"publish","type":"page","link":"https:\/\/salgourmet.es\/it\/condiciones\/","title":{"rendered":"Condizioni di vendita"},"content":{"rendered":"<div data-elementor-type=\"wp-page\" data-elementor-id=\"251\" class=\"elementor elementor-251\" data-elementor-post-type=\"page\">\n\t\t\t\t<div class=\"elementor-element elementor-element-e56af4e e-con-full e-flex e-con e-parent\" data-id=\"e56af4e\" data-element_type=\"container\" data-settings=\"{&quot;background_background&quot;:&quot;classic&quot;}\">\n\t\t\t\t<\/div>\n\t\t<div class=\"elementor-element elementor-element-b30b85d e-flex e-con-boxed e-con e-parent\" data-id=\"b30b85d\" data-element_type=\"container\">\n\t\t\t\t\t<div class=\"e-con-inner\">\n\t\t<div class=\"elementor-element elementor-element-c25d1c1 e-con-full e-flex e-con e-child\" data-id=\"c25d1c1\" data-element_type=\"container\">\n\t\t\t\t<\/div>\n\t\t<div class=\"elementor-element elementor-element-391f94e e-con-full e-flex e-con e-child\" data-id=\"391f94e\" data-element_type=\"container\">\n\t\t\t\t<div class=\"elementor-element elementor-element-b6bc151 elementor-widget elementor-widget-text-editor\" data-id=\"b6bc151\" data-element_type=\"widget\" data-widget_type=\"text-editor.default\">\n\t\t\t\t<div class=\"elementor-widget-container\">\n\t\t\t\t\t\t\t\t\t<p><strong>Politica di ritorno<\/strong><\/p><p>Diritto di recesso: Hai il diritto di recedere dal presente contratto entro 14 giorni di calendario senza indicarne le ragioni. Il periodo di recesso scadr\u00e0 dopo 14 giorni di calendario dal giorno in cui tu o un terzo, diverso dal vettore e da te designato, acquisisce il possesso fisico dei beni. Per esercitare il diritto di recesso, devi informare LANCASTER PLUS, SLU, con sede legale in Pg. Cova Solera \u2013 Londres, 2 | 08191 Rub\u00ed (Barcellona), telefono +34 933 967 316, e-mail info@salgourmet.es della tua decisione di recedere dal presente contratto tramite una dichiarazione esplicita (ad esempio, lettera inviata per posta, fax o e-mail). Puoi utilizzare il modulo di recesso tipo fornito in\u00a0<a href=\"https:\/\/salgourmet.es\/it\/includes\/web\/formulario-desistimiento.pdf\/\" target=\"_blank\" rel=\"noopener\">questo collegamento<\/a>Sebbene il suo utilizzo non sia obbligatorio, per rispettare il termine di recesso \u00e8 sufficiente che Lei invii la comunicazione relativa all&#039;esercizio di tale diritto prima della scadenza del termine stesso.\u00a0<\/p><p>Conseguenze del recesso: Se recedi dal presente contratto, ti rimborseremo tutti i pagamenti che hai effettuato a nostro favore, compresi i costi di consegna (ad eccezione di eventuali costi supplementari derivanti dalla tua eventuale scelta di un metodo di consegna diverso dal metodo di consegna standard meno costoso da noi offerto), senza indebito ritardo e in ogni caso non oltre 14 giorni di calendario dalla data in cui siamo informati della tua decisione di recedere dal presente contratto. Detti rimborsi saranno effettuati utilizzando lo stesso mezzo di pagamento da te usato per la transazione iniziale, salvo che tu non abbia espressamente convenuto altrimenti; in ogni caso, non dovrai sostenere alcun costo quale conseguenza di tale rimborso. Potremmo sospendere il rimborso fino al ricevimento dei beni oppure fino all&#039;avvenuta dimostrazione da parte tua di averli rispediti, a seconda di quale condizione si verifichi per prima. Dovrai restituire o consegnare i beni direttamente a noi presso LANCASTER PLUS, SLU, con sede in Pg. Cova Solera \u2013 Londres, 2 | 08191 Rub\u00ed (Barcellona), senza indebito ritardo e, in ogni caso, entro 14 giorni di calendario dalla data in cui ci hai comunicato la tua decisione di recedere dal contratto. Il termine sar\u00e0 considerato rispettato se restituisci i beni prima della scadenza di tale periodo. I costi diretti della restituzione dei beni saranno a tuo carico. Sarai responsabile solo della diminuzione del valore dei beni risultante da una manipolazione del bene diversa da quella necessaria per stabilire la natura, le caratteristiche e il funzionamento dei beni.<\/p><p>Il diritto di recesso non si applica ai contratti relativi a:<br \/>a) La prestazione di servizi, una volta che il servizio \u00e8 stato completamente eseguito, quando l&#039;esecuzione \u00e8 iniziata, con il previo consenso espresso del consumatore e dell&#039;utente e con la presa d&#039;atto da parte di quest&#039;ultimo di essere consapevole che, una volta che il contratto \u00e8 stato completamente eseguito dal professionista, avr\u00e0 perso il diritto di recesso.<br \/>b) La fornitura di beni o la prestazione di servizi il cui prezzo dipende da fluttuazioni del mercato finanziario che l&#039;imprenditore non pu\u00f2 controllare e che possono verificarsi durante il periodo di recesso.<br \/>c) La fornitura di beni confezionati su misura o chiaramente personalizzati.<br \/>d) La fornitura di beni che rischiano di deteriorarsi o scadere rapidamente.<br \/>e) La fornitura di beni sigillati che non si prestano ad essere restituiti per motivi igienici o connessi alla protezione della salute e che sono stati aperti dopo la consegna.<br \/>f) La fornitura di beni che, dopo la consegna e tenuto conto della loro natura, risultano inscindibilmente mescolati con altri beni.<br \/>g) La fornitura di bevande alcoliche il cui prezzo \u00e8 stato concordato al momento della conclusione del contratto di vendita e che non possono essere consegnate prima di 30 giorni e il cui valore reale dipende da fluttuazioni del mercato che l&#039;impresa non pu\u00f2 controllare.<br \/>(h) Contratti in cui il consumatore e l&#039;utente hanno specificamente richiesto al commerciante di recarsi da lui per effettuare interventi urgenti di riparazione o manutenzione; se, in tale visita, il commerciante fornisce servizi aggiuntivi rispetto a quelli specificamente richiesti dal consumatore o fornisce beni diversi dai pezzi di ricambio necessariamente utilizzati per effettuare gli interventi di manutenzione o riparazione, il diritto di recesso dovrebbe applicarsi a tali servizi o beni aggiuntivi.<br \/>i) La fornitura di registrazioni audio o video sigillate o di programmi per computer sigillati che sono stati aperti dal consumatore e dall&#039;utente dopo la consegna.<br \/>j) La fornitura di quotidiani, periodici o riviste, ad eccezione dei contratti di abbonamento per la fornitura di tali pubblicazioni.<br \/>k) Contratti conclusi mediante asta pubblica.<br \/>l) La fornitura di servizi di alloggio per fini diversi dall&#039;alloggio, dal trasporto di beni, dal noleggio di veicoli, dalla ristorazione o dai servizi connessi alle attivit\u00e0 del tempo libero, se i contratti prevedono una data o un periodo di esecuzione specifici.<br \/>m) La fornitura di contenuto digitale non fornita su un supporto materiale quando l&#039;esecuzione \u00e8 iniziata con il previo consenso espresso del consumatore e utente, consapevole che con ci\u00f2 perderebbe il diritto di recesso.<\/p><p><strong>Gestione degli ordini e tempi di consegna<\/strong><\/p><p>Il tuo ordine sar\u00e0 confermato una volta ricevuto il pagamento. I tempi di elaborazione e consegna sono di circa una settimana, a seconda del tipo di prodotto e della destinazione.<em>Per le Isole Baleari e Canarie i tempi di consegna potrebbero essere prolungati per motivi logistici esterni.<\/em>).<\/p><p>I prodotti saranno spediti all&#039;indirizzo di consegna fornito dall&#039;utente al momento dell&#039;acquisto. Queste informazioni potrebbero essere condivise con terze parti incaricate della consegna dei prodotti. Non saremo responsabili per errori di consegna causati da indirizzi di consegna errati o incompleti inseriti dall&#039;utente nel modulo d&#039;ordine.<\/p><p>I tempi di consegna indicati per ciascun prodotto potrebbero variare per motivi logistici o cause di forza maggiore. In caso di ritardo, gli utenti saranno informati non appena ne verremo a conoscenza.<\/p><p><strong>Costi di trasporto<\/strong><\/p><p>Le spese di spedizione saranno aggiunte al prezzo del prodotto, a seconda della destinazione. Una volta inserito l&#039;indirizzo di consegna durante la procedura di pagamento, il negozio online ti mostrer\u00e0 il costo esatto di spedizione per il tuo ordine.<\/p><p><strong>Politica di cancellazione dell&#039;ordine<\/strong><\/p><p>Assicurati che il prodotto che stai acquistando sia quello che desideri. Una volta effettuato l&#039;acquisto, l&#039;ordine non pu\u00f2 essere annullato. Se il prodotto o il servizio non \u00e8 disponibile dopo l&#039;ordine, l&#039;utente verr\u00e0 informato via e-mail dell&#039;annullamento totale o parziale dell&#039;ordine, con conseguente rimborso totale o parziale dell&#039;addebito sul suo conto bancario o sul suo conto PayPal. L&#039;annullamento parziale di un ordine per mancanza di disponibilit\u00e0 non d\u00e0 diritto all&#039;utente di annullare l&#039;intero ordine.<\/p><p><strong>Garanzia<\/strong><\/p><p>L&#039;utente pu\u00f2 esercitare la garanzia del prodotto in conformit\u00e0 con la normativa vigente in materia di garanzia dei prodotti di consumo. Il periodo di garanzia dei prodotti \u00e8 di 2 anni.<\/p><p>Per usufruire della garanzia \u00e8 indispensabile conservare la bolla di consegna, la fattura o la prova d&#039;acquisto.\u00a0<\/p><p><strong>Altre domande<\/strong><\/p><p>Per qualsiasi altra domanda, contatta il nostro Servizio Clienti al numero 933 967 316 o inviando un&#039;e-mail a info@salgourmet.es<\/p>\t\t\t\t\t\t\t\t<\/div>\n\t\t\t\t<\/div>\n\t\t\t\t<\/div>\n\t\t\t\t\t<\/div>\n\t\t\t\t<\/div>\n\t\t\t\t<\/div>","protected":false},"excerpt":{"rendered":"<p>Pol\u00edtica de devoluciones Derecho de desistimiento: Tiene usted derecho a desistir del presente contrato en un plazo de 14 d\u00edas naturales sin necesidad de justificaci\u00f3n. El plazo de desistimiento expirar\u00e1 a los 14 d\u00edas naturales del d\u00eda que usted o un tercero por usted indicado, distinto del transportista, adquiri\u00f3 la posesi\u00f3n material de los bienes.&hellip;&nbsp;<a href=\"https:\/\/salgourmet.es\/it\/condiciones\/\" rel=\"bookmark\">Leggi tutto &raquo;<span class=\"screen-reader-text\">Condizioni di vendita<\/span><\/a><\/p>","protected":false},"author":1,"featured_media":0,"parent":0,"menu_order":0,"comment_status":"closed","ping_status":"closed","template":"page-templates\/template-pagebuilder-full-width.php","meta":{"_acf_changed":false,"neve_meta_sidebar":"","neve_meta_container":"","neve_meta_enable_content_width":"off","neve_meta_content_width":100,"neve_meta_title_alignment":"","neve_meta_author_avatar":"","neve_post_elements_order":"","neve_meta_disable_header":"","neve_meta_disable_footer":"","neve_meta_disable_title":"","footnotes":""},"class_list":["post-251","page","type-page","status-publish","hentry"],"acf":[],"yoast_head":"<!-- This site is optimized with the Yoast SEO plugin v25.8 - https:\/\/yoast.com\/wordpress\/plugins\/seo\/ -->\n<title>Condiciones de venta - Sal Gourmet<\/title>\n<meta name=\"robots\" content=\"index, follow, max-snippet:-1, max-image-preview:large, max-video-preview:-1\" \/>\n<link rel=\"canonical\" href=\"https:\/\/salgourmet.es\/it\/condiciones\/\" \/>\n<meta property=\"og:locale\" content=\"it_IT\" \/>\n<meta property=\"og:type\" content=\"article\" \/>\n<meta property=\"og:title\" content=\"Condiciones de venta - Sal Gourmet\" \/>\n<meta property=\"og:description\" content=\"Pol\u00edtica de devoluciones Derecho de desistimiento: Tiene usted derecho a desistir del presente contrato en un plazo de 14 d\u00edas naturales sin necesidad de justificaci\u00f3n. El plazo de desistimiento expirar\u00e1 a los 14 d\u00edas naturales del d\u00eda que usted o un tercero por usted indicado, distinto del transportista, adquiri\u00f3 la posesi\u00f3n material de los bienes.&hellip;&nbsp;Leggi tutto &raquo;Condiciones de venta\" \/>\n<meta property=\"og:url\" content=\"https:\/\/salgourmet.es\/it\/condiciones\/\" \/>\n<meta property=\"og:site_name\" content=\"Sal Gourmet\" \/>\n<meta property=\"article:modified_time\" content=\"2024-08-08T12:35:47+00:00\" \/>\n<meta name=\"twitter:card\" content=\"summary_large_image\" \/>\n<meta name=\"twitter:label1\" content=\"Tempo di lettura stimato\" \/>\n\t<meta name=\"twitter:data1\" content=\"7 minuti\" \/>\n<script type=\"application\/ld+json\" class=\"yoast-schema-graph\">{\"@context\":\"https:\/\/schema.org\",\"@graph\":[{\"@type\":\"WebPage\",\"@id\":\"https:\/\/salgourmet.es\/condiciones\/\",\"url\":\"https:\/\/salgourmet.es\/condiciones\/\",\"name\":\"Condiciones de venta - Sal Gourmet\",\"isPartOf\":{\"@id\":\"https:\/\/salgourmet.es\/#website\"},\"datePublished\":\"2024-07-08T16:03:49+00:00\",\"dateModified\":\"2024-08-08T12:35:47+00:00\",\"breadcrumb\":{\"@id\":\"https:\/\/salgourmet.es\/condiciones\/#breadcrumb\"},\"inLanguage\":\"it-IT\",\"potentialAction\":[{\"@type\":\"ReadAction\",\"target\":[\"https:\/\/salgourmet.es\/condiciones\/\"]}]},{\"@type\":\"BreadcrumbList\",\"@id\":\"https:\/\/salgourmet.es\/condiciones\/#breadcrumb\",\"itemListElement\":[{\"@type\":\"ListItem\",\"position\":1,\"name\":\"Portada\",\"item\":\"https:\/\/salgourmet.es\/\"},{\"@type\":\"ListItem\",\"position\":2,\"name\":\"Condiciones de venta\"}]},{\"@type\":\"WebSite\",\"@id\":\"https:\/\/salgourmet.es\/#website\",\"url\":\"https:\/\/salgourmet.es\/\",\"name\":\"Sal Gourmet\",\"description\":\"\",\"potentialAction\":[{\"@type\":\"SearchAction\",\"target\":{\"@type\":\"EntryPoint\",\"urlTemplate\":\"https:\/\/salgourmet.es\/?s={search_term_string}\"},\"query-input\":{\"@type\":\"PropertyValueSpecification\",\"valueRequired\":true,\"valueName\":\"search_term_string\"}}],\"inLanguage\":\"it-IT\"}]}<\/script>\n<!-- \/ Yoast SEO plugin. -->","yoast_head_json":{"title":"Condiciones de venta - Sal Gourmet","robots":{"index":"index","follow":"follow","max-snippet":"max-snippet:-1","max-image-preview":"max-image-preview:large","max-video-preview":"max-video-preview:-1"},"canonical":"https:\/\/salgourmet.es\/it\/condiciones\/","og_locale":"it_IT","og_type":"article","og_title":"Condiciones de venta - Sal Gourmet","og_description":"Pol\u00edtica de devoluciones Derecho de desistimiento: Tiene usted derecho a desistir del presente contrato en un plazo de 14 d\u00edas naturales sin necesidad de justificaci\u00f3n. El plazo de desistimiento expirar\u00e1 a los 14 d\u00edas naturales del d\u00eda que usted o un tercero por usted indicado, distinto del transportista, adquiri\u00f3 la posesi\u00f3n material de los bienes.&hellip;&nbsp;Leggi tutto &raquo;Condiciones de venta","og_url":"https:\/\/salgourmet.es\/it\/condiciones\/","og_site_name":"Sal Gourmet","article_modified_time":"2024-08-08T12:35:47+00:00","twitter_card":"summary_large_image","twitter_misc":{"Tempo di lettura stimato":"7 minuti"},"schema":{"@context":"https:\/\/schema.org","@graph":[{"@type":"WebPage","@id":"https:\/\/salgourmet.es\/condiciones\/","url":"https:\/\/salgourmet.es\/condiciones\/","name":"Condiciones de venta - Sal Gourmet","isPartOf":{"@id":"https:\/\/salgourmet.es\/#website"},"datePublished":"2024-07-08T16:03:49+00:00","dateModified":"2024-08-08T12:35:47+00:00","breadcrumb":{"@id":"https:\/\/salgourmet.es\/condiciones\/#breadcrumb"},"inLanguage":"it-IT","potentialAction":[{"@type":"ReadAction","target":["https:\/\/salgourmet.es\/condiciones\/"]}]},{"@type":"BreadcrumbList","@id":"https:\/\/salgourmet.es\/condiciones\/#breadcrumb","itemListElement":[{"@type":"ListItem","position":1,"name":"Portada","item":"https:\/\/salgourmet.es\/"},{"@type":"ListItem","position":2,"name":"Condiciones de venta"}]},{"@type":"WebSite","@id":"https:\/\/salgourmet.es\/#website","url":"https:\/\/salgourmet.es\/","name":"Sale Gourmet","description":"","potentialAction":[{"@type":"SearchAction","target":{"@type":"EntryPoint","urlTemplate":"https:\/\/salgourmet.es\/?s={search_term_string}"},"query-input":{"@type":"PropertyValueSpecification","valueRequired":true,"valueName":"search_term_string"}}],"inLanguage":"it-IT"}]}},"_links":{"self":[{"href":"https:\/\/salgourmet.es\/it\/wp-json\/wp\/v2\/pages\/251","targetHints":{"allow":["GET"]}}],"collection":[{"href":"https:\/\/salgourmet.es\/it\/wp-json\/wp\/v2\/pages"}],"about":[{"href":"https:\/\/salgourmet.es\/it\/wp-json\/wp\/v2\/types\/page"}],"author":[{"embeddable":true,"href":"https:\/\/salgourmet.es\/it\/wp-json\/wp\/v2\/users\/1"}],"replies":[{"embeddable":true,"href":"https:\/\/salgourmet.es\/it\/wp-json\/wp\/v2\/comments?post=251"}],"version-history":[{"count":7,"href":"https:\/\/salgourmet.es\/it\/wp-json\/wp\/v2\/pages\/251\/revisions"}],"predecessor-version":[{"id":263,"href":"https:\/\/salgourmet.es\/it\/wp-json\/wp\/v2\/pages\/251\/revisions\/263"}],"wp:attachment":[{"href":"https:\/\/salgourmet.es\/it\/wp-json\/wp\/v2\/media?parent=251"}],"curies":[{"name":"wp","href":"https:\/\/api.w.org\/{rel}","templated":true}]}}