{"id":2013,"date":"2024-08-08T14:39:34","date_gmt":"2024-08-08T12:39:34","guid":{"rendered":"https:\/\/salgourmet.es\/?page_id=2013"},"modified":"2024-08-08T14:41:02","modified_gmt":"2024-08-08T12:41:02","slug":"cookies","status":"publish","type":"page","link":"https:\/\/salgourmet.es\/it\/cookies\/","title":{"rendered":"Politica sui cookie"},"content":{"rendered":"<div data-elementor-type=\"wp-page\" data-elementor-id=\"2013\" class=\"elementor elementor-2013\" data-elementor-post-type=\"page\">\n\t\t\t\t<div class=\"elementor-element elementor-element-0a140b4 e-con-full e-flex e-con e-parent\" data-id=\"0a140b4\" data-element_type=\"container\" data-settings=\"{&quot;background_background&quot;:&quot;classic&quot;}\">\n\t\t\t\t<\/div>\n\t\t<div class=\"elementor-element elementor-element-ddf0381 e-flex e-con-boxed e-con e-parent\" data-id=\"ddf0381\" data-element_type=\"container\">\n\t\t\t\t\t<div class=\"e-con-inner\">\n\t\t<div class=\"elementor-element elementor-element-bd633e0 e-con-full e-flex e-con e-child\" data-id=\"bd633e0\" data-element_type=\"container\">\n\t\t\t\t<\/div>\n\t\t<div class=\"elementor-element elementor-element-b3174c6 e-con-full e-flex e-con e-child\" data-id=\"b3174c6\" data-element_type=\"container\">\n\t\t\t\t<div class=\"elementor-element elementor-element-a9a3f8e elementor-widget elementor-widget-text-editor\" data-id=\"a9a3f8e\" data-element_type=\"widget\" data-widget_type=\"text-editor.default\">\n\t\t\t\t<div class=\"elementor-widget-container\">\n\t\t\t\t\t\t\t\t\t<div class=\"wrapper\"><div id=\"contenido\"><h1>Politica sui cookie<\/h1><p><strong>UTILIZZO DEI COOKIE<\/strong><\/p><p>Il nostro sito web non contiene collegamenti ipertestuali che consentano la condivisione dei tuoi dati con altri siti web, n\u00e9 utilizza alcun trattamento invisibile dei dati personali. L&#039;utilizzo dei cookie (intesi come un insieme di caratteri memorizzati sul disco rigido del computer dell&#039;utente o nella memoria temporanea quando si accede a determinati siti web) \u00e8 necessario per l&#039;utilizzo del sito web.<\/p><p>Le informazioni che LANCASTER PLUS, SLU memorizza sul tuo computer tramite questo meccanismo sono costituite esclusivamente da quelle necessarie per portare a termine il processo di acquisto, senza memorizzare dati privati.<\/p><p>I cookie generati sono:<\/p><ul><li><strong>Nome:<\/strong> ASPSESSIONIDQQDDSDBB<ul><li>Server di origine: www.salgourmet.es<\/li><li>Scopo: Strettamente necessario<\/li><li>Proprietario \/ Terze parti: Proprietario<\/li><li>Escluso\/Non escluso (dall&#039;obbligo di informazione e consenso): Se<\/li><\/ul><\/li><li><strong>Nome:<\/strong>\u00a0tupedido<ul><li>Server di origine: www.salgourmet.es<\/li><li>Scopo: Strettamente necessario<\/li><li>Proprietario \/ Terze parti: Proprietario<\/li><li>Escluso\/Non escluso (dall&#039;obbligo di informazione e consenso): Se<\/li><\/ul><\/li><li><strong>Nome:<\/strong> cookie accettati<ul><li>Server di origine: www.salgourmet.es<\/li><li>Scopo: Strettamente necessario<\/li><li>Proprietario \/ Terze parti: Proprietario<\/li><li>Escluso\/Non escluso (dall&#039;obbligo di informazione e consenso): Se<\/li><\/ul><\/li><li><strong>Nome:<\/strong> _ga<ul><li>Server di origine: www.salgourmet.es<\/li><li>Scopo: Cookie di Google Analytics. Generano un ID utente anonimo, che viene utilizzato per contare quante volte un utente visita il sito. Registrano anche quando l&#039;utente ha visitato il sito web per la prima e l&#039;ultima volta. Inoltre, calcolano quando termina una sessione, l&#039;origine dell&#039;utente e le parole chiave.\u00a0<a href=\"https:\/\/developers.google.com\/analytics\/devguides\/collection\/analyticsjs\/cookie-usage\" target=\"_blank\" rel=\"nofollow noopener\">Ulteriori informazioni<\/a>.<\/li><li>Di prima parte \/ Di terza parte: Terze parti, Google Inc.<\/li><li>Esclusi\/Non esclusi (dall&#039;obbligo di informazione e consenso): No\u00a0<\/li><\/ul><\/li><li><strong>Nome:<\/strong> _gat<ul><li>Server di origine: www.salgourmet.es<\/li><li>Scopo: Cookie di Google Analytics. Generano un ID utente anonimo, che viene utilizzato per contare quante volte un utente visita il sito. Registrano anche quando l&#039;utente ha visitato il sito web per la prima e l&#039;ultima volta. Inoltre, calcolano quando termina una sessione, l&#039;origine dell&#039;utente e le parole chiave.\u00a0<a href=\"https:\/\/developers.google.com\/analytics\/devguides\/collection\/analyticsjs\/cookie-usage\" target=\"_blank\" rel=\"nofollow noopener\">Ulteriori informazioni<\/a>.<\/li><li>Di prima parte \/ Di terza parte: Terze parti, Google Inc.<\/li><li>Esclusi\/Non esclusi (dall&#039;obbligo di informazione e consenso): No\u00a0<\/li><\/ul><\/li><\/ul><p>Puoi configurare il tuo browser in modo da essere avvisato quando riceviamo cookie e impedirne l&#039;installazione sul tuo disco rigido. Tuttavia, se scegli questa impostazione, potresti non essere in grado di accedere ad alcune parti del Sito Web o di usufruire di alcuni dei nostri servizi. A meno che tu non abbia impostato il tuo browser in modo da rifiutare i cookie, il nostro sistema emetter\u00e0 cookie quando ti connetti al nostro Sito Web. Per ulteriori informazioni, consulta le istruzioni e i manuali del tuo browser. <\/p><\/div><\/div>\t\t\t\t\t\t\t\t<\/div>\n\t\t\t\t<\/div>\n\t\t\t\t<\/div>\n\t\t\t\t\t<\/div>\n\t\t\t\t<\/div>\n\t\t\t\t<\/div>","protected":false},"excerpt":{"rendered":"<p>Pol\u00edtica de cookies UTILIZACI\u00d3N DE COOKIES En nuestro Sitio Web no existen hiperv\u00ednculos que permitan la comunicaci\u00f3n de sus datos a otras p\u00e1ginas web y tampoco existen tratamientos invisibles de datos personales. Para la utilizaci\u00f3n del Sitio Web es necesaria la utilizaci\u00f3n de cookies (entendido como conjunto de caracteres que se almacenan en el disco&hellip;&nbsp;<a href=\"https:\/\/salgourmet.es\/it\/cookies\/\" rel=\"bookmark\">Leggi tutto &raquo;<span class=\"screen-reader-text\">Politica sui cookie<\/span><\/a><\/p>","protected":false},"author":2,"featured_media":0,"parent":0,"menu_order":0,"comment_status":"closed","ping_status":"closed","template":"page-templates\/template-pagebuilder-full-width.php","meta":{"_acf_changed":false,"neve_meta_sidebar":"","neve_meta_container":"","neve_meta_enable_content_width":"off","neve_meta_content_width":100,"neve_meta_title_alignment":"","neve_meta_author_avatar":"","neve_post_elements_order":"","neve_meta_disable_header":"","neve_meta_disable_footer":"","neve_meta_disable_title":"","footnotes":""},"class_list":["post-2013","page","type-page","status-publish","hentry"],"acf":[],"yoast_head":"<!-- This site is optimized with the Yoast SEO plugin v25.8 - https:\/\/yoast.com\/wordpress\/plugins\/seo\/ -->\n<title>Pol\u00edtica de cookies - Sal Gourmet<\/title>\n<meta name=\"robots\" content=\"index, follow, max-snippet:-1, max-image-preview:large, max-video-preview:-1\" \/>\n<link rel=\"canonical\" href=\"https:\/\/salgourmet.es\/it\/cookies\/\" \/>\n<meta property=\"og:locale\" content=\"it_IT\" \/>\n<meta property=\"og:type\" content=\"article\" \/>\n<meta property=\"og:title\" content=\"Pol\u00edtica de cookies - Sal Gourmet\" \/>\n<meta property=\"og:description\" content=\"Pol\u00edtica de cookies UTILIZACI\u00d3N DE COOKIES En nuestro Sitio Web no existen hiperv\u00ednculos que permitan la comunicaci\u00f3n de sus datos a otras p\u00e1ginas web y tampoco existen tratamientos invisibles de datos personales. Para la utilizaci\u00f3n del Sitio Web es necesaria la utilizaci\u00f3n de cookies (entendido como conjunto de caracteres que se almacenan en el disco&hellip;&nbsp;Leggi tutto &raquo;Pol\u00edtica de cookies\" \/>\n<meta property=\"og:url\" content=\"https:\/\/salgourmet.es\/it\/cookies\/\" \/>\n<meta property=\"og:site_name\" content=\"Sal Gourmet\" \/>\n<meta property=\"article:modified_time\" content=\"2024-08-08T12:41:02+00:00\" \/>\n<meta name=\"twitter:card\" content=\"summary_large_image\" \/>\n<meta name=\"twitter:label1\" content=\"Tempo di lettura stimato\" \/>\n\t<meta name=\"twitter:data1\" content=\"2 minuti\" \/>\n<script type=\"application\/ld+json\" class=\"yoast-schema-graph\">{\"@context\":\"https:\/\/schema.org\",\"@graph\":[{\"@type\":\"WebPage\",\"@id\":\"https:\/\/salgourmet.es\/cookies\/\",\"url\":\"https:\/\/salgourmet.es\/cookies\/\",\"name\":\"Pol\u00edtica de cookies - Sal Gourmet\",\"isPartOf\":{\"@id\":\"https:\/\/salgourmet.es\/#website\"},\"datePublished\":\"2024-08-08T12:39:34+00:00\",\"dateModified\":\"2024-08-08T12:41:02+00:00\",\"breadcrumb\":{\"@id\":\"https:\/\/salgourmet.es\/cookies\/#breadcrumb\"},\"inLanguage\":\"it-IT\",\"potentialAction\":[{\"@type\":\"ReadAction\",\"target\":[\"https:\/\/salgourmet.es\/cookies\/\"]}]},{\"@type\":\"BreadcrumbList\",\"@id\":\"https:\/\/salgourmet.es\/cookies\/#breadcrumb\",\"itemListElement\":[{\"@type\":\"ListItem\",\"position\":1,\"name\":\"Portada\",\"item\":\"https:\/\/salgourmet.es\/\"},{\"@type\":\"ListItem\",\"position\":2,\"name\":\"Pol\u00edtica de cookies\"}]},{\"@type\":\"WebSite\",\"@id\":\"https:\/\/salgourmet.es\/#website\",\"url\":\"https:\/\/salgourmet.es\/\",\"name\":\"Sal Gourmet\",\"description\":\"\",\"potentialAction\":[{\"@type\":\"SearchAction\",\"target\":{\"@type\":\"EntryPoint\",\"urlTemplate\":\"https:\/\/salgourmet.es\/?s={search_term_string}\"},\"query-input\":{\"@type\":\"PropertyValueSpecification\",\"valueRequired\":true,\"valueName\":\"search_term_string\"}}],\"inLanguage\":\"it-IT\"}]}<\/script>\n<!-- \/ Yoast SEO plugin. -->","yoast_head_json":{"title":"Pol\u00edtica de cookies - Sal Gourmet","robots":{"index":"index","follow":"follow","max-snippet":"max-snippet:-1","max-image-preview":"max-image-preview:large","max-video-preview":"max-video-preview:-1"},"canonical":"https:\/\/salgourmet.es\/it\/cookies\/","og_locale":"it_IT","og_type":"article","og_title":"Pol\u00edtica de cookies - Sal Gourmet","og_description":"Pol\u00edtica de cookies UTILIZACI\u00d3N DE COOKIES En nuestro Sitio Web no existen hiperv\u00ednculos que permitan la comunicaci\u00f3n de sus datos a otras p\u00e1ginas web y tampoco existen tratamientos invisibles de datos personales. Para la utilizaci\u00f3n del Sitio Web es necesaria la utilizaci\u00f3n de cookies (entendido como conjunto de caracteres que se almacenan en el disco&hellip;&nbsp;Leggi tutto &raquo;Pol\u00edtica de cookies","og_url":"https:\/\/salgourmet.es\/it\/cookies\/","og_site_name":"Sal Gourmet","article_modified_time":"2024-08-08T12:41:02+00:00","twitter_card":"summary_large_image","twitter_misc":{"Tempo di lettura stimato":"2 minuti"},"schema":{"@context":"https:\/\/schema.org","@graph":[{"@type":"WebPage","@id":"https:\/\/salgourmet.es\/cookies\/","url":"https:\/\/salgourmet.es\/cookies\/","name":"Pol\u00edtica de cookies - Sal Gourmet","isPartOf":{"@id":"https:\/\/salgourmet.es\/#website"},"datePublished":"2024-08-08T12:39:34+00:00","dateModified":"2024-08-08T12:41:02+00:00","breadcrumb":{"@id":"https:\/\/salgourmet.es\/cookies\/#breadcrumb"},"inLanguage":"it-IT","potentialAction":[{"@type":"ReadAction","target":["https:\/\/salgourmet.es\/cookies\/"]}]},{"@type":"BreadcrumbList","@id":"https:\/\/salgourmet.es\/cookies\/#breadcrumb","itemListElement":[{"@type":"ListItem","position":1,"name":"Portada","item":"https:\/\/salgourmet.es\/"},{"@type":"ListItem","position":2,"name":"Pol\u00edtica de cookies"}]},{"@type":"WebSite","@id":"https:\/\/salgourmet.es\/#website","url":"https:\/\/salgourmet.es\/","name":"Sale Gourmet","description":"","potentialAction":[{"@type":"SearchAction","target":{"@type":"EntryPoint","urlTemplate":"https:\/\/salgourmet.es\/?s={search_term_string}"},"query-input":{"@type":"PropertyValueSpecification","valueRequired":true,"valueName":"search_term_string"}}],"inLanguage":"it-IT"}]}},"_links":{"self":[{"href":"https:\/\/salgourmet.es\/it\/wp-json\/wp\/v2\/pages\/2013","targetHints":{"allow":["GET"]}}],"collection":[{"href":"https:\/\/salgourmet.es\/it\/wp-json\/wp\/v2\/pages"}],"about":[{"href":"https:\/\/salgourmet.es\/it\/wp-json\/wp\/v2\/types\/page"}],"author":[{"embeddable":true,"href":"https:\/\/salgourmet.es\/it\/wp-json\/wp\/v2\/users\/2"}],"replies":[{"embeddable":true,"href":"https:\/\/salgourmet.es\/it\/wp-json\/wp\/v2\/comments?post=2013"}],"version-history":[{"count":4,"href":"https:\/\/salgourmet.es\/it\/wp-json\/wp\/v2\/pages\/2013\/revisions"}],"predecessor-version":[{"id":2018,"href":"https:\/\/salgourmet.es\/it\/wp-json\/wp\/v2\/pages\/2013\/revisions\/2018"}],"wp:attachment":[{"href":"https:\/\/salgourmet.es\/it\/wp-json\/wp\/v2\/media?parent=2013"}],"curies":[{"name":"wp","href":"https:\/\/api.w.org\/{rel}","templated":true}]}}