{"id":1069,"date":"2024-07-11T21:24:43","date_gmt":"2024-07-11T19:24:43","guid":{"rendered":"https:\/\/salgourmet.es\/?page_id=1069"},"modified":"2024-09-02T10:29:41","modified_gmt":"2024-09-02T08:29:41","slug":"petalos-de-sal","status":"publish","type":"page","link":"https:\/\/salgourmet.es\/it\/petalos-de-sal\/","title":{"rendered":"Sale in fiocchi"},"content":{"rendered":"<div data-elementor-type=\"wp-page\" data-elementor-id=\"1069\" class=\"elementor elementor-1069\" data-elementor-post-type=\"page\">\n\t\t\t\t<div class=\"elementor-element elementor-element-b27afe7 e-flex e-con-boxed e-con e-parent\" data-id=\"b27afe7\" data-element_type=\"container\">\n\t\t\t\t\t<div class=\"e-con-inner\">\n\t\t<div class=\"elementor-element elementor-element-9823fc5 e-con-full e-flex e-con e-child\" data-id=\"9823fc5\" data-element_type=\"container\">\n\t\t\t\t<div class=\"elementor-element elementor-element-58023b8 elementor-widget elementor-widget-text-editor\" data-id=\"58023b8\" data-element_type=\"widget\" data-widget_type=\"text-editor.default\">\n\t\t\t\t<div class=\"elementor-widget-container\">\n\t\t\t\t\t\t\t\t\t<p>Sale in fiocchi estratto a mano dall&#039;acqua dei fiumi sotterranei delle nostre saline di Villena, il sale viene depositato in saline dove viene essiccato al sole del Mediterraneo e al vento di Alicante.<\/p>\t\t\t\t\t\t\t\t<\/div>\n\t\t\t\t<\/div>\n\t\t\t\t<div class=\"elementor-element elementor-element-15d08e2 elementor-grid-4 elementor-grid-tablet-3 elementor-grid-mobile-2 elementor-products-grid elementor-wc-products elementor-show-pagination-border-yes elementor-widget elementor-widget-woocommerce-products\" data-id=\"15d08e2\" data-element_type=\"widget\" data-widget_type=\"woocommerce-products.default\">\n\t\t\t\t<div class=\"elementor-widget-container\">\n\t\t\t\t\t<div class=\"woocommerce columns-4\"><div class=\"woocommerce-notices-wrapper\"><\/div><ul class=\"products elementor-grid columns-4\">\n<li class=\"wvs-archive-product-wrapper product type-product post-283 status-publish first instock product_cat-petalos-de-sal has-post-thumbnail taxable shipping-taxable purchasable product-type-variable\">\n\t<div class=\"nv-card-content-wrapper\"><a href=\"https:\/\/salgourmet.es\/it\/petalos-de-sal\/ahumados\/\" class=\"woocommerce-LoopProduct-link woocommerce-loop-product__link\"><div class=\"sp-product-image\"><div class=\"img-wrap\"><img fetchpriority=\"high\" decoding=\"async\" width=\"300\" height=\"300\" src=\"https:\/\/salgourmet.es\/wp-content\/uploads\/Petalos-de-Sal-Ahumados-300x300.jpg\" class=\"attachment-woocommerce_thumbnail size-woocommerce_thumbnail wvs-archive-product-image\" alt=\"P\u00e9talos de Sal Ahumados\" srcset=\"https:\/\/salgourmet.es\/wp-content\/uploads\/Petalos-de-Sal-Ahumados-300x300.jpg 300w, https:\/\/salgourmet.es\/wp-content\/uploads\/Petalos-de-Sal-Ahumados-1024x1024.jpg 1024w, https:\/\/salgourmet.es\/wp-content\/uploads\/Petalos-de-Sal-Ahumados-200x200.jpg 200w, https:\/\/salgourmet.es\/wp-content\/uploads\/Petalos-de-Sal-Ahumados-768x768.jpg 768w, https:\/\/salgourmet.es\/wp-content\/uploads\/Petalos-de-Sal-Ahumados-1536x1536.jpg 1536w, https:\/\/salgourmet.es\/wp-content\/uploads\/Petalos-de-Sal-Ahumados-600x600.jpg 600w, https:\/\/salgourmet.es\/wp-content\/uploads\/Petalos-de-Sal-Ahumados-100x100.jpg 100w, https:\/\/salgourmet.es\/wp-content\/uploads\/Petalos-de-Sal-Ahumados-50x50.jpg 50w, https:\/\/salgourmet.es\/wp-content\/uploads\/Petalos-de-Sal-Ahumados.jpg 2000w\" sizes=\"(max-width: 300px) 100vw, 300px\" \/><\/div><\/div><h2 class=\"woocommerce-loop-product__title\">Petali di sale affumicato<\/h2>\n\t<span class=\"price\"><span class=\"woocommerce-Price-amount amount\" aria-hidden=\"true\"><bdi>3,20&nbsp;<span class=\"woocommerce-Price-currencySymbol\">&euro;<\/span><\/bdi><\/span> <span aria-hidden=\"true\">\u2013<\/span> <span class=\"woocommerce-Price-amount amount\" aria-hidden=\"true\"><bdi>12,10&nbsp;<span class=\"woocommerce-Price-currencySymbol\">&euro;<\/span><\/bdi><\/span><span class=\"screen-reader-text\" data-no-translation=\"\" data-trp-gettext=\"\">Fascia di prezzo: da 3,20&nbsp;&euro; a 12,10&nbsp;&euro;<\/span><\/span>\n<\/a><a href=\"https:\/\/salgourmet.es\/it\/petalos-de-sal\/ahumados\/\" aria-describedby=\"woocommerce_loop_add_to_cart_link_describedby_283\" data-quantity=\"1\" class=\"button product_type_variable add_to_cart_button\" data-product_id=\"283\" data-product_sku=\"\" aria-label=\"Seleziona le opzioni per \u201cP\u00e9talos de Sal Ahumados\u201d\" rel=\"nofollow\" data-no-translation=\"\" data-trp-gettext=\"\" data-no-translation-aria-label=\"\">Seleziona le opzioni<\/a>\t<span id=\"woocommerce_loop_add_to_cart_link_describedby_283\" class=\"screen-reader-text\">\n\t\tQuesto prodotto ha pi\u00f9 varianti. Le opzioni possono essere selezionate nella pagina del prodotto.\t<\/span>\n<\/div><\/li>\n<li class=\"wvs-archive-product-wrapper product type-product post-266 status-publish instock product_cat-petalos-de-sal has-post-thumbnail taxable shipping-taxable purchasable product-type-variable\">\n\t<div class=\"nv-card-content-wrapper\"><a href=\"https:\/\/salgourmet.es\/it\/petalos-de-sal\/negra\/\" class=\"woocommerce-LoopProduct-link woocommerce-loop-product__link\"><div class=\"sp-product-image\"><div class=\"img-wrap\"><img decoding=\"async\" width=\"300\" height=\"300\" src=\"https:\/\/salgourmet.es\/wp-content\/uploads\/Petalos-de-Sal-Negra-300x300.jpg\" class=\"attachment-woocommerce_thumbnail size-woocommerce_thumbnail wvs-archive-product-image\" alt=\"P\u00e9talos de Sal Sazonador Negro\" srcset=\"https:\/\/salgourmet.es\/wp-content\/uploads\/Petalos-de-Sal-Negra-300x300.jpg 300w, https:\/\/salgourmet.es\/wp-content\/uploads\/Petalos-de-Sal-Negra-1024x1024.jpg 1024w, https:\/\/salgourmet.es\/wp-content\/uploads\/Petalos-de-Sal-Negra-200x200.jpg 200w, https:\/\/salgourmet.es\/wp-content\/uploads\/Petalos-de-Sal-Negra-768x768.jpg 768w, https:\/\/salgourmet.es\/wp-content\/uploads\/Petalos-de-Sal-Negra-1536x1536.jpg 1536w, https:\/\/salgourmet.es\/wp-content\/uploads\/Petalos-de-Sal-Negra-600x600.jpg 600w, https:\/\/salgourmet.es\/wp-content\/uploads\/Petalos-de-Sal-Negra-100x100.jpg 100w, https:\/\/salgourmet.es\/wp-content\/uploads\/Petalos-de-Sal-Negra-50x50.jpg 50w, https:\/\/salgourmet.es\/wp-content\/uploads\/Petalos-de-Sal-Negra.jpg 2000w\" sizes=\"(max-width: 300px) 100vw, 300px\" \/><\/div><\/div><h2 class=\"woocommerce-loop-product__title\">Petali di sale nero per condire<\/h2>\n\t<span class=\"price\"><span class=\"woocommerce-Price-amount amount\" aria-hidden=\"true\"><bdi>3,20&nbsp;<span class=\"woocommerce-Price-currencySymbol\">&euro;<\/span><\/bdi><\/span> <span aria-hidden=\"true\">\u2013<\/span> <span class=\"woocommerce-Price-amount amount\" aria-hidden=\"true\"><bdi>12,10&nbsp;<span class=\"woocommerce-Price-currencySymbol\">&euro;<\/span><\/bdi><\/span><span class=\"screen-reader-text\" data-no-translation=\"\" data-trp-gettext=\"\">Fascia di prezzo: da 3,20&nbsp;&euro; a 12,10&nbsp;&euro;<\/span><\/span>\n<\/a><a href=\"https:\/\/salgourmet.es\/it\/petalos-de-sal\/negra\/\" aria-describedby=\"woocommerce_loop_add_to_cart_link_describedby_266\" data-quantity=\"1\" class=\"button product_type_variable add_to_cart_button\" data-product_id=\"266\" data-product_sku=\"\" aria-label=\"Seleziona le opzioni per \u201cP\u00e9talos de Sal Sazonador Negro\u201d\" rel=\"nofollow\" data-no-translation=\"\" data-trp-gettext=\"\" data-no-translation-aria-label=\"\">Seleziona le opzioni<\/a>\t<span id=\"woocommerce_loop_add_to_cart_link_describedby_266\" class=\"screen-reader-text\">\n\t\tQuesto prodotto ha pi\u00f9 varianti. Le opzioni possono essere selezionate nella pagina del prodotto.\t<\/span>\n<\/div><\/li>\n<li class=\"wvs-archive-product-wrapper product type-product post-112 status-publish instock product_cat-petalos-de-sal has-post-thumbnail taxable shipping-taxable purchasable product-type-variable\">\n\t<div class=\"nv-card-content-wrapper\"><a href=\"https:\/\/salgourmet.es\/it\/petalos-de-sal\/blanca\/\" class=\"woocommerce-LoopProduct-link woocommerce-loop-product__link\"><div class=\"sp-product-image\"><div class=\"img-wrap\"><img decoding=\"async\" width=\"300\" height=\"300\" src=\"https:\/\/salgourmet.es\/wp-content\/uploads\/2024\/07\/2_1-1-300x300.jpg\" class=\"attachment-woocommerce_thumbnail size-woocommerce_thumbnail wvs-archive-product-image\" alt=\"P\u00e9talos de Sal Blanca\" srcset=\"https:\/\/salgourmet.es\/wp-content\/uploads\/2024\/07\/2_1-1-300x300.jpg 300w, https:\/\/salgourmet.es\/wp-content\/uploads\/2024\/07\/2_1-1-1024x1024.jpg 1024w, https:\/\/salgourmet.es\/wp-content\/uploads\/2024\/07\/2_1-1-150x150.jpg 150w, https:\/\/salgourmet.es\/wp-content\/uploads\/2024\/07\/2_1-1-768x768.jpg 768w, https:\/\/salgourmet.es\/wp-content\/uploads\/2024\/07\/2_1-1-1536x1536.jpg 1536w, https:\/\/salgourmet.es\/wp-content\/uploads\/2024\/07\/2_1-1-600x600.jpg 600w, https:\/\/salgourmet.es\/wp-content\/uploads\/2024\/07\/2_1-1-100x100.jpg 100w, https:\/\/salgourmet.es\/wp-content\/uploads\/2024\/07\/2_1-1-50x50.jpg 50w, https:\/\/salgourmet.es\/wp-content\/uploads\/2024\/07\/2_1-1.jpg 2000w\" sizes=\"(max-width: 300px) 100vw, 300px\" \/><\/div><\/div><h2 class=\"woocommerce-loop-product__title\">Petali di sale bianco<\/h2>\n\t<span class=\"price\"><span class=\"woocommerce-Price-amount amount\" aria-hidden=\"true\"><bdi>2,70&nbsp;<span class=\"woocommerce-Price-currencySymbol\">&euro;<\/span><\/bdi><\/span> <span aria-hidden=\"true\">\u2013<\/span> <span class=\"woocommerce-Price-amount amount\" aria-hidden=\"true\"><bdi>12,10&nbsp;<span class=\"woocommerce-Price-currencySymbol\">&euro;<\/span><\/bdi><\/span><span class=\"screen-reader-text\" data-no-translation=\"\" data-trp-gettext=\"\">Fascia di prezzo: da 2,70&nbsp;&euro; a 12,10&nbsp;&euro;<\/span><\/span>\n<\/a><a href=\"https:\/\/salgourmet.es\/it\/petalos-de-sal\/blanca\/\" aria-describedby=\"woocommerce_loop_add_to_cart_link_describedby_112\" data-quantity=\"1\" class=\"button product_type_variable add_to_cart_button\" data-product_id=\"112\" data-product_sku=\"\" aria-label=\"Seleziona le opzioni per \u201cP\u00e9talos de Sal Blanca\u201d\" rel=\"nofollow\" data-no-translation=\"\" data-trp-gettext=\"\" data-no-translation-aria-label=\"\">Seleziona le opzioni<\/a>\t<span id=\"woocommerce_loop_add_to_cart_link_describedby_112\" class=\"screen-reader-text\">\n\t\tQuesto prodotto ha pi\u00f9 varianti. Le opzioni possono essere selezionate nella pagina del prodotto.\t<\/span>\n<\/div><\/li>\n<\/ul>\n<\/div>\t\t\t\t<\/div>\n\t\t\t\t<\/div>\n\t\t\t\t<\/div>\n\t\t\t\t\t<\/div>\n\t\t\t\t<\/div>\n\t\t\t\t<\/div>","protected":false},"excerpt":{"rendered":"<p>Sale in fiocchi estratto a mano dall&#039;acqua dei fiumi sotterranei delle nostre saline di Villena, il sale viene depositato in saline dove viene essiccato al sole del Mediterraneo e al vento di Alicante.<\/p>","protected":false},"author":1,"featured_media":0,"parent":0,"menu_order":0,"comment_status":"closed","ping_status":"closed","template":"page-templates\/template-pagebuilder-full-width.php","meta":{"_acf_changed":false,"neve_meta_sidebar":"","neve_meta_container":"","neve_meta_enable_content_width":"off","neve_meta_content_width":100,"neve_meta_title_alignment":"","neve_meta_author_avatar":"","neve_post_elements_order":"","neve_meta_disable_header":"","neve_meta_disable_footer":"","neve_meta_disable_title":"","footnotes":""},"class_list":["post-1069","page","type-page","status-publish","hentry"],"acf":[],"yoast_head":"<!-- This site is optimized with the Yoast SEO plugin v25.8 - https:\/\/yoast.com\/wordpress\/plugins\/seo\/ -->\n<title>Sal en Escamas - Sal Gourmet<\/title>\n<meta name=\"robots\" content=\"index, follow, max-snippet:-1, max-image-preview:large, max-video-preview:-1\" \/>\n<link rel=\"canonical\" href=\"https:\/\/salgourmet.es\/it\/petalos-de-sal\/\" \/>\n<meta property=\"og:locale\" content=\"it_IT\" \/>\n<meta property=\"og:type\" content=\"article\" \/>\n<meta property=\"og:title\" content=\"Sal en Escamas - Sal Gourmet\" \/>\n<meta property=\"og:description\" content=\"Sal en escamas extra\u00edda de forma artesana del agua de los r\u00edos subterr\u00e1neos de nuestra salina de Villena, la sal se deposita en balsas salineras donde es secada al sol del Mediterr\u00e1neo y el viento Alicantino.\" \/>\n<meta property=\"og:url\" content=\"https:\/\/salgourmet.es\/it\/petalos-de-sal\/\" \/>\n<meta property=\"og:site_name\" content=\"Sal Gourmet\" \/>\n<meta property=\"article:modified_time\" content=\"2024-09-02T08:29:41+00:00\" \/>\n<meta name=\"twitter:card\" content=\"summary_large_image\" \/>\n<script type=\"application\/ld+json\" class=\"yoast-schema-graph\">{\"@context\":\"https:\/\/schema.org\",\"@graph\":[{\"@type\":\"WebPage\",\"@id\":\"https:\/\/salgourmet.es\/petalos-de-sal\/\",\"url\":\"https:\/\/salgourmet.es\/petalos-de-sal\/\",\"name\":\"Sal en Escamas - Sal Gourmet\",\"isPartOf\":{\"@id\":\"https:\/\/salgourmet.es\/#website\"},\"datePublished\":\"2024-07-11T19:24:43+00:00\",\"dateModified\":\"2024-09-02T08:29:41+00:00\",\"breadcrumb\":{\"@id\":\"https:\/\/salgourmet.es\/petalos-de-sal\/#breadcrumb\"},\"inLanguage\":\"it-IT\",\"potentialAction\":[{\"@type\":\"ReadAction\",\"target\":[\"https:\/\/salgourmet.es\/petalos-de-sal\/\"]}]},{\"@type\":\"BreadcrumbList\",\"@id\":\"https:\/\/salgourmet.es\/petalos-de-sal\/#breadcrumb\",\"itemListElement\":[{\"@type\":\"ListItem\",\"position\":1,\"name\":\"Portada\",\"item\":\"https:\/\/salgourmet.es\/\"},{\"@type\":\"ListItem\",\"position\":2,\"name\":\"Sal en Escamas\"}]},{\"@type\":\"WebSite\",\"@id\":\"https:\/\/salgourmet.es\/#website\",\"url\":\"https:\/\/salgourmet.es\/\",\"name\":\"Sal Gourmet\",\"description\":\"\",\"potentialAction\":[{\"@type\":\"SearchAction\",\"target\":{\"@type\":\"EntryPoint\",\"urlTemplate\":\"https:\/\/salgourmet.es\/?s={search_term_string}\"},\"query-input\":{\"@type\":\"PropertyValueSpecification\",\"valueRequired\":true,\"valueName\":\"search_term_string\"}}],\"inLanguage\":\"it-IT\"}]}<\/script>\n<!-- \/ Yoast SEO plugin. -->","yoast_head_json":{"title":"Sal en Escamas - Sal Gourmet","robots":{"index":"index","follow":"follow","max-snippet":"max-snippet:-1","max-image-preview":"max-image-preview:large","max-video-preview":"max-video-preview:-1"},"canonical":"https:\/\/salgourmet.es\/it\/petalos-de-sal\/","og_locale":"it_IT","og_type":"article","og_title":"Sal en Escamas - Sal Gourmet","og_description":"Sal en escamas extra\u00edda de forma artesana del agua de los r\u00edos subterr\u00e1neos de nuestra salina de Villena, la sal se deposita en balsas salineras donde es secada al sol del Mediterr\u00e1neo y el viento Alicantino.","og_url":"https:\/\/salgourmet.es\/it\/petalos-de-sal\/","og_site_name":"Sal Gourmet","article_modified_time":"2024-09-02T08:29:41+00:00","twitter_card":"summary_large_image","schema":{"@context":"https:\/\/schema.org","@graph":[{"@type":"WebPage","@id":"https:\/\/salgourmet.es\/petalos-de-sal\/","url":"https:\/\/salgourmet.es\/petalos-de-sal\/","name":"Sal en Escamas - Sal Gourmet","isPartOf":{"@id":"https:\/\/salgourmet.es\/#website"},"datePublished":"2024-07-11T19:24:43+00:00","dateModified":"2024-09-02T08:29:41+00:00","breadcrumb":{"@id":"https:\/\/salgourmet.es\/petalos-de-sal\/#breadcrumb"},"inLanguage":"it-IT","potentialAction":[{"@type":"ReadAction","target":["https:\/\/salgourmet.es\/petalos-de-sal\/"]}]},{"@type":"BreadcrumbList","@id":"https:\/\/salgourmet.es\/petalos-de-sal\/#breadcrumb","itemListElement":[{"@type":"ListItem","position":1,"name":"Portada","item":"https:\/\/salgourmet.es\/"},{"@type":"ListItem","position":2,"name":"Sal en Escamas"}]},{"@type":"WebSite","@id":"https:\/\/salgourmet.es\/#website","url":"https:\/\/salgourmet.es\/","name":"Sale Gourmet","description":"","potentialAction":[{"@type":"SearchAction","target":{"@type":"EntryPoint","urlTemplate":"https:\/\/salgourmet.es\/?s={search_term_string}"},"query-input":{"@type":"PropertyValueSpecification","valueRequired":true,"valueName":"search_term_string"}}],"inLanguage":"it-IT"}]}},"_links":{"self":[{"href":"https:\/\/salgourmet.es\/it\/wp-json\/wp\/v2\/pages\/1069","targetHints":{"allow":["GET"]}}],"collection":[{"href":"https:\/\/salgourmet.es\/it\/wp-json\/wp\/v2\/pages"}],"about":[{"href":"https:\/\/salgourmet.es\/it\/wp-json\/wp\/v2\/types\/page"}],"author":[{"embeddable":true,"href":"https:\/\/salgourmet.es\/it\/wp-json\/wp\/v2\/users\/1"}],"replies":[{"embeddable":true,"href":"https:\/\/salgourmet.es\/it\/wp-json\/wp\/v2\/comments?post=1069"}],"version-history":[{"count":7,"href":"https:\/\/salgourmet.es\/it\/wp-json\/wp\/v2\/pages\/1069\/revisions"}],"predecessor-version":[{"id":1076,"href":"https:\/\/salgourmet.es\/it\/wp-json\/wp\/v2\/pages\/1069\/revisions\/1076"}],"wp:attachment":[{"href":"https:\/\/salgourmet.es\/it\/wp-json\/wp\/v2\/media?parent=1069"}],"curies":[{"name":"wp","href":"https:\/\/api.w.org\/{rel}","templated":true}]}}