{"id":958,"date":"2024-07-11T12:05:50","date_gmt":"2024-07-11T10:05:50","guid":{"rendered":"https:\/\/salgourmet.es\/?post_type=product&#038;p=958"},"modified":"2025-03-12T11:00:32","modified_gmt":"2025-03-12T10:00:32","slug":"magnesio","status":"publish","type":"product","link":"https:\/\/salgourmet.es\/fr\/saludate\/magnesio\/","title":{"rendered":"Sel au Magn\u00e9sium Dites bonjour"},"content":{"rendered":"<div class=\"desc\">\n<div class=\"col-12 col-md-6\">\n<div class=\"desc\">\n<div class=\"desc\">\n<div class=\"desc\">\n<div class=\"col-12 col-md-6\">\n<div class=\"col-12 col-md-6\">\n<div class=\"desc\">\n<div class=\"col-12 col-md-6\">\n<div class=\"desc\">\n<div class=\"col-12 col-md-6\">\n<div class=\"desc\">\n<div class=\"desc\">\n<div class=\"col-12 col-md-6\">\n<div class=\"desc\">\n<div class=\"col-12 col-md-6\">\n<div class=\"col-12 col-md-6\">\n<div class=\"col-12 col-md-6\">Le magn\u00e9sium contribue \u00e0 une fonction musculaire normale et au fonctionnement normal du syst\u00e8me nerveux. Cela aide \u00e9galement \u00e0 r\u00e9duire la fatigue. Avec les Om\u00e9ga \u2013 3 et les Om\u00e9ga \u2013 6, sa teneur en acides gras essentiels contribue \u00e0 la sant\u00e9 de votre c\u0153ur. Avec du Potassium qui aide au fonctionnement normal du syst\u00e8me nerveux et au maintien de la pression art\u00e9rielle.<\/div>\n<\/div>\n<\/div>\n<\/div>\n<\/div>\n<\/div>\n<\/div>\n<\/div>\n<\/div>\n<\/div>\n<\/div>\n<\/div>\n<\/div>\n<\/div>\n<\/div>\n<\/div>\n<\/div>\n<\/div>","protected":false},"excerpt":{"rendered":"<div class=\"desc\">\n<div class=\"desc\">\n<div class=\"col-12 col-md-6\">\n<div class=\"col-12 col-md-6\">\n<div class=\"desc\">\n<div class=\"desc\">\n<div class=\"col-12 col-md-6\">\n<div class=\"desc\">\n<div class=\"desc\">\n<div class=\"desc\">\n<div class=\"desc\">\n<div class=\"desc\">\n<p>Avec du magn\u00e9sium et seulement du sodium 22%. L&#039;assaisonnement Sal\u00fadate, gr\u00e2ce \u00e0 sa teneur en acides gras essentiels om\u00e9ga-3 et om\u00e9ga-6, contribue \u00e0 la sant\u00e9 de votre c\u0153ur.<\/p>\n<p>SMS<\/p>\n<\/div>\n<\/div>\n<\/div>\n<\/div>\n<\/div>\n<\/div>\n<\/div>\n<\/div>\n<\/div>\n<\/div>\n<\/div>\n<\/div>","protected":false},"featured_media":976,"template":"","meta":{"_acf_changed":false,"neve_meta_sidebar":"","neve_meta_container":"","neve_meta_enable_content_width":"off","neve_meta_content_width":100,"neve_meta_title_alignment":"","neve_meta_author_avatar":"","neve_post_elements_order":"","neve_meta_disable_header":"","neve_meta_disable_footer":"","neve_meta_disable_title":""},"product_brand":[],"product_cat":[22],"product_tag":[],"class_list":{"0":"post-958","1":"product","2":"type-product","3":"status-publish","4":"has-post-thumbnail","6":"product_cat-saludate","8":"first","9":"instock","10":"taxable","11":"shipping-taxable","12":"purchasable","13":"product-type-variable","14":"wvs-archive-product-wrapper"},"acf":[],"yoast_head":"<!-- This site is optimized with the Yoast SEO plugin v25.8 - https:\/\/yoast.com\/wordpress\/plugins\/seo\/ -->\n<title>Sal con Magnesio Sal\u00fadate - Sal Gourmet<\/title>\n<meta name=\"robots\" content=\"index, follow, max-snippet:-1, max-image-preview:large, max-video-preview:-1\" \/>\n<link rel=\"canonical\" href=\"https:\/\/salgourmet.es\/fr\/saludate\/magnesio\/\" \/>\n<meta property=\"og:locale\" content=\"fr_FR\" \/>\n<meta property=\"og:type\" content=\"article\" \/>\n<meta property=\"og:title\" content=\"Sal con Magnesio Sal\u00fadate - Sal Gourmet\" \/>\n<meta property=\"og:description\" content=\"Con Magnesio y s\u00f3lo un 22% de sodio. El sazonador Sal\u00fadate, por su contenido en \u00e1cidos grasos esenciales omega-3 y omega-6, contribuye a la salud de tu coraz\u00f3n.  SMS\" \/>\n<meta property=\"og:url\" content=\"https:\/\/salgourmet.es\/fr\/saludate\/magnesio\/\" \/>\n<meta property=\"og:site_name\" content=\"Sal Gourmet\" \/>\n<meta property=\"article:modified_time\" content=\"2025-03-12T10:00:32+00:00\" \/>\n<meta property=\"og:image\" content=\"https:\/\/salgourmet.es\/wp-content\/uploads\/Sal-con-Magnesio-Saludate.jpg\" \/>\n\t<meta property=\"og:image:width\" content=\"2000\" \/>\n\t<meta property=\"og:image:height\" content=\"1968\" \/>\n\t<meta property=\"og:image:type\" content=\"image\/jpeg\" \/>\n<meta name=\"twitter:card\" content=\"summary_large_image\" \/>\n<meta name=\"twitter:label1\" content=\"Dur\u00e9e de lecture estim\u00e9e\" \/>\n\t<meta name=\"twitter:data1\" content=\"1 minute\" \/>\n<script type=\"application\/ld+json\" class=\"yoast-schema-graph\">{\"@context\":\"https:\/\/schema.org\",\"@graph\":[{\"@type\":\"WebPage\",\"@id\":\"https:\/\/salgourmet.es\/saludate\/magnesio\/\",\"url\":\"https:\/\/salgourmet.es\/saludate\/magnesio\/\",\"name\":\"Sal con Magnesio Sal\u00fadate - Sal Gourmet\",\"isPartOf\":{\"@id\":\"https:\/\/salgourmet.es\/#website\"},\"primaryImageOfPage\":{\"@id\":\"https:\/\/salgourmet.es\/saludate\/magnesio\/#primaryimage\"},\"image\":{\"@id\":\"https:\/\/salgourmet.es\/saludate\/magnesio\/#primaryimage\"},\"thumbnailUrl\":\"https:\/\/salgourmet.es\/wp-content\/uploads\/Sal-con-Magnesio-Saludate.jpg\",\"datePublished\":\"2024-07-11T10:05:50+00:00\",\"dateModified\":\"2025-03-12T10:00:32+00:00\",\"breadcrumb\":{\"@id\":\"https:\/\/salgourmet.es\/saludate\/magnesio\/#breadcrumb\"},\"inLanguage\":\"fr-FR\",\"potentialAction\":[{\"@type\":\"ReadAction\",\"target\":[\"https:\/\/salgourmet.es\/saludate\/magnesio\/\"]}]},{\"@type\":\"ImageObject\",\"inLanguage\":\"fr-FR\",\"@id\":\"https:\/\/salgourmet.es\/saludate\/magnesio\/#primaryimage\",\"url\":\"https:\/\/salgourmet.es\/wp-content\/uploads\/Sal-con-Magnesio-Saludate.jpg\",\"contentUrl\":\"https:\/\/salgourmet.es\/wp-content\/uploads\/Sal-con-Magnesio-Saludate.jpg\",\"width\":2000,\"height\":1968},{\"@type\":\"BreadcrumbList\",\"@id\":\"https:\/\/salgourmet.es\/saludate\/magnesio\/#breadcrumb\",\"itemListElement\":[{\"@type\":\"ListItem\",\"position\":1,\"name\":\"Portada\",\"item\":\"https:\/\/salgourmet.es\/\"},{\"@type\":\"ListItem\",\"position\":2,\"name\":\"Tienda\",\"item\":\"https:\/\/salgourmet.es\/tienda\/\"},{\"@type\":\"ListItem\",\"position\":3,\"name\":\"Sal con Magnesio Sal\u00fadate\"}]},{\"@type\":\"WebSite\",\"@id\":\"https:\/\/salgourmet.es\/#website\",\"url\":\"https:\/\/salgourmet.es\/\",\"name\":\"Sal Gourmet\",\"description\":\"\",\"potentialAction\":[{\"@type\":\"SearchAction\",\"target\":{\"@type\":\"EntryPoint\",\"urlTemplate\":\"https:\/\/salgourmet.es\/?s={search_term_string}\"},\"query-input\":{\"@type\":\"PropertyValueSpecification\",\"valueRequired\":true,\"valueName\":\"search_term_string\"}}],\"inLanguage\":\"fr-FR\"}]}<\/script>\n<!-- \/ Yoast SEO plugin. -->","yoast_head_json":{"title":"Sel au magn\u00e9sium\u00a0: Bon r\u00e9tablissement\u00a0! - Sel gourmet","robots":{"index":"index","follow":"follow","max-snippet":"max-snippet:-1","max-image-preview":"max-image-preview:large","max-video-preview":"max-video-preview:-1"},"canonical":"https:\/\/salgourmet.es\/fr\/saludate\/magnesio\/","og_locale":"fr_FR","og_type":"article","og_title":"Sal con Magnesio Sal\u00fadate - Sal Gourmet","og_description":"Con Magnesio y s\u00f3lo un 22% de sodio. El sazonador Sal\u00fadate, por su contenido en \u00e1cidos grasos esenciales omega-3 y omega-6, contribuye a la salud de tu coraz\u00f3n.  SMS","og_url":"https:\/\/salgourmet.es\/fr\/saludate\/magnesio\/","og_site_name":"Sal Gourmet","article_modified_time":"2025-03-12T10:00:32+00:00","og_image":[{"width":2000,"height":1968,"url":"https:\/\/salgourmet.es\/wp-content\/uploads\/Sal-con-Magnesio-Saludate.jpg","type":"image\/jpeg"}],"twitter_card":"summary_large_image","twitter_misc":{"Dur\u00e9e de lecture estim\u00e9e":"1 minute"},"schema":{"@context":"https:\/\/schema.org","@graph":[{"@type":"WebPage","@id":"https:\/\/salgourmet.es\/saludate\/magnesio\/","url":"https:\/\/salgourmet.es\/saludate\/magnesio\/","name":"Sel au magn\u00e9sium\u00a0: Bon r\u00e9tablissement\u00a0! - Sel gourmet","isPartOf":{"@id":"https:\/\/salgourmet.es\/#website"},"primaryImageOfPage":{"@id":"https:\/\/salgourmet.es\/saludate\/magnesio\/#primaryimage"},"image":{"@id":"https:\/\/salgourmet.es\/saludate\/magnesio\/#primaryimage"},"thumbnailUrl":"https:\/\/salgourmet.es\/wp-content\/uploads\/Sal-con-Magnesio-Saludate.jpg","datePublished":"2024-07-11T10:05:50+00:00","dateModified":"2025-03-12T10:00:32+00:00","breadcrumb":{"@id":"https:\/\/salgourmet.es\/saludate\/magnesio\/#breadcrumb"},"inLanguage":"fr-FR","potentialAction":[{"@type":"ReadAction","target":["https:\/\/salgourmet.es\/saludate\/magnesio\/"]}]},{"@type":"ImageObject","inLanguage":"fr-FR","@id":"https:\/\/salgourmet.es\/saludate\/magnesio\/#primaryimage","url":"https:\/\/salgourmet.es\/wp-content\/uploads\/Sal-con-Magnesio-Saludate.jpg","contentUrl":"https:\/\/salgourmet.es\/wp-content\/uploads\/Sal-con-Magnesio-Saludate.jpg","width":2000,"height":1968},{"@type":"BreadcrumbList","@id":"https:\/\/salgourmet.es\/saludate\/magnesio\/#breadcrumb","itemListElement":[{"@type":"ListItem","position":1,"name":"Portada","item":"https:\/\/salgourmet.es\/"},{"@type":"ListItem","position":2,"name":"Tienda","item":"https:\/\/salgourmet.es\/tienda\/"},{"@type":"ListItem","position":3,"name":"Sal con Magnesio Sal\u00fadate"}]},{"@type":"WebSite","@id":"https:\/\/salgourmet.es\/#website","url":"https:\/\/salgourmet.es\/","name":"Sel Gourmand","description":"","potentialAction":[{"@type":"SearchAction","target":{"@type":"EntryPoint","urlTemplate":"https:\/\/salgourmet.es\/?s={search_term_string}"},"query-input":{"@type":"PropertyValueSpecification","valueRequired":true,"valueName":"search_term_string"}}],"inLanguage":"fr-FR"}]}},"_links":{"self":[{"href":"https:\/\/salgourmet.es\/fr\/wp-json\/wp\/v2\/product\/958","targetHints":{"allow":["GET"]}}],"collection":[{"href":"https:\/\/salgourmet.es\/fr\/wp-json\/wp\/v2\/product"}],"about":[{"href":"https:\/\/salgourmet.es\/fr\/wp-json\/wp\/v2\/types\/product"}],"wp:featuredmedia":[{"embeddable":true,"href":"https:\/\/salgourmet.es\/fr\/wp-json\/wp\/v2\/media\/976"}],"wp:attachment":[{"href":"https:\/\/salgourmet.es\/fr\/wp-json\/wp\/v2\/media?parent=958"}],"wp:term":[{"taxonomy":"product_brand","embeddable":true,"href":"https:\/\/salgourmet.es\/fr\/wp-json\/wp\/v2\/product_brand?post=958"},{"taxonomy":"product_cat","embeddable":true,"href":"https:\/\/salgourmet.es\/fr\/wp-json\/wp\/v2\/product_cat?post=958"},{"taxonomy":"product_tag","embeddable":true,"href":"https:\/\/salgourmet.es\/fr\/wp-json\/wp\/v2\/product_tag?post=958"}],"curies":[{"name":"wp","href":"https:\/\/api.w.org\/{rel}","templated":true}]}}