{"id":928,"date":"2024-07-11T12:05:40","date_gmt":"2024-07-11T10:05:40","guid":{"rendered":"https:\/\/salgourmet.es\/?post_type=product&#038;p=928"},"modified":"2025-03-12T11:05:14","modified_gmt":"2025-03-12T10:05:14","slug":"omega-3-omega-6","status":"publish","type":"product","link":"https:\/\/salgourmet.es\/fr\/saludate\/omega-3-omega-6\/","title":{"rendered":"Sel aux Om\u00e9ga 3 et 6 Dites bonjour"},"content":{"rendered":"<div class=\"desc\">\n<div class=\"col-12 col-md-6\">\n<div class=\"desc\">\n<div class=\"desc\">\n<div class=\"desc\">\n<div class=\"col-12 col-md-6\">\n<div class=\"col-12 col-md-6\">\n<div class=\"desc\">\n<div class=\"col-12 col-md-6\">\n<div class=\"col-12 col-md-6\">\n<div class=\"col-12 col-md-6\">\n<div class=\"col-12 col-md-6\">\n<div class=\"col-12 col-md-6\">\n<div class=\"col-12 col-md-6\">\n<div class=\"col-12 col-md-6\">Les acides om\u00e9ga-3 et om\u00e9ga-6 sont un type de graisse polyinsatur\u00e9e, consid\u00e9r\u00e9e comme essentielle car l\u2019organisme ne peut pas les produire. Par cons\u00e9quent, ils doivent \u00eatre incorpor\u00e9s dans les aliments, comme le poisson, les graines et les huiles v\u00e9g\u00e9tales comme l\u2019huile de lin. Avec du Potassium qui contribue au fonctionnement normal du syst\u00e8me nerveux et au maintien de la tension art\u00e9rielle.<\/div>\n<div class=\"col-12 col-md-6\"><\/div>\n<\/div>\n<div class=\"col-12 col-md-6\"><\/div>\n<\/div>\n<div class=\"col-12 col-md-6\"><\/div>\n<\/div>\n<div class=\"col-12 col-md-6\"><\/div>\n<\/div>\n<div class=\"col-12 col-md-6\"><\/div>\n<\/div>\n<div class=\"col-12 col-md-6\"><\/div>\n<\/div>\n<\/div>\n<\/div>\n<\/div>\n<div class=\"col-12 col-md-6\"><\/div>\n<\/div>\n<\/div>\n<\/div>\n<\/div>\n<\/div>","protected":false},"excerpt":{"rendered":"<div class=\"desc\">\n<div class=\"desc\">\n<div class=\"col-12 col-md-6\">\n<div class=\"col-12 col-md-6\">\n<div class=\"desc\">\n<div class=\"desc\">\n<div class=\"desc\">\n<div class=\"desc\">\n<div class=\"desc\">\n<div class=\"desc\">\n<div class=\"desc\">\n<div class=\"desc\">\n<div class=\"desc\">\n<div class=\"desc\">\n<p>Avec Om\u00e9ga3 et 6 et seulement 23% de sodium. L&#039;assaisonnement Sal\u00fadate, gr\u00e2ce \u00e0 sa teneur en acides gras essentiels om\u00e9ga-3 et om\u00e9ga-6, contribue \u00e0 la sant\u00e9 de votre c\u0153ur.<\/p>\n<p>SO3O6S<\/p>\n<\/div>\n<\/div>\n<\/div>\n<\/div>\n<\/div>\n<\/div>\n<\/div>\n<\/div>\n<\/div>\n<\/div>\n<\/div>\n<\/div>\n<\/div>\n<\/div>","protected":false},"featured_media":973,"template":"","meta":{"_acf_changed":false,"neve_meta_sidebar":"","neve_meta_container":"","neve_meta_enable_content_width":"off","neve_meta_content_width":100,"neve_meta_title_alignment":"","neve_meta_author_avatar":"","neve_post_elements_order":"","neve_meta_disable_header":"","neve_meta_disable_footer":"","neve_meta_disable_title":""},"product_brand":[],"product_cat":[22],"product_tag":[],"class_list":{"0":"post-928","1":"product","2":"type-product","3":"status-publish","4":"has-post-thumbnail","6":"product_cat-saludate","8":"first","9":"instock","10":"taxable","11":"shipping-taxable","12":"purchasable","13":"product-type-variable","14":"wvs-archive-product-wrapper"},"acf":[],"yoast_head":"<!-- This site is optimized with the Yoast SEO plugin v25.8 - https:\/\/yoast.com\/wordpress\/plugins\/seo\/ -->\n<title>Sal con Omega 3 y 6 Sal\u00fadate - Sal Gourmet<\/title>\n<meta name=\"robots\" content=\"index, follow, max-snippet:-1, max-image-preview:large, max-video-preview:-1\" \/>\n<link rel=\"canonical\" href=\"https:\/\/salgourmet.es\/fr\/saludate\/omega-3-omega-6\/\" \/>\n<meta property=\"og:locale\" content=\"fr_FR\" \/>\n<meta property=\"og:type\" content=\"article\" \/>\n<meta property=\"og:title\" content=\"Sal con Omega 3 y 6 Sal\u00fadate - Sal Gourmet\" \/>\n<meta property=\"og:description\" content=\"Con Omega3 y 6 y s\u00f3lo un 23% de sodio. El sazonador Sal\u00fadate, por su contenido en \u00e1cidos grasos esenciales omega-3 y omega-6, contribuye a la salud de tu coraz\u00f3n.  SO3O6S\" \/>\n<meta property=\"og:url\" content=\"https:\/\/salgourmet.es\/fr\/saludate\/omega-3-omega-6\/\" \/>\n<meta property=\"og:site_name\" content=\"Sal Gourmet\" \/>\n<meta property=\"article:modified_time\" content=\"2025-03-12T10:05:14+00:00\" \/>\n<meta property=\"og:image\" content=\"https:\/\/salgourmet.es\/wp-content\/uploads\/imagen_2024-07-11_120619930.png\" \/>\n\t<meta property=\"og:image:width\" content=\"798\" \/>\n\t<meta property=\"og:image:height\" content=\"798\" \/>\n\t<meta property=\"og:image:type\" content=\"image\/png\" \/>\n<meta name=\"twitter:card\" content=\"summary_large_image\" \/>\n<meta name=\"twitter:label1\" content=\"Dur\u00e9e de lecture estim\u00e9e\" \/>\n\t<meta name=\"twitter:data1\" content=\"1 minute\" \/>\n<script type=\"application\/ld+json\" class=\"yoast-schema-graph\">{\"@context\":\"https:\/\/schema.org\",\"@graph\":[{\"@type\":\"WebPage\",\"@id\":\"https:\/\/salgourmet.es\/saludate\/omega-3-omega-6\/\",\"url\":\"https:\/\/salgourmet.es\/saludate\/omega-3-omega-6\/\",\"name\":\"Sal con Omega 3 y 6 Sal\u00fadate - Sal Gourmet\",\"isPartOf\":{\"@id\":\"https:\/\/salgourmet.es\/#website\"},\"primaryImageOfPage\":{\"@id\":\"https:\/\/salgourmet.es\/saludate\/omega-3-omega-6\/#primaryimage\"},\"image\":{\"@id\":\"https:\/\/salgourmet.es\/saludate\/omega-3-omega-6\/#primaryimage\"},\"thumbnailUrl\":\"https:\/\/salgourmet.es\/wp-content\/uploads\/imagen_2024-07-11_120619930.png\",\"datePublished\":\"2024-07-11T10:05:40+00:00\",\"dateModified\":\"2025-03-12T10:05:14+00:00\",\"breadcrumb\":{\"@id\":\"https:\/\/salgourmet.es\/saludate\/omega-3-omega-6\/#breadcrumb\"},\"inLanguage\":\"fr-FR\",\"potentialAction\":[{\"@type\":\"ReadAction\",\"target\":[\"https:\/\/salgourmet.es\/saludate\/omega-3-omega-6\/\"]}]},{\"@type\":\"ImageObject\",\"inLanguage\":\"fr-FR\",\"@id\":\"https:\/\/salgourmet.es\/saludate\/omega-3-omega-6\/#primaryimage\",\"url\":\"https:\/\/salgourmet.es\/wp-content\/uploads\/imagen_2024-07-11_120619930.png\",\"contentUrl\":\"https:\/\/salgourmet.es\/wp-content\/uploads\/imagen_2024-07-11_120619930.png\",\"width\":798,\"height\":798},{\"@type\":\"BreadcrumbList\",\"@id\":\"https:\/\/salgourmet.es\/saludate\/omega-3-omega-6\/#breadcrumb\",\"itemListElement\":[{\"@type\":\"ListItem\",\"position\":1,\"name\":\"Portada\",\"item\":\"https:\/\/salgourmet.es\/\"},{\"@type\":\"ListItem\",\"position\":2,\"name\":\"Tienda\",\"item\":\"https:\/\/salgourmet.es\/tienda\/\"},{\"@type\":\"ListItem\",\"position\":3,\"name\":\"Sal con Omega 3 y 6 Sal\u00fadate\"}]},{\"@type\":\"WebSite\",\"@id\":\"https:\/\/salgourmet.es\/#website\",\"url\":\"https:\/\/salgourmet.es\/\",\"name\":\"Sal Gourmet\",\"description\":\"\",\"potentialAction\":[{\"@type\":\"SearchAction\",\"target\":{\"@type\":\"EntryPoint\",\"urlTemplate\":\"https:\/\/salgourmet.es\/?s={search_term_string}\"},\"query-input\":{\"@type\":\"PropertyValueSpecification\",\"valueRequired\":true,\"valueName\":\"search_term_string\"}}],\"inLanguage\":\"fr-FR\"}]}<\/script>\n<!-- \/ Yoast SEO plugin. -->","yoast_head_json":{"title":"Sal con Omega 3 y 6 Sal\u00fadate - Sal Gourmet","robots":{"index":"index","follow":"follow","max-snippet":"max-snippet:-1","max-image-preview":"max-image-preview:large","max-video-preview":"max-video-preview:-1"},"canonical":"https:\/\/salgourmet.es\/fr\/saludate\/omega-3-omega-6\/","og_locale":"fr_FR","og_type":"article","og_title":"Sal con Omega 3 y 6 Sal\u00fadate - Sal Gourmet","og_description":"Con Omega3 y 6 y s\u00f3lo un 23% de sodio. El sazonador Sal\u00fadate, por su contenido en \u00e1cidos grasos esenciales omega-3 y omega-6, contribuye a la salud de tu coraz\u00f3n.  SO3O6S","og_url":"https:\/\/salgourmet.es\/fr\/saludate\/omega-3-omega-6\/","og_site_name":"Sal Gourmet","article_modified_time":"2025-03-12T10:05:14+00:00","og_image":[{"width":798,"height":798,"url":"https:\/\/salgourmet.es\/wp-content\/uploads\/imagen_2024-07-11_120619930.png","type":"image\/png"}],"twitter_card":"summary_large_image","twitter_misc":{"Dur\u00e9e de lecture estim\u00e9e":"1 minute"},"schema":{"@context":"https:\/\/schema.org","@graph":[{"@type":"WebPage","@id":"https:\/\/salgourmet.es\/saludate\/omega-3-omega-6\/","url":"https:\/\/salgourmet.es\/saludate\/omega-3-omega-6\/","name":"Sal con Omega 3 y 6 Sal\u00fadate - Sal Gourmet","isPartOf":{"@id":"https:\/\/salgourmet.es\/#website"},"primaryImageOfPage":{"@id":"https:\/\/salgourmet.es\/saludate\/omega-3-omega-6\/#primaryimage"},"image":{"@id":"https:\/\/salgourmet.es\/saludate\/omega-3-omega-6\/#primaryimage"},"thumbnailUrl":"https:\/\/salgourmet.es\/wp-content\/uploads\/imagen_2024-07-11_120619930.png","datePublished":"2024-07-11T10:05:40+00:00","dateModified":"2025-03-12T10:05:14+00:00","breadcrumb":{"@id":"https:\/\/salgourmet.es\/saludate\/omega-3-omega-6\/#breadcrumb"},"inLanguage":"fr-FR","potentialAction":[{"@type":"ReadAction","target":["https:\/\/salgourmet.es\/saludate\/omega-3-omega-6\/"]}]},{"@type":"ImageObject","inLanguage":"fr-FR","@id":"https:\/\/salgourmet.es\/saludate\/omega-3-omega-6\/#primaryimage","url":"https:\/\/salgourmet.es\/wp-content\/uploads\/imagen_2024-07-11_120619930.png","contentUrl":"https:\/\/salgourmet.es\/wp-content\/uploads\/imagen_2024-07-11_120619930.png","width":798,"height":798},{"@type":"BreadcrumbList","@id":"https:\/\/salgourmet.es\/saludate\/omega-3-omega-6\/#breadcrumb","itemListElement":[{"@type":"ListItem","position":1,"name":"Portada","item":"https:\/\/salgourmet.es\/"},{"@type":"ListItem","position":2,"name":"Tienda","item":"https:\/\/salgourmet.es\/tienda\/"},{"@type":"ListItem","position":3,"name":"Sal con Omega 3 y 6 Sal\u00fadate"}]},{"@type":"WebSite","@id":"https:\/\/salgourmet.es\/#website","url":"https:\/\/salgourmet.es\/","name":"Sel Gourmand","description":"","potentialAction":[{"@type":"SearchAction","target":{"@type":"EntryPoint","urlTemplate":"https:\/\/salgourmet.es\/?s={search_term_string}"},"query-input":{"@type":"PropertyValueSpecification","valueRequired":true,"valueName":"search_term_string"}}],"inLanguage":"fr-FR"}]}},"_links":{"self":[{"href":"https:\/\/salgourmet.es\/fr\/wp-json\/wp\/v2\/product\/928","targetHints":{"allow":["GET"]}}],"collection":[{"href":"https:\/\/salgourmet.es\/fr\/wp-json\/wp\/v2\/product"}],"about":[{"href":"https:\/\/salgourmet.es\/fr\/wp-json\/wp\/v2\/types\/product"}],"wp:featuredmedia":[{"embeddable":true,"href":"https:\/\/salgourmet.es\/fr\/wp-json\/wp\/v2\/media\/973"}],"wp:attachment":[{"href":"https:\/\/salgourmet.es\/fr\/wp-json\/wp\/v2\/media?parent=928"}],"wp:term":[{"taxonomy":"product_brand","embeddable":true,"href":"https:\/\/salgourmet.es\/fr\/wp-json\/wp\/v2\/product_brand?post=928"},{"taxonomy":"product_cat","embeddable":true,"href":"https:\/\/salgourmet.es\/fr\/wp-json\/wp\/v2\/product_cat?post=928"},{"taxonomy":"product_tag","embeddable":true,"href":"https:\/\/salgourmet.es\/fr\/wp-json\/wp\/v2\/product_tag?post=928"}],"curies":[{"name":"wp","href":"https:\/\/api.w.org\/{rel}","templated":true}]}}