{"id":897,"date":"2024-07-11T12:04:09","date_gmt":"2024-07-11T10:04:09","guid":{"rendered":"https:\/\/salgourmet.es\/?post_type=product&#038;p=897"},"modified":"2024-12-11T10:59:34","modified_gmt":"2024-12-11T09:59:34","slug":"salt-box-sabores-del-mundo","status":"publish","type":"product","link":"https:\/\/salgourmet.es\/fr\/caja-de-sal\/salt-box-sabores-del-mundo\/","title":{"rendered":"Boite \u00e0 Sel : Saveurs du Monde"},"content":{"rendered":"<div class=\"desc\">\n<div class=\"col-12 col-md-6\">\n<div class=\"desc\">\n<div class=\"desc\">\n<div class=\"desc\">\n<div class=\"col-12 col-md-6\">\n<div class=\"col-12 col-md-6\">\n<div class=\"desc\">\n<div class=\"col-12 col-md-6\">\n<div class=\"col-12 col-md-6\">\n<div class=\"col-12 col-md-6\">\n<div class=\"col-12 col-md-6\">\n<div class=\"col-12 col-md-6\">\n<div class=\"col-12 col-md-6\">\n<div>\n<p>Nos contenants exclusifs unidose de 2 grammes vous permettront d&#039;assaisonner vos plats tr\u00e8s confortablement. Que ce soit \u00e0 table \u00e0 la maison, lors d&#039;un barbecue ou au restaurant.<\/p>\n<\/div>\n<div><\/div>\n<div>Le sel et les \u00e9pices sont des produits tr\u00e8s appr\u00e9ci\u00e9s pour leur capacit\u00e9 \u00e0 rehausser la saveur et l&#039;ar\u00f4me des aliments, c&#039;est pourquoi ils sont des \u00e9l\u00e9ments essentiels en cuisine.<\/div>\n<div><\/div>\n<div>Contient des sachets unidose de 2 g. des sp\u00e9cialit\u00e9s de sel suivantes :<\/div>\n<div><\/div>\n<ul>\n<li>Poivre de Sichuan et Gingembre<\/li>\n<li>Barbecue &amp; Viandes Blanches<\/li>\n<li>Barbecue &amp; Viandes Rouges<\/li>\n<li>Algues Dulse et Nori<\/li>\n<li>Truffe<\/li>\n<li>Vins et ros\u00e9s<\/li>\n<li>Bol de pr\u00e9sentation en porcelaine<\/li>\n<\/ul>\n<div>Dimensions de la bo\u00eete : 28 cm. x 20 cm. x 9,5 cm.<\/div>\n<\/div>\n<div class=\"col-12 col-md-6\"><\/div>\n<\/div>\n<div class=\"col-12 col-md-6\"><\/div>\n<\/div>\n<div class=\"col-12 col-md-6\"><\/div>\n<\/div>\n<div class=\"col-12 col-md-6\"><\/div>\n<\/div>\n<div class=\"col-12 col-md-6\"><\/div>\n<\/div>\n<\/div>\n<\/div>\n<\/div>\n<div class=\"col-12 col-md-6\"><\/div>\n<\/div>\n<\/div>\n<\/div>\n<\/div>\n<\/div>","protected":false},"excerpt":{"rendered":"<div class=\"desc\">\n<div class=\"desc\">\n<div class=\"col-12 col-md-6\">\n<div class=\"col-12 col-md-6\">\n<div class=\"desc\">\n<div class=\"desc\">\n<div class=\"desc\">\n<div class=\"desc\">\n<div class=\"desc\">\n<div class=\"desc\">\n<div class=\"desc\">\n<div class=\"desc\">\n<div class=\"desc\">\n<div class=\"desc\">\n<div class=\"desc\">\n<div class=\"col-12 col-md-6\">\n<div class=\"col-12 col-md-6\">\n<div class=\"desc\">\n<div class=\"desc\">\n<div class=\"desc\">\n<div class=\"desc\">\n<div class=\"desc\">\n<div class=\"desc\">\n<div class=\"desc\">\n<div class=\"desc\">\n<div class=\"desc\">\n<p>Comprend une s\u00e9lection de 8 sels aromatis\u00e9s adapt\u00e9s pour assaisonner tous types de plats : soupes, risottos, poissons, salades, l\u00e9gumes, fruits de mer, sushis, viandes grill\u00e9es, cr\u00e8mes, p\u00e2tes, etc.<\/p>\n<p>SB-SM<\/p>\n<\/div>\n<\/div>\n<\/div>\n<\/div>\n<\/div>\n<\/div>\n<\/div>\n<\/div>\n<\/div>\n<\/div>\n<\/div>\n<\/div>\n<\/div>\n<\/div>\n<\/div>\n<\/div>\n<\/div>\n<\/div>\n<\/div>\n<\/div>\n<\/div>\n<\/div>\n<\/div>\n<\/div>\n<\/div>\n<\/div>","protected":false},"featured_media":912,"template":"","meta":{"_acf_changed":false,"neve_meta_sidebar":"","neve_meta_container":"","neve_meta_enable_content_width":"off","neve_meta_content_width":100,"neve_meta_title_alignment":"","neve_meta_author_avatar":"","neve_post_elements_order":"","neve_meta_disable_header":"","neve_meta_disable_footer":"","neve_meta_disable_title":""},"product_brand":[],"product_cat":[23],"product_tag":[],"class_list":{"0":"post-897","1":"product","2":"type-product","3":"status-publish","4":"has-post-thumbnail","6":"product_cat-caja-de-sal","8":"first","9":"instock","10":"taxable","11":"shipping-taxable","12":"purchasable","13":"product-type-variable","14":"wvs-archive-product-wrapper"},"acf":[],"yoast_head":"<!-- This site is optimized with the Yoast SEO plugin v25.8 - https:\/\/yoast.com\/wordpress\/plugins\/seo\/ -->\n<title>Salt Box: Sabores del Mundo - Sal Gourmet<\/title>\n<meta name=\"robots\" content=\"index, follow, max-snippet:-1, max-image-preview:large, max-video-preview:-1\" \/>\n<link rel=\"canonical\" href=\"https:\/\/salgourmet.es\/fr\/caja-de-sal\/salt-box-sabores-del-mundo\/\" \/>\n<meta property=\"og:locale\" content=\"fr_FR\" \/>\n<meta property=\"og:type\" content=\"article\" \/>\n<meta property=\"og:title\" content=\"Salt Box: Sabores del Mundo - Sal Gourmet\" \/>\n<meta property=\"og:description\" content=\"Incluye una selecci\u00f3n de 8 sales aromatizadas adecuados para sazonar todo tipo de platos: sopas, risottos, pescados, ensaladas, verduras, mariscos, sushi, carnes a la barbacoa, cremas, pastas, etc.  SB-SM\" \/>\n<meta property=\"og:url\" content=\"https:\/\/salgourmet.es\/fr\/caja-de-sal\/salt-box-sabores-del-mundo\/\" \/>\n<meta property=\"og:site_name\" content=\"Sal Gourmet\" \/>\n<meta property=\"article:modified_time\" content=\"2024-12-11T09:59:34+00:00\" \/>\n<meta property=\"og:image\" content=\"https:\/\/salgourmet.es\/wp-content\/uploads\/imagen_2024-07-11_120442710.png\" \/>\n\t<meta property=\"og:image:width\" content=\"798\" \/>\n\t<meta property=\"og:image:height\" content=\"798\" \/>\n\t<meta property=\"og:image:type\" content=\"image\/png\" \/>\n<meta name=\"twitter:card\" content=\"summary_large_image\" \/>\n<meta name=\"twitter:label1\" content=\"Dur\u00e9e de lecture estim\u00e9e\" \/>\n\t<meta name=\"twitter:data1\" content=\"1 minute\" \/>\n<script type=\"application\/ld+json\" class=\"yoast-schema-graph\">{\"@context\":\"https:\/\/schema.org\",\"@graph\":[{\"@type\":\"WebPage\",\"@id\":\"https:\/\/salgourmet.es\/caja-de-sal\/salt-box-sabores-del-mundo\/\",\"url\":\"https:\/\/salgourmet.es\/caja-de-sal\/salt-box-sabores-del-mundo\/\",\"name\":\"Salt Box: Sabores del Mundo - Sal Gourmet\",\"isPartOf\":{\"@id\":\"https:\/\/salgourmet.es\/#website\"},\"primaryImageOfPage\":{\"@id\":\"https:\/\/salgourmet.es\/caja-de-sal\/salt-box-sabores-del-mundo\/#primaryimage\"},\"image\":{\"@id\":\"https:\/\/salgourmet.es\/caja-de-sal\/salt-box-sabores-del-mundo\/#primaryimage\"},\"thumbnailUrl\":\"https:\/\/salgourmet.es\/wp-content\/uploads\/imagen_2024-07-11_120442710.png\",\"datePublished\":\"2024-07-11T10:04:09+00:00\",\"dateModified\":\"2024-12-11T09:59:34+00:00\",\"breadcrumb\":{\"@id\":\"https:\/\/salgourmet.es\/caja-de-sal\/salt-box-sabores-del-mundo\/#breadcrumb\"},\"inLanguage\":\"fr-FR\",\"potentialAction\":[{\"@type\":\"ReadAction\",\"target\":[\"https:\/\/salgourmet.es\/caja-de-sal\/salt-box-sabores-del-mundo\/\"]}]},{\"@type\":\"ImageObject\",\"inLanguage\":\"fr-FR\",\"@id\":\"https:\/\/salgourmet.es\/caja-de-sal\/salt-box-sabores-del-mundo\/#primaryimage\",\"url\":\"https:\/\/salgourmet.es\/wp-content\/uploads\/imagen_2024-07-11_120442710.png\",\"contentUrl\":\"https:\/\/salgourmet.es\/wp-content\/uploads\/imagen_2024-07-11_120442710.png\",\"width\":798,\"height\":798},{\"@type\":\"BreadcrumbList\",\"@id\":\"https:\/\/salgourmet.es\/caja-de-sal\/salt-box-sabores-del-mundo\/#breadcrumb\",\"itemListElement\":[{\"@type\":\"ListItem\",\"position\":1,\"name\":\"Portada\",\"item\":\"https:\/\/salgourmet.es\/\"},{\"@type\":\"ListItem\",\"position\":2,\"name\":\"Tienda\",\"item\":\"https:\/\/salgourmet.es\/tienda\/\"},{\"@type\":\"ListItem\",\"position\":3,\"name\":\"Salt Box: Sabores del Mundo\"}]},{\"@type\":\"WebSite\",\"@id\":\"https:\/\/salgourmet.es\/#website\",\"url\":\"https:\/\/salgourmet.es\/\",\"name\":\"Sal Gourmet\",\"description\":\"\",\"potentialAction\":[{\"@type\":\"SearchAction\",\"target\":{\"@type\":\"EntryPoint\",\"urlTemplate\":\"https:\/\/salgourmet.es\/?s={search_term_string}\"},\"query-input\":{\"@type\":\"PropertyValueSpecification\",\"valueRequired\":true,\"valueName\":\"search_term_string\"}}],\"inLanguage\":\"fr-FR\"}]}<\/script>\n<!-- \/ Yoast SEO plugin. -->","yoast_head_json":{"title":"Salt Box: Sabores del Mundo - Sal Gourmet","robots":{"index":"index","follow":"follow","max-snippet":"max-snippet:-1","max-image-preview":"max-image-preview:large","max-video-preview":"max-video-preview:-1"},"canonical":"https:\/\/salgourmet.es\/fr\/caja-de-sal\/salt-box-sabores-del-mundo\/","og_locale":"fr_FR","og_type":"article","og_title":"Salt Box: Sabores del Mundo - Sal Gourmet","og_description":"Incluye una selecci\u00f3n de 8 sales aromatizadas adecuados para sazonar todo tipo de platos: sopas, risottos, pescados, ensaladas, verduras, mariscos, sushi, carnes a la barbacoa, cremas, pastas, etc.  SB-SM","og_url":"https:\/\/salgourmet.es\/fr\/caja-de-sal\/salt-box-sabores-del-mundo\/","og_site_name":"Sal Gourmet","article_modified_time":"2024-12-11T09:59:34+00:00","og_image":[{"width":798,"height":798,"url":"https:\/\/salgourmet.es\/wp-content\/uploads\/imagen_2024-07-11_120442710.png","type":"image\/png"}],"twitter_card":"summary_large_image","twitter_misc":{"Dur\u00e9e de lecture estim\u00e9e":"1 minute"},"schema":{"@context":"https:\/\/schema.org","@graph":[{"@type":"WebPage","@id":"https:\/\/salgourmet.es\/caja-de-sal\/salt-box-sabores-del-mundo\/","url":"https:\/\/salgourmet.es\/caja-de-sal\/salt-box-sabores-del-mundo\/","name":"Salt Box: Sabores del Mundo - Sal Gourmet","isPartOf":{"@id":"https:\/\/salgourmet.es\/#website"},"primaryImageOfPage":{"@id":"https:\/\/salgourmet.es\/caja-de-sal\/salt-box-sabores-del-mundo\/#primaryimage"},"image":{"@id":"https:\/\/salgourmet.es\/caja-de-sal\/salt-box-sabores-del-mundo\/#primaryimage"},"thumbnailUrl":"https:\/\/salgourmet.es\/wp-content\/uploads\/imagen_2024-07-11_120442710.png","datePublished":"2024-07-11T10:04:09+00:00","dateModified":"2024-12-11T09:59:34+00:00","breadcrumb":{"@id":"https:\/\/salgourmet.es\/caja-de-sal\/salt-box-sabores-del-mundo\/#breadcrumb"},"inLanguage":"fr-FR","potentialAction":[{"@type":"ReadAction","target":["https:\/\/salgourmet.es\/caja-de-sal\/salt-box-sabores-del-mundo\/"]}]},{"@type":"ImageObject","inLanguage":"fr-FR","@id":"https:\/\/salgourmet.es\/caja-de-sal\/salt-box-sabores-del-mundo\/#primaryimage","url":"https:\/\/salgourmet.es\/wp-content\/uploads\/imagen_2024-07-11_120442710.png","contentUrl":"https:\/\/salgourmet.es\/wp-content\/uploads\/imagen_2024-07-11_120442710.png","width":798,"height":798},{"@type":"BreadcrumbList","@id":"https:\/\/salgourmet.es\/caja-de-sal\/salt-box-sabores-del-mundo\/#breadcrumb","itemListElement":[{"@type":"ListItem","position":1,"name":"Portada","item":"https:\/\/salgourmet.es\/"},{"@type":"ListItem","position":2,"name":"Tienda","item":"https:\/\/salgourmet.es\/tienda\/"},{"@type":"ListItem","position":3,"name":"Salt Box: Sabores del Mundo"}]},{"@type":"WebSite","@id":"https:\/\/salgourmet.es\/#website","url":"https:\/\/salgourmet.es\/","name":"Sel Gourmand","description":"","potentialAction":[{"@type":"SearchAction","target":{"@type":"EntryPoint","urlTemplate":"https:\/\/salgourmet.es\/?s={search_term_string}"},"query-input":{"@type":"PropertyValueSpecification","valueRequired":true,"valueName":"search_term_string"}}],"inLanguage":"fr-FR"}]}},"_links":{"self":[{"href":"https:\/\/salgourmet.es\/fr\/wp-json\/wp\/v2\/product\/897","targetHints":{"allow":["GET"]}}],"collection":[{"href":"https:\/\/salgourmet.es\/fr\/wp-json\/wp\/v2\/product"}],"about":[{"href":"https:\/\/salgourmet.es\/fr\/wp-json\/wp\/v2\/types\/product"}],"wp:featuredmedia":[{"embeddable":true,"href":"https:\/\/salgourmet.es\/fr\/wp-json\/wp\/v2\/media\/912"}],"wp:attachment":[{"href":"https:\/\/salgourmet.es\/fr\/wp-json\/wp\/v2\/media?parent=897"}],"wp:term":[{"taxonomy":"product_brand","embeddable":true,"href":"https:\/\/salgourmet.es\/fr\/wp-json\/wp\/v2\/product_brand?post=897"},{"taxonomy":"product_cat","embeddable":true,"href":"https:\/\/salgourmet.es\/fr\/wp-json\/wp\/v2\/product_cat?post=897"},{"taxonomy":"product_tag","embeddable":true,"href":"https:\/\/salgourmet.es\/fr\/wp-json\/wp\/v2\/product_tag?post=897"}],"curies":[{"name":"wp","href":"https:\/\/api.w.org\/{rel}","templated":true}]}}