{"id":814,"date":"2024-07-11T11:53:46","date_gmt":"2024-07-11T09:53:46","guid":{"rendered":"https:\/\/salgourmet.es\/?post_type=product&#038;p=814"},"modified":"2025-03-12T12:25:48","modified_gmt":"2025-03-12T11:25:48","slug":"pimienta-sichuan","status":"publish","type":"product","link":"https:\/\/salgourmet.es\/fr\/flocons-de-sel\/pimienta-sichuan\/","title":{"rendered":"Assaisonnement pr\u00e9par\u00e9 avec du Poivre de Sichuan"},"content":{"rendered":"<div class=\"desc\">\n<div class=\"col-12 col-md-6\">\n<div class=\"desc\">\n<div class=\"desc\">\n<div class=\"desc\">\n<div class=\"col-12 col-md-6\">\n<div class=\"col-12 col-md-6\">\n<div class=\"desc\">\n<div class=\"col-12 col-md-6\">\n<div class=\"desc\">\n<div class=\"col-12 col-md-6\">\n<div class=\"desc\">\n<div class=\"desc\">\n<div class=\"col-12 col-md-6\">\n<div class=\"col-12 col-md-6\">\n<div class=\"desc\">\n<div class=\"col-12 col-md-6\">\n<div>Cet assaisonnement, au sel de printemps en flocons, au gingembre et au poivre du Sichuan, nous fait go\u00fbter une explosion de cuisine traditionnelle o\u00f9 il peut \u00eatre utilis\u00e9 dans n&#039;importe quel plat, qu&#039;il s&#039;agisse de viande, de poisson, de l\u00e9gumes et d&#039;une infinit\u00e9 d&#039;autres possibilit\u00e9s.<\/div>\n<div>Le poivre du Sichuan trouve ses origines en Asie, plus pr\u00e9cis\u00e9ment en Chine. L&#039;assaisonnement, par nature, parfumera naturellement les plats o\u00f9 cet assaisonnement est utilis\u00e9. Et ce faisant, une saveur exquise que vous offre la marque exclusive Flocons de Sel.<\/div>\n<\/div>\n<div class=\"col-12 col-md-6\"><\/div>\n<\/div>\n<\/div>\n<\/div>\n<\/div>\n<\/div>\n<\/div>\n<\/div>\n<\/div>\n<\/div>\n<\/div>\n<\/div>\n<div class=\"col-12 col-md-6\"><\/div>\n<\/div>\n<\/div>\n<\/div>\n<\/div>\n<\/div>","protected":false},"excerpt":{"rendered":"<div class=\"desc\">\n<div class=\"desc\">\n<div class=\"col-12 col-md-6\">\n<div class=\"col-12 col-md-6\">\n<div class=\"desc\">\n<div class=\"desc\">\n<div class=\"col-12 col-md-6\">\n<div class=\"desc\">\n<div class=\"desc\">\n<div class=\"col-12 col-md-6\">\n<div class=\"desc\">\n<div class=\"desc\">\n<div class=\"desc\">\n<div class=\"col-12 col-md-6\">\n<div class=\"col-12 col-md-6\">\n<div class=\"desc\">\n<div class=\"desc\">\n<div class=\"col-12 col-md-6\">\n<div class=\"desc\">\n<div class=\"desc\">\n<div class=\"col-12 col-md-6\">\n<div class=\"desc\">\n<p>Naturellement, avec cette combinaison de produits, nous pouvons parfumer nos plats, \u00e9veillant les meilleures saveurs pour les palais les plus exquis dans le domaine de la gastronomie. Un des sels et des poivres de la meilleure qualit\u00e9, les deux \u00e9l\u00e9ments les plus utilis\u00e9s dans toutes les cuisines du monde.<\/p>\n<p>CPPFS<\/p>\n<\/div>\n<\/div>\n<\/div>\n<\/div>\n<\/div>\n<\/div>\n<\/div>\n<\/div>\n<\/div>\n<\/div>\n<\/div>\n<\/div>\n<\/div>\n<\/div>\n<\/div>\n<\/div>\n<\/div>\n<\/div>\n<\/div>\n<\/div>\n<\/div>\n<\/div>","protected":false},"featured_media":877,"template":"","meta":{"_acf_changed":false,"neve_meta_sidebar":"","neve_meta_container":"","neve_meta_enable_content_width":"off","neve_meta_content_width":100,"neve_meta_title_alignment":"","neve_meta_author_avatar":"","neve_post_elements_order":"","neve_meta_disable_header":"","neve_meta_disable_footer":"","neve_meta_disable_title":""},"product_brand":[],"product_cat":[21],"product_tag":[],"class_list":{"0":"post-814","1":"product","2":"type-product","3":"status-publish","4":"has-post-thumbnail","6":"product_cat-flocons-de-sel","8":"first","9":"instock","10":"taxable","11":"shipping-taxable","12":"purchasable","13":"product-type-variable","14":"wvs-archive-product-wrapper"},"acf":[],"yoast_head":"<!-- This site is optimized with the Yoast SEO plugin v25.8 - https:\/\/yoast.com\/wordpress\/plugins\/seo\/ -->\n<title>Condimento preparado con Pimienta Sichuan - Sal Gourmet<\/title>\n<meta name=\"robots\" content=\"index, follow, max-snippet:-1, max-image-preview:large, max-video-preview:-1\" \/>\n<link rel=\"canonical\" href=\"https:\/\/salgourmet.es\/fr\/flocons-de-sel\/pimienta-sichuan\/\" \/>\n<meta property=\"og:locale\" content=\"fr_FR\" \/>\n<meta property=\"og:type\" content=\"article\" \/>\n<meta property=\"og:title\" content=\"Condimento preparado con Pimienta Sichuan - Sal Gourmet\" \/>\n<meta property=\"og:description\" content=\"Naturalmente, con esta combinaci\u00f3n de productos podemos aromatizar nuestros platos despertando los mejores sabores para los paladares m\u00e1s exquisitos en el \u00e1mbito de la gastronom\u00eda. Una de las mejores sales con pimienta de calidad, los dos elementos m\u00e1s usados en todas las cocinas del mundo.  CPPFS\" \/>\n<meta property=\"og:url\" content=\"https:\/\/salgourmet.es\/fr\/flocons-de-sel\/pimienta-sichuan\/\" \/>\n<meta property=\"og:site_name\" content=\"Sal Gourmet\" \/>\n<meta property=\"article:modified_time\" content=\"2025-03-12T11:25:48+00:00\" \/>\n<meta property=\"og:image\" content=\"https:\/\/salgourmet.es\/wp-content\/uploads\/Condimento-preparado-con-Pimienta-Sichuan.jpg\" \/>\n\t<meta property=\"og:image:width\" content=\"2000\" \/>\n\t<meta property=\"og:image:height\" content=\"2000\" \/>\n\t<meta property=\"og:image:type\" content=\"image\/jpeg\" \/>\n<meta name=\"twitter:card\" content=\"summary_large_image\" \/>\n<meta name=\"twitter:label1\" content=\"Dur\u00e9e de lecture estim\u00e9e\" \/>\n\t<meta name=\"twitter:data1\" content=\"1 minute\" \/>\n<script type=\"application\/ld+json\" class=\"yoast-schema-graph\">{\"@context\":\"https:\/\/schema.org\",\"@graph\":[{\"@type\":\"WebPage\",\"@id\":\"https:\/\/salgourmet.es\/flocons-de-sel\/pimienta-sichuan\/\",\"url\":\"https:\/\/salgourmet.es\/flocons-de-sel\/pimienta-sichuan\/\",\"name\":\"Condimento preparado con Pimienta Sichuan - Sal Gourmet\",\"isPartOf\":{\"@id\":\"https:\/\/salgourmet.es\/#website\"},\"primaryImageOfPage\":{\"@id\":\"https:\/\/salgourmet.es\/flocons-de-sel\/pimienta-sichuan\/#primaryimage\"},\"image\":{\"@id\":\"https:\/\/salgourmet.es\/flocons-de-sel\/pimienta-sichuan\/#primaryimage\"},\"thumbnailUrl\":\"https:\/\/salgourmet.es\/wp-content\/uploads\/Condimento-preparado-con-Pimienta-Sichuan.jpg\",\"datePublished\":\"2024-07-11T09:53:46+00:00\",\"dateModified\":\"2025-03-12T11:25:48+00:00\",\"breadcrumb\":{\"@id\":\"https:\/\/salgourmet.es\/flocons-de-sel\/pimienta-sichuan\/#breadcrumb\"},\"inLanguage\":\"fr-FR\",\"potentialAction\":[{\"@type\":\"ReadAction\",\"target\":[\"https:\/\/salgourmet.es\/flocons-de-sel\/pimienta-sichuan\/\"]}]},{\"@type\":\"ImageObject\",\"inLanguage\":\"fr-FR\",\"@id\":\"https:\/\/salgourmet.es\/flocons-de-sel\/pimienta-sichuan\/#primaryimage\",\"url\":\"https:\/\/salgourmet.es\/wp-content\/uploads\/Condimento-preparado-con-Pimienta-Sichuan.jpg\",\"contentUrl\":\"https:\/\/salgourmet.es\/wp-content\/uploads\/Condimento-preparado-con-Pimienta-Sichuan.jpg\",\"width\":2000,\"height\":2000},{\"@type\":\"BreadcrumbList\",\"@id\":\"https:\/\/salgourmet.es\/flocons-de-sel\/pimienta-sichuan\/#breadcrumb\",\"itemListElement\":[{\"@type\":\"ListItem\",\"position\":1,\"name\":\"Portada\",\"item\":\"https:\/\/salgourmet.es\/\"},{\"@type\":\"ListItem\",\"position\":2,\"name\":\"Tienda\",\"item\":\"https:\/\/salgourmet.es\/tienda\/\"},{\"@type\":\"ListItem\",\"position\":3,\"name\":\"Condimento preparado con Pimienta Sichuan\"}]},{\"@type\":\"WebSite\",\"@id\":\"https:\/\/salgourmet.es\/#website\",\"url\":\"https:\/\/salgourmet.es\/\",\"name\":\"Sal Gourmet\",\"description\":\"\",\"potentialAction\":[{\"@type\":\"SearchAction\",\"target\":{\"@type\":\"EntryPoint\",\"urlTemplate\":\"https:\/\/salgourmet.es\/?s={search_term_string}\"},\"query-input\":{\"@type\":\"PropertyValueSpecification\",\"valueRequired\":true,\"valueName\":\"search_term_string\"}}],\"inLanguage\":\"fr-FR\"}]}<\/script>\n<!-- \/ Yoast SEO plugin. -->","yoast_head_json":{"title":"Condimento preparado con Pimienta Sichuan - Sal Gourmet","robots":{"index":"index","follow":"follow","max-snippet":"max-snippet:-1","max-image-preview":"max-image-preview:large","max-video-preview":"max-video-preview:-1"},"canonical":"https:\/\/salgourmet.es\/fr\/flocons-de-sel\/pimienta-sichuan\/","og_locale":"fr_FR","og_type":"article","og_title":"Condimento preparado con Pimienta Sichuan - Sal Gourmet","og_description":"Naturalmente, con esta combinaci\u00f3n de productos podemos aromatizar nuestros platos despertando los mejores sabores para los paladares m\u00e1s exquisitos en el \u00e1mbito de la gastronom\u00eda. Una de las mejores sales con pimienta de calidad, los dos elementos m\u00e1s usados en todas las cocinas del mundo.  CPPFS","og_url":"https:\/\/salgourmet.es\/fr\/flocons-de-sel\/pimienta-sichuan\/","og_site_name":"Sal Gourmet","article_modified_time":"2025-03-12T11:25:48+00:00","og_image":[{"width":2000,"height":2000,"url":"https:\/\/salgourmet.es\/wp-content\/uploads\/Condimento-preparado-con-Pimienta-Sichuan.jpg","type":"image\/jpeg"}],"twitter_card":"summary_large_image","twitter_misc":{"Dur\u00e9e de lecture estim\u00e9e":"1 minute"},"schema":{"@context":"https:\/\/schema.org","@graph":[{"@type":"WebPage","@id":"https:\/\/salgourmet.es\/flocons-de-sel\/pimienta-sichuan\/","url":"https:\/\/salgourmet.es\/flocons-de-sel\/pimienta-sichuan\/","name":"Condimento preparado con Pimienta Sichuan - Sal Gourmet","isPartOf":{"@id":"https:\/\/salgourmet.es\/#website"},"primaryImageOfPage":{"@id":"https:\/\/salgourmet.es\/flocons-de-sel\/pimienta-sichuan\/#primaryimage"},"image":{"@id":"https:\/\/salgourmet.es\/flocons-de-sel\/pimienta-sichuan\/#primaryimage"},"thumbnailUrl":"https:\/\/salgourmet.es\/wp-content\/uploads\/Condimento-preparado-con-Pimienta-Sichuan.jpg","datePublished":"2024-07-11T09:53:46+00:00","dateModified":"2025-03-12T11:25:48+00:00","breadcrumb":{"@id":"https:\/\/salgourmet.es\/flocons-de-sel\/pimienta-sichuan\/#breadcrumb"},"inLanguage":"fr-FR","potentialAction":[{"@type":"ReadAction","target":["https:\/\/salgourmet.es\/flocons-de-sel\/pimienta-sichuan\/"]}]},{"@type":"ImageObject","inLanguage":"fr-FR","@id":"https:\/\/salgourmet.es\/flocons-de-sel\/pimienta-sichuan\/#primaryimage","url":"https:\/\/salgourmet.es\/wp-content\/uploads\/Condimento-preparado-con-Pimienta-Sichuan.jpg","contentUrl":"https:\/\/salgourmet.es\/wp-content\/uploads\/Condimento-preparado-con-Pimienta-Sichuan.jpg","width":2000,"height":2000},{"@type":"BreadcrumbList","@id":"https:\/\/salgourmet.es\/flocons-de-sel\/pimienta-sichuan\/#breadcrumb","itemListElement":[{"@type":"ListItem","position":1,"name":"Portada","item":"https:\/\/salgourmet.es\/"},{"@type":"ListItem","position":2,"name":"Tienda","item":"https:\/\/salgourmet.es\/tienda\/"},{"@type":"ListItem","position":3,"name":"Condimento preparado con Pimienta Sichuan"}]},{"@type":"WebSite","@id":"https:\/\/salgourmet.es\/#website","url":"https:\/\/salgourmet.es\/","name":"Sel Gourmand","description":"","potentialAction":[{"@type":"SearchAction","target":{"@type":"EntryPoint","urlTemplate":"https:\/\/salgourmet.es\/?s={search_term_string}"},"query-input":{"@type":"PropertyValueSpecification","valueRequired":true,"valueName":"search_term_string"}}],"inLanguage":"fr-FR"}]}},"_links":{"self":[{"href":"https:\/\/salgourmet.es\/fr\/wp-json\/wp\/v2\/product\/814","targetHints":{"allow":["GET"]}}],"collection":[{"href":"https:\/\/salgourmet.es\/fr\/wp-json\/wp\/v2\/product"}],"about":[{"href":"https:\/\/salgourmet.es\/fr\/wp-json\/wp\/v2\/types\/product"}],"wp:featuredmedia":[{"embeddable":true,"href":"https:\/\/salgourmet.es\/fr\/wp-json\/wp\/v2\/media\/877"}],"wp:attachment":[{"href":"https:\/\/salgourmet.es\/fr\/wp-json\/wp\/v2\/media?parent=814"}],"wp:term":[{"taxonomy":"product_brand","embeddable":true,"href":"https:\/\/salgourmet.es\/fr\/wp-json\/wp\/v2\/product_brand?post=814"},{"taxonomy":"product_cat","embeddable":true,"href":"https:\/\/salgourmet.es\/fr\/wp-json\/wp\/v2\/product_cat?post=814"},{"taxonomy":"product_tag","embeddable":true,"href":"https:\/\/salgourmet.es\/fr\/wp-json\/wp\/v2\/product_tag?post=814"}],"curies":[{"name":"wp","href":"https:\/\/api.w.org\/{rel}","templated":true}]}}