{"id":542,"date":"2024-07-11T11:34:18","date_gmt":"2024-07-11T09:34:18","guid":{"rendered":"https:\/\/salgourmet.es\/?post_type=product&#038;p=542"},"modified":"2024-11-18T10:52:00","modified_gmt":"2024-11-18T09:52:00","slug":"plancha-sal-rosa-himalaya-2","status":"publish","type":"product","link":"https:\/\/salgourmet.es\/fr\/planchas-de-sal\/plancha-sal-rosa-himalaya-2\/","title":{"rendered":"Assiette en sel rose de l&#039;Himalaya 30x20x4 cm."},"content":{"rendered":"<div class=\"desc\">\n<div class=\"col-12 col-md-6\">\n<div class=\"desc\">\n<div class=\"desc\">\n<div class=\"desc\">\n<div class=\"col-12 col-md-6\">\n<div class=\"col-12 col-md-6\">\n<div class=\"desc\">\n<div class=\"col-12 col-md-6\">\n<div class=\"col-12 col-md-6\">\n<div class=\"col-12 col-md-6\">\n<div class=\"col-12 col-md-6\">Grill au sel rose de l&#039;Himalaya pour la cuisson, id\u00e9al pour ne pas utiliser de sel. La pierre sal\u00e9e laissera une bonne saveur dans vos plats. Form\u00e9 sous haute pression sous les montagnes de l&#039;Himalaya il y a 250 millions d&#039;ann\u00e9es, exempt de pollution et sans aucun proc\u00e9d\u00e9 de raffinage, il ne contient aucun additif ajout\u00e9. Contenant 84 \u00e9l\u00e9ments essentiels \u00e0 la vie, le degr\u00e9 de compression sous les montagnes a cr\u00e9\u00e9 une structure cristalline parfaite dans le sel, qui aide \u00e0 maintenir l&#039;\u00e9quilibre naturel du corps. D\u00e9couvrez tous les d\u00e9tails sur le blog :\u00a0<a href=\"http:\/\/blog.salgourmet.es\/plancha-de-sal-himalaya\/\" target=\"_blank\" rel=\"nofollow noopener\">http:\/\/blog.salgourmet.es\/plancha-de-sal-himalaya\/<\/a><\/div>\n<div class=\"col-12 col-md-6\"><\/div>\n<\/div>\n<div class=\"col-12 col-md-6\"><\/div>\n<\/div>\n<div class=\"col-12 col-md-6\"><\/div>\n<\/div>\n<\/div>\n<\/div>\n<\/div>\n<div class=\"col-12 col-md-6\"><\/div>\n<\/div>\n<\/div>\n<\/div>\n<\/div>\n<\/div>","protected":false},"excerpt":{"rendered":"<div class=\"desc\">\n<div class=\"desc\">\n<div class=\"col-12 col-md-6\">\n<div class=\"col-12 col-md-6\">\n<div class=\"desc\">\n<div class=\"desc\">\n<div class=\"desc\">\n<div class=\"desc\">\n<p><b><i>TEMPORAIREMENT COMPLET<\/i><\/b>\u00a0\u2013 Grill au sel rose de l\u2019Himalaya pour cuisiner aussi bien chaud que froid. Il r\u00e9partit la chaleur uniform\u00e9ment et ajoute juste une touche de sel aux aliments. Comprend le support avec poign\u00e9es en bois.<\/p>\n<\/div>\n<p>HRBSM<\/p>\n<\/div>\n<\/div>\n<\/div>\n<\/div>\n<\/div>\n<\/div>\n<\/div>","protected":false},"featured_media":557,"template":"","meta":{"_acf_changed":false,"neve_meta_sidebar":"","neve_meta_container":"","neve_meta_enable_content_width":"off","neve_meta_content_width":100,"neve_meta_title_alignment":"","neve_meta_author_avatar":"","neve_post_elements_order":"","neve_meta_disable_header":"","neve_meta_disable_footer":"","neve_meta_disable_title":""},"product_brand":[],"product_cat":[24,19],"product_tag":[],"class_list":{"0":"post-542","1":"product","2":"type-product","3":"status-publish","4":"has-post-thumbnail","6":"product_cat-planchas-de-sal","7":"product_cat-sales-del-mundo","9":"first","10":"instock","11":"taxable","12":"shipping-taxable","13":"purchasable","14":"product-type-variable","15":"wvs-archive-product-wrapper"},"acf":[],"yoast_head":"<!-- This site is optimized with the Yoast SEO plugin v25.8 - https:\/\/yoast.com\/wordpress\/plugins\/seo\/ -->\n<title>Plancha de Sal Rosa del Himalaya 30x20x4 cm. - Sal Gourmet<\/title>\n<meta name=\"robots\" content=\"index, follow, max-snippet:-1, max-image-preview:large, max-video-preview:-1\" \/>\n<link rel=\"canonical\" href=\"https:\/\/salgourmet.es\/fr\/planchas-de-sal\/plancha-sal-rosa-himalaya-2\/\" \/>\n<meta property=\"og:locale\" content=\"fr_FR\" \/>\n<meta property=\"og:type\" content=\"article\" \/>\n<meta property=\"og:title\" content=\"Plancha de Sal Rosa del Himalaya 30x20x4 cm. - Sal Gourmet\" \/>\n<meta property=\"og:description\" content=\"AGOTADA TEMPORALMENTE\u00a0-\u00a0Plancha de Sal Rosa del Himalaya para cocinar tanto en fr\u00edo como en calor. Propaga el calor de manera uniforme y aporta un punto justo de sal a los alimentos. Incluye el soporte con asas de madera.   HRBSM\" \/>\n<meta property=\"og:url\" content=\"https:\/\/salgourmet.es\/fr\/planchas-de-sal\/plancha-sal-rosa-himalaya-2\/\" \/>\n<meta property=\"og:site_name\" content=\"Sal Gourmet\" \/>\n<meta property=\"article:modified_time\" content=\"2024-11-18T09:52:00+00:00\" \/>\n<meta property=\"og:image\" content=\"https:\/\/salgourmet.es\/wp-content\/uploads\/imagen_2024-07-11_113512732.png\" \/>\n\t<meta property=\"og:image:width\" content=\"798\" \/>\n\t<meta property=\"og:image:height\" content=\"798\" \/>\n\t<meta property=\"og:image:type\" content=\"image\/png\" \/>\n<meta name=\"twitter:card\" content=\"summary_large_image\" \/>\n<meta name=\"twitter:label1\" content=\"Dur\u00e9e de lecture estim\u00e9e\" \/>\n\t<meta name=\"twitter:data1\" content=\"1 minute\" \/>\n<script type=\"application\/ld+json\" class=\"yoast-schema-graph\">{\"@context\":\"https:\/\/schema.org\",\"@graph\":[{\"@type\":\"WebPage\",\"@id\":\"https:\/\/salgourmet.es\/planchas-de-sal\/plancha-sal-rosa-himalaya-2\/\",\"url\":\"https:\/\/salgourmet.es\/planchas-de-sal\/plancha-sal-rosa-himalaya-2\/\",\"name\":\"Plancha de Sal Rosa del Himalaya 30x20x4 cm. - Sal Gourmet\",\"isPartOf\":{\"@id\":\"https:\/\/salgourmet.es\/#website\"},\"primaryImageOfPage\":{\"@id\":\"https:\/\/salgourmet.es\/planchas-de-sal\/plancha-sal-rosa-himalaya-2\/#primaryimage\"},\"image\":{\"@id\":\"https:\/\/salgourmet.es\/planchas-de-sal\/plancha-sal-rosa-himalaya-2\/#primaryimage\"},\"thumbnailUrl\":\"https:\/\/salgourmet.es\/wp-content\/uploads\/imagen_2024-07-11_113512732.png\",\"datePublished\":\"2024-07-11T09:34:18+00:00\",\"dateModified\":\"2024-11-18T09:52:00+00:00\",\"breadcrumb\":{\"@id\":\"https:\/\/salgourmet.es\/planchas-de-sal\/plancha-sal-rosa-himalaya-2\/#breadcrumb\"},\"inLanguage\":\"fr-FR\",\"potentialAction\":[{\"@type\":\"ReadAction\",\"target\":[\"https:\/\/salgourmet.es\/planchas-de-sal\/plancha-sal-rosa-himalaya-2\/\"]}]},{\"@type\":\"ImageObject\",\"inLanguage\":\"fr-FR\",\"@id\":\"https:\/\/salgourmet.es\/planchas-de-sal\/plancha-sal-rosa-himalaya-2\/#primaryimage\",\"url\":\"https:\/\/salgourmet.es\/wp-content\/uploads\/imagen_2024-07-11_113512732.png\",\"contentUrl\":\"https:\/\/salgourmet.es\/wp-content\/uploads\/imagen_2024-07-11_113512732.png\",\"width\":798,\"height\":798},{\"@type\":\"BreadcrumbList\",\"@id\":\"https:\/\/salgourmet.es\/planchas-de-sal\/plancha-sal-rosa-himalaya-2\/#breadcrumb\",\"itemListElement\":[{\"@type\":\"ListItem\",\"position\":1,\"name\":\"Portada\",\"item\":\"https:\/\/salgourmet.es\/\"},{\"@type\":\"ListItem\",\"position\":2,\"name\":\"Tienda\",\"item\":\"https:\/\/salgourmet.es\/tienda\/\"},{\"@type\":\"ListItem\",\"position\":3,\"name\":\"Plancha de Sal Rosa del Himalaya 30x20x4 cm.\"}]},{\"@type\":\"WebSite\",\"@id\":\"https:\/\/salgourmet.es\/#website\",\"url\":\"https:\/\/salgourmet.es\/\",\"name\":\"Sal Gourmet\",\"description\":\"\",\"potentialAction\":[{\"@type\":\"SearchAction\",\"target\":{\"@type\":\"EntryPoint\",\"urlTemplate\":\"https:\/\/salgourmet.es\/?s={search_term_string}\"},\"query-input\":{\"@type\":\"PropertyValueSpecification\",\"valueRequired\":true,\"valueName\":\"search_term_string\"}}],\"inLanguage\":\"fr-FR\"}]}<\/script>\n<!-- \/ Yoast SEO plugin. -->","yoast_head_json":{"title":"Plancha de Sal Rosa del Himalaya 30x20x4 cm. - Sal Gourmet","robots":{"index":"index","follow":"follow","max-snippet":"max-snippet:-1","max-image-preview":"max-image-preview:large","max-video-preview":"max-video-preview:-1"},"canonical":"https:\/\/salgourmet.es\/fr\/planchas-de-sal\/plancha-sal-rosa-himalaya-2\/","og_locale":"fr_FR","og_type":"article","og_title":"Plancha de Sal Rosa del Himalaya 30x20x4 cm. - Sal Gourmet","og_description":"AGOTADA TEMPORALMENTE\u00a0-\u00a0Plancha de Sal Rosa del Himalaya para cocinar tanto en fr\u00edo como en calor. Propaga el calor de manera uniforme y aporta un punto justo de sal a los alimentos. Incluye el soporte con asas de madera.   HRBSM","og_url":"https:\/\/salgourmet.es\/fr\/planchas-de-sal\/plancha-sal-rosa-himalaya-2\/","og_site_name":"Sal Gourmet","article_modified_time":"2024-11-18T09:52:00+00:00","og_image":[{"width":798,"height":798,"url":"https:\/\/salgourmet.es\/wp-content\/uploads\/imagen_2024-07-11_113512732.png","type":"image\/png"}],"twitter_card":"summary_large_image","twitter_misc":{"Dur\u00e9e de lecture estim\u00e9e":"1 minute"},"schema":{"@context":"https:\/\/schema.org","@graph":[{"@type":"WebPage","@id":"https:\/\/salgourmet.es\/planchas-de-sal\/plancha-sal-rosa-himalaya-2\/","url":"https:\/\/salgourmet.es\/planchas-de-sal\/plancha-sal-rosa-himalaya-2\/","name":"Plancha de Sal Rosa del Himalaya 30x20x4 cm. - Sal Gourmet","isPartOf":{"@id":"https:\/\/salgourmet.es\/#website"},"primaryImageOfPage":{"@id":"https:\/\/salgourmet.es\/planchas-de-sal\/plancha-sal-rosa-himalaya-2\/#primaryimage"},"image":{"@id":"https:\/\/salgourmet.es\/planchas-de-sal\/plancha-sal-rosa-himalaya-2\/#primaryimage"},"thumbnailUrl":"https:\/\/salgourmet.es\/wp-content\/uploads\/imagen_2024-07-11_113512732.png","datePublished":"2024-07-11T09:34:18+00:00","dateModified":"2024-11-18T09:52:00+00:00","breadcrumb":{"@id":"https:\/\/salgourmet.es\/planchas-de-sal\/plancha-sal-rosa-himalaya-2\/#breadcrumb"},"inLanguage":"fr-FR","potentialAction":[{"@type":"ReadAction","target":["https:\/\/salgourmet.es\/planchas-de-sal\/plancha-sal-rosa-himalaya-2\/"]}]},{"@type":"ImageObject","inLanguage":"fr-FR","@id":"https:\/\/salgourmet.es\/planchas-de-sal\/plancha-sal-rosa-himalaya-2\/#primaryimage","url":"https:\/\/salgourmet.es\/wp-content\/uploads\/imagen_2024-07-11_113512732.png","contentUrl":"https:\/\/salgourmet.es\/wp-content\/uploads\/imagen_2024-07-11_113512732.png","width":798,"height":798},{"@type":"BreadcrumbList","@id":"https:\/\/salgourmet.es\/planchas-de-sal\/plancha-sal-rosa-himalaya-2\/#breadcrumb","itemListElement":[{"@type":"ListItem","position":1,"name":"Portada","item":"https:\/\/salgourmet.es\/"},{"@type":"ListItem","position":2,"name":"Tienda","item":"https:\/\/salgourmet.es\/tienda\/"},{"@type":"ListItem","position":3,"name":"Plancha de Sal Rosa del Himalaya 30x20x4 cm."}]},{"@type":"WebSite","@id":"https:\/\/salgourmet.es\/#website","url":"https:\/\/salgourmet.es\/","name":"Sel Gourmand","description":"","potentialAction":[{"@type":"SearchAction","target":{"@type":"EntryPoint","urlTemplate":"https:\/\/salgourmet.es\/?s={search_term_string}"},"query-input":{"@type":"PropertyValueSpecification","valueRequired":true,"valueName":"search_term_string"}}],"inLanguage":"fr-FR"}]}},"_links":{"self":[{"href":"https:\/\/salgourmet.es\/fr\/wp-json\/wp\/v2\/product\/542","targetHints":{"allow":["GET"]}}],"collection":[{"href":"https:\/\/salgourmet.es\/fr\/wp-json\/wp\/v2\/product"}],"about":[{"href":"https:\/\/salgourmet.es\/fr\/wp-json\/wp\/v2\/types\/product"}],"wp:featuredmedia":[{"embeddable":true,"href":"https:\/\/salgourmet.es\/fr\/wp-json\/wp\/v2\/media\/557"}],"wp:attachment":[{"href":"https:\/\/salgourmet.es\/fr\/wp-json\/wp\/v2\/media?parent=542"}],"wp:term":[{"taxonomy":"product_brand","embeddable":true,"href":"https:\/\/salgourmet.es\/fr\/wp-json\/wp\/v2\/product_brand?post=542"},{"taxonomy":"product_cat","embeddable":true,"href":"https:\/\/salgourmet.es\/fr\/wp-json\/wp\/v2\/product_cat?post=542"},{"taxonomy":"product_tag","embeddable":true,"href":"https:\/\/salgourmet.es\/fr\/wp-json\/wp\/v2\/product_tag?post=542"}],"curies":[{"name":"wp","href":"https:\/\/api.w.org\/{rel}","templated":true}]}}