{"id":526,"date":"2024-07-11T11:33:52","date_gmt":"2024-07-11T09:33:52","guid":{"rendered":"https:\/\/salgourmet.es\/?post_type=product&#038;p=526"},"modified":"2025-03-11T13:54:02","modified_gmt":"2025-03-11T12:54:02","slug":"himalaya-negra","status":"publish","type":"product","link":"https:\/\/salgourmet.es\/fr\/sales-del-mundo\/himalaya-negra\/","title":{"rendered":"Sel noir de l&#039;Himalaya Kala Namak"},"content":{"rendered":"<div class=\"desc\">\n<div class=\"col-12 col-md-6\">\n<div class=\"desc\">\n<div class=\"desc\">\n<div class=\"desc\">\n<div class=\"col-12 col-md-6\">\n<div class=\"col-12 col-md-6\">\n<div class=\"desc\">\n<div class=\"col-12 col-md-6\">\n<div class=\"desc\">\n<div class=\"col-12 col-md-6\">\n<div class=\"desc\">\n<div class=\"desc\">\n<div class=\"col-12 col-md-6\">\n<p><span style=\"font-weight: 400;\">Sel noir de l&#039;Himalaya, \u00e9galement connu sous le nom de sel noir, Kala Namak, sel noir, Sulemani Namak ou Kala loon, le sel noir de l&#039;Himalaya est un type tr\u00e8s sp\u00e9cial de sel min\u00e9ral non raffin\u00e9 avec moins de pouvoir salant que le sel commun.<\/span><\/p>\n<p><span style=\"font-weight: 400;\">Il vient de l\u2019Himalaya et poss\u00e8de une saveur sulfureuse distinctive. Son palais est totalement diff\u00e9rent du sel marin ou du sel de table, puisque sa composition chimique contient des compos\u00e9s soufr\u00e9s et contient des traces de plusieurs min\u00e9raux, ainsi que du sodium, du potassium et du chlorure de fer. Selon la science m\u00e9dicale hindoue classique, l&#039;Ayurvreda, le sel noir de l&#039;Himalaya pr\u00e9sente de grands bienfaits th\u00e9rapeutiques, il est tr\u00e8s riche en fer, facilite la digestion et est tr\u00e8s bon contre les flatulences et les br\u00fblures d&#039;estomac.<\/span><\/p>\n<\/div>\n<\/div>\n<\/div>\n<\/div>\n<\/div>\n<\/div>\n<\/div>\n<\/div>\n<\/div>\n<div class=\"col-12 col-md-6\"><\/div>\n<\/div>\n<\/div>\n<\/div>\n<\/div>\n<\/div>","protected":false},"excerpt":{"rendered":"<div class=\"desc\">\n<div class=\"desc\">\n<div class=\"col-12 col-md-6\">\n<div class=\"col-12 col-md-6\">\n<div class=\"desc\">\n<div class=\"desc\">\n<div class=\"col-12 col-md-6\">\n<div class=\"desc\">\n<p>Connu sous le nom de Kala Namak, il a une saveur sulfureuse distinctive et est riche en fer, aidant \u00e0 la digestion selon la m\u00e9decine hindoue Ayurvreda. C&#039;est le fameux sel parfum\u00e9 \u00e0 l&#039;\u0153uf !<br \/>\nHNSM<\/p>\n<\/div>\n<\/div>\n<\/div>\n<\/div>\n<\/div>\n<\/div>\n<\/div>\n<\/div>","protected":false},"featured_media":541,"template":"","meta":{"_acf_changed":false,"neve_meta_sidebar":"","neve_meta_container":"","neve_meta_enable_content_width":"off","neve_meta_content_width":100,"neve_meta_title_alignment":"","neve_meta_author_avatar":"","neve_post_elements_order":"","neve_meta_disable_header":"","neve_meta_disable_footer":"","neve_meta_disable_title":""},"product_brand":[],"product_cat":[19],"product_tag":[],"class_list":{"0":"post-526","1":"product","2":"type-product","3":"status-publish","4":"has-post-thumbnail","6":"product_cat-sales-del-mundo","8":"first","9":"instock","10":"taxable","11":"shipping-taxable","12":"purchasable","13":"product-type-variable","14":"wvs-archive-product-wrapper"},"acf":[],"yoast_head":"<!-- This site is optimized with the Yoast SEO plugin v25.8 - https:\/\/yoast.com\/wordpress\/plugins\/seo\/ -->\n<title>Sal del Himalaya Negra Kala Namak - Sal Gourmet<\/title>\n<meta name=\"robots\" content=\"index, follow, max-snippet:-1, max-image-preview:large, max-video-preview:-1\" \/>\n<link rel=\"canonical\" href=\"https:\/\/salgourmet.es\/fr\/sales-del-mundo\/himalaya-negra\/\" \/>\n<meta property=\"og:locale\" content=\"fr_FR\" \/>\n<meta property=\"og:type\" content=\"article\" \/>\n<meta property=\"og:title\" content=\"Sal del Himalaya Negra Kala Namak - Sal Gourmet\" \/>\n<meta property=\"og:description\" content=\"Conocida como Kala Namak, tiene un distintivo sabor sulfuroso y es rica en hierro, ayuda a la digesti\u00f3n seg\u00fan la medicina hind\u00fa Ayurvreda. \u00a1Es la famosa sal con sabor a huevo! HNSM\" \/>\n<meta property=\"og:url\" content=\"https:\/\/salgourmet.es\/fr\/sales-del-mundo\/himalaya-negra\/\" \/>\n<meta property=\"og:site_name\" content=\"Sal Gourmet\" \/>\n<meta property=\"article:modified_time\" content=\"2025-03-11T12:54:02+00:00\" \/>\n<meta property=\"og:image\" content=\"https:\/\/salgourmet.es\/wp-content\/uploads\/Sal-del-Himalaya-Negra-Kala-Namak.jpg\" \/>\n\t<meta property=\"og:image:width\" content=\"2000\" \/>\n\t<meta property=\"og:image:height\" content=\"2000\" \/>\n\t<meta property=\"og:image:type\" content=\"image\/jpeg\" \/>\n<meta name=\"twitter:card\" content=\"summary_large_image\" \/>\n<meta name=\"twitter:label1\" content=\"Dur\u00e9e de lecture estim\u00e9e\" \/>\n\t<meta name=\"twitter:data1\" content=\"1 minute\" \/>\n<script type=\"application\/ld+json\" class=\"yoast-schema-graph\">{\"@context\":\"https:\/\/schema.org\",\"@graph\":[{\"@type\":\"WebPage\",\"@id\":\"https:\/\/salgourmet.es\/sales-del-mundo\/himalaya-negra\/\",\"url\":\"https:\/\/salgourmet.es\/sales-del-mundo\/himalaya-negra\/\",\"name\":\"Sal del Himalaya Negra Kala Namak - Sal Gourmet\",\"isPartOf\":{\"@id\":\"https:\/\/salgourmet.es\/#website\"},\"primaryImageOfPage\":{\"@id\":\"https:\/\/salgourmet.es\/sales-del-mundo\/himalaya-negra\/#primaryimage\"},\"image\":{\"@id\":\"https:\/\/salgourmet.es\/sales-del-mundo\/himalaya-negra\/#primaryimage\"},\"thumbnailUrl\":\"https:\/\/salgourmet.es\/wp-content\/uploads\/Sal-del-Himalaya-Negra-Kala-Namak.jpg\",\"datePublished\":\"2024-07-11T09:33:52+00:00\",\"dateModified\":\"2025-03-11T12:54:02+00:00\",\"breadcrumb\":{\"@id\":\"https:\/\/salgourmet.es\/sales-del-mundo\/himalaya-negra\/#breadcrumb\"},\"inLanguage\":\"fr-FR\",\"potentialAction\":[{\"@type\":\"ReadAction\",\"target\":[\"https:\/\/salgourmet.es\/sales-del-mundo\/himalaya-negra\/\"]}]},{\"@type\":\"ImageObject\",\"inLanguage\":\"fr-FR\",\"@id\":\"https:\/\/salgourmet.es\/sales-del-mundo\/himalaya-negra\/#primaryimage\",\"url\":\"https:\/\/salgourmet.es\/wp-content\/uploads\/Sal-del-Himalaya-Negra-Kala-Namak.jpg\",\"contentUrl\":\"https:\/\/salgourmet.es\/wp-content\/uploads\/Sal-del-Himalaya-Negra-Kala-Namak.jpg\",\"width\":2000,\"height\":2000},{\"@type\":\"BreadcrumbList\",\"@id\":\"https:\/\/salgourmet.es\/sales-del-mundo\/himalaya-negra\/#breadcrumb\",\"itemListElement\":[{\"@type\":\"ListItem\",\"position\":1,\"name\":\"Portada\",\"item\":\"https:\/\/salgourmet.es\/\"},{\"@type\":\"ListItem\",\"position\":2,\"name\":\"Tienda\",\"item\":\"https:\/\/salgourmet.es\/tienda\/\"},{\"@type\":\"ListItem\",\"position\":3,\"name\":\"Sal del Himalaya Negra Kala Namak\"}]},{\"@type\":\"WebSite\",\"@id\":\"https:\/\/salgourmet.es\/#website\",\"url\":\"https:\/\/salgourmet.es\/\",\"name\":\"Sal Gourmet\",\"description\":\"\",\"potentialAction\":[{\"@type\":\"SearchAction\",\"target\":{\"@type\":\"EntryPoint\",\"urlTemplate\":\"https:\/\/salgourmet.es\/?s={search_term_string}\"},\"query-input\":{\"@type\":\"PropertyValueSpecification\",\"valueRequired\":true,\"valueName\":\"search_term_string\"}}],\"inLanguage\":\"fr-FR\"}]}<\/script>\n<!-- \/ Yoast SEO plugin. -->","yoast_head_json":{"title":"Sal del Himalaya Negra Kala Namak - Sal Gourmet","robots":{"index":"index","follow":"follow","max-snippet":"max-snippet:-1","max-image-preview":"max-image-preview:large","max-video-preview":"max-video-preview:-1"},"canonical":"https:\/\/salgourmet.es\/fr\/sales-del-mundo\/himalaya-negra\/","og_locale":"fr_FR","og_type":"article","og_title":"Sal del Himalaya Negra Kala Namak - Sal Gourmet","og_description":"Conocida como Kala Namak, tiene un distintivo sabor sulfuroso y es rica en hierro, ayuda a la digesti\u00f3n seg\u00fan la medicina hind\u00fa Ayurvreda. \u00a1Es la famosa sal con sabor a huevo! HNSM","og_url":"https:\/\/salgourmet.es\/fr\/sales-del-mundo\/himalaya-negra\/","og_site_name":"Sal Gourmet","article_modified_time":"2025-03-11T12:54:02+00:00","og_image":[{"width":2000,"height":2000,"url":"https:\/\/salgourmet.es\/wp-content\/uploads\/Sal-del-Himalaya-Negra-Kala-Namak.jpg","type":"image\/jpeg"}],"twitter_card":"summary_large_image","twitter_misc":{"Dur\u00e9e de lecture estim\u00e9e":"1 minute"},"schema":{"@context":"https:\/\/schema.org","@graph":[{"@type":"WebPage","@id":"https:\/\/salgourmet.es\/sales-del-mundo\/himalaya-negra\/","url":"https:\/\/salgourmet.es\/sales-del-mundo\/himalaya-negra\/","name":"Sal del Himalaya Negra Kala Namak - Sal Gourmet","isPartOf":{"@id":"https:\/\/salgourmet.es\/#website"},"primaryImageOfPage":{"@id":"https:\/\/salgourmet.es\/sales-del-mundo\/himalaya-negra\/#primaryimage"},"image":{"@id":"https:\/\/salgourmet.es\/sales-del-mundo\/himalaya-negra\/#primaryimage"},"thumbnailUrl":"https:\/\/salgourmet.es\/wp-content\/uploads\/Sal-del-Himalaya-Negra-Kala-Namak.jpg","datePublished":"2024-07-11T09:33:52+00:00","dateModified":"2025-03-11T12:54:02+00:00","breadcrumb":{"@id":"https:\/\/salgourmet.es\/sales-del-mundo\/himalaya-negra\/#breadcrumb"},"inLanguage":"fr-FR","potentialAction":[{"@type":"ReadAction","target":["https:\/\/salgourmet.es\/sales-del-mundo\/himalaya-negra\/"]}]},{"@type":"ImageObject","inLanguage":"fr-FR","@id":"https:\/\/salgourmet.es\/sales-del-mundo\/himalaya-negra\/#primaryimage","url":"https:\/\/salgourmet.es\/wp-content\/uploads\/Sal-del-Himalaya-Negra-Kala-Namak.jpg","contentUrl":"https:\/\/salgourmet.es\/wp-content\/uploads\/Sal-del-Himalaya-Negra-Kala-Namak.jpg","width":2000,"height":2000},{"@type":"BreadcrumbList","@id":"https:\/\/salgourmet.es\/sales-del-mundo\/himalaya-negra\/#breadcrumb","itemListElement":[{"@type":"ListItem","position":1,"name":"Portada","item":"https:\/\/salgourmet.es\/"},{"@type":"ListItem","position":2,"name":"Tienda","item":"https:\/\/salgourmet.es\/tienda\/"},{"@type":"ListItem","position":3,"name":"Sal del Himalaya Negra Kala Namak"}]},{"@type":"WebSite","@id":"https:\/\/salgourmet.es\/#website","url":"https:\/\/salgourmet.es\/","name":"Sel Gourmand","description":"","potentialAction":[{"@type":"SearchAction","target":{"@type":"EntryPoint","urlTemplate":"https:\/\/salgourmet.es\/?s={search_term_string}"},"query-input":{"@type":"PropertyValueSpecification","valueRequired":true,"valueName":"search_term_string"}}],"inLanguage":"fr-FR"}]}},"_links":{"self":[{"href":"https:\/\/salgourmet.es\/fr\/wp-json\/wp\/v2\/product\/526","targetHints":{"allow":["GET"]}}],"collection":[{"href":"https:\/\/salgourmet.es\/fr\/wp-json\/wp\/v2\/product"}],"about":[{"href":"https:\/\/salgourmet.es\/fr\/wp-json\/wp\/v2\/types\/product"}],"wp:featuredmedia":[{"embeddable":true,"href":"https:\/\/salgourmet.es\/fr\/wp-json\/wp\/v2\/media\/541"}],"wp:attachment":[{"href":"https:\/\/salgourmet.es\/fr\/wp-json\/wp\/v2\/media?parent=526"}],"wp:term":[{"taxonomy":"product_brand","embeddable":true,"href":"https:\/\/salgourmet.es\/fr\/wp-json\/wp\/v2\/product_brand?post=526"},{"taxonomy":"product_cat","embeddable":true,"href":"https:\/\/salgourmet.es\/fr\/wp-json\/wp\/v2\/product_cat?post=526"},{"taxonomy":"product_tag","embeddable":true,"href":"https:\/\/salgourmet.es\/fr\/wp-json\/wp\/v2\/product_tag?post=526"}],"curies":[{"name":"wp","href":"https:\/\/api.w.org\/{rel}","templated":true}]}}