{"id":509,"date":"2024-07-11T11:32:13","date_gmt":"2024-07-11T09:32:13","guid":{"rendered":"https:\/\/salgourmet.es\/?post_type=product&#038;p=509"},"modified":"2025-03-11T13:44:09","modified_gmt":"2025-03-11T12:44:09","slug":"himalaya-rosa","status":"publish","type":"product","link":"https:\/\/salgourmet.es\/fr\/sales-del-mundo\/himalaya-rosa\/","title":{"rendered":"Sel rose de l&#039;Himalaya"},"content":{"rendered":"<div class=\"desc\">\n<div class=\"col-12 col-md-6\">\n<div class=\"desc\">\n<div class=\"desc\">\n<div class=\"desc\">\n<div class=\"col-12 col-md-6\">\n<div class=\"col-12 col-md-6\">\n<div class=\"desc\">\n<div class=\"col-12 col-md-6\">\n<div class=\"desc\">\n<div class=\"col-12 col-md-6\">\n<div class=\"desc\">\n<div class=\"desc\">\n<div class=\"col-12 col-md-6\">Form\u00e9 sous haute pression sous les montagnes de l&#039;Himalaya il y a 250 millions d&#039;ann\u00e9es, exempt de pollution et sans aucun proc\u00e9d\u00e9 de raffinage, il ne contient aucun additif ajout\u00e9. Contenant 84 \u00e9l\u00e9ments essentiels \u00e0 la vie, le degr\u00e9 de compression sous les montagnes a cr\u00e9\u00e9 une structure cristalline parfaite dans le sel, qui aide \u00e0 maintenir l&#039;\u00e9quilibre naturel du corps. Ce sel, de couleur rose, \u00e9tant du jaune, n&#039;a pas l&#039;arri\u00e8re-go\u00fbt amer du sel marin.<\/div>\n<\/div>\n<\/div>\n<\/div>\n<\/div>\n<\/div>\n<\/div>\n<\/div>\n<\/div>\n<div class=\"col-12 col-md-6\"><\/div>\n<\/div>\n<\/div>\n<\/div>\n<\/div>\n<\/div>","protected":false},"excerpt":{"rendered":"<div class=\"desc\">\n<div class=\"desc\">\n<div class=\"col-12 col-md-6\">\n<div class=\"col-12 col-md-6\">\n<div class=\"desc\">\n<div class=\"desc\">\n<div class=\"col-12 col-md-6\">\n<div class=\"desc\">Le sel cristallin rose s&#039;est form\u00e9 sous haute pression sous les montagnes il y a 250 millions d&#039;ann\u00e9es.<br \/>\nGRH<\/div>\n<\/div>\n<\/div>\n<\/div>\n<\/div>\n<\/div>\n<\/div>\n<\/div>","protected":false},"featured_media":525,"template":"","meta":{"_acf_changed":false,"neve_meta_sidebar":"","neve_meta_container":"","neve_meta_enable_content_width":"off","neve_meta_content_width":100,"neve_meta_title_alignment":"","neve_meta_author_avatar":"","neve_post_elements_order":"","neve_meta_disable_header":"","neve_meta_disable_footer":"","neve_meta_disable_title":""},"product_brand":[],"product_cat":[19],"product_tag":[],"class_list":{"0":"post-509","1":"product","2":"type-product","3":"status-publish","4":"has-post-thumbnail","6":"product_cat-sales-del-mundo","8":"first","9":"instock","10":"taxable","11":"shipping-taxable","12":"purchasable","13":"product-type-variable","14":"wvs-archive-product-wrapper"},"acf":[],"yoast_head":"<!-- This site is optimized with the Yoast SEO plugin v25.8 - https:\/\/yoast.com\/wordpress\/plugins\/seo\/ -->\n<title>Sal del Himalaya Rosa - Sal Gourmet<\/title>\n<meta name=\"robots\" content=\"index, follow, max-snippet:-1, max-image-preview:large, max-video-preview:-1\" \/>\n<link rel=\"canonical\" href=\"https:\/\/salgourmet.es\/fr\/sales-del-mundo\/himalaya-rosa\/\" \/>\n<meta property=\"og:locale\" content=\"fr_FR\" \/>\n<meta property=\"og:type\" content=\"article\" \/>\n<meta property=\"og:title\" content=\"Sal del Himalaya Rosa - Sal Gourmet\" \/>\n<meta property=\"og:description\" content=\"Sal cristalina de color rosado formada a alta presi\u00f3n bajo las monta\u00f1as hace 250 millones de a\u00f1os. HRSM\" \/>\n<meta property=\"og:url\" content=\"https:\/\/salgourmet.es\/fr\/sales-del-mundo\/himalaya-rosa\/\" \/>\n<meta property=\"og:site_name\" content=\"Sal Gourmet\" \/>\n<meta property=\"article:modified_time\" content=\"2025-03-11T12:44:09+00:00\" \/>\n<meta property=\"og:image\" content=\"https:\/\/salgourmet.es\/wp-content\/uploads\/Sal-del-Himalaya-Rosa.jpg\" \/>\n\t<meta property=\"og:image:width\" content=\"2000\" \/>\n\t<meta property=\"og:image:height\" content=\"2000\" \/>\n\t<meta property=\"og:image:type\" content=\"image\/jpeg\" \/>\n<meta name=\"twitter:card\" content=\"summary_large_image\" \/>\n<meta name=\"twitter:label1\" content=\"Dur\u00e9e de lecture estim\u00e9e\" \/>\n\t<meta name=\"twitter:data1\" content=\"1 minute\" \/>\n<script type=\"application\/ld+json\" class=\"yoast-schema-graph\">{\"@context\":\"https:\/\/schema.org\",\"@graph\":[{\"@type\":\"WebPage\",\"@id\":\"https:\/\/salgourmet.es\/sales-del-mundo\/himalaya-rosa\/\",\"url\":\"https:\/\/salgourmet.es\/sales-del-mundo\/himalaya-rosa\/\",\"name\":\"Sal del Himalaya Rosa - Sal Gourmet\",\"isPartOf\":{\"@id\":\"https:\/\/salgourmet.es\/#website\"},\"primaryImageOfPage\":{\"@id\":\"https:\/\/salgourmet.es\/sales-del-mundo\/himalaya-rosa\/#primaryimage\"},\"image\":{\"@id\":\"https:\/\/salgourmet.es\/sales-del-mundo\/himalaya-rosa\/#primaryimage\"},\"thumbnailUrl\":\"https:\/\/salgourmet.es\/wp-content\/uploads\/Sal-del-Himalaya-Rosa.jpg\",\"datePublished\":\"2024-07-11T09:32:13+00:00\",\"dateModified\":\"2025-03-11T12:44:09+00:00\",\"breadcrumb\":{\"@id\":\"https:\/\/salgourmet.es\/sales-del-mundo\/himalaya-rosa\/#breadcrumb\"},\"inLanguage\":\"fr-FR\",\"potentialAction\":[{\"@type\":\"ReadAction\",\"target\":[\"https:\/\/salgourmet.es\/sales-del-mundo\/himalaya-rosa\/\"]}]},{\"@type\":\"ImageObject\",\"inLanguage\":\"fr-FR\",\"@id\":\"https:\/\/salgourmet.es\/sales-del-mundo\/himalaya-rosa\/#primaryimage\",\"url\":\"https:\/\/salgourmet.es\/wp-content\/uploads\/Sal-del-Himalaya-Rosa.jpg\",\"contentUrl\":\"https:\/\/salgourmet.es\/wp-content\/uploads\/Sal-del-Himalaya-Rosa.jpg\",\"width\":2000,\"height\":2000},{\"@type\":\"BreadcrumbList\",\"@id\":\"https:\/\/salgourmet.es\/sales-del-mundo\/himalaya-rosa\/#breadcrumb\",\"itemListElement\":[{\"@type\":\"ListItem\",\"position\":1,\"name\":\"Portada\",\"item\":\"https:\/\/salgourmet.es\/\"},{\"@type\":\"ListItem\",\"position\":2,\"name\":\"Tienda\",\"item\":\"https:\/\/salgourmet.es\/tienda\/\"},{\"@type\":\"ListItem\",\"position\":3,\"name\":\"Sal del Himalaya Rosa\"}]},{\"@type\":\"WebSite\",\"@id\":\"https:\/\/salgourmet.es\/#website\",\"url\":\"https:\/\/salgourmet.es\/\",\"name\":\"Sal Gourmet\",\"description\":\"\",\"potentialAction\":[{\"@type\":\"SearchAction\",\"target\":{\"@type\":\"EntryPoint\",\"urlTemplate\":\"https:\/\/salgourmet.es\/?s={search_term_string}\"},\"query-input\":{\"@type\":\"PropertyValueSpecification\",\"valueRequired\":true,\"valueName\":\"search_term_string\"}}],\"inLanguage\":\"fr-FR\"}]}<\/script>\n<!-- \/ Yoast SEO plugin. -->","yoast_head_json":{"title":"Sel rose de l&#039;Himalaya - Sel gourmet","robots":{"index":"index","follow":"follow","max-snippet":"max-snippet:-1","max-image-preview":"max-image-preview:large","max-video-preview":"max-video-preview:-1"},"canonical":"https:\/\/salgourmet.es\/fr\/sales-del-mundo\/himalaya-rosa\/","og_locale":"fr_FR","og_type":"article","og_title":"Sal del Himalaya Rosa - Sal Gourmet","og_description":"Sal cristalina de color rosado formada a alta presi\u00f3n bajo las monta\u00f1as hace 250 millones de a\u00f1os. HRSM","og_url":"https:\/\/salgourmet.es\/fr\/sales-del-mundo\/himalaya-rosa\/","og_site_name":"Sal Gourmet","article_modified_time":"2025-03-11T12:44:09+00:00","og_image":[{"width":2000,"height":2000,"url":"https:\/\/salgourmet.es\/wp-content\/uploads\/Sal-del-Himalaya-Rosa.jpg","type":"image\/jpeg"}],"twitter_card":"summary_large_image","twitter_misc":{"Dur\u00e9e de lecture estim\u00e9e":"1 minute"},"schema":{"@context":"https:\/\/schema.org","@graph":[{"@type":"WebPage","@id":"https:\/\/salgourmet.es\/sales-del-mundo\/himalaya-rosa\/","url":"https:\/\/salgourmet.es\/sales-del-mundo\/himalaya-rosa\/","name":"Sel rose de l&#039;Himalaya - Sel gourmet","isPartOf":{"@id":"https:\/\/salgourmet.es\/#website"},"primaryImageOfPage":{"@id":"https:\/\/salgourmet.es\/sales-del-mundo\/himalaya-rosa\/#primaryimage"},"image":{"@id":"https:\/\/salgourmet.es\/sales-del-mundo\/himalaya-rosa\/#primaryimage"},"thumbnailUrl":"https:\/\/salgourmet.es\/wp-content\/uploads\/Sal-del-Himalaya-Rosa.jpg","datePublished":"2024-07-11T09:32:13+00:00","dateModified":"2025-03-11T12:44:09+00:00","breadcrumb":{"@id":"https:\/\/salgourmet.es\/sales-del-mundo\/himalaya-rosa\/#breadcrumb"},"inLanguage":"fr-FR","potentialAction":[{"@type":"ReadAction","target":["https:\/\/salgourmet.es\/sales-del-mundo\/himalaya-rosa\/"]}]},{"@type":"ImageObject","inLanguage":"fr-FR","@id":"https:\/\/salgourmet.es\/sales-del-mundo\/himalaya-rosa\/#primaryimage","url":"https:\/\/salgourmet.es\/wp-content\/uploads\/Sal-del-Himalaya-Rosa.jpg","contentUrl":"https:\/\/salgourmet.es\/wp-content\/uploads\/Sal-del-Himalaya-Rosa.jpg","width":2000,"height":2000},{"@type":"BreadcrumbList","@id":"https:\/\/salgourmet.es\/sales-del-mundo\/himalaya-rosa\/#breadcrumb","itemListElement":[{"@type":"ListItem","position":1,"name":"Portada","item":"https:\/\/salgourmet.es\/"},{"@type":"ListItem","position":2,"name":"Tienda","item":"https:\/\/salgourmet.es\/tienda\/"},{"@type":"ListItem","position":3,"name":"Sal del Himalaya Rosa"}]},{"@type":"WebSite","@id":"https:\/\/salgourmet.es\/#website","url":"https:\/\/salgourmet.es\/","name":"Sel Gourmand","description":"","potentialAction":[{"@type":"SearchAction","target":{"@type":"EntryPoint","urlTemplate":"https:\/\/salgourmet.es\/?s={search_term_string}"},"query-input":{"@type":"PropertyValueSpecification","valueRequired":true,"valueName":"search_term_string"}}],"inLanguage":"fr-FR"}]}},"_links":{"self":[{"href":"https:\/\/salgourmet.es\/fr\/wp-json\/wp\/v2\/product\/509","targetHints":{"allow":["GET"]}}],"collection":[{"href":"https:\/\/salgourmet.es\/fr\/wp-json\/wp\/v2\/product"}],"about":[{"href":"https:\/\/salgourmet.es\/fr\/wp-json\/wp\/v2\/types\/product"}],"wp:featuredmedia":[{"embeddable":true,"href":"https:\/\/salgourmet.es\/fr\/wp-json\/wp\/v2\/media\/525"}],"wp:attachment":[{"href":"https:\/\/salgourmet.es\/fr\/wp-json\/wp\/v2\/media?parent=509"}],"wp:term":[{"taxonomy":"product_brand","embeddable":true,"href":"https:\/\/salgourmet.es\/fr\/wp-json\/wp\/v2\/product_brand?post=509"},{"taxonomy":"product_cat","embeddable":true,"href":"https:\/\/salgourmet.es\/fr\/wp-json\/wp\/v2\/product_cat?post=509"},{"taxonomy":"product_tag","embeddable":true,"href":"https:\/\/salgourmet.es\/fr\/wp-json\/wp\/v2\/product_tag?post=509"}],"curies":[{"name":"wp","href":"https:\/\/api.w.org\/{rel}","templated":true}]}}