{"id":397,"date":"2024-07-11T11:24:06","date_gmt":"2024-07-11T09:24:06","guid":{"rendered":"https:\/\/salgourmet.es\/?post_type=product&#038;p=397"},"modified":"2025-03-12T11:20:54","modified_gmt":"2025-03-12T10:20:54","slug":"sal-ligera-sodio-sobres-monodosis","status":"publish","type":"product","link":"https:\/\/salgourmet.es\/fr\/monodosis\/sal-ligera-sodio-sobres-monodosis\/","title":{"rendered":"Sel de Sodium L\u00e9ger en sachets unidose"},"content":{"rendered":"<div class=\"desc\">\n<div class=\"col-12 col-md-6\">\n<div class=\"desc\">\n<div class=\"desc\">\n<div class=\"desc\">\n<div class=\"col-12 col-md-6\">\n<div class=\"col-12 col-md-6\">\n<div class=\"col-12 col-md-6\">Au milieu de l&#039;\u00e9poque g\u00e9ologique de l&#039;\u00c9oc\u00e8ne, il y a entre 50 et 40 millions d&#039;ann\u00e9es, plusieurs changements climatiques se sont produits sur Terre au cours desquels se sont form\u00e9es les cha\u00eenes de montagnes les plus importantes, dont les Pyr\u00e9n\u00e9es. \u00c0 cette \u00e9poque, la mer qui recouvrait la majeure partie de l\u2019actuelle cha\u00eene de montagnes ib\u00e9rique s\u2019est retir\u00e9e et a laiss\u00e9 des gisements de gypse, de min\u00e9raux et d\u2019argiles rouges. Aujourd&#039;hui, nous en extrayons, \u00e0 700 m\u00e8tres de profondeur, un sel riche en potassium et pauvre en sodium, qui conserve de grandes propri\u00e9t\u00e9s et est exempt de contaminants marins. Les cristaux sont choisis sans aucun processus de raffinage, ce qui signifie qu&#039;ils pr\u00e9servent tous les min\u00e9raux que contenait la mer antique, notamment le potassium. Ces cristaux se dissolvent rapidement en bouche, laissant une saveur douce et durable.<\/div>\n<div class=\"col-12 col-md-6\"><\/div>\n<\/div>\n<\/div>\n<div class=\"col-12 col-md-6\"><\/div>\n<\/div>\n<\/div>\n<\/div>\n<\/div>\n<\/div>","protected":false},"excerpt":{"rendered":"<div class=\"desc\">\n<div class=\"desc\">\n<div class=\"col-12 col-md-6\">\n<div class=\"col-12 col-md-6\">\n<div class=\"desc\">\n<p>Sel de sodium l\u00e9ger en sachets unidose. Sel de sodium l\u00e9ger de la mer de l&#039;\u00c9oc\u00e8ne, fossilis\u00e9 il y a plus de 40 millions d&#039;ann\u00e9es.<\/p>\n<p>MOSL<\/p>\n<\/div>\n<\/div>\n<\/div>\n<\/div>\n<\/div>","protected":false},"featured_media":428,"template":"","meta":{"_acf_changed":false,"neve_meta_sidebar":"","neve_meta_container":"","neve_meta_enable_content_width":"off","neve_meta_content_width":100,"neve_meta_title_alignment":"","neve_meta_author_avatar":"","neve_post_elements_order":"","neve_meta_disable_header":"","neve_meta_disable_footer":"","neve_meta_disable_title":""},"product_brand":[],"product_cat":[25],"product_tag":[],"class_list":{"0":"post-397","1":"product","2":"type-product","3":"status-publish","4":"has-post-thumbnail","6":"product_cat-monodosis","8":"first","9":"instock","10":"taxable","11":"shipping-taxable","12":"purchasable","13":"product-type-variable","14":"wvs-archive-product-wrapper"},"acf":[],"yoast_head":"<!-- This site is optimized with the Yoast SEO plugin v25.8 - https:\/\/yoast.com\/wordpress\/plugins\/seo\/ -->\n<title>Sal Ligera en Sodio en sobres monodosis - Sal Gourmet<\/title>\n<meta name=\"robots\" content=\"index, follow, max-snippet:-1, max-image-preview:large, max-video-preview:-1\" \/>\n<link rel=\"canonical\" href=\"https:\/\/salgourmet.es\/fr\/monodosis\/sal-ligera-sodio-sobres-monodosis\/\" \/>\n<meta property=\"og:locale\" content=\"fr_FR\" \/>\n<meta property=\"og:type\" content=\"article\" \/>\n<meta property=\"og:title\" content=\"Sal Ligera en Sodio en sobres monodosis - Sal Gourmet\" \/>\n<meta property=\"og:description\" content=\"Sal Ligera en Sodio en sobres monodosis. Sal ligera en sodio procedente del mar Eoceno, fosilizado hace m\u00e1s de 40 millones de a\u00f1os.  MOSL\" \/>\n<meta property=\"og:url\" content=\"https:\/\/salgourmet.es\/fr\/monodosis\/sal-ligera-sodio-sobres-monodosis\/\" \/>\n<meta property=\"og:site_name\" content=\"Sal Gourmet\" \/>\n<meta property=\"article:modified_time\" content=\"2025-03-12T10:20:54+00:00\" \/>\n<meta property=\"og:image\" content=\"https:\/\/salgourmet.es\/wp-content\/uploads\/imagen_2024-07-11_112451673.png\" \/>\n\t<meta property=\"og:image:width\" content=\"798\" \/>\n\t<meta property=\"og:image:height\" content=\"798\" \/>\n\t<meta property=\"og:image:type\" content=\"image\/png\" \/>\n<meta name=\"twitter:card\" content=\"summary_large_image\" \/>\n<meta name=\"twitter:label1\" content=\"Dur\u00e9e de lecture estim\u00e9e\" \/>\n\t<meta name=\"twitter:data1\" content=\"1 minute\" \/>\n<script type=\"application\/ld+json\" class=\"yoast-schema-graph\">{\"@context\":\"https:\/\/schema.org\",\"@graph\":[{\"@type\":\"WebPage\",\"@id\":\"https:\/\/salgourmet.es\/monodosis\/sal-ligera-sodio-sobres-monodosis\/\",\"url\":\"https:\/\/salgourmet.es\/monodosis\/sal-ligera-sodio-sobres-monodosis\/\",\"name\":\"Sal Ligera en Sodio en sobres monodosis - Sal Gourmet\",\"isPartOf\":{\"@id\":\"https:\/\/salgourmet.es\/#website\"},\"primaryImageOfPage\":{\"@id\":\"https:\/\/salgourmet.es\/monodosis\/sal-ligera-sodio-sobres-monodosis\/#primaryimage\"},\"image\":{\"@id\":\"https:\/\/salgourmet.es\/monodosis\/sal-ligera-sodio-sobres-monodosis\/#primaryimage\"},\"thumbnailUrl\":\"https:\/\/salgourmet.es\/wp-content\/uploads\/imagen_2024-07-11_112451673.png\",\"datePublished\":\"2024-07-11T09:24:06+00:00\",\"dateModified\":\"2025-03-12T10:20:54+00:00\",\"breadcrumb\":{\"@id\":\"https:\/\/salgourmet.es\/monodosis\/sal-ligera-sodio-sobres-monodosis\/#breadcrumb\"},\"inLanguage\":\"fr-FR\",\"potentialAction\":[{\"@type\":\"ReadAction\",\"target\":[\"https:\/\/salgourmet.es\/monodosis\/sal-ligera-sodio-sobres-monodosis\/\"]}]},{\"@type\":\"ImageObject\",\"inLanguage\":\"fr-FR\",\"@id\":\"https:\/\/salgourmet.es\/monodosis\/sal-ligera-sodio-sobres-monodosis\/#primaryimage\",\"url\":\"https:\/\/salgourmet.es\/wp-content\/uploads\/imagen_2024-07-11_112451673.png\",\"contentUrl\":\"https:\/\/salgourmet.es\/wp-content\/uploads\/imagen_2024-07-11_112451673.png\",\"width\":798,\"height\":798},{\"@type\":\"BreadcrumbList\",\"@id\":\"https:\/\/salgourmet.es\/monodosis\/sal-ligera-sodio-sobres-monodosis\/#breadcrumb\",\"itemListElement\":[{\"@type\":\"ListItem\",\"position\":1,\"name\":\"Portada\",\"item\":\"https:\/\/salgourmet.es\/\"},{\"@type\":\"ListItem\",\"position\":2,\"name\":\"Tienda\",\"item\":\"https:\/\/salgourmet.es\/tienda\/\"},{\"@type\":\"ListItem\",\"position\":3,\"name\":\"Sal Ligera en Sodio en sobres monodosis\"}]},{\"@type\":\"WebSite\",\"@id\":\"https:\/\/salgourmet.es\/#website\",\"url\":\"https:\/\/salgourmet.es\/\",\"name\":\"Sal Gourmet\",\"description\":\"\",\"potentialAction\":[{\"@type\":\"SearchAction\",\"target\":{\"@type\":\"EntryPoint\",\"urlTemplate\":\"https:\/\/salgourmet.es\/?s={search_term_string}\"},\"query-input\":{\"@type\":\"PropertyValueSpecification\",\"valueRequired\":true,\"valueName\":\"search_term_string\"}}],\"inLanguage\":\"fr-FR\"}]}<\/script>\n<!-- \/ Yoast SEO plugin. -->","yoast_head_json":{"title":"Sal Ligera en Sodio en sobres monodosis - Sal Gourmet","robots":{"index":"index","follow":"follow","max-snippet":"max-snippet:-1","max-image-preview":"max-image-preview:large","max-video-preview":"max-video-preview:-1"},"canonical":"https:\/\/salgourmet.es\/fr\/monodosis\/sal-ligera-sodio-sobres-monodosis\/","og_locale":"fr_FR","og_type":"article","og_title":"Sal Ligera en Sodio en sobres monodosis - Sal Gourmet","og_description":"Sal Ligera en Sodio en sobres monodosis. Sal ligera en sodio procedente del mar Eoceno, fosilizado hace m\u00e1s de 40 millones de a\u00f1os.  MOSL","og_url":"https:\/\/salgourmet.es\/fr\/monodosis\/sal-ligera-sodio-sobres-monodosis\/","og_site_name":"Sal Gourmet","article_modified_time":"2025-03-12T10:20:54+00:00","og_image":[{"width":798,"height":798,"url":"https:\/\/salgourmet.es\/wp-content\/uploads\/imagen_2024-07-11_112451673.png","type":"image\/png"}],"twitter_card":"summary_large_image","twitter_misc":{"Dur\u00e9e de lecture estim\u00e9e":"1 minute"},"schema":{"@context":"https:\/\/schema.org","@graph":[{"@type":"WebPage","@id":"https:\/\/salgourmet.es\/monodosis\/sal-ligera-sodio-sobres-monodosis\/","url":"https:\/\/salgourmet.es\/monodosis\/sal-ligera-sodio-sobres-monodosis\/","name":"Sal Ligera en Sodio en sobres monodosis - Sal Gourmet","isPartOf":{"@id":"https:\/\/salgourmet.es\/#website"},"primaryImageOfPage":{"@id":"https:\/\/salgourmet.es\/monodosis\/sal-ligera-sodio-sobres-monodosis\/#primaryimage"},"image":{"@id":"https:\/\/salgourmet.es\/monodosis\/sal-ligera-sodio-sobres-monodosis\/#primaryimage"},"thumbnailUrl":"https:\/\/salgourmet.es\/wp-content\/uploads\/imagen_2024-07-11_112451673.png","datePublished":"2024-07-11T09:24:06+00:00","dateModified":"2025-03-12T10:20:54+00:00","breadcrumb":{"@id":"https:\/\/salgourmet.es\/monodosis\/sal-ligera-sodio-sobres-monodosis\/#breadcrumb"},"inLanguage":"fr-FR","potentialAction":[{"@type":"ReadAction","target":["https:\/\/salgourmet.es\/monodosis\/sal-ligera-sodio-sobres-monodosis\/"]}]},{"@type":"ImageObject","inLanguage":"fr-FR","@id":"https:\/\/salgourmet.es\/monodosis\/sal-ligera-sodio-sobres-monodosis\/#primaryimage","url":"https:\/\/salgourmet.es\/wp-content\/uploads\/imagen_2024-07-11_112451673.png","contentUrl":"https:\/\/salgourmet.es\/wp-content\/uploads\/imagen_2024-07-11_112451673.png","width":798,"height":798},{"@type":"BreadcrumbList","@id":"https:\/\/salgourmet.es\/monodosis\/sal-ligera-sodio-sobres-monodosis\/#breadcrumb","itemListElement":[{"@type":"ListItem","position":1,"name":"Portada","item":"https:\/\/salgourmet.es\/"},{"@type":"ListItem","position":2,"name":"Tienda","item":"https:\/\/salgourmet.es\/tienda\/"},{"@type":"ListItem","position":3,"name":"Sal Ligera en Sodio en sobres monodosis"}]},{"@type":"WebSite","@id":"https:\/\/salgourmet.es\/#website","url":"https:\/\/salgourmet.es\/","name":"Sel Gourmand","description":"","potentialAction":[{"@type":"SearchAction","target":{"@type":"EntryPoint","urlTemplate":"https:\/\/salgourmet.es\/?s={search_term_string}"},"query-input":{"@type":"PropertyValueSpecification","valueRequired":true,"valueName":"search_term_string"}}],"inLanguage":"fr-FR"}]}},"_links":{"self":[{"href":"https:\/\/salgourmet.es\/fr\/wp-json\/wp\/v2\/product\/397","targetHints":{"allow":["GET"]}}],"collection":[{"href":"https:\/\/salgourmet.es\/fr\/wp-json\/wp\/v2\/product"}],"about":[{"href":"https:\/\/salgourmet.es\/fr\/wp-json\/wp\/v2\/types\/product"}],"wp:featuredmedia":[{"embeddable":true,"href":"https:\/\/salgourmet.es\/fr\/wp-json\/wp\/v2\/media\/428"}],"wp:attachment":[{"href":"https:\/\/salgourmet.es\/fr\/wp-json\/wp\/v2\/media?parent=397"}],"wp:term":[{"taxonomy":"product_brand","embeddable":true,"href":"https:\/\/salgourmet.es\/fr\/wp-json\/wp\/v2\/product_brand?post=397"},{"taxonomy":"product_cat","embeddable":true,"href":"https:\/\/salgourmet.es\/fr\/wp-json\/wp\/v2\/product_cat?post=397"},{"taxonomy":"product_tag","embeddable":true,"href":"https:\/\/salgourmet.es\/fr\/wp-json\/wp\/v2\/product_tag?post=397"}],"curies":[{"name":"wp","href":"https:\/\/api.w.org\/{rel}","templated":true}]}}