{"id":332,"date":"2024-07-11T11:16:28","date_gmt":"2024-07-11T09:16:28","guid":{"rendered":"https:\/\/salgourmet.es\/?post_type=product&#038;p=332"},"modified":"2024-11-18T10:39:18","modified_gmt":"2024-11-18T09:39:18","slug":"trufados","status":"publish","type":"product","link":"https:\/\/salgourmet.es\/fr\/sal-con-especias\/trufados\/","title":{"rendered":"P\u00e9tales de sel de truffe noire naturelle"},"content":{"rendered":"<div class=\"desc\">\n<div class=\"col-12 col-md-6\">\n<div class=\"desc\">P\u00e9tales de sel d\u00e9licats et croquants m\u00e9lang\u00e9s \u00e0 de l&#039;authentique\u00a0<b>truffe noire naturelle<\/b>. La s\u00e9lection la plus exquise de truffes qui, ensemble, se fondent dans le plat, en rehaussant les saveurs.<\/div>\n<\/div>\n<\/div>","protected":false},"excerpt":{"rendered":"<div class=\"desc\">\n<div class=\"desc\">\n<div class=\"col-12 col-md-6\">\n<p>Des p\u00e9tales de sel d\u00e9licats et croquants m\u00e9lang\u00e9s \u00e0 de la truffe noire naturelle authentique. La s\u00e9lection la plus exquise de truffes qui, ensemble, se fondent dans le plat, en rehaussant les saveurs.<\/p>\n<p>PSTP<\/p>\n<\/div>\n<\/div>\n<\/div>","protected":false},"featured_media":347,"template":"","meta":{"_acf_changed":false,"neve_meta_sidebar":"","neve_meta_container":"","neve_meta_enable_content_width":"off","neve_meta_content_width":100,"neve_meta_title_alignment":"","neve_meta_author_avatar":"","neve_post_elements_order":"","neve_meta_disable_header":"","neve_meta_disable_footer":"","neve_meta_disable_title":""},"product_brand":[],"product_cat":[18],"product_tag":[],"class_list":{"0":"post-332","1":"product","2":"type-product","3":"status-publish","4":"has-post-thumbnail","6":"product_cat-sal-con-especias","8":"first","9":"instock","10":"taxable","11":"shipping-taxable","12":"purchasable","13":"product-type-variable","14":"wvs-archive-product-wrapper"},"acf":[],"yoast_head":"<!-- This site is optimized with the Yoast SEO plugin v25.8 - https:\/\/yoast.com\/wordpress\/plugins\/seo\/ -->\n<title>P\u00e9talos de Sal Trufa Negra Natural - Sal Gourmet<\/title>\n<meta name=\"robots\" content=\"index, follow, max-snippet:-1, max-image-preview:large, max-video-preview:-1\" \/>\n<link rel=\"canonical\" href=\"https:\/\/salgourmet.es\/fr\/sal-con-especias\/trufados\/\" \/>\n<meta property=\"og:locale\" content=\"fr_FR\" \/>\n<meta property=\"og:type\" content=\"article\" \/>\n<meta property=\"og:title\" content=\"P\u00e9talos de Sal Trufa Negra Natural - Sal Gourmet\" \/>\n<meta property=\"og:description\" content=\"Delicados y crujientes P\u00e9talos de Sal mezclados con aut\u00e9ntica trufa negra natural. La m\u00e1s exquisita selecci\u00f3n de trufas que, juntos, se fusionan en el plato realzando los sabores.  PSTPS\" \/>\n<meta property=\"og:url\" content=\"https:\/\/salgourmet.es\/fr\/sal-con-especias\/trufados\/\" \/>\n<meta property=\"og:site_name\" content=\"Sal Gourmet\" \/>\n<meta property=\"article:modified_time\" content=\"2024-11-18T09:39:18+00:00\" \/>\n<meta property=\"og:image\" content=\"https:\/\/salgourmet.es\/wp-content\/uploads\/Petalos-de-Sal-Trufa-Negra-Natural.jpg\" \/>\n\t<meta property=\"og:image:width\" content=\"2000\" \/>\n\t<meta property=\"og:image:height\" content=\"2000\" \/>\n\t<meta property=\"og:image:type\" content=\"image\/jpeg\" \/>\n<meta name=\"twitter:card\" content=\"summary_large_image\" \/>\n<meta name=\"twitter:label1\" content=\"Dur\u00e9e de lecture estim\u00e9e\" \/>\n\t<meta name=\"twitter:data1\" content=\"1 minute\" \/>\n<script type=\"application\/ld+json\" class=\"yoast-schema-graph\">{\"@context\":\"https:\/\/schema.org\",\"@graph\":[{\"@type\":\"WebPage\",\"@id\":\"https:\/\/salgourmet.es\/sal-con-especias\/trufados\/\",\"url\":\"https:\/\/salgourmet.es\/sal-con-especias\/trufados\/\",\"name\":\"P\u00e9talos de Sal Trufa Negra Natural - Sal Gourmet\",\"isPartOf\":{\"@id\":\"https:\/\/salgourmet.es\/#website\"},\"primaryImageOfPage\":{\"@id\":\"https:\/\/salgourmet.es\/sal-con-especias\/trufados\/#primaryimage\"},\"image\":{\"@id\":\"https:\/\/salgourmet.es\/sal-con-especias\/trufados\/#primaryimage\"},\"thumbnailUrl\":\"https:\/\/salgourmet.es\/wp-content\/uploads\/Petalos-de-Sal-Trufa-Negra-Natural.jpg\",\"datePublished\":\"2024-07-11T09:16:28+00:00\",\"dateModified\":\"2024-11-18T09:39:18+00:00\",\"breadcrumb\":{\"@id\":\"https:\/\/salgourmet.es\/sal-con-especias\/trufados\/#breadcrumb\"},\"inLanguage\":\"fr-FR\",\"potentialAction\":[{\"@type\":\"ReadAction\",\"target\":[\"https:\/\/salgourmet.es\/sal-con-especias\/trufados\/\"]}]},{\"@type\":\"ImageObject\",\"inLanguage\":\"fr-FR\",\"@id\":\"https:\/\/salgourmet.es\/sal-con-especias\/trufados\/#primaryimage\",\"url\":\"https:\/\/salgourmet.es\/wp-content\/uploads\/Petalos-de-Sal-Trufa-Negra-Natural.jpg\",\"contentUrl\":\"https:\/\/salgourmet.es\/wp-content\/uploads\/Petalos-de-Sal-Trufa-Negra-Natural.jpg\",\"width\":2000,\"height\":2000},{\"@type\":\"BreadcrumbList\",\"@id\":\"https:\/\/salgourmet.es\/sal-con-especias\/trufados\/#breadcrumb\",\"itemListElement\":[{\"@type\":\"ListItem\",\"position\":1,\"name\":\"Portada\",\"item\":\"https:\/\/salgourmet.es\/\"},{\"@type\":\"ListItem\",\"position\":2,\"name\":\"Tienda\",\"item\":\"https:\/\/salgourmet.es\/tienda\/\"},{\"@type\":\"ListItem\",\"position\":3,\"name\":\"P\u00e9talos de Sal Trufa Negra Natural\"}]},{\"@type\":\"WebSite\",\"@id\":\"https:\/\/salgourmet.es\/#website\",\"url\":\"https:\/\/salgourmet.es\/\",\"name\":\"Sal Gourmet\",\"description\":\"\",\"potentialAction\":[{\"@type\":\"SearchAction\",\"target\":{\"@type\":\"EntryPoint\",\"urlTemplate\":\"https:\/\/salgourmet.es\/?s={search_term_string}\"},\"query-input\":{\"@type\":\"PropertyValueSpecification\",\"valueRequired\":true,\"valueName\":\"search_term_string\"}}],\"inLanguage\":\"fr-FR\"}]}<\/script>\n<!-- \/ Yoast SEO plugin. -->","yoast_head_json":{"title":"P\u00e9talos de Sal Trufa Negra Natural - Sal Gourmet","robots":{"index":"index","follow":"follow","max-snippet":"max-snippet:-1","max-image-preview":"max-image-preview:large","max-video-preview":"max-video-preview:-1"},"canonical":"https:\/\/salgourmet.es\/fr\/sal-con-especias\/trufados\/","og_locale":"fr_FR","og_type":"article","og_title":"P\u00e9talos de Sal Trufa Negra Natural - Sal Gourmet","og_description":"Delicados y crujientes P\u00e9talos de Sal mezclados con aut\u00e9ntica trufa negra natural. La m\u00e1s exquisita selecci\u00f3n de trufas que, juntos, se fusionan en el plato realzando los sabores.  PSTPS","og_url":"https:\/\/salgourmet.es\/fr\/sal-con-especias\/trufados\/","og_site_name":"Sal Gourmet","article_modified_time":"2024-11-18T09:39:18+00:00","og_image":[{"width":2000,"height":2000,"url":"https:\/\/salgourmet.es\/wp-content\/uploads\/Petalos-de-Sal-Trufa-Negra-Natural.jpg","type":"image\/jpeg"}],"twitter_card":"summary_large_image","twitter_misc":{"Dur\u00e9e de lecture estim\u00e9e":"1 minute"},"schema":{"@context":"https:\/\/schema.org","@graph":[{"@type":"WebPage","@id":"https:\/\/salgourmet.es\/sal-con-especias\/trufados\/","url":"https:\/\/salgourmet.es\/sal-con-especias\/trufados\/","name":"P\u00e9talos de Sal Trufa Negra Natural - Sal Gourmet","isPartOf":{"@id":"https:\/\/salgourmet.es\/#website"},"primaryImageOfPage":{"@id":"https:\/\/salgourmet.es\/sal-con-especias\/trufados\/#primaryimage"},"image":{"@id":"https:\/\/salgourmet.es\/sal-con-especias\/trufados\/#primaryimage"},"thumbnailUrl":"https:\/\/salgourmet.es\/wp-content\/uploads\/Petalos-de-Sal-Trufa-Negra-Natural.jpg","datePublished":"2024-07-11T09:16:28+00:00","dateModified":"2024-11-18T09:39:18+00:00","breadcrumb":{"@id":"https:\/\/salgourmet.es\/sal-con-especias\/trufados\/#breadcrumb"},"inLanguage":"fr-FR","potentialAction":[{"@type":"ReadAction","target":["https:\/\/salgourmet.es\/sal-con-especias\/trufados\/"]}]},{"@type":"ImageObject","inLanguage":"fr-FR","@id":"https:\/\/salgourmet.es\/sal-con-especias\/trufados\/#primaryimage","url":"https:\/\/salgourmet.es\/wp-content\/uploads\/Petalos-de-Sal-Trufa-Negra-Natural.jpg","contentUrl":"https:\/\/salgourmet.es\/wp-content\/uploads\/Petalos-de-Sal-Trufa-Negra-Natural.jpg","width":2000,"height":2000},{"@type":"BreadcrumbList","@id":"https:\/\/salgourmet.es\/sal-con-especias\/trufados\/#breadcrumb","itemListElement":[{"@type":"ListItem","position":1,"name":"Portada","item":"https:\/\/salgourmet.es\/"},{"@type":"ListItem","position":2,"name":"Tienda","item":"https:\/\/salgourmet.es\/tienda\/"},{"@type":"ListItem","position":3,"name":"P\u00e9talos de Sal Trufa Negra Natural"}]},{"@type":"WebSite","@id":"https:\/\/salgourmet.es\/#website","url":"https:\/\/salgourmet.es\/","name":"Sel Gourmand","description":"","potentialAction":[{"@type":"SearchAction","target":{"@type":"EntryPoint","urlTemplate":"https:\/\/salgourmet.es\/?s={search_term_string}"},"query-input":{"@type":"PropertyValueSpecification","valueRequired":true,"valueName":"search_term_string"}}],"inLanguage":"fr-FR"}]}},"_links":{"self":[{"href":"https:\/\/salgourmet.es\/fr\/wp-json\/wp\/v2\/product\/332","targetHints":{"allow":["GET"]}}],"collection":[{"href":"https:\/\/salgourmet.es\/fr\/wp-json\/wp\/v2\/product"}],"about":[{"href":"https:\/\/salgourmet.es\/fr\/wp-json\/wp\/v2\/types\/product"}],"wp:featuredmedia":[{"embeddable":true,"href":"https:\/\/salgourmet.es\/fr\/wp-json\/wp\/v2\/media\/347"}],"wp:attachment":[{"href":"https:\/\/salgourmet.es\/fr\/wp-json\/wp\/v2\/media?parent=332"}],"wp:term":[{"taxonomy":"product_brand","embeddable":true,"href":"https:\/\/salgourmet.es\/fr\/wp-json\/wp\/v2\/product_brand?post=332"},{"taxonomy":"product_cat","embeddable":true,"href":"https:\/\/salgourmet.es\/fr\/wp-json\/wp\/v2\/product_cat?post=332"},{"taxonomy":"product_tag","embeddable":true,"href":"https:\/\/salgourmet.es\/fr\/wp-json\/wp\/v2\/product_tag?post=332"}],"curies":[{"name":"wp","href":"https:\/\/api.w.org\/{rel}","templated":true}]}}