{"id":266,"date":"2024-07-11T10:58:12","date_gmt":"2024-07-11T08:58:12","guid":{"rendered":"https:\/\/salgourmet.es\/?post_type=product&#038;p=266"},"modified":"2025-11-12T11:47:38","modified_gmt":"2025-11-12T10:47:38","slug":"negra","status":"publish","type":"product","link":"https:\/\/salgourmet.es\/fr\/petalos-de-sal\/negra\/","title":{"rendered":"P\u00e9tales de sel noir assaisonn\u00e9"},"content":{"rendered":"<div class=\"desc\">\n<div class=\"desc\">\n<p>Les p\u00e9tales de sel fossile sont un sel sous forme de cristaux pyramidaux au go\u00fbt tr\u00e8s doux en raison de son origine min\u00e9rale et de sa teneur \u00e9lev\u00e9e en oligo-\u00e9l\u00e9ments, qui, contrairement \u00e0 certains sels des flocons marins, n&#039;a pas cet arri\u00e8re-go\u00fbt l\u00e9g\u00e8rement amer. En ajoutant des p\u00e9tales de sel au moment de servir, ils se fondent dans le plat, rehaussant les saveurs des aliments. Il a une saveur particuli\u00e8re et est tr\u00e8s esth\u00e9tique. Des flocons de sel noir qui donnent \u00e0 vos plats la texture croquante caract\u00e9ristique des flocons de sel, et une couleur suppl\u00e9mentaire \u00e0 vos plats, les sublimant.<\/p>\n<\/div>\n<\/div>","protected":false},"excerpt":{"rendered":"<div class=\"desc\">\n<p>Un sel diff\u00e9rent, croquant, d\u00e9licat et si fin qu&#039;il se dissout seulement au contact de vos l\u00e8vres. P\u00e9tales croustillants au bouquet et \u00e0 la couleur intense qui se fondent dans le plat, rehaussant les saveurs.<\/p>\n<\/div>\n<p>PSNPS<\/p>","protected":false},"featured_media":281,"template":"","meta":{"_acf_changed":false,"neve_meta_sidebar":"","neve_meta_container":"","neve_meta_enable_content_width":"off","neve_meta_content_width":100,"neve_meta_title_alignment":"","neve_meta_author_avatar":"","neve_post_elements_order":"","neve_meta_disable_header":"","neve_meta_disable_footer":"","neve_meta_disable_title":""},"product_brand":[],"product_cat":[17],"product_tag":[],"class_list":{"0":"post-266","1":"product","2":"type-product","3":"status-publish","4":"has-post-thumbnail","6":"product_cat-petalos-de-sal","8":"first","9":"instock","10":"taxable","11":"shipping-taxable","12":"purchasable","13":"product-type-variable","14":"wvs-archive-product-wrapper"},"acf":[],"yoast_head":"<!-- This site is optimized with the Yoast SEO plugin v25.8 - https:\/\/yoast.com\/wordpress\/plugins\/seo\/ -->\n<title>P\u00e9talos de Sal Sazonador Negro - Sal Gourmet<\/title>\n<meta name=\"robots\" content=\"index, follow, max-snippet:-1, max-image-preview:large, max-video-preview:-1\" \/>\n<link rel=\"canonical\" href=\"https:\/\/salgourmet.es\/fr\/petalos-de-sal\/negra\/\" \/>\n<meta property=\"og:locale\" content=\"fr_FR\" \/>\n<meta property=\"og:type\" content=\"article\" \/>\n<meta property=\"og:title\" content=\"P\u00e9talos de Sal Sazonador Negro - Sal Gourmet\" \/>\n<meta property=\"og:description\" content=\"Una sal diferente, crujiente, delicada y tan fina, que se disuelve solamente rozar los labios. P\u00e9talos crujientes de bouquet y color\u00a0intenso que se fusionan en el plato realzando los sabores.   PSNPS\" \/>\n<meta property=\"og:url\" content=\"https:\/\/salgourmet.es\/fr\/petalos-de-sal\/negra\/\" \/>\n<meta property=\"og:site_name\" content=\"Sal Gourmet\" \/>\n<meta property=\"article:modified_time\" content=\"2025-11-12T10:47:38+00:00\" \/>\n<meta property=\"og:image\" content=\"https:\/\/salgourmet.es\/wp-content\/uploads\/Petalos-de-Sal-Negra.jpg\" \/>\n\t<meta property=\"og:image:width\" content=\"2000\" \/>\n\t<meta property=\"og:image:height\" content=\"2000\" \/>\n\t<meta property=\"og:image:type\" content=\"image\/jpeg\" \/>\n<meta name=\"twitter:card\" content=\"summary_large_image\" \/>\n<meta name=\"twitter:label1\" content=\"Dur\u00e9e de lecture estim\u00e9e\" \/>\n\t<meta name=\"twitter:data1\" content=\"1 minute\" \/>\n<script type=\"application\/ld+json\" class=\"yoast-schema-graph\">{\"@context\":\"https:\/\/schema.org\",\"@graph\":[{\"@type\":\"WebPage\",\"@id\":\"https:\/\/salgourmet.es\/petalos-de-sal\/negra\/\",\"url\":\"https:\/\/salgourmet.es\/petalos-de-sal\/negra\/\",\"name\":\"P\u00e9talos de Sal Sazonador Negro - Sal Gourmet\",\"isPartOf\":{\"@id\":\"https:\/\/salgourmet.es\/#website\"},\"primaryImageOfPage\":{\"@id\":\"https:\/\/salgourmet.es\/petalos-de-sal\/negra\/#primaryimage\"},\"image\":{\"@id\":\"https:\/\/salgourmet.es\/petalos-de-sal\/negra\/#primaryimage\"},\"thumbnailUrl\":\"https:\/\/salgourmet.es\/wp-content\/uploads\/Petalos-de-Sal-Negra.jpg\",\"datePublished\":\"2024-07-11T08:58:12+00:00\",\"dateModified\":\"2025-11-12T10:47:38+00:00\",\"breadcrumb\":{\"@id\":\"https:\/\/salgourmet.es\/petalos-de-sal\/negra\/#breadcrumb\"},\"inLanguage\":\"fr-FR\",\"potentialAction\":[{\"@type\":\"ReadAction\",\"target\":[\"https:\/\/salgourmet.es\/petalos-de-sal\/negra\/\"]}]},{\"@type\":\"ImageObject\",\"inLanguage\":\"fr-FR\",\"@id\":\"https:\/\/salgourmet.es\/petalos-de-sal\/negra\/#primaryimage\",\"url\":\"https:\/\/salgourmet.es\/wp-content\/uploads\/Petalos-de-Sal-Negra.jpg\",\"contentUrl\":\"https:\/\/salgourmet.es\/wp-content\/uploads\/Petalos-de-Sal-Negra.jpg\",\"width\":2000,\"height\":2000},{\"@type\":\"BreadcrumbList\",\"@id\":\"https:\/\/salgourmet.es\/petalos-de-sal\/negra\/#breadcrumb\",\"itemListElement\":[{\"@type\":\"ListItem\",\"position\":1,\"name\":\"Portada\",\"item\":\"https:\/\/salgourmet.es\/\"},{\"@type\":\"ListItem\",\"position\":2,\"name\":\"Tienda\",\"item\":\"https:\/\/salgourmet.es\/tienda\/\"},{\"@type\":\"ListItem\",\"position\":3,\"name\":\"P\u00e9talos de Sal Sazonador Negro\"}]},{\"@type\":\"WebSite\",\"@id\":\"https:\/\/salgourmet.es\/#website\",\"url\":\"https:\/\/salgourmet.es\/\",\"name\":\"Sal Gourmet\",\"description\":\"\",\"potentialAction\":[{\"@type\":\"SearchAction\",\"target\":{\"@type\":\"EntryPoint\",\"urlTemplate\":\"https:\/\/salgourmet.es\/?s={search_term_string}\"},\"query-input\":{\"@type\":\"PropertyValueSpecification\",\"valueRequired\":true,\"valueName\":\"search_term_string\"}}],\"inLanguage\":\"fr-FR\"}]}<\/script>\n<!-- \/ Yoast SEO plugin. -->","yoast_head_json":{"title":"P\u00e9talos de Sal Sazonador Negro - Sal Gourmet","robots":{"index":"index","follow":"follow","max-snippet":"max-snippet:-1","max-image-preview":"max-image-preview:large","max-video-preview":"max-video-preview:-1"},"canonical":"https:\/\/salgourmet.es\/fr\/petalos-de-sal\/negra\/","og_locale":"fr_FR","og_type":"article","og_title":"P\u00e9talos de Sal Sazonador Negro - Sal Gourmet","og_description":"Una sal diferente, crujiente, delicada y tan fina, que se disuelve solamente rozar los labios. P\u00e9talos crujientes de bouquet y color\u00a0intenso que se fusionan en el plato realzando los sabores.   PSNPS","og_url":"https:\/\/salgourmet.es\/fr\/petalos-de-sal\/negra\/","og_site_name":"Sal Gourmet","article_modified_time":"2025-11-12T10:47:38+00:00","og_image":[{"width":2000,"height":2000,"url":"https:\/\/salgourmet.es\/wp-content\/uploads\/Petalos-de-Sal-Negra.jpg","type":"image\/jpeg"}],"twitter_card":"summary_large_image","twitter_misc":{"Dur\u00e9e de lecture estim\u00e9e":"1 minute"},"schema":{"@context":"https:\/\/schema.org","@graph":[{"@type":"WebPage","@id":"https:\/\/salgourmet.es\/petalos-de-sal\/negra\/","url":"https:\/\/salgourmet.es\/petalos-de-sal\/negra\/","name":"P\u00e9talos de Sal Sazonador Negro - Sal Gourmet","isPartOf":{"@id":"https:\/\/salgourmet.es\/#website"},"primaryImageOfPage":{"@id":"https:\/\/salgourmet.es\/petalos-de-sal\/negra\/#primaryimage"},"image":{"@id":"https:\/\/salgourmet.es\/petalos-de-sal\/negra\/#primaryimage"},"thumbnailUrl":"https:\/\/salgourmet.es\/wp-content\/uploads\/Petalos-de-Sal-Negra.jpg","datePublished":"2024-07-11T08:58:12+00:00","dateModified":"2025-11-12T10:47:38+00:00","breadcrumb":{"@id":"https:\/\/salgourmet.es\/petalos-de-sal\/negra\/#breadcrumb"},"inLanguage":"fr-FR","potentialAction":[{"@type":"ReadAction","target":["https:\/\/salgourmet.es\/petalos-de-sal\/negra\/"]}]},{"@type":"ImageObject","inLanguage":"fr-FR","@id":"https:\/\/salgourmet.es\/petalos-de-sal\/negra\/#primaryimage","url":"https:\/\/salgourmet.es\/wp-content\/uploads\/Petalos-de-Sal-Negra.jpg","contentUrl":"https:\/\/salgourmet.es\/wp-content\/uploads\/Petalos-de-Sal-Negra.jpg","width":2000,"height":2000},{"@type":"BreadcrumbList","@id":"https:\/\/salgourmet.es\/petalos-de-sal\/negra\/#breadcrumb","itemListElement":[{"@type":"ListItem","position":1,"name":"Portada","item":"https:\/\/salgourmet.es\/"},{"@type":"ListItem","position":2,"name":"Tienda","item":"https:\/\/salgourmet.es\/tienda\/"},{"@type":"ListItem","position":3,"name":"P\u00e9talos de Sal Sazonador Negro"}]},{"@type":"WebSite","@id":"https:\/\/salgourmet.es\/#website","url":"https:\/\/salgourmet.es\/","name":"Sel Gourmand","description":"","potentialAction":[{"@type":"SearchAction","target":{"@type":"EntryPoint","urlTemplate":"https:\/\/salgourmet.es\/?s={search_term_string}"},"query-input":{"@type":"PropertyValueSpecification","valueRequired":true,"valueName":"search_term_string"}}],"inLanguage":"fr-FR"}]}},"_links":{"self":[{"href":"https:\/\/salgourmet.es\/fr\/wp-json\/wp\/v2\/product\/266","targetHints":{"allow":["GET"]}}],"collection":[{"href":"https:\/\/salgourmet.es\/fr\/wp-json\/wp\/v2\/product"}],"about":[{"href":"https:\/\/salgourmet.es\/fr\/wp-json\/wp\/v2\/types\/product"}],"wp:featuredmedia":[{"embeddable":true,"href":"https:\/\/salgourmet.es\/fr\/wp-json\/wp\/v2\/media\/281"}],"wp:attachment":[{"href":"https:\/\/salgourmet.es\/fr\/wp-json\/wp\/v2\/media?parent=266"}],"wp:term":[{"taxonomy":"product_brand","embeddable":true,"href":"https:\/\/salgourmet.es\/fr\/wp-json\/wp\/v2\/product_brand?post=266"},{"taxonomy":"product_cat","embeddable":true,"href":"https:\/\/salgourmet.es\/fr\/wp-json\/wp\/v2\/product_cat?post=266"},{"taxonomy":"product_tag","embeddable":true,"href":"https:\/\/salgourmet.es\/fr\/wp-json\/wp\/v2\/product_tag?post=266"}],"curies":[{"name":"wp","href":"https:\/\/api.w.org\/{rel}","templated":true}]}}