{"id":1592,"date":"2024-07-16T00:15:46","date_gmt":"2024-07-15T22:15:46","guid":{"rendered":"https:\/\/salgourmet.es\/?post_type=product&#038;p=1592"},"modified":"2025-03-11T12:06:18","modified_gmt":"2025-03-11T11:06:18","slug":"villena","status":"publish","type":"product","link":"https:\/\/salgourmet.es\/fr\/sales-del-mundo\/villena\/","title":{"rendered":"Sel de Villena"},"content":{"rendered":"<div class=\"desc\">\n<div class=\"col-12 col-md-6\">\n<div class=\"desc\">\n<div class=\"desc\">\n<div class=\"desc\">\n<div class=\"col-12 col-md-6\">\n<div class=\"col-12 col-md-6\">\n<div class=\"desc\">\n<div class=\"col-12 col-md-6\">\n<div class=\"desc\">\n<div class=\"col-12 col-md-6\">\n<div class=\"desc\">\n<div class=\"desc\">\n<div class=\"col-12 col-md-6\">\n<div class=\"col-12 col-md-6\">Sel de rivi\u00e8re 100 % naturel. S\u00e9ch\u00e9 au soleil de la M\u00e9diterran\u00e9e et au vent du couloir de Villena, broy\u00e9 \u00e0 la main dans un moulin en pierre. Ce sel est tr\u00e8s riche en oligo\u00e9l\u00e9ments.<\/div>\n<\/div>\n<\/div>\n<\/div>\n<\/div>\n<\/div>\n<\/div>\n<\/div>\n<\/div>\n<\/div>\n<div class=\"col-12 col-md-6\"><\/div>\n<\/div>\n<\/div>\n<\/div>\n<\/div>\n<\/div>","protected":false},"excerpt":{"rendered":"<div class=\"desc\">\n<div class=\"desc\">\n<div class=\"col-12 col-md-6\">\n<div class=\"col-12 col-md-6\">\n<div class=\"desc\">\n<div class=\"desc\">\n<div class=\"col-12 col-md-6\">\n<div class=\"desc\">\n<div class=\"desc\">Sel de rivi\u00e8re 100 % naturel. S\u00e9ch\u00e9 au soleil de la M\u00e9diterran\u00e9e et au vent du couloir de Villena, broy\u00e9 \u00e0 la main dans un moulin en pierre. Ce sel est tr\u00e8s riche en oligo\u00e9l\u00e9ments.<br \/>\nSVSM<\/div>\n<\/div>\n<\/div>\n<\/div>\n<\/div>\n<\/div>\n<\/div>\n<\/div>\n<\/div>","protected":false},"featured_media":605,"template":"","meta":{"_acf_changed":false,"neve_meta_sidebar":"","neve_meta_container":"","neve_meta_enable_content_width":"off","neve_meta_content_width":100,"neve_meta_title_alignment":"","neve_meta_author_avatar":"","neve_post_elements_order":"","neve_meta_disable_header":"","neve_meta_disable_footer":"","neve_meta_disable_title":""},"product_brand":[],"product_cat":[19],"product_tag":[],"class_list":{"0":"post-1592","1":"product","2":"type-product","3":"status-publish","4":"has-post-thumbnail","6":"product_cat-sales-del-mundo","8":"first","9":"instock","10":"taxable","11":"shipping-taxable","12":"purchasable","13":"product-type-variable","14":"wvs-archive-product-wrapper"},"acf":[],"yoast_head":"<!-- This site is optimized with the Yoast SEO plugin v25.8 - https:\/\/yoast.com\/wordpress\/plugins\/seo\/ -->\n<title>Sal de Villena - Sal Gourmet<\/title>\n<meta name=\"robots\" content=\"index, follow, max-snippet:-1, max-image-preview:large, max-video-preview:-1\" \/>\n<link rel=\"canonical\" href=\"https:\/\/salgourmet.es\/fr\/sales-del-mundo\/villena\/\" \/>\n<meta property=\"og:locale\" content=\"fr_FR\" \/>\n<meta property=\"og:type\" content=\"article\" \/>\n<meta property=\"og:title\" content=\"Sal de Villena - Sal Gourmet\" \/>\n<meta property=\"og:description\" content=\"Sal de r\u00edo 100 % natural. Secada al sol Mediterr\u00e1neo y al viento del corredor de Villena, molturada artesanalmente en molino de piedra. Esta sal es muy rica en oligoelementos. SVSM\" \/>\n<meta property=\"og:url\" content=\"https:\/\/salgourmet.es\/fr\/sales-del-mundo\/villena\/\" \/>\n<meta property=\"og:site_name\" content=\"Sal Gourmet\" \/>\n<meta property=\"article:modified_time\" content=\"2025-03-11T11:06:18+00:00\" \/>\n<meta property=\"og:image\" content=\"https:\/\/salgourmet.es\/wp-content\/uploads\/Sal-de-Villena.jpg\" \/>\n\t<meta property=\"og:image:width\" content=\"2000\" \/>\n\t<meta property=\"og:image:height\" content=\"2000\" \/>\n\t<meta property=\"og:image:type\" content=\"image\/jpeg\" \/>\n<meta name=\"twitter:card\" content=\"summary_large_image\" \/>\n<meta name=\"twitter:label1\" content=\"Dur\u00e9e de lecture estim\u00e9e\" \/>\n\t<meta name=\"twitter:data1\" content=\"1 minute\" \/>\n<script type=\"application\/ld+json\" class=\"yoast-schema-graph\">{\"@context\":\"https:\/\/schema.org\",\"@graph\":[{\"@type\":\"WebPage\",\"@id\":\"https:\/\/salgourmet.es\/sales-del-mundo\/villena\/\",\"url\":\"https:\/\/salgourmet.es\/sales-del-mundo\/villena\/\",\"name\":\"Sal de Villena - Sal Gourmet\",\"isPartOf\":{\"@id\":\"https:\/\/salgourmet.es\/#website\"},\"primaryImageOfPage\":{\"@id\":\"https:\/\/salgourmet.es\/sales-del-mundo\/villena\/#primaryimage\"},\"image\":{\"@id\":\"https:\/\/salgourmet.es\/sales-del-mundo\/villena\/#primaryimage\"},\"thumbnailUrl\":\"https:\/\/salgourmet.es\/wp-content\/uploads\/Sal-de-Villena.jpg\",\"datePublished\":\"2024-07-15T22:15:46+00:00\",\"dateModified\":\"2025-03-11T11:06:18+00:00\",\"breadcrumb\":{\"@id\":\"https:\/\/salgourmet.es\/sales-del-mundo\/villena\/#breadcrumb\"},\"inLanguage\":\"fr-FR\",\"potentialAction\":[{\"@type\":\"ReadAction\",\"target\":[\"https:\/\/salgourmet.es\/sales-del-mundo\/villena\/\"]}]},{\"@type\":\"ImageObject\",\"inLanguage\":\"fr-FR\",\"@id\":\"https:\/\/salgourmet.es\/sales-del-mundo\/villena\/#primaryimage\",\"url\":\"https:\/\/salgourmet.es\/wp-content\/uploads\/Sal-de-Villena.jpg\",\"contentUrl\":\"https:\/\/salgourmet.es\/wp-content\/uploads\/Sal-de-Villena.jpg\",\"width\":2000,\"height\":2000},{\"@type\":\"BreadcrumbList\",\"@id\":\"https:\/\/salgourmet.es\/sales-del-mundo\/villena\/#breadcrumb\",\"itemListElement\":[{\"@type\":\"ListItem\",\"position\":1,\"name\":\"Portada\",\"item\":\"https:\/\/salgourmet.es\/\"},{\"@type\":\"ListItem\",\"position\":2,\"name\":\"Tienda\",\"item\":\"https:\/\/salgourmet.es\/tienda\/\"},{\"@type\":\"ListItem\",\"position\":3,\"name\":\"Sal de Villena\"}]},{\"@type\":\"WebSite\",\"@id\":\"https:\/\/salgourmet.es\/#website\",\"url\":\"https:\/\/salgourmet.es\/\",\"name\":\"Sal Gourmet\",\"description\":\"\",\"potentialAction\":[{\"@type\":\"SearchAction\",\"target\":{\"@type\":\"EntryPoint\",\"urlTemplate\":\"https:\/\/salgourmet.es\/?s={search_term_string}\"},\"query-input\":{\"@type\":\"PropertyValueSpecification\",\"valueRequired\":true,\"valueName\":\"search_term_string\"}}],\"inLanguage\":\"fr-FR\"}]}<\/script>\n<!-- \/ Yoast SEO plugin. -->","yoast_head_json":{"title":"Sal de Villena - Sal Gourmet","robots":{"index":"index","follow":"follow","max-snippet":"max-snippet:-1","max-image-preview":"max-image-preview:large","max-video-preview":"max-video-preview:-1"},"canonical":"https:\/\/salgourmet.es\/fr\/sales-del-mundo\/villena\/","og_locale":"fr_FR","og_type":"article","og_title":"Sal de Villena - Sal Gourmet","og_description":"Sal de r\u00edo 100 % natural. Secada al sol Mediterr\u00e1neo y al viento del corredor de Villena, molturada artesanalmente en molino de piedra. Esta sal es muy rica en oligoelementos. SVSM","og_url":"https:\/\/salgourmet.es\/fr\/sales-del-mundo\/villena\/","og_site_name":"Sal Gourmet","article_modified_time":"2025-03-11T11:06:18+00:00","og_image":[{"width":2000,"height":2000,"url":"https:\/\/salgourmet.es\/wp-content\/uploads\/Sal-de-Villena.jpg","type":"image\/jpeg"}],"twitter_card":"summary_large_image","twitter_misc":{"Dur\u00e9e de lecture estim\u00e9e":"1 minute"},"schema":{"@context":"https:\/\/schema.org","@graph":[{"@type":"WebPage","@id":"https:\/\/salgourmet.es\/sales-del-mundo\/villena\/","url":"https:\/\/salgourmet.es\/sales-del-mundo\/villena\/","name":"Sal de Villena - Sal Gourmet","isPartOf":{"@id":"https:\/\/salgourmet.es\/#website"},"primaryImageOfPage":{"@id":"https:\/\/salgourmet.es\/sales-del-mundo\/villena\/#primaryimage"},"image":{"@id":"https:\/\/salgourmet.es\/sales-del-mundo\/villena\/#primaryimage"},"thumbnailUrl":"https:\/\/salgourmet.es\/wp-content\/uploads\/Sal-de-Villena.jpg","datePublished":"2024-07-15T22:15:46+00:00","dateModified":"2025-03-11T11:06:18+00:00","breadcrumb":{"@id":"https:\/\/salgourmet.es\/sales-del-mundo\/villena\/#breadcrumb"},"inLanguage":"fr-FR","potentialAction":[{"@type":"ReadAction","target":["https:\/\/salgourmet.es\/sales-del-mundo\/villena\/"]}]},{"@type":"ImageObject","inLanguage":"fr-FR","@id":"https:\/\/salgourmet.es\/sales-del-mundo\/villena\/#primaryimage","url":"https:\/\/salgourmet.es\/wp-content\/uploads\/Sal-de-Villena.jpg","contentUrl":"https:\/\/salgourmet.es\/wp-content\/uploads\/Sal-de-Villena.jpg","width":2000,"height":2000},{"@type":"BreadcrumbList","@id":"https:\/\/salgourmet.es\/sales-del-mundo\/villena\/#breadcrumb","itemListElement":[{"@type":"ListItem","position":1,"name":"Portada","item":"https:\/\/salgourmet.es\/"},{"@type":"ListItem","position":2,"name":"Tienda","item":"https:\/\/salgourmet.es\/tienda\/"},{"@type":"ListItem","position":3,"name":"Sal de Villena"}]},{"@type":"WebSite","@id":"https:\/\/salgourmet.es\/#website","url":"https:\/\/salgourmet.es\/","name":"Sel Gourmand","description":"","potentialAction":[{"@type":"SearchAction","target":{"@type":"EntryPoint","urlTemplate":"https:\/\/salgourmet.es\/?s={search_term_string}"},"query-input":{"@type":"PropertyValueSpecification","valueRequired":true,"valueName":"search_term_string"}}],"inLanguage":"fr-FR"}]}},"_links":{"self":[{"href":"https:\/\/salgourmet.es\/fr\/wp-json\/wp\/v2\/product\/1592","targetHints":{"allow":["GET"]}}],"collection":[{"href":"https:\/\/salgourmet.es\/fr\/wp-json\/wp\/v2\/product"}],"about":[{"href":"https:\/\/salgourmet.es\/fr\/wp-json\/wp\/v2\/types\/product"}],"wp:featuredmedia":[{"embeddable":true,"href":"https:\/\/salgourmet.es\/fr\/wp-json\/wp\/v2\/media\/605"}],"wp:attachment":[{"href":"https:\/\/salgourmet.es\/fr\/wp-json\/wp\/v2\/media?parent=1592"}],"wp:term":[{"taxonomy":"product_brand","embeddable":true,"href":"https:\/\/salgourmet.es\/fr\/wp-json\/wp\/v2\/product_brand?post=1592"},{"taxonomy":"product_cat","embeddable":true,"href":"https:\/\/salgourmet.es\/fr\/wp-json\/wp\/v2\/product_cat?post=1592"},{"taxonomy":"product_tag","embeddable":true,"href":"https:\/\/salgourmet.es\/fr\/wp-json\/wp\/v2\/product_tag?post=1592"}],"curies":[{"name":"wp","href":"https:\/\/api.w.org\/{rel}","templated":true}]}}