{"id":112,"date":"2024-07-07T14:02:59","date_gmt":"2024-07-07T12:02:59","guid":{"rendered":"https:\/\/salgourmet.es\/?post_type=product&#038;p=112"},"modified":"2024-11-18T10:39:54","modified_gmt":"2024-11-18T09:39:54","slug":"blanca","status":"publish","type":"product","link":"https:\/\/salgourmet.es\/fr\/petalos-de-sal\/blanca\/","title":{"rendered":"P\u00e9tales de sel blanc"},"content":{"rendered":"<div class=\"desc\">\n<p>Fossil\u00ae Salt Petals est un sel sous forme de cristaux pyramidaux, au go\u00fbt tr\u00e8s doux en raison de son origine min\u00e9rale et de sa teneur \u00e9lev\u00e9e en oligo-\u00e9l\u00e9ments, qui, contrairement \u00e0 certains sels des flocons marins, n&#039;a pas cet arri\u00e8re-go\u00fbt l\u00e9g\u00e8rement amer. En ajoutant des p\u00e9tales de sel au moment de servir, ils se fondent dans le plat, rehaussant les saveurs des aliments. Ses cristaux sont en forme de pyramide et suffisamment fragiles pour se briser entre les doigts. Il est fabriqu\u00e9 de la mani\u00e8re la plus rigoureuse et la plus lente qui soit, en contr\u00f4lant les param\u00e8tres de temp\u00e9rature et l&#039;origine.<\/p>\n<\/div>","protected":false},"excerpt":{"rendered":"<div class=\"desc\">\n<div class=\"desc\">\n<p>Un sel diff\u00e9rent, croquant, d\u00e9licat et si fin qu&#039;il se dissout seulement au contact de vos l\u00e8vres. Des p\u00e9tales croustillants au bouquet intense qui se fondent dans le plat, rehaussant les saveurs.<\/p>\n<\/div>\n<p>PSPS<\/p>\n<\/div>","protected":false},"featured_media":115,"template":"","meta":{"_acf_changed":false,"neve_meta_sidebar":"","neve_meta_container":"","neve_meta_enable_content_width":"off","neve_meta_content_width":100,"neve_meta_title_alignment":"","neve_meta_author_avatar":"","neve_post_elements_order":"","neve_meta_disable_header":"","neve_meta_disable_footer":"","neve_meta_disable_title":""},"product_brand":[],"product_cat":[17],"product_tag":[],"class_list":{"0":"post-112","1":"product","2":"type-product","3":"status-publish","4":"has-post-thumbnail","6":"product_cat-petalos-de-sal","8":"first","9":"instock","10":"taxable","11":"shipping-taxable","12":"purchasable","13":"product-type-variable","14":"wvs-archive-product-wrapper"},"acf":[],"yoast_head":"<!-- This site is optimized with the Yoast SEO plugin v25.8 - https:\/\/yoast.com\/wordpress\/plugins\/seo\/ -->\n<title>P\u00e9talos de Sal Blanca - Sal Gourmet<\/title>\n<meta name=\"robots\" content=\"index, follow, max-snippet:-1, max-image-preview:large, max-video-preview:-1\" \/>\n<link rel=\"canonical\" href=\"https:\/\/salgourmet.es\/fr\/petalos-de-sal\/blanca\/\" \/>\n<meta property=\"og:locale\" content=\"fr_FR\" \/>\n<meta property=\"og:type\" content=\"article\" \/>\n<meta property=\"og:title\" content=\"P\u00e9talos de Sal Blanca - Sal Gourmet\" \/>\n<meta property=\"og:description\" content=\"Una sal diferente, crujiente, delicada y tan fina, que se disuelve solamente rozar los labios. P\u00e9talos crujientes de bouquet intenso que se fusionan en el plato realzando los sabores.   PSPS\" \/>\n<meta property=\"og:url\" content=\"https:\/\/salgourmet.es\/fr\/petalos-de-sal\/blanca\/\" \/>\n<meta property=\"og:site_name\" content=\"Sal Gourmet\" \/>\n<meta property=\"article:modified_time\" content=\"2024-11-18T09:39:54+00:00\" \/>\n<meta property=\"og:image\" content=\"https:\/\/salgourmet.es\/wp-content\/uploads\/2024\/07\/2_1-1.jpg\" \/>\n\t<meta property=\"og:image:width\" content=\"2000\" \/>\n\t<meta property=\"og:image:height\" content=\"2000\" \/>\n\t<meta property=\"og:image:type\" content=\"image\/jpeg\" \/>\n<meta name=\"twitter:card\" content=\"summary_large_image\" \/>\n<meta name=\"twitter:label1\" content=\"Dur\u00e9e de lecture estim\u00e9e\" \/>\n\t<meta name=\"twitter:data1\" content=\"1 minute\" \/>\n<script type=\"application\/ld+json\" class=\"yoast-schema-graph\">{\"@context\":\"https:\/\/schema.org\",\"@graph\":[{\"@type\":\"WebPage\",\"@id\":\"https:\/\/salgourmet.es\/petalos-de-sal\/blanca\/\",\"url\":\"https:\/\/salgourmet.es\/petalos-de-sal\/blanca\/\",\"name\":\"P\u00e9talos de Sal Blanca - Sal Gourmet\",\"isPartOf\":{\"@id\":\"https:\/\/salgourmet.es\/#website\"},\"primaryImageOfPage\":{\"@id\":\"https:\/\/salgourmet.es\/petalos-de-sal\/blanca\/#primaryimage\"},\"image\":{\"@id\":\"https:\/\/salgourmet.es\/petalos-de-sal\/blanca\/#primaryimage\"},\"thumbnailUrl\":\"https:\/\/salgourmet.es\/wp-content\/uploads\/2024\/07\/2_1-1.jpg\",\"datePublished\":\"2024-07-07T12:02:59+00:00\",\"dateModified\":\"2024-11-18T09:39:54+00:00\",\"breadcrumb\":{\"@id\":\"https:\/\/salgourmet.es\/petalos-de-sal\/blanca\/#breadcrumb\"},\"inLanguage\":\"fr-FR\",\"potentialAction\":[{\"@type\":\"ReadAction\",\"target\":[\"https:\/\/salgourmet.es\/petalos-de-sal\/blanca\/\"]}]},{\"@type\":\"ImageObject\",\"inLanguage\":\"fr-FR\",\"@id\":\"https:\/\/salgourmet.es\/petalos-de-sal\/blanca\/#primaryimage\",\"url\":\"https:\/\/salgourmet.es\/wp-content\/uploads\/2024\/07\/2_1-1.jpg\",\"contentUrl\":\"https:\/\/salgourmet.es\/wp-content\/uploads\/2024\/07\/2_1-1.jpg\",\"width\":2000,\"height\":2000},{\"@type\":\"BreadcrumbList\",\"@id\":\"https:\/\/salgourmet.es\/petalos-de-sal\/blanca\/#breadcrumb\",\"itemListElement\":[{\"@type\":\"ListItem\",\"position\":1,\"name\":\"Portada\",\"item\":\"https:\/\/salgourmet.es\/\"},{\"@type\":\"ListItem\",\"position\":2,\"name\":\"Tienda\",\"item\":\"https:\/\/salgourmet.es\/tienda\/\"},{\"@type\":\"ListItem\",\"position\":3,\"name\":\"P\u00e9talos de Sal Blanca\"}]},{\"@type\":\"WebSite\",\"@id\":\"https:\/\/salgourmet.es\/#website\",\"url\":\"https:\/\/salgourmet.es\/\",\"name\":\"Sal Gourmet\",\"description\":\"\",\"potentialAction\":[{\"@type\":\"SearchAction\",\"target\":{\"@type\":\"EntryPoint\",\"urlTemplate\":\"https:\/\/salgourmet.es\/?s={search_term_string}\"},\"query-input\":{\"@type\":\"PropertyValueSpecification\",\"valueRequired\":true,\"valueName\":\"search_term_string\"}}],\"inLanguage\":\"fr-FR\"}]}<\/script>\n<!-- \/ Yoast SEO plugin. -->","yoast_head_json":{"title":"P\u00e9talos de Sal Blanca - Sal Gourmet","robots":{"index":"index","follow":"follow","max-snippet":"max-snippet:-1","max-image-preview":"max-image-preview:large","max-video-preview":"max-video-preview:-1"},"canonical":"https:\/\/salgourmet.es\/fr\/petalos-de-sal\/blanca\/","og_locale":"fr_FR","og_type":"article","og_title":"P\u00e9talos de Sal Blanca - Sal Gourmet","og_description":"Una sal diferente, crujiente, delicada y tan fina, que se disuelve solamente rozar los labios. P\u00e9talos crujientes de bouquet intenso que se fusionan en el plato realzando los sabores.   PSPS","og_url":"https:\/\/salgourmet.es\/fr\/petalos-de-sal\/blanca\/","og_site_name":"Sal Gourmet","article_modified_time":"2024-11-18T09:39:54+00:00","og_image":[{"width":2000,"height":2000,"url":"https:\/\/salgourmet.es\/wp-content\/uploads\/2024\/07\/2_1-1.jpg","type":"image\/jpeg"}],"twitter_card":"summary_large_image","twitter_misc":{"Dur\u00e9e de lecture estim\u00e9e":"1 minute"},"schema":{"@context":"https:\/\/schema.org","@graph":[{"@type":"WebPage","@id":"https:\/\/salgourmet.es\/petalos-de-sal\/blanca\/","url":"https:\/\/salgourmet.es\/petalos-de-sal\/blanca\/","name":"P\u00e9talos de Sal Blanca - Sal Gourmet","isPartOf":{"@id":"https:\/\/salgourmet.es\/#website"},"primaryImageOfPage":{"@id":"https:\/\/salgourmet.es\/petalos-de-sal\/blanca\/#primaryimage"},"image":{"@id":"https:\/\/salgourmet.es\/petalos-de-sal\/blanca\/#primaryimage"},"thumbnailUrl":"https:\/\/salgourmet.es\/wp-content\/uploads\/2024\/07\/2_1-1.jpg","datePublished":"2024-07-07T12:02:59+00:00","dateModified":"2024-11-18T09:39:54+00:00","breadcrumb":{"@id":"https:\/\/salgourmet.es\/petalos-de-sal\/blanca\/#breadcrumb"},"inLanguage":"fr-FR","potentialAction":[{"@type":"ReadAction","target":["https:\/\/salgourmet.es\/petalos-de-sal\/blanca\/"]}]},{"@type":"ImageObject","inLanguage":"fr-FR","@id":"https:\/\/salgourmet.es\/petalos-de-sal\/blanca\/#primaryimage","url":"https:\/\/salgourmet.es\/wp-content\/uploads\/2024\/07\/2_1-1.jpg","contentUrl":"https:\/\/salgourmet.es\/wp-content\/uploads\/2024\/07\/2_1-1.jpg","width":2000,"height":2000},{"@type":"BreadcrumbList","@id":"https:\/\/salgourmet.es\/petalos-de-sal\/blanca\/#breadcrumb","itemListElement":[{"@type":"ListItem","position":1,"name":"Portada","item":"https:\/\/salgourmet.es\/"},{"@type":"ListItem","position":2,"name":"Tienda","item":"https:\/\/salgourmet.es\/tienda\/"},{"@type":"ListItem","position":3,"name":"P\u00e9talos de Sal Blanca"}]},{"@type":"WebSite","@id":"https:\/\/salgourmet.es\/#website","url":"https:\/\/salgourmet.es\/","name":"Sel Gourmand","description":"","potentialAction":[{"@type":"SearchAction","target":{"@type":"EntryPoint","urlTemplate":"https:\/\/salgourmet.es\/?s={search_term_string}"},"query-input":{"@type":"PropertyValueSpecification","valueRequired":true,"valueName":"search_term_string"}}],"inLanguage":"fr-FR"}]}},"_links":{"self":[{"href":"https:\/\/salgourmet.es\/fr\/wp-json\/wp\/v2\/product\/112","targetHints":{"allow":["GET"]}}],"collection":[{"href":"https:\/\/salgourmet.es\/fr\/wp-json\/wp\/v2\/product"}],"about":[{"href":"https:\/\/salgourmet.es\/fr\/wp-json\/wp\/v2\/types\/product"}],"wp:featuredmedia":[{"embeddable":true,"href":"https:\/\/salgourmet.es\/fr\/wp-json\/wp\/v2\/media\/115"}],"wp:attachment":[{"href":"https:\/\/salgourmet.es\/fr\/wp-json\/wp\/v2\/media?parent=112"}],"wp:term":[{"taxonomy":"product_brand","embeddable":true,"href":"https:\/\/salgourmet.es\/fr\/wp-json\/wp\/v2\/product_brand?post=112"},{"taxonomy":"product_cat","embeddable":true,"href":"https:\/\/salgourmet.es\/fr\/wp-json\/wp\/v2\/product_cat?post=112"},{"taxonomy":"product_tag","embeddable":true,"href":"https:\/\/salgourmet.es\/fr\/wp-json\/wp\/v2\/product_tag?post=112"}],"curies":[{"name":"wp","href":"https:\/\/api.w.org\/{rel}","templated":true}]}}