{"id":256,"date":"2024-07-08T18:07:46","date_gmt":"2024-07-08T16:07:46","guid":{"rendered":"https:\/\/salgourmet.es\/?page_id=256"},"modified":"2024-08-08T14:36:32","modified_gmt":"2024-08-08T12:36:32","slug":"politica-de-privacidad","status":"publish","type":"page","link":"https:\/\/salgourmet.es\/fr\/politica-de-privacidad\/","title":{"rendered":"Mentions l\u00e9gales et politique de confidentialit\u00e9"},"content":{"rendered":"<div data-elementor-type=\"wp-page\" data-elementor-id=\"256\" class=\"elementor elementor-256\" data-elementor-post-type=\"page\">\n\t\t\t\t<div class=\"elementor-element elementor-element-1821d8e e-con-full e-flex e-con e-parent\" data-id=\"1821d8e\" data-element_type=\"container\" data-settings=\"{&quot;background_background&quot;:&quot;classic&quot;}\">\n\t\t\t\t<\/div>\n\t\t<div class=\"elementor-element elementor-element-647eefd e-flex e-con-boxed e-con e-parent\" data-id=\"647eefd\" data-element_type=\"container\">\n\t\t\t\t\t<div class=\"e-con-inner\">\n\t\t<div class=\"elementor-element elementor-element-ce89b87 e-con-full e-flex e-con e-child\" data-id=\"ce89b87\" data-element_type=\"container\">\n\t\t\t\t<\/div>\n\t\t<div class=\"elementor-element elementor-element-5ad3324 e-con-full e-flex e-con e-child\" data-id=\"5ad3324\" data-element_type=\"container\">\n\t\t\t\t<div class=\"elementor-element elementor-element-48c5314 elementor-widget elementor-widget-text-editor\" data-id=\"48c5314\" data-element_type=\"widget\" data-widget_type=\"text-editor.default\">\n\t\t\t\t<div class=\"elementor-widget-container\">\n\t\t\t\t\t\t\t\t\t<p><strong>Mention L\u00e9gale<\/strong><\/p><p>Conform\u00e9ment \u00e0 la loi 34\/2002 du 11 juillet relative aux services de la soci\u00e9t\u00e9 de l&#039;information et du commerce \u00e9lectronique, sont fournies les donn\u00e9es suivantes :<\/p><ul><li>Prestataire de services: LANCASTER PLUS, SLU<\/li><li>Si\u00e8ge social : P. Cova Solera \u2013 Londres, 2 | 08191 Rub\u00ed (Barcelone)<\/li><li>Courriel : info@salgourmet.es<\/li><li>CIF : B63086425<\/li><li>Soci\u00e9t\u00e9 inscrite au Registre du Commerce de Barcelone dans le tome 44116, folio 111, section 8, feuille B260858.<\/li><\/ul><p>\u00a0<\/p><p><strong>politique de confidentialit\u00e9<\/strong><\/p><p>LANCASTER PLUS, SLU vous informe que les donn\u00e9es personnelles envoy\u00e9es par l&#039;utilisateur \u00e0 travers ce site Web feront partie d&#039;un fichier soumis au r\u00e8glement LO 15\/1999, du 13 d\u00e9cembre, sur la protection des donn\u00e9es personnelles.<\/p><p>Ce fichier a pour finalit\u00e9 la bonne gestion des relations avec vous, outre l&#039;envoi d&#039;informations commerciales sur nos services.<\/p><p>\u00c0 notre tour, nous vous informons, conform\u00e9ment \u00e0 l&#039;art. 5 de la m\u00eame loi, que vous avez reconnu le droit d&#039;acc\u00e8s, de rectification, d&#039;annulation et d&#039;opposition, en ce qui concerne les donn\u00e9es contenues dans le fichier, et que vous pouvez les exercer en \u00e9crivant \u00e0 LANCASTER PLUS, SLU, Pg. , 2 | 08191 Rub\u00ed (Barcelone). Ou aussi en envoyant un e-mail \u00e0 info@salgourmet.es.<\/p>\t\t\t\t\t\t\t\t<\/div>\n\t\t\t\t<\/div>\n\t\t\t\t<\/div>\n\t\t\t\t\t<\/div>\n\t\t\t\t<\/div>\n\t\t\t\t<\/div>","protected":false},"excerpt":{"rendered":"<p>Mentions l\u00e9gales Conform\u00e9ment \u00e0 la loi 34\/2002 du 11 juillet sur les services de la soci\u00e9t\u00e9 de l&#039;information et du commerce \u00e9lectronique, les informations suivantes sont fournies : Prestataire de services : LANCASTER PLUS, SLU Si\u00e8ge social : Pg. Cova Solera \u2013 Londres, 2 | 08191 Rub\u00ed (Barcelone) Courriel : info@salgourmet.es CIF : B63086425 Soci\u00e9t\u00e9 inscrite au Registre du Commerce de\u2026&nbsp;<a href=\"https:\/\/salgourmet.es\/fr\/politica-de-privacidad\/\" rel=\"bookmark\">En savoir plus &quot;<span class=\"screen-reader-text\">Mentions l\u00e9gales et politique de confidentialit\u00e9<\/span><\/a><\/p>","protected":false},"author":1,"featured_media":0,"parent":0,"menu_order":0,"comment_status":"closed","ping_status":"closed","template":"page-templates\/template-pagebuilder-full-width.php","meta":{"_acf_changed":false,"neve_meta_sidebar":"","neve_meta_container":"","neve_meta_enable_content_width":"off","neve_meta_content_width":100,"neve_meta_title_alignment":"","neve_meta_author_avatar":"","neve_post_elements_order":"","neve_meta_disable_header":"","neve_meta_disable_footer":"","neve_meta_disable_title":"","footnotes":""},"class_list":["post-256","page","type-page","status-publish","hentry"],"acf":[],"yoast_head":"<!-- This site is optimized with the Yoast SEO plugin v25.8 - https:\/\/yoast.com\/wordpress\/plugins\/seo\/ -->\n<title>Nota legal y pol\u00edtica de privacidad - Sal Gourmet<\/title>\n<meta name=\"robots\" content=\"index, follow, max-snippet:-1, max-image-preview:large, max-video-preview:-1\" \/>\n<link rel=\"canonical\" href=\"https:\/\/salgourmet.es\/fr\/politica-de-privacidad\/\" \/>\n<meta property=\"og:locale\" content=\"fr_FR\" \/>\n<meta property=\"og:type\" content=\"article\" \/>\n<meta property=\"og:title\" content=\"Nota legal y pol\u00edtica de privacidad - Sal Gourmet\" \/>\n<meta property=\"og:description\" content=\"Nota Legal Seg\u00fan la Ley 34\/2002 de 11 de julio, de sevicios de la sociedad de la informaci\u00f3n y de comercio electr\u00f3nico, se facilitan los siguientes datos: Prestador del servicio: LANCASTER PLUS, S.L.U. Domicilio Social: Pg. Cova Solera &#8211; Londres, 2 | 08191 Rub\u00ed (Barcelona) E-mail:\u00a0info@salgourmet.es C.I.F.: B63086425 Sociedad inscrita en el Registro Mercantil de&hellip;&nbsp;Lire la suite &raquo;Nota legal y pol\u00edtica de privacidad\" \/>\n<meta property=\"og:url\" content=\"https:\/\/salgourmet.es\/fr\/politica-de-privacidad\/\" \/>\n<meta property=\"og:site_name\" content=\"Sal Gourmet\" \/>\n<meta property=\"article:modified_time\" content=\"2024-08-08T12:36:32+00:00\" \/>\n<meta name=\"twitter:card\" content=\"summary_large_image\" \/>\n<meta name=\"twitter:label1\" content=\"Dur\u00e9e de lecture estim\u00e9e\" \/>\n\t<meta name=\"twitter:data1\" content=\"1 minute\" \/>\n<script type=\"application\/ld+json\" class=\"yoast-schema-graph\">{\"@context\":\"https:\/\/schema.org\",\"@graph\":[{\"@type\":\"WebPage\",\"@id\":\"https:\/\/salgourmet.es\/politica-de-privacidad\/\",\"url\":\"https:\/\/salgourmet.es\/politica-de-privacidad\/\",\"name\":\"Nota legal y pol\u00edtica de privacidad - Sal Gourmet\",\"isPartOf\":{\"@id\":\"https:\/\/salgourmet.es\/#website\"},\"datePublished\":\"2024-07-08T16:07:46+00:00\",\"dateModified\":\"2024-08-08T12:36:32+00:00\",\"breadcrumb\":{\"@id\":\"https:\/\/salgourmet.es\/politica-de-privacidad\/#breadcrumb\"},\"inLanguage\":\"fr-FR\",\"potentialAction\":[{\"@type\":\"ReadAction\",\"target\":[\"https:\/\/salgourmet.es\/politica-de-privacidad\/\"]}]},{\"@type\":\"BreadcrumbList\",\"@id\":\"https:\/\/salgourmet.es\/politica-de-privacidad\/#breadcrumb\",\"itemListElement\":[{\"@type\":\"ListItem\",\"position\":1,\"name\":\"Portada\",\"item\":\"https:\/\/salgourmet.es\/\"},{\"@type\":\"ListItem\",\"position\":2,\"name\":\"Nota legal y pol\u00edtica de privacidad\"}]},{\"@type\":\"WebSite\",\"@id\":\"https:\/\/salgourmet.es\/#website\",\"url\":\"https:\/\/salgourmet.es\/\",\"name\":\"Sal Gourmet\",\"description\":\"\",\"potentialAction\":[{\"@type\":\"SearchAction\",\"target\":{\"@type\":\"EntryPoint\",\"urlTemplate\":\"https:\/\/salgourmet.es\/?s={search_term_string}\"},\"query-input\":{\"@type\":\"PropertyValueSpecification\",\"valueRequired\":true,\"valueName\":\"search_term_string\"}}],\"inLanguage\":\"fr-FR\"}]}<\/script>\n<!-- \/ Yoast SEO plugin. -->","yoast_head_json":{"title":"Mentions l\u00e9gales et politique de confidentialit\u00e9 - Sal Gourmet","robots":{"index":"index","follow":"follow","max-snippet":"max-snippet:-1","max-image-preview":"max-image-preview:large","max-video-preview":"max-video-preview:-1"},"canonical":"https:\/\/salgourmet.es\/fr\/politica-de-privacidad\/","og_locale":"fr_FR","og_type":"article","og_title":"Nota legal y pol\u00edtica de privacidad - Sal Gourmet","og_description":"Nota Legal Seg\u00fan la Ley 34\/2002 de 11 de julio, de sevicios de la sociedad de la informaci\u00f3n y de comercio electr\u00f3nico, se facilitan los siguientes datos: Prestador del servicio: LANCASTER PLUS, S.L.U. Domicilio Social: Pg. Cova Solera &#8211; Londres, 2 | 08191 Rub\u00ed (Barcelona) E-mail:\u00a0info@salgourmet.es C.I.F.: B63086425 Sociedad inscrita en el Registro Mercantil de&hellip;&nbsp;Lire la suite &raquo;Nota legal y pol\u00edtica de privacidad","og_url":"https:\/\/salgourmet.es\/fr\/politica-de-privacidad\/","og_site_name":"Sal Gourmet","article_modified_time":"2024-08-08T12:36:32+00:00","twitter_card":"summary_large_image","twitter_misc":{"Dur\u00e9e de lecture estim\u00e9e":"1 minute"},"schema":{"@context":"https:\/\/schema.org","@graph":[{"@type":"WebPage","@id":"https:\/\/salgourmet.es\/politica-de-privacidad\/","url":"https:\/\/salgourmet.es\/politica-de-privacidad\/","name":"Mentions l\u00e9gales et politique de confidentialit\u00e9 - Sal Gourmet","isPartOf":{"@id":"https:\/\/salgourmet.es\/#website"},"datePublished":"2024-07-08T16:07:46+00:00","dateModified":"2024-08-08T12:36:32+00:00","breadcrumb":{"@id":"https:\/\/salgourmet.es\/politica-de-privacidad\/#breadcrumb"},"inLanguage":"fr-FR","potentialAction":[{"@type":"ReadAction","target":["https:\/\/salgourmet.es\/politica-de-privacidad\/"]}]},{"@type":"BreadcrumbList","@id":"https:\/\/salgourmet.es\/politica-de-privacidad\/#breadcrumb","itemListElement":[{"@type":"ListItem","position":1,"name":"Portada","item":"https:\/\/salgourmet.es\/"},{"@type":"ListItem","position":2,"name":"Nota legal y pol\u00edtica de privacidad"}]},{"@type":"WebSite","@id":"https:\/\/salgourmet.es\/#website","url":"https:\/\/salgourmet.es\/","name":"Sel Gourmand","description":"","potentialAction":[{"@type":"SearchAction","target":{"@type":"EntryPoint","urlTemplate":"https:\/\/salgourmet.es\/?s={search_term_string}"},"query-input":{"@type":"PropertyValueSpecification","valueRequired":true,"valueName":"search_term_string"}}],"inLanguage":"fr-FR"}]}},"_links":{"self":[{"href":"https:\/\/salgourmet.es\/fr\/wp-json\/wp\/v2\/pages\/256","targetHints":{"allow":["GET"]}}],"collection":[{"href":"https:\/\/salgourmet.es\/fr\/wp-json\/wp\/v2\/pages"}],"about":[{"href":"https:\/\/salgourmet.es\/fr\/wp-json\/wp\/v2\/types\/page"}],"author":[{"embeddable":true,"href":"https:\/\/salgourmet.es\/fr\/wp-json\/wp\/v2\/users\/1"}],"replies":[{"embeddable":true,"href":"https:\/\/salgourmet.es\/fr\/wp-json\/wp\/v2\/comments?post=256"}],"version-history":[{"count":4,"href":"https:\/\/salgourmet.es\/fr\/wp-json\/wp\/v2\/pages\/256\/revisions"}],"predecessor-version":[{"id":260,"href":"https:\/\/salgourmet.es\/fr\/wp-json\/wp\/v2\/pages\/256\/revisions\/260"}],"wp:attachment":[{"href":"https:\/\/salgourmet.es\/fr\/wp-json\/wp\/v2\/media?parent=256"}],"curies":[{"name":"wp","href":"https:\/\/api.w.org\/{rel}","templated":true}]}}