{"id":251,"date":"2024-07-08T18:03:49","date_gmt":"2024-07-08T16:03:49","guid":{"rendered":"https:\/\/salgourmet.es\/?page_id=251"},"modified":"2024-08-08T14:35:47","modified_gmt":"2024-08-08T12:35:47","slug":"condiciones","status":"publish","type":"page","link":"https:\/\/salgourmet.es\/fr\/condiciones\/","title":{"rendered":"Conditions de vente"},"content":{"rendered":"<div data-elementor-type=\"wp-page\" data-elementor-id=\"251\" class=\"elementor elementor-251\" data-elementor-post-type=\"page\">\n\t\t\t\t<div class=\"elementor-element elementor-element-e56af4e e-con-full e-flex e-con e-parent\" data-id=\"e56af4e\" data-element_type=\"container\" data-settings=\"{&quot;background_background&quot;:&quot;classic&quot;}\">\n\t\t\t\t<\/div>\n\t\t<div class=\"elementor-element elementor-element-b30b85d e-flex e-con-boxed e-con e-parent\" data-id=\"b30b85d\" data-element_type=\"container\">\n\t\t\t\t\t<div class=\"e-con-inner\">\n\t\t<div class=\"elementor-element elementor-element-c25d1c1 e-con-full e-flex e-con e-child\" data-id=\"c25d1c1\" data-element_type=\"container\">\n\t\t\t\t<\/div>\n\t\t<div class=\"elementor-element elementor-element-391f94e e-con-full e-flex e-con e-child\" data-id=\"391f94e\" data-element_type=\"container\">\n\t\t\t\t<div class=\"elementor-element elementor-element-b6bc151 elementor-widget elementor-widget-text-editor\" data-id=\"b6bc151\" data-element_type=\"widget\" data-widget_type=\"text-editor.default\">\n\t\t\t\t<div class=\"elementor-widget-container\">\n\t\t\t\t\t\t\t\t\t<p><strong>Politique de retour<\/strong><\/p><p>Droit de r\u00e9tractation : Vous avez le droit de r\u00e9silier ce contrat dans un d\u00e9lai de 14 jours calendaires sans avoir besoin de justification. Le d\u00e9lai de r\u00e9tractation expire 14 jours calendaires \u00e0 compter du jour o\u00f9 vous ou un tiers d\u00e9sign\u00e9 par vous, autre que le transporteur, avez pris possession mat\u00e9rielle de la marchandise. Pour exercer le droit de r\u00e9tractation, vous devez nous en informer \u00e0 LANCASTER PLUS, SLU, avec adresse \u00e0 Cova Solera \u2013 Londres, 2 | 08191 Rub\u00ed (Barcelone), t\u00e9l\u00e9phone 933 967 316, email info@salgourmet.es votre d\u00e9cision de r\u00e9silier le contrat par une d\u00e9claration sans \u00e9quivoque (par exemple, une lettre envoy\u00e9e par courrier postal, fax ou e-mail). Vous pouvez utiliser le mod\u00e8le de formulaire de r\u00e9tractation qui figure dans\u00a0<a href=\"https:\/\/salgourmet.es\/fr\/includes\/web\/formulario-desistimiento.pdf\/\" target=\"_blank\" rel=\"noopener\">ce lien<\/a>, bien que son utilisation ne soit pas obligatoire. Pour respecter le d\u00e9lai de r\u00e9tractation, il suffit que la communication concernant votre exercice de ce droit soit envoy\u00e9e avant l&#039;expiration du d\u00e9lai correspondant.\u00a0<\/p><p>Cons\u00e9quences de la r\u00e9tractation : En cas de r\u00e9tractation de votre part, nous vous restituerons tous les paiements re\u00e7us de votre part, y compris les frais de livraison (\u00e0 l&#039;exception des frais suppl\u00e9mentaires r\u00e9sultant de votre choix d&#039;un mode de livraison autre que la livraison ordinaire la moins ch\u00e8re que nous proposons) sans retard injustifi\u00e9 et, en tout \u00e9tat de cause, au plus tard 14 jours calendaires \u00e0 compter de la date \u00e0 laquelle nous sommes inform\u00e9s de votre d\u00e9cision de vous r\u00e9tracter du pr\u00e9sent contrat. Nous proc\u00e9derons \u00e0 ce remboursement en utilisant le m\u00eame mode de paiement que celui que vous avez utilis\u00e9 pour la transaction initiale, sauf indication contraire expresse de votre part ; Dans tous les cas, vous n\u2019engagerez aucune d\u00e9pense du fait du remboursement. Nous pouvons suspendre le remboursement jusqu&#039;\u00e0 ce que nous ayons re\u00e7u les marchandises ou jusqu&#039;\u00e0 ce que vous ayez fourni une preuve de retour des marchandises, selon la premi\u00e8re condition qui se pr\u00e9sente. Vous devez retourner ou livrer la marchandise directement \u00e0 LANCASTER PLUS, SLU, avec adresse \u00e0 Pg. 08191 Rub\u00ed (Barcelone), sans retard indu et, en tout \u00e9tat de cause, au plus tard 14 jours calendaires \u00e0 compter de la date \u00e0 laquelle vous nous informez de votre d\u00e9cision de r\u00e9silier le contrat. Le d\u00e9lai sera consid\u00e9r\u00e9 comme respect\u00e9 si vous retournez la marchandise avant l&#039;expiration dudit d\u00e9lai. Vous devez assumer les frais directs de retour des marchandises. Vous ne serez responsable que de la d\u00e9pr\u00e9ciation de la marchandise r\u00e9sultant de manipulations autres que celles n\u00e9cessaires pour \u00e9tablir la nature, les caract\u00e9ristiques et le fonctionnement de la marchandise.<\/p><p>Le droit de r\u00e9tractation ne sera pas applicable aux contrats faisant r\u00e9f\u00e9rence \u00e0 :<br \/>a) La fourniture de services, une fois le service compl\u00e8tement ex\u00e9cut\u00e9, lorsque l&#039;ex\u00e9cution a commenc\u00e9, avec le consentement expr\u00e8s pr\u00e9alable du consommateur et de l&#039;utilisateur et avec la reconnaissance de leur part qu&#039;ils sont conscients qu&#039;une fois le contrat compl\u00e8tement ex\u00e9cut\u00e9 par l&#039;employeur, il aura perdu son droit de r\u00e9tractation.<br \/>b) La fourniture de biens ou la prestation de services dont le prix d\u00e9pend des fluctuations du march\u00e9 financier que l&#039;entrepreneur ne peut contr\u00f4ler et qui peuvent survenir pendant le d\u00e9lai de r\u00e9tractation.<br \/>c) La fourniture de biens fabriqu\u00e9s conform\u00e9ment aux sp\u00e9cifications du consommateur et de l&#039;utilisateur ou clairement personnalis\u00e9s.<br \/>d) La fourniture de biens susceptibles de se d\u00e9t\u00e9riorer ou de se p\u00e9rimer rapidement.<br \/>e) La fourniture de marchandises scell\u00e9es qui ne peuvent pas \u00eatre retourn\u00e9es pour des raisons de protection de la sant\u00e9 ou d&#039;hygi\u00e8ne et qui ont \u00e9t\u00e9 descell\u00e9es apr\u00e8s la livraison.<br \/>f) La fourniture de biens qui, apr\u00e8s la livraison et compte tenu de leur nature, ont \u00e9t\u00e9 m\u00e9lang\u00e9s de mani\u00e8re indissociable \u00e0 d&#039;autres biens.<br \/>g) La fourniture de boissons alcoolis\u00e9es dont le prix a \u00e9t\u00e9 convenu au moment de la conclusion du contrat de vente et qui ne peuvent \u00eatre livr\u00e9es dans un d\u00e9lai de 30 jours, et dont la valeur r\u00e9elle d\u00e9pend des fluctuations du march\u00e9 que l&#039;entrepreneur ne peut contr\u00f4ler.<br \/>h) Contrats dans lesquels le consommateur et l&#039;utilisateur ont sp\u00e9cifiquement demand\u00e9 \u00e0 l&#039;entrepreneur de se rendre chez eux pour effectuer des op\u00e9rations urgentes de r\u00e9paration ou d&#039;entretien\u00a0; Si, lors de cette visite, l&#039;entrepreneur fournit des services suppl\u00e9mentaires \u00e0 ceux sp\u00e9cifiquement demand\u00e9s par le consommateur ou fournit des biens autres que les pi\u00e8ces de rechange n\u00e9cessairement utilis\u00e9es pour effectuer des op\u00e9rations d&#039;entretien ou de r\u00e9paration, le droit de r\u00e9tractation doit s&#039;appliquer auxdits services ou biens suppl\u00e9mentaires.<br \/>i) La fourniture d&#039;enregistrements sonores ou vid\u00e9o scell\u00e9s ou de programmes informatiques scell\u00e9s qui ont \u00e9t\u00e9 descell\u00e9s par le consommateur et l&#039;utilisateur apr\u00e8s la livraison.<br \/>j) La fourniture de presse quotidienne, de p\u00e9riodiques ou de magazines, \u00e0 l&#039;exception des contrats d&#039;abonnement pour la fourniture de ces publications.<br \/>k) Contrats conclus par ench\u00e8res publiques.<br \/>l) La fourniture de services d&#039;h\u00e9bergement \u00e0 des fins autres que l&#039;habitation, le transport de marchandises, la location de v\u00e9hicules, la restauration ou les services li\u00e9s aux activit\u00e9s de loisirs, si les contrats pr\u00e9voient une date ou un d\u00e9lai d&#039;ex\u00e9cution pr\u00e9cis.<br \/>m) La fourniture d&#039;un contenu num\u00e9rique qui n&#039;est pas fourni sur un support mat\u00e9riel lorsque l&#039;ex\u00e9cution a commenc\u00e9 avec le consentement pr\u00e9alable expr\u00e8s du consommateur et de l&#039;utilisateur, sachant de sa part qu&#039;il perd par cons\u00e9quent son droit de r\u00e9tractation.<\/p><p><strong>Gestion des commandes et d\u00e9lais de livraison<\/strong><\/p><p>La confirmation de votre commande sera effectu\u00e9e une fois le paiement confirm\u00e9. Le d\u00e9lai de gestion et de livraison comprend un d\u00e9lai approximatif d&#039;une semaine selon le type de produit et sa destination. (<em>Les d\u00e9lais peuvent \u00eatre prolong\u00e9s pour les livraisons vers les \u00eeles Bal\u00e9ares et Canaries pour des raisons logistiques ind\u00e9pendantes.<\/em>).<\/p><p>Les produits seront envoy\u00e9s \u00e0 l&#039;adresse de livraison fournie par l&#039;utilisateur lors de l&#039;achat. Ces donn\u00e9es pourront \u00eatre communiqu\u00e9es \u00e0 des tiers charg\u00e9s de la livraison des produits. Nous ne serons pas responsables des erreurs caus\u00e9es lors de la livraison lorsque l&#039;adresse de livraison saisie par l&#039;utilisateur dans le formulaire de commande n&#039;est pas correcte ou a \u00e9t\u00e9 omise.<\/p><p>Les d\u00e9lais de livraison indiqu\u00e9s sur chaque produit peuvent varier pour des raisons logistiques ou de force majeure. En cas de retard, les utilisateurs en seront inform\u00e9s d\u00e8s qu&#039;ils en auront connaissance.<\/p><p><strong>Co\u00fbt du transport<\/strong><\/p><p>Le montant des frais de livraison pour le transport sera ajout\u00e9 au prix du produit en fonction de la destination de l&#039;envoi. Une fois l&#039;adresse de livraison indiqu\u00e9e lors du processus d&#039;achat, la boutique en ligne vous pr\u00e9cisera le montant exact des frais de transport de votre commande.<\/p><p><strong>Politique d&#039;annulation de commande<\/strong><\/p><p>Assurez-vous que le produit que vous achetez est celui que vous souhaitez, une fois l&#039;achat effectu\u00e9, la commande ne peut pas \u00eatre annul\u00e9e. Dans le cas o\u00f9 le produit ou le service n&#039;est pas disponible apr\u00e8s passation de la commande, l&#039;utilisateur sera inform\u00e9 par e-mail de l&#039;annulation totale ou partielle de la commande, entra\u00eenant le remboursement total ou partiel des frais g\u00e9n\u00e9r\u00e9s lors de sa v\u00e9rification. compte ou bon compte PayPal. L&#039;annulation partielle de la commande pour manque de disponibilit\u00e9 ne donne pas le droit d&#039;annuler la totalit\u00e9 de la commande.<\/p><p><strong>Garantie<\/strong><\/p><p>L&#039;utilisateur peut rendre effective la garantie d&#039;un produit conform\u00e9ment \u00e0 la r\u00e9glementation en vigueur sur les garanties des produits de consommation. La p\u00e9riode de garantie des produits est de 2 ans.<\/p><p>Pour faire valoir la garantie, il est indispensable de conserver le bon de livraison, la facture ou la preuve d&#039;achat.\u00a0<\/p><p><strong>Autres requ\u00eates<\/strong><\/p><p>Pour toute autre question, contactez notre service client au num\u00e9ro de t\u00e9l\u00e9phone 933 967 316 ou en envoyant un e-mail \u00e0 info@salgourmet.es<\/p>\t\t\t\t\t\t\t\t<\/div>\n\t\t\t\t<\/div>\n\t\t\t\t<\/div>\n\t\t\t\t\t<\/div>\n\t\t\t\t<\/div>\n\t\t\t\t<\/div>","protected":false},"excerpt":{"rendered":"<p>Droit de r\u00e9tractation\u00a0: Vous disposez d&#039;un d\u00e9lai de 14\u00a0jours calendaires pour vous r\u00e9tracter du pr\u00e9sent contrat sans donner de motif. Ce d\u00e9lai expire 14\u00a0jours calendaires apr\u00e8s le jour o\u00f9 vous, ou un tiers autre que le transporteur d\u00e9sign\u00e9 par vous, avez pris physiquement possession des biens.&nbsp;<a href=\"https:\/\/salgourmet.es\/fr\/condiciones\/\" rel=\"bookmark\">En savoir plus &quot;<span class=\"screen-reader-text\">Conditions de vente<\/span><\/a><\/p>","protected":false},"author":1,"featured_media":0,"parent":0,"menu_order":0,"comment_status":"closed","ping_status":"closed","template":"page-templates\/template-pagebuilder-full-width.php","meta":{"_acf_changed":false,"neve_meta_sidebar":"","neve_meta_container":"","neve_meta_enable_content_width":"off","neve_meta_content_width":100,"neve_meta_title_alignment":"","neve_meta_author_avatar":"","neve_post_elements_order":"","neve_meta_disable_header":"","neve_meta_disable_footer":"","neve_meta_disable_title":"","footnotes":""},"class_list":["post-251","page","type-page","status-publish","hentry"],"acf":[],"yoast_head":"<!-- This site is optimized with the Yoast SEO plugin v25.8 - https:\/\/yoast.com\/wordpress\/plugins\/seo\/ -->\n<title>Condiciones de venta - Sal Gourmet<\/title>\n<meta name=\"robots\" content=\"index, follow, max-snippet:-1, max-image-preview:large, max-video-preview:-1\" \/>\n<link rel=\"canonical\" href=\"https:\/\/salgourmet.es\/fr\/condiciones\/\" \/>\n<meta property=\"og:locale\" content=\"fr_FR\" \/>\n<meta property=\"og:type\" content=\"article\" \/>\n<meta property=\"og:title\" content=\"Condiciones de venta - Sal Gourmet\" \/>\n<meta property=\"og:description\" content=\"Pol\u00edtica de devoluciones Derecho de desistimiento: Tiene usted derecho a desistir del presente contrato en un plazo de 14 d\u00edas naturales sin necesidad de justificaci\u00f3n. El plazo de desistimiento expirar\u00e1 a los 14 d\u00edas naturales del d\u00eda que usted o un tercero por usted indicado, distinto del transportista, adquiri\u00f3 la posesi\u00f3n material de los bienes.&hellip;&nbsp;Lire la suite &raquo;Condiciones de venta\" \/>\n<meta property=\"og:url\" content=\"https:\/\/salgourmet.es\/fr\/condiciones\/\" \/>\n<meta property=\"og:site_name\" content=\"Sal Gourmet\" \/>\n<meta property=\"article:modified_time\" content=\"2024-08-08T12:35:47+00:00\" \/>\n<meta name=\"twitter:card\" content=\"summary_large_image\" \/>\n<meta name=\"twitter:label1\" content=\"Dur\u00e9e de lecture estim\u00e9e\" \/>\n\t<meta name=\"twitter:data1\" content=\"7 minutes\" \/>\n<script type=\"application\/ld+json\" class=\"yoast-schema-graph\">{\"@context\":\"https:\/\/schema.org\",\"@graph\":[{\"@type\":\"WebPage\",\"@id\":\"https:\/\/salgourmet.es\/condiciones\/\",\"url\":\"https:\/\/salgourmet.es\/condiciones\/\",\"name\":\"Condiciones de venta - Sal Gourmet\",\"isPartOf\":{\"@id\":\"https:\/\/salgourmet.es\/#website\"},\"datePublished\":\"2024-07-08T16:03:49+00:00\",\"dateModified\":\"2024-08-08T12:35:47+00:00\",\"breadcrumb\":{\"@id\":\"https:\/\/salgourmet.es\/condiciones\/#breadcrumb\"},\"inLanguage\":\"fr-FR\",\"potentialAction\":[{\"@type\":\"ReadAction\",\"target\":[\"https:\/\/salgourmet.es\/condiciones\/\"]}]},{\"@type\":\"BreadcrumbList\",\"@id\":\"https:\/\/salgourmet.es\/condiciones\/#breadcrumb\",\"itemListElement\":[{\"@type\":\"ListItem\",\"position\":1,\"name\":\"Portada\",\"item\":\"https:\/\/salgourmet.es\/\"},{\"@type\":\"ListItem\",\"position\":2,\"name\":\"Condiciones de venta\"}]},{\"@type\":\"WebSite\",\"@id\":\"https:\/\/salgourmet.es\/#website\",\"url\":\"https:\/\/salgourmet.es\/\",\"name\":\"Sal Gourmet\",\"description\":\"\",\"potentialAction\":[{\"@type\":\"SearchAction\",\"target\":{\"@type\":\"EntryPoint\",\"urlTemplate\":\"https:\/\/salgourmet.es\/?s={search_term_string}\"},\"query-input\":{\"@type\":\"PropertyValueSpecification\",\"valueRequired\":true,\"valueName\":\"search_term_string\"}}],\"inLanguage\":\"fr-FR\"}]}<\/script>\n<!-- \/ Yoast SEO plugin. -->","yoast_head_json":{"title":"Condiciones de venta - Sal Gourmet","robots":{"index":"index","follow":"follow","max-snippet":"max-snippet:-1","max-image-preview":"max-image-preview:large","max-video-preview":"max-video-preview:-1"},"canonical":"https:\/\/salgourmet.es\/fr\/condiciones\/","og_locale":"fr_FR","og_type":"article","og_title":"Condiciones de venta - Sal Gourmet","og_description":"Pol\u00edtica de devoluciones Derecho de desistimiento: Tiene usted derecho a desistir del presente contrato en un plazo de 14 d\u00edas naturales sin necesidad de justificaci\u00f3n. El plazo de desistimiento expirar\u00e1 a los 14 d\u00edas naturales del d\u00eda que usted o un tercero por usted indicado, distinto del transportista, adquiri\u00f3 la posesi\u00f3n material de los bienes.&hellip;&nbsp;Lire la suite &raquo;Condiciones de venta","og_url":"https:\/\/salgourmet.es\/fr\/condiciones\/","og_site_name":"Sal Gourmet","article_modified_time":"2024-08-08T12:35:47+00:00","twitter_card":"summary_large_image","twitter_misc":{"Dur\u00e9e de lecture estim\u00e9e":"7 minutes"},"schema":{"@context":"https:\/\/schema.org","@graph":[{"@type":"WebPage","@id":"https:\/\/salgourmet.es\/condiciones\/","url":"https:\/\/salgourmet.es\/condiciones\/","name":"Condiciones de venta - Sal Gourmet","isPartOf":{"@id":"https:\/\/salgourmet.es\/#website"},"datePublished":"2024-07-08T16:03:49+00:00","dateModified":"2024-08-08T12:35:47+00:00","breadcrumb":{"@id":"https:\/\/salgourmet.es\/condiciones\/#breadcrumb"},"inLanguage":"fr-FR","potentialAction":[{"@type":"ReadAction","target":["https:\/\/salgourmet.es\/condiciones\/"]}]},{"@type":"BreadcrumbList","@id":"https:\/\/salgourmet.es\/condiciones\/#breadcrumb","itemListElement":[{"@type":"ListItem","position":1,"name":"Portada","item":"https:\/\/salgourmet.es\/"},{"@type":"ListItem","position":2,"name":"Condiciones de venta"}]},{"@type":"WebSite","@id":"https:\/\/salgourmet.es\/#website","url":"https:\/\/salgourmet.es\/","name":"Sel Gourmand","description":"","potentialAction":[{"@type":"SearchAction","target":{"@type":"EntryPoint","urlTemplate":"https:\/\/salgourmet.es\/?s={search_term_string}"},"query-input":{"@type":"PropertyValueSpecification","valueRequired":true,"valueName":"search_term_string"}}],"inLanguage":"fr-FR"}]}},"_links":{"self":[{"href":"https:\/\/salgourmet.es\/fr\/wp-json\/wp\/v2\/pages\/251","targetHints":{"allow":["GET"]}}],"collection":[{"href":"https:\/\/salgourmet.es\/fr\/wp-json\/wp\/v2\/pages"}],"about":[{"href":"https:\/\/salgourmet.es\/fr\/wp-json\/wp\/v2\/types\/page"}],"author":[{"embeddable":true,"href":"https:\/\/salgourmet.es\/fr\/wp-json\/wp\/v2\/users\/1"}],"replies":[{"embeddable":true,"href":"https:\/\/salgourmet.es\/fr\/wp-json\/wp\/v2\/comments?post=251"}],"version-history":[{"count":7,"href":"https:\/\/salgourmet.es\/fr\/wp-json\/wp\/v2\/pages\/251\/revisions"}],"predecessor-version":[{"id":263,"href":"https:\/\/salgourmet.es\/fr\/wp-json\/wp\/v2\/pages\/251\/revisions\/263"}],"wp:attachment":[{"href":"https:\/\/salgourmet.es\/fr\/wp-json\/wp\/v2\/media?parent=251"}],"curies":[{"name":"wp","href":"https:\/\/api.w.org\/{rel}","templated":true}]}}