{"id":223,"date":"2024-07-08T17:45:39","date_gmt":"2024-07-08T15:45:39","guid":{"rendered":"https:\/\/salgourmet.es\/?page_id=223"},"modified":"2024-08-08T14:36:01","modified_gmt":"2024-08-08T12:36:01","slug":"acerca-de-nosotros","status":"publish","type":"page","link":"https:\/\/salgourmet.es\/fr\/acerca-de-nosotros\/","title":{"rendered":"\u00c0 propos de Sal Gourmet"},"content":{"rendered":"<div data-elementor-type=\"wp-page\" data-elementor-id=\"223\" class=\"elementor elementor-223\" data-elementor-post-type=\"page\">\n\t\t\t\t<div class=\"elementor-element elementor-element-0a140b4 e-con-full e-flex e-con e-parent\" data-id=\"0a140b4\" data-element_type=\"container\" data-settings=\"{&quot;background_background&quot;:&quot;classic&quot;}\">\n\t\t\t\t<\/div>\n\t\t<div class=\"elementor-element elementor-element-ddf0381 e-flex e-con-boxed e-con e-parent\" data-id=\"ddf0381\" data-element_type=\"container\">\n\t\t\t\t\t<div class=\"e-con-inner\">\n\t\t<div class=\"elementor-element elementor-element-bd633e0 e-con-full e-flex e-con e-child\" data-id=\"bd633e0\" data-element_type=\"container\">\n\t\t\t\t<\/div>\n\t\t<div class=\"elementor-element elementor-element-4de4aab e-con-full e-flex e-con e-child\" data-id=\"4de4aab\" data-element_type=\"container\">\n\t\t\t\t<div class=\"elementor-element elementor-element-feda30e elementor-widget elementor-widget-text-editor\" data-id=\"feda30e\" data-element_type=\"widget\" data-widget_type=\"text-editor.default\">\n\t\t\t\t<div class=\"elementor-widget-container\">\n\t\t\t\t\t\t\t\t\t<p>Sal Gourmet est une boutique en ligne vendant du sel et des assaisonnements de la marque\u00a0<span style=\"text-decoration: underline;\"><a href=\"http:\/\/www.fossilriver.es\/\" target=\"_blank\" rel=\"noopener\">Rivi\u00e8re fossile<\/a>.<\/span><\/p>\t\t\t\t\t\t\t\t<\/div>\n\t\t\t\t<\/div>\n\t\t\t\t<div class=\"elementor-element elementor-element-adb017f elementor-widget elementor-widget-image\" data-id=\"adb017f\" data-element_type=\"widget\" data-widget_type=\"image.default\">\n\t\t\t\t<div class=\"elementor-widget-container\">\n\t\t\t\t\t\t\t\t\t\t\t\t\t\t\t<img decoding=\"async\" width=\"109\" height=\"85\" src=\"https:\/\/salgourmet.es\/wp-content\/uploads\/fossil-river-logo.png\" class=\"attachment-large size-large wp-image-229 wvs-archive-product-image\" alt=\"\" \/>\t\t\t\t\t\t\t\t\t\t\t\t\t\t\t<\/div>\n\t\t\t\t<\/div>\n\t\t\t\t<\/div>\n\t\t<div class=\"elementor-element elementor-element-b3174c6 e-con-full e-flex e-con e-child\" data-id=\"b3174c6\" data-element_type=\"container\">\n\t\t\t\t<div class=\"elementor-element elementor-element-a9a3f8e elementor-widget elementor-widget-text-editor\" data-id=\"a9a3f8e\" data-element_type=\"widget\" data-widget_type=\"text-editor.default\">\n\t\t\t\t<div class=\"elementor-widget-container\">\n\t\t\t\t\t\t\t\t\t<p>D\u00e9couvrez notre large gamme de sels et effectuez votre achat en ligne pour offrir \u00e0 votre cuisine et \u00e0 vos plats un ingr\u00e9dient unique d&#039;une qualit\u00e9 exceptionnelle.<\/p><p>La plupart de nos sels proviennent de la Salina de la Fortuna \u00e0 Villena, Alicante.<\/p><p>C&#039;est aussi un sel que l&#039;on appelle fossile, originaire du Trias, et que les rivi\u00e8res et sources souterraines font remonter \u00e0 la surface. Ces d\u00e9p\u00f4ts salins les transforment en rivi\u00e8res d\u2019eau saum\u00e2tre.<\/p>\t\t\t\t\t\t\t\t<\/div>\n\t\t\t\t<\/div>\n\t\t\t\t<\/div>\n\t\t\t\t\t<\/div>\n\t\t\t\t<\/div>\n\t\t\t\t<\/div>","protected":false},"excerpt":{"rendered":"<p>Sal Gourmet est une boutique en ligne qui vend du sel et des assaisonnements Fossil River. D\u00e9couvrez notre large gamme de sels et achetez-les en ligne pour ajouter un ingr\u00e9dient unique et d&#039;une qualit\u00e9 exceptionnelle \u00e0 votre cuisine et \u00e0 vos plats. La plupart de nos sels proviennent de la Salina\u2026&nbsp;<a href=\"https:\/\/salgourmet.es\/fr\/acerca-de-nosotros\/\" rel=\"bookmark\">En savoir plus &quot;<span class=\"screen-reader-text\">\u00c0 propos de Sal Gourmet<\/span><\/a><\/p>","protected":false},"author":1,"featured_media":0,"parent":0,"menu_order":0,"comment_status":"closed","ping_status":"closed","template":"page-templates\/template-pagebuilder-full-width.php","meta":{"_acf_changed":false,"neve_meta_sidebar":"","neve_meta_container":"","neve_meta_enable_content_width":"off","neve_meta_content_width":100,"neve_meta_title_alignment":"","neve_meta_author_avatar":"","neve_post_elements_order":"","neve_meta_disable_header":"","neve_meta_disable_footer":"","neve_meta_disable_title":"","footnotes":""},"class_list":["post-223","page","type-page","status-publish","hentry"],"acf":[],"yoast_head":"<!-- This site is optimized with the Yoast SEO plugin v25.8 - https:\/\/yoast.com\/wordpress\/plugins\/seo\/ -->\n<title>Acerca de Sal Gourmet - Sal Gourmet<\/title>\n<meta name=\"robots\" content=\"index, follow, max-snippet:-1, max-image-preview:large, max-video-preview:-1\" \/>\n<link rel=\"canonical\" href=\"https:\/\/salgourmet.es\/fr\/acerca-de-nosotros\/\" \/>\n<meta property=\"og:locale\" content=\"fr_FR\" \/>\n<meta property=\"og:type\" content=\"article\" \/>\n<meta property=\"og:title\" content=\"Acerca de Sal Gourmet - Sal Gourmet\" \/>\n<meta property=\"og:description\" content=\"Sal Gourmet es una tienda online de venta de sal y condimentos de la marca\u00a0Fossil River. Descubre nuestra amplia gama de sales y haz tu compra online para dotar a tu cocina y a tus platos de un ingrediente \u00fanico y de excepcional calidad. La mayor parte de nuestras sales tienen como origen la Salina&hellip;&nbsp;Lire la suite &raquo;Acerca de Sal Gourmet\" \/>\n<meta property=\"og:url\" content=\"https:\/\/salgourmet.es\/fr\/acerca-de-nosotros\/\" \/>\n<meta property=\"og:site_name\" content=\"Sal Gourmet\" \/>\n<meta property=\"article:modified_time\" content=\"2024-08-08T12:36:01+00:00\" \/>\n<meta property=\"og:image\" content=\"https:\/\/salgourmet.es\/wp-content\/uploads\/fossil-river-logo.png\" \/>\n<meta name=\"twitter:card\" content=\"summary_large_image\" \/>\n<script type=\"application\/ld+json\" class=\"yoast-schema-graph\">{\"@context\":\"https:\/\/schema.org\",\"@graph\":[{\"@type\":\"WebPage\",\"@id\":\"https:\/\/salgourmet.es\/acerca-de-nosotros\/\",\"url\":\"https:\/\/salgourmet.es\/acerca-de-nosotros\/\",\"name\":\"Acerca de Sal Gourmet - Sal Gourmet\",\"isPartOf\":{\"@id\":\"https:\/\/salgourmet.es\/#website\"},\"primaryImageOfPage\":{\"@id\":\"https:\/\/salgourmet.es\/acerca-de-nosotros\/#primaryimage\"},\"image\":{\"@id\":\"https:\/\/salgourmet.es\/acerca-de-nosotros\/#primaryimage\"},\"thumbnailUrl\":\"https:\/\/salgourmet.es\/wp-content\/uploads\/fossil-river-logo.png\",\"datePublished\":\"2024-07-08T15:45:39+00:00\",\"dateModified\":\"2024-08-08T12:36:01+00:00\",\"breadcrumb\":{\"@id\":\"https:\/\/salgourmet.es\/acerca-de-nosotros\/#breadcrumb\"},\"inLanguage\":\"fr-FR\",\"potentialAction\":[{\"@type\":\"ReadAction\",\"target\":[\"https:\/\/salgourmet.es\/acerca-de-nosotros\/\"]}]},{\"@type\":\"ImageObject\",\"inLanguage\":\"fr-FR\",\"@id\":\"https:\/\/salgourmet.es\/acerca-de-nosotros\/#primaryimage\",\"url\":\"https:\/\/salgourmet.es\/wp-content\/uploads\/fossil-river-logo.png\",\"contentUrl\":\"https:\/\/salgourmet.es\/wp-content\/uploads\/fossil-river-logo.png\"},{\"@type\":\"BreadcrumbList\",\"@id\":\"https:\/\/salgourmet.es\/acerca-de-nosotros\/#breadcrumb\",\"itemListElement\":[{\"@type\":\"ListItem\",\"position\":1,\"name\":\"Portada\",\"item\":\"https:\/\/salgourmet.es\/\"},{\"@type\":\"ListItem\",\"position\":2,\"name\":\"Acerca de Sal Gourmet\"}]},{\"@type\":\"WebSite\",\"@id\":\"https:\/\/salgourmet.es\/#website\",\"url\":\"https:\/\/salgourmet.es\/\",\"name\":\"Sal Gourmet\",\"description\":\"\",\"potentialAction\":[{\"@type\":\"SearchAction\",\"target\":{\"@type\":\"EntryPoint\",\"urlTemplate\":\"https:\/\/salgourmet.es\/?s={search_term_string}\"},\"query-input\":{\"@type\":\"PropertyValueSpecification\",\"valueRequired\":true,\"valueName\":\"search_term_string\"}}],\"inLanguage\":\"fr-FR\"}]}<\/script>\n<!-- \/ Yoast SEO plugin. -->","yoast_head_json":{"title":"\u00c0 propos de Sal Gourmet - Sal Gourmet","robots":{"index":"index","follow":"follow","max-snippet":"max-snippet:-1","max-image-preview":"max-image-preview:large","max-video-preview":"max-video-preview:-1"},"canonical":"https:\/\/salgourmet.es\/fr\/acerca-de-nosotros\/","og_locale":"fr_FR","og_type":"article","og_title":"Acerca de Sal Gourmet - Sal Gourmet","og_description":"Sal Gourmet es una tienda online de venta de sal y condimentos de la marca\u00a0Fossil River. Descubre nuestra amplia gama de sales y haz tu compra online para dotar a tu cocina y a tus platos de un ingrediente \u00fanico y de excepcional calidad. La mayor parte de nuestras sales tienen como origen la Salina&hellip;&nbsp;Lire la suite &raquo;Acerca de Sal Gourmet","og_url":"https:\/\/salgourmet.es\/fr\/acerca-de-nosotros\/","og_site_name":"Sal Gourmet","article_modified_time":"2024-08-08T12:36:01+00:00","og_image":[{"url":"https:\/\/salgourmet.es\/wp-content\/uploads\/fossil-river-logo.png","type":"","width":"","height":""}],"twitter_card":"summary_large_image","schema":{"@context":"https:\/\/schema.org","@graph":[{"@type":"WebPage","@id":"https:\/\/salgourmet.es\/acerca-de-nosotros\/","url":"https:\/\/salgourmet.es\/acerca-de-nosotros\/","name":"\u00c0 propos de Sal Gourmet - Sal Gourmet","isPartOf":{"@id":"https:\/\/salgourmet.es\/#website"},"primaryImageOfPage":{"@id":"https:\/\/salgourmet.es\/acerca-de-nosotros\/#primaryimage"},"image":{"@id":"https:\/\/salgourmet.es\/acerca-de-nosotros\/#primaryimage"},"thumbnailUrl":"https:\/\/salgourmet.es\/wp-content\/uploads\/fossil-river-logo.png","datePublished":"2024-07-08T15:45:39+00:00","dateModified":"2024-08-08T12:36:01+00:00","breadcrumb":{"@id":"https:\/\/salgourmet.es\/acerca-de-nosotros\/#breadcrumb"},"inLanguage":"fr-FR","potentialAction":[{"@type":"ReadAction","target":["https:\/\/salgourmet.es\/acerca-de-nosotros\/"]}]},{"@type":"ImageObject","inLanguage":"fr-FR","@id":"https:\/\/salgourmet.es\/acerca-de-nosotros\/#primaryimage","url":"https:\/\/salgourmet.es\/wp-content\/uploads\/fossil-river-logo.png","contentUrl":"https:\/\/salgourmet.es\/wp-content\/uploads\/fossil-river-logo.png"},{"@type":"BreadcrumbList","@id":"https:\/\/salgourmet.es\/acerca-de-nosotros\/#breadcrumb","itemListElement":[{"@type":"ListItem","position":1,"name":"Portada","item":"https:\/\/salgourmet.es\/"},{"@type":"ListItem","position":2,"name":"Acerca de Sal Gourmet"}]},{"@type":"WebSite","@id":"https:\/\/salgourmet.es\/#website","url":"https:\/\/salgourmet.es\/","name":"Sel Gourmand","description":"","potentialAction":[{"@type":"SearchAction","target":{"@type":"EntryPoint","urlTemplate":"https:\/\/salgourmet.es\/?s={search_term_string}"},"query-input":{"@type":"PropertyValueSpecification","valueRequired":true,"valueName":"search_term_string"}}],"inLanguage":"fr-FR"}]}},"_links":{"self":[{"href":"https:\/\/salgourmet.es\/fr\/wp-json\/wp\/v2\/pages\/223","targetHints":{"allow":["GET"]}}],"collection":[{"href":"https:\/\/salgourmet.es\/fr\/wp-json\/wp\/v2\/pages"}],"about":[{"href":"https:\/\/salgourmet.es\/fr\/wp-json\/wp\/v2\/types\/page"}],"author":[{"embeddable":true,"href":"https:\/\/salgourmet.es\/fr\/wp-json\/wp\/v2\/users\/1"}],"replies":[{"embeddable":true,"href":"https:\/\/salgourmet.es\/fr\/wp-json\/wp\/v2\/comments?post=223"}],"version-history":[{"count":19,"href":"https:\/\/salgourmet.es\/fr\/wp-json\/wp\/v2\/pages\/223\/revisions"}],"predecessor-version":[{"id":245,"href":"https:\/\/salgourmet.es\/fr\/wp-json\/wp\/v2\/pages\/223\/revisions\/245"}],"wp:attachment":[{"href":"https:\/\/salgourmet.es\/fr\/wp-json\/wp\/v2\/media?parent=223"}],"curies":[{"name":"wp","href":"https:\/\/api.w.org\/{rel}","templated":true}]}}