{"id":2013,"date":"2024-08-08T14:39:34","date_gmt":"2024-08-08T12:39:34","guid":{"rendered":"https:\/\/salgourmet.es\/?page_id=2013"},"modified":"2024-08-08T14:41:02","modified_gmt":"2024-08-08T12:41:02","slug":"cookies","status":"publish","type":"page","link":"https:\/\/salgourmet.es\/fr\/cookies\/","title":{"rendered":"Politique de cookies"},"content":{"rendered":"<div data-elementor-type=\"wp-page\" data-elementor-id=\"2013\" class=\"elementor elementor-2013\" data-elementor-post-type=\"page\">\n\t\t\t\t<div class=\"elementor-element elementor-element-0a140b4 e-con-full e-flex e-con e-parent\" data-id=\"0a140b4\" data-element_type=\"container\" data-settings=\"{&quot;background_background&quot;:&quot;classic&quot;}\">\n\t\t\t\t<\/div>\n\t\t<div class=\"elementor-element elementor-element-ddf0381 e-flex e-con-boxed e-con e-parent\" data-id=\"ddf0381\" data-element_type=\"container\">\n\t\t\t\t\t<div class=\"e-con-inner\">\n\t\t<div class=\"elementor-element elementor-element-bd633e0 e-con-full e-flex e-con e-child\" data-id=\"bd633e0\" data-element_type=\"container\">\n\t\t\t\t<\/div>\n\t\t<div class=\"elementor-element elementor-element-b3174c6 e-con-full e-flex e-con e-child\" data-id=\"b3174c6\" data-element_type=\"container\">\n\t\t\t\t<div class=\"elementor-element elementor-element-a9a3f8e elementor-widget elementor-widget-text-editor\" data-id=\"a9a3f8e\" data-element_type=\"widget\" data-widget_type=\"text-editor.default\">\n\t\t\t\t<div class=\"elementor-widget-container\">\n\t\t\t\t\t\t\t\t\t<div class=\"wrapper\"><div id=\"contenido\"><h1>Politique de cookies<\/h1><p><strong>UTILISATION DES COOKIES<\/strong><\/p><p>Sur notre site Web, il n&#039;y a pas d&#039;hyperliens permettant la communication de vos donn\u00e9es vers d&#039;autres pages Web et il n&#039;y a pas de traitement invisible des donn\u00e9es personnelles. Pour utiliser le Site, l&#039;utilisation de cookies est n\u00e9cessaire (entendus comme un ensemble de caract\u00e8res stock\u00e9s sur le disque dur ou dans la m\u00e9moire temporaire de l&#039;ordinateur d&#039;un utilisateur lors de l&#039;acc\u00e8s aux pages de certains sites Internet).<\/p><p>Les informations que LANCASTER PLUS, SLU stocke sur votre ordinateur \u00e0 travers ce m\u00e9canisme sont uniquement celles n\u00e9cessaires \u00e0 la r\u00e9alisation du processus d&#039;achat, sans sauvegarder de donn\u00e9es priv\u00e9es.<\/p><p>Les cookies g\u00e9n\u00e9r\u00e9s sont :<\/p><ul><li><strong>Nom:<\/strong> ASPSESSIONIDQQDDSDBB<ul><li>Serveur d&#039;origine: www.salgourmet.es<\/li><li>Objectif\u00a0: Strictement n\u00e9cessaire<\/li><li>Propre \/ Tiers\u00a0: Propre<\/li><li>Exclus\/Non exclus (du devoir d&#039;information et de consentement) : Oui<\/li><\/ul><\/li><li><strong>Nom:<\/strong>\u00a0stupide<ul><li>Serveur d&#039;origine: www.salgourmet.es<\/li><li>Objectif\u00a0: Strictement n\u00e9cessaire<\/li><li>Propre \/ Tiers\u00a0: Propre<\/li><li>Exclus\/Non exclus (du devoir d&#039;information et de consentement) : Oui<\/li><\/ul><\/li><li><strong>Nom:<\/strong> cookies accept\u00e9s<ul><li>Serveur d&#039;origine: www.salgourmet.es<\/li><li>Objectif\u00a0: Strictement n\u00e9cessaire<\/li><li>Propre \/ Tiers\u00a0: Propre<\/li><li>Exclus\/Non exclus (du devoir d&#039;information et de consentement) : Oui<\/li><\/ul><\/li><li><strong>Nom:<\/strong> _G\u00e9orgie<ul><li>Serveur d&#039;origine: www.salgourmet.es<\/li><li>Finalit\u00e9 : Cookies Google Analytics. Ils g\u00e9n\u00e8rent un identifiant d&#039;utilisateur anonyme, qui est utilis\u00e9 pour compter le nombre de fois qu&#039;un utilisateur visite le site. Il enregistre \u00e9galement la premi\u00e8re et la derni\u00e8re fois que vous avez visit\u00e9 le site Web. De m\u00eame, il calcule la fin d&#039;une session, l&#039;origine de l&#039;utilisateur et les mots-cl\u00e9s.\u00a0<a href=\"https:\/\/developers.google.com\/analytics\/devguides\/collection\/analyticsjs\/cookie-usage\" target=\"_blank\" rel=\"nofollow noopener\">Plus d&#039;informations<\/a>.<\/li><li>Propre\/Tiers : Tiers, Google Inc.<\/li><li>Exclus\/Non exclus (du devoir d&#039;information et de consentement) : Non\u00a0<\/li><\/ul><\/li><li><strong>Nom:<\/strong> _flingue<ul><li>Serveur d&#039;origine: www.salgourmet.es<\/li><li>Finalit\u00e9 : Cookies Google Analytics. Ils g\u00e9n\u00e8rent un identifiant d&#039;utilisateur anonyme, qui est utilis\u00e9 pour compter le nombre de fois qu&#039;un utilisateur visite le site. Il enregistre \u00e9galement la premi\u00e8re et la derni\u00e8re fois que vous avez visit\u00e9 le site Web. De m\u00eame, il calcule la fin d&#039;une session, l&#039;origine de l&#039;utilisateur et les mots-cl\u00e9s.\u00a0<a href=\"https:\/\/developers.google.com\/analytics\/devguides\/collection\/analyticsjs\/cookie-usage\" target=\"_blank\" rel=\"nofollow noopener\">Plus d&#039;informations<\/a>.<\/li><li>Propre\/Tiers : Tiers, Google Inc.<\/li><li>Exclus\/Non exclus (du devoir d&#039;information et de consentement) : Non\u00a0<\/li><\/ul><\/li><\/ul><p>Si vous le souhaitez, vous pouvez configurer votre navigateur pour \u00eatre averti sur l&#039;\u00e9cran de la r\u00e9ception de cookies et emp\u00eacher l&#039;installation de cookies sur votre disque dur. Cependant, si vous s\u00e9lectionnez ce param\u00e8tre, vous ne pourrez peut-\u00eatre pas acc\u00e9der \u00e0 certaines parties du site Web ou profiter de certains de nos services. Sauf si vous avez ajust\u00e9 les param\u00e8tres de votre navigateur pour refuser les cookies, notre syst\u00e8me produira des cookies lorsque vous vous connecterez \u00e0 notre site Web. Veuillez consulter les instructions et les manuels de votre navigateur pour plus d&#039;informations. <\/p><\/div><\/div>\t\t\t\t\t\t\t\t<\/div>\n\t\t\t\t<\/div>\n\t\t\t\t<\/div>\n\t\t\t\t\t<\/div>\n\t\t\t\t<\/div>\n\t\t\t\t<\/div>","protected":false},"excerpt":{"rendered":"<p>Politique relative aux cookies UTILISATION DES COOKIES Notre site Web ne contient pas d&#039;hyperliens permettant le transfert de vos donn\u00e9es vers d&#039;autres sites Web, ni aucun traitement invisible de donn\u00e9es personnelles. L&#039;utilisation de cookies (entendus comme un ensemble de caract\u00e8res stock\u00e9s sur le disque dur) est n\u00e9cessaire \u00e0 l&#039;utilisation du site Web.&nbsp;<a href=\"https:\/\/salgourmet.es\/fr\/cookies\/\" rel=\"bookmark\">En savoir plus &quot;<span class=\"screen-reader-text\">Politique de cookies<\/span><\/a><\/p>","protected":false},"author":2,"featured_media":0,"parent":0,"menu_order":0,"comment_status":"closed","ping_status":"closed","template":"page-templates\/template-pagebuilder-full-width.php","meta":{"_acf_changed":false,"neve_meta_sidebar":"","neve_meta_container":"","neve_meta_enable_content_width":"off","neve_meta_content_width":100,"neve_meta_title_alignment":"","neve_meta_author_avatar":"","neve_post_elements_order":"","neve_meta_disable_header":"","neve_meta_disable_footer":"","neve_meta_disable_title":"","footnotes":""},"class_list":["post-2013","page","type-page","status-publish","hentry"],"acf":[],"yoast_head":"<!-- This site is optimized with the Yoast SEO plugin v25.8 - https:\/\/yoast.com\/wordpress\/plugins\/seo\/ -->\n<title>Pol\u00edtica de cookies - Sal Gourmet<\/title>\n<meta name=\"robots\" content=\"index, follow, max-snippet:-1, max-image-preview:large, max-video-preview:-1\" \/>\n<link rel=\"canonical\" href=\"https:\/\/salgourmet.es\/fr\/cookies\/\" \/>\n<meta property=\"og:locale\" content=\"fr_FR\" \/>\n<meta property=\"og:type\" content=\"article\" \/>\n<meta property=\"og:title\" content=\"Pol\u00edtica de cookies - Sal Gourmet\" \/>\n<meta property=\"og:description\" content=\"Pol\u00edtica de cookies UTILIZACI\u00d3N DE COOKIES En nuestro Sitio Web no existen hiperv\u00ednculos que permitan la comunicaci\u00f3n de sus datos a otras p\u00e1ginas web y tampoco existen tratamientos invisibles de datos personales. Para la utilizaci\u00f3n del Sitio Web es necesaria la utilizaci\u00f3n de cookies (entendido como conjunto de caracteres que se almacenan en el disco&hellip;&nbsp;Lire la suite &raquo;Pol\u00edtica de cookies\" \/>\n<meta property=\"og:url\" content=\"https:\/\/salgourmet.es\/fr\/cookies\/\" \/>\n<meta property=\"og:site_name\" content=\"Sal Gourmet\" \/>\n<meta property=\"article:modified_time\" content=\"2024-08-08T12:41:02+00:00\" \/>\n<meta name=\"twitter:card\" content=\"summary_large_image\" \/>\n<meta name=\"twitter:label1\" content=\"Dur\u00e9e de lecture estim\u00e9e\" \/>\n\t<meta name=\"twitter:data1\" content=\"2 minutes\" \/>\n<script type=\"application\/ld+json\" class=\"yoast-schema-graph\">{\"@context\":\"https:\/\/schema.org\",\"@graph\":[{\"@type\":\"WebPage\",\"@id\":\"https:\/\/salgourmet.es\/cookies\/\",\"url\":\"https:\/\/salgourmet.es\/cookies\/\",\"name\":\"Pol\u00edtica de cookies - Sal Gourmet\",\"isPartOf\":{\"@id\":\"https:\/\/salgourmet.es\/#website\"},\"datePublished\":\"2024-08-08T12:39:34+00:00\",\"dateModified\":\"2024-08-08T12:41:02+00:00\",\"breadcrumb\":{\"@id\":\"https:\/\/salgourmet.es\/cookies\/#breadcrumb\"},\"inLanguage\":\"fr-FR\",\"potentialAction\":[{\"@type\":\"ReadAction\",\"target\":[\"https:\/\/salgourmet.es\/cookies\/\"]}]},{\"@type\":\"BreadcrumbList\",\"@id\":\"https:\/\/salgourmet.es\/cookies\/#breadcrumb\",\"itemListElement\":[{\"@type\":\"ListItem\",\"position\":1,\"name\":\"Portada\",\"item\":\"https:\/\/salgourmet.es\/\"},{\"@type\":\"ListItem\",\"position\":2,\"name\":\"Pol\u00edtica de cookies\"}]},{\"@type\":\"WebSite\",\"@id\":\"https:\/\/salgourmet.es\/#website\",\"url\":\"https:\/\/salgourmet.es\/\",\"name\":\"Sal Gourmet\",\"description\":\"\",\"potentialAction\":[{\"@type\":\"SearchAction\",\"target\":{\"@type\":\"EntryPoint\",\"urlTemplate\":\"https:\/\/salgourmet.es\/?s={search_term_string}\"},\"query-input\":{\"@type\":\"PropertyValueSpecification\",\"valueRequired\":true,\"valueName\":\"search_term_string\"}}],\"inLanguage\":\"fr-FR\"}]}<\/script>\n<!-- \/ Yoast SEO plugin. -->","yoast_head_json":{"title":"Pol\u00edtica de cookies - Sal Gourmet","robots":{"index":"index","follow":"follow","max-snippet":"max-snippet:-1","max-image-preview":"max-image-preview:large","max-video-preview":"max-video-preview:-1"},"canonical":"https:\/\/salgourmet.es\/fr\/cookies\/","og_locale":"fr_FR","og_type":"article","og_title":"Pol\u00edtica de cookies - Sal Gourmet","og_description":"Pol\u00edtica de cookies UTILIZACI\u00d3N DE COOKIES En nuestro Sitio Web no existen hiperv\u00ednculos que permitan la comunicaci\u00f3n de sus datos a otras p\u00e1ginas web y tampoco existen tratamientos invisibles de datos personales. Para la utilizaci\u00f3n del Sitio Web es necesaria la utilizaci\u00f3n de cookies (entendido como conjunto de caracteres que se almacenan en el disco&hellip;&nbsp;Lire la suite &raquo;Pol\u00edtica de cookies","og_url":"https:\/\/salgourmet.es\/fr\/cookies\/","og_site_name":"Sal Gourmet","article_modified_time":"2024-08-08T12:41:02+00:00","twitter_card":"summary_large_image","twitter_misc":{"Dur\u00e9e de lecture estim\u00e9e":"2 minutes"},"schema":{"@context":"https:\/\/schema.org","@graph":[{"@type":"WebPage","@id":"https:\/\/salgourmet.es\/cookies\/","url":"https:\/\/salgourmet.es\/cookies\/","name":"Pol\u00edtica de cookies - Sal Gourmet","isPartOf":{"@id":"https:\/\/salgourmet.es\/#website"},"datePublished":"2024-08-08T12:39:34+00:00","dateModified":"2024-08-08T12:41:02+00:00","breadcrumb":{"@id":"https:\/\/salgourmet.es\/cookies\/#breadcrumb"},"inLanguage":"fr-FR","potentialAction":[{"@type":"ReadAction","target":["https:\/\/salgourmet.es\/cookies\/"]}]},{"@type":"BreadcrumbList","@id":"https:\/\/salgourmet.es\/cookies\/#breadcrumb","itemListElement":[{"@type":"ListItem","position":1,"name":"Portada","item":"https:\/\/salgourmet.es\/"},{"@type":"ListItem","position":2,"name":"Pol\u00edtica de cookies"}]},{"@type":"WebSite","@id":"https:\/\/salgourmet.es\/#website","url":"https:\/\/salgourmet.es\/","name":"Sel Gourmand","description":"","potentialAction":[{"@type":"SearchAction","target":{"@type":"EntryPoint","urlTemplate":"https:\/\/salgourmet.es\/?s={search_term_string}"},"query-input":{"@type":"PropertyValueSpecification","valueRequired":true,"valueName":"search_term_string"}}],"inLanguage":"fr-FR"}]}},"_links":{"self":[{"href":"https:\/\/salgourmet.es\/fr\/wp-json\/wp\/v2\/pages\/2013","targetHints":{"allow":["GET"]}}],"collection":[{"href":"https:\/\/salgourmet.es\/fr\/wp-json\/wp\/v2\/pages"}],"about":[{"href":"https:\/\/salgourmet.es\/fr\/wp-json\/wp\/v2\/types\/page"}],"author":[{"embeddable":true,"href":"https:\/\/salgourmet.es\/fr\/wp-json\/wp\/v2\/users\/2"}],"replies":[{"embeddable":true,"href":"https:\/\/salgourmet.es\/fr\/wp-json\/wp\/v2\/comments?post=2013"}],"version-history":[{"count":4,"href":"https:\/\/salgourmet.es\/fr\/wp-json\/wp\/v2\/pages\/2013\/revisions"}],"predecessor-version":[{"id":2018,"href":"https:\/\/salgourmet.es\/fr\/wp-json\/wp\/v2\/pages\/2013\/revisions\/2018"}],"wp:attachment":[{"href":"https:\/\/salgourmet.es\/fr\/wp-json\/wp\/v2\/media?parent=2013"}],"curies":[{"name":"wp","href":"https:\/\/api.w.org\/{rel}","templated":true}]}}