{"id":1106,"date":"2024-07-11T21:36:14","date_gmt":"2024-07-11T19:36:14","guid":{"rendered":"https:\/\/salgourmet.es\/?page_id=1106"},"modified":"2024-09-02T10:30:22","modified_gmt":"2024-09-02T08:30:22","slug":"caja-de-sal","status":"publish","type":"page","link":"https:\/\/salgourmet.es\/fr\/caja-de-sal\/","title":{"rendered":"Bo\u00eete \u00e0 sel"},"content":{"rendered":"<div data-elementor-type=\"wp-page\" data-elementor-id=\"1106\" class=\"elementor elementor-1106\" data-elementor-post-type=\"page\">\n\t\t\t\t<div class=\"elementor-element elementor-element-b27afe7 e-flex e-con-boxed e-con e-parent\" data-id=\"b27afe7\" data-element_type=\"container\">\n\t\t\t\t\t<div class=\"e-con-inner\">\n\t\t<div class=\"elementor-element elementor-element-9823fc5 e-con-full e-flex e-con e-child\" data-id=\"9823fc5\" data-element_type=\"container\">\n\t\t\t\t<div class=\"elementor-element elementor-element-58023b8 elementor-widget elementor-widget-text-editor\" data-id=\"58023b8\" data-element_type=\"widget\" data-widget_type=\"text-editor.default\">\n\t\t\t\t<div class=\"elementor-widget-container\">\n\t\t\t\t\t\t\t\t\t<p>Id\u00e9es cadeaux. Nous s\u00e9lectionnons les meilleures essences, ar\u00f4mes et saveurs du monde, pour transformer vos plats en une d\u00e9gustation exquise. Nos bo\u00eetes \u00e0 sel sont un cadeau original et sp\u00e9cial pour les amateurs de cuisine, les chefs, les \u00ab petits cuisiniers \u00bb et toutes les personnes que vous appr\u00e9ciez vraiment. Cadeau homme et femme, pour anniversaires, anniversaires, cadeaux de mariage, incentives pour vos collaborateurs... les possibilit\u00e9s sont nombreuses, tout comme la saveur et l&#039;ar\u00f4me de nos sels !\u00a0 \u00a0\u00a0<\/p>\t\t\t\t\t\t\t\t<\/div>\n\t\t\t\t<\/div>\n\t\t\t\t<div class=\"elementor-element elementor-element-15d08e2 elementor-grid-4 elementor-grid-tablet-3 elementor-grid-mobile-2 elementor-products-grid elementor-wc-products elementor-show-pagination-border-yes elementor-widget elementor-widget-woocommerce-products\" data-id=\"15d08e2\" data-element_type=\"widget\" data-widget_type=\"woocommerce-products.default\">\n\t\t\t\t<div class=\"elementor-widget-container\">\n\t\t\t\t\t<div class=\"woocommerce columns-4\"><div class=\"woocommerce-notices-wrapper\"><\/div><ul class=\"products elementor-grid columns-4\">\n<li class=\"wvs-archive-product-wrapper product type-product post-897 status-publish first instock product_cat-caja-de-sal has-post-thumbnail taxable shipping-taxable purchasable product-type-variable\">\n\t<div class=\"nv-card-content-wrapper\"><a href=\"https:\/\/salgourmet.es\/fr\/caja-de-sal\/salt-box-sabores-del-mundo\/\" class=\"woocommerce-LoopProduct-link woocommerce-loop-product__link\"><div class=\"sp-product-image\"><div class=\"img-wrap\"><img fetchpriority=\"high\" decoding=\"async\" width=\"300\" height=\"300\" src=\"https:\/\/salgourmet.es\/wp-content\/uploads\/imagen_2024-07-11_120442710-300x300.png\" class=\"attachment-woocommerce_thumbnail size-woocommerce_thumbnail wvs-archive-product-image\" alt=\"Salt Box: Sabores del Mundo\" srcset=\"https:\/\/salgourmet.es\/wp-content\/uploads\/imagen_2024-07-11_120442710-300x300.png 300w, https:\/\/salgourmet.es\/wp-content\/uploads\/imagen_2024-07-11_120442710-200x200.png 200w, https:\/\/salgourmet.es\/wp-content\/uploads\/imagen_2024-07-11_120442710-768x768.png 768w, https:\/\/salgourmet.es\/wp-content\/uploads\/imagen_2024-07-11_120442710-600x600.png 600w, https:\/\/salgourmet.es\/wp-content\/uploads\/imagen_2024-07-11_120442710-100x100.png 100w, https:\/\/salgourmet.es\/wp-content\/uploads\/imagen_2024-07-11_120442710-50x50.png 50w, https:\/\/salgourmet.es\/wp-content\/uploads\/imagen_2024-07-11_120442710.png 798w\" sizes=\"(max-width: 300px) 100vw, 300px\" \/><\/div><\/div><h2 class=\"woocommerce-loop-product__title\">Boite \u00e0 Sel : Saveurs du Monde<\/h2>\n\t<span class=\"price\"><span class=\"woocommerce-Price-amount amount\"><bdi>29,90&nbsp;<span class=\"woocommerce-Price-currencySymbol\">\u20ac<\/span><\/bdi><\/span><\/span>\n<\/a><a href=\"https:\/\/salgourmet.es\/fr\/caja-de-sal\/salt-box-sabores-del-mundo\/\" aria-describedby=\"woocommerce_loop_add_to_cart_link_describedby_897\" data-quantity=\"1\" class=\"button product_type_variable add_to_cart_button\" data-product_id=\"897\" data-product_sku=\"\" aria-label=\"S\u00e9lectionner les options pour \u201cSalt Box: Sabores del Mundo\u201d\" rel=\"nofollow\" data-no-translation=\"\" data-trp-gettext=\"\" data-no-translation-aria-label=\"\">Choix des options<\/a>\t<span id=\"woocommerce_loop_add_to_cart_link_describedby_897\" class=\"screen-reader-text\">\n\t\tCe produit a plusieurs variations. Les options peuvent \u00eatre choisies sur la page du produit\t<\/span>\n<\/div><\/li>\n<li class=\"wvs-archive-product-wrapper product type-product post-881 status-publish instock product_cat-caja-de-sal has-post-thumbnail taxable shipping-taxable purchasable product-type-variable\">\n\t<div class=\"nv-card-content-wrapper\"><a href=\"https:\/\/salgourmet.es\/fr\/caja-de-sal\/salt-box-experience\/\" class=\"woocommerce-LoopProduct-link woocommerce-loop-product__link\"><div class=\"sp-product-image\"><div class=\"img-wrap\"><img decoding=\"async\" width=\"300\" height=\"300\" src=\"https:\/\/salgourmet.es\/wp-content\/uploads\/imagen_2024-07-11_120102257-300x300.png\" class=\"attachment-woocommerce_thumbnail size-woocommerce_thumbnail wvs-archive-product-image\" alt=\"Salt Box: Experience\" srcset=\"https:\/\/salgourmet.es\/wp-content\/uploads\/imagen_2024-07-11_120102257-300x300.png 300w, https:\/\/salgourmet.es\/wp-content\/uploads\/imagen_2024-07-11_120102257-200x200.png 200w, https:\/\/salgourmet.es\/wp-content\/uploads\/imagen_2024-07-11_120102257-768x768.png 768w, https:\/\/salgourmet.es\/wp-content\/uploads\/imagen_2024-07-11_120102257-600x600.png 600w, https:\/\/salgourmet.es\/wp-content\/uploads\/imagen_2024-07-11_120102257-100x100.png 100w, https:\/\/salgourmet.es\/wp-content\/uploads\/imagen_2024-07-11_120102257-50x50.png 50w, https:\/\/salgourmet.es\/wp-content\/uploads\/imagen_2024-07-11_120102257.png 798w\" sizes=\"(max-width: 300px) 100vw, 300px\" \/><\/div><\/div><h2 class=\"woocommerce-loop-product__title\">Bo\u00eete \u00e0 sel\u00a0: Exp\u00e9rience<\/h2>\n\t<span class=\"price\"><span class=\"woocommerce-Price-amount amount\"><bdi>29,90&nbsp;<span class=\"woocommerce-Price-currencySymbol\">\u20ac<\/span><\/bdi><\/span><\/span>\n<\/a><a href=\"https:\/\/salgourmet.es\/fr\/caja-de-sal\/salt-box-experience\/\" aria-describedby=\"woocommerce_loop_add_to_cart_link_describedby_881\" data-quantity=\"1\" class=\"button product_type_variable add_to_cart_button\" data-product_id=\"881\" data-product_sku=\"\" aria-label=\"S\u00e9lectionner les options pour \u201cSalt Box: Experience\u201d\" rel=\"nofollow\" data-no-translation=\"\" data-trp-gettext=\"\" data-no-translation-aria-label=\"\">Choix des options<\/a>\t<span id=\"woocommerce_loop_add_to_cart_link_describedby_881\" class=\"screen-reader-text\">\n\t\tCe produit a plusieurs variations. Les options peuvent \u00eatre choisies sur la page du produit\t<\/span>\n<\/div><\/li>\n<li class=\"wvs-archive-product-wrapper product type-product post-859 status-publish instock product_cat-caja-de-sal has-post-thumbnail taxable shipping-taxable purchasable product-type-variable\">\n\t<div class=\"nv-card-content-wrapper\"><a href=\"https:\/\/salgourmet.es\/fr\/caja-de-sal\/mini-box-experience\/\" class=\"woocommerce-LoopProduct-link woocommerce-loop-product__link\"><div class=\"sp-product-image\"><div class=\"img-wrap\"><img decoding=\"async\" width=\"300\" height=\"300\" src=\"https:\/\/salgourmet.es\/wp-content\/uploads\/imagen_2024-07-11_115705463-300x300.png\" class=\"attachment-woocommerce_thumbnail size-woocommerce_thumbnail wvs-archive-product-image\" alt=\"Mini Box: Experience\" srcset=\"https:\/\/salgourmet.es\/wp-content\/uploads\/imagen_2024-07-11_115705463-300x300.png 300w, https:\/\/salgourmet.es\/wp-content\/uploads\/imagen_2024-07-11_115705463-200x200.png 200w, https:\/\/salgourmet.es\/wp-content\/uploads\/imagen_2024-07-11_115705463-768x768.png 768w, https:\/\/salgourmet.es\/wp-content\/uploads\/imagen_2024-07-11_115705463-600x600.png 600w, https:\/\/salgourmet.es\/wp-content\/uploads\/imagen_2024-07-11_115705463-100x100.png 100w, https:\/\/salgourmet.es\/wp-content\/uploads\/imagen_2024-07-11_115705463-50x50.png 50w, https:\/\/salgourmet.es\/wp-content\/uploads\/imagen_2024-07-11_115705463.png 798w\" sizes=\"(max-width: 300px) 100vw, 300px\" \/><\/div><\/div><h2 class=\"woocommerce-loop-product__title\">Mini-coffret\u00a0:\u00a0Exp\u00e9rience<\/h2>\n\t<span class=\"price\"><span class=\"woocommerce-Price-amount amount\"><bdi>13,40&nbsp;<span class=\"woocommerce-Price-currencySymbol\">\u20ac<\/span><\/bdi><\/span><\/span>\n<\/a><a href=\"https:\/\/salgourmet.es\/fr\/caja-de-sal\/mini-box-experience\/\" aria-describedby=\"woocommerce_loop_add_to_cart_link_describedby_859\" data-quantity=\"1\" class=\"button product_type_variable add_to_cart_button\" data-product_id=\"859\" data-product_sku=\"\" aria-label=\"S\u00e9lectionner les options pour \u201cMini Box: Experience\u201d\" rel=\"nofollow\" data-no-translation=\"\" data-trp-gettext=\"\" data-no-translation-aria-label=\"\">Choix des options<\/a>\t<span id=\"woocommerce_loop_add_to_cart_link_describedby_859\" class=\"screen-reader-text\">\n\t\tCe produit a plusieurs variations. Les options peuvent \u00eatre choisies sur la page du produit\t<\/span>\n<\/div><\/li>\n<li class=\"wvs-archive-product-wrapper product type-product post-747 status-publish last instock product_cat-caja-de-sal has-post-thumbnail taxable shipping-taxable purchasable product-type-variable\">\n\t<div class=\"nv-card-content-wrapper\"><a href=\"https:\/\/salgourmet.es\/fr\/caja-de-sal\/mini-box-sabores-del-mundo\/\" class=\"woocommerce-LoopProduct-link woocommerce-loop-product__link\"><div class=\"sp-product-image\"><div class=\"img-wrap\"><img loading=\"lazy\" decoding=\"async\" width=\"300\" height=\"300\" src=\"https:\/\/salgourmet.es\/wp-content\/uploads\/imagen_2024-07-11_114841016-300x300.png\" class=\"attachment-woocommerce_thumbnail size-woocommerce_thumbnail wvs-archive-product-image\" alt=\"Mini Box: Sabores del Mundo\" srcset=\"https:\/\/salgourmet.es\/wp-content\/uploads\/imagen_2024-07-11_114841016-300x300.png 300w, https:\/\/salgourmet.es\/wp-content\/uploads\/imagen_2024-07-11_114841016-200x200.png 200w, https:\/\/salgourmet.es\/wp-content\/uploads\/imagen_2024-07-11_114841016-768x768.png 768w, https:\/\/salgourmet.es\/wp-content\/uploads\/imagen_2024-07-11_114841016-600x600.png 600w, https:\/\/salgourmet.es\/wp-content\/uploads\/imagen_2024-07-11_114841016-100x100.png 100w, https:\/\/salgourmet.es\/wp-content\/uploads\/imagen_2024-07-11_114841016-50x50.png 50w, https:\/\/salgourmet.es\/wp-content\/uploads\/imagen_2024-07-11_114841016.png 798w\" sizes=\"(max-width: 300px) 100vw, 300px\" \/><\/div><\/div><h2 class=\"woocommerce-loop-product__title\">Mini Coffret : Saveurs du Monde<\/h2>\n\t<span class=\"price\"><span class=\"woocommerce-Price-amount amount\" aria-hidden=\"true\"><bdi>11,00&nbsp;<span class=\"woocommerce-Price-currencySymbol\">&euro;<\/span><\/bdi><\/span> <span aria-hidden=\"true\">\u00a0\u2013\u00a0<\/span> <span class=\"woocommerce-Price-amount amount\" aria-hidden=\"true\"><bdi>12,00&nbsp;<span class=\"woocommerce-Price-currencySymbol\">&euro;<\/span><\/bdi><\/span><span class=\"screen-reader-text\" data-no-translation=\"\" data-trp-gettext=\"\">Plage de prix\u00a0: 11,00&nbsp;&euro; \u00e0 12,00&nbsp;&euro;<\/span><\/span>\n<\/a><a href=\"https:\/\/salgourmet.es\/fr\/caja-de-sal\/mini-box-sabores-del-mundo\/\" aria-describedby=\"woocommerce_loop_add_to_cart_link_describedby_747\" data-quantity=\"1\" class=\"button product_type_variable add_to_cart_button\" data-product_id=\"747\" data-product_sku=\"\" aria-label=\"S\u00e9lectionner les options pour \u201cMini Box: Sabores del Mundo\u201d\" rel=\"nofollow\" data-no-translation=\"\" data-trp-gettext=\"\" data-no-translation-aria-label=\"\">Choix des options<\/a>\t<span id=\"woocommerce_loop_add_to_cart_link_describedby_747\" class=\"screen-reader-text\">\n\t\tCe produit a plusieurs variations. Les options peuvent \u00eatre choisies sur la page du produit\t<\/span>\n<\/div><\/li>\n<\/ul>\n<\/div>\t\t\t\t<\/div>\n\t\t\t\t<\/div>\n\t\t\t\t<\/div>\n\t\t\t\t\t<\/div>\n\t\t\t\t<\/div>\n\t\t\t\t<\/div>","protected":false},"excerpt":{"rendered":"<p>Id\u00e9es cadeaux. Nous s\u00e9lectionnons les essences, ar\u00f4mes et saveurs les plus raffin\u00e9s du monde pour sublimer vos plats. Nos bo\u00eetes \u00e0 sel sont un cadeau original et original pour les amateurs de cuisine, les chefs, les cuisiniers et tous ceux qui vous sont chers. Cadeaux pour hommes et femmes, pour les anniversaires, les f\u00eates de fin d&#039;ann\u00e9e et bien plus encore.&nbsp;<a href=\"https:\/\/salgourmet.es\/fr\/caja-de-sal\/\" rel=\"bookmark\">En savoir plus &quot;<span class=\"screen-reader-text\">Bo\u00eete \u00e0 sel<\/span><\/a><\/p>","protected":false},"author":1,"featured_media":0,"parent":0,"menu_order":0,"comment_status":"closed","ping_status":"closed","template":"page-templates\/template-pagebuilder-full-width.php","meta":{"_acf_changed":false,"neve_meta_sidebar":"","neve_meta_container":"","neve_meta_enable_content_width":"off","neve_meta_content_width":100,"neve_meta_title_alignment":"","neve_meta_author_avatar":"","neve_post_elements_order":"","neve_meta_disable_header":"","neve_meta_disable_footer":"","neve_meta_disable_title":"","footnotes":""},"class_list":["post-1106","page","type-page","status-publish","hentry"],"acf":[],"yoast_head":"<!-- This site is optimized with the Yoast SEO plugin v25.8 - https:\/\/yoast.com\/wordpress\/plugins\/seo\/ -->\n<title>Salt Box - Sal Gourmet<\/title>\n<meta name=\"robots\" content=\"index, follow, max-snippet:-1, max-image-preview:large, max-video-preview:-1\" \/>\n<link rel=\"canonical\" href=\"https:\/\/salgourmet.es\/fr\/caja-de-sal\/\" \/>\n<meta property=\"og:locale\" content=\"fr_FR\" \/>\n<meta property=\"og:type\" content=\"article\" \/>\n<meta property=\"og:title\" content=\"Salt Box - Sal Gourmet\" \/>\n<meta property=\"og:description\" content=\"Ideas para regalos. Seleccionamos las mejores esencias, aromas y sabores del mundo, para convertir tus platos en una exquisita degustaci\u00f3n. Nuestras cajas de sal son un regalo original y especial para amantes de la cocina, cocineros, \u00abcocinitas\u00bb y todas aquellas personas a las que aprecias de verdad. Regalo para hombre y mujer, para cumplea\u00f1os, aniversarios,&hellip;&nbsp;Lire la suite &raquo;Salt Box\" \/>\n<meta property=\"og:url\" content=\"https:\/\/salgourmet.es\/fr\/caja-de-sal\/\" \/>\n<meta property=\"og:site_name\" content=\"Sal Gourmet\" \/>\n<meta property=\"article:modified_time\" content=\"2024-09-02T08:30:22+00:00\" \/>\n<meta name=\"twitter:card\" content=\"summary_large_image\" \/>\n<script type=\"application\/ld+json\" class=\"yoast-schema-graph\">{\"@context\":\"https:\/\/schema.org\",\"@graph\":[{\"@type\":\"WebPage\",\"@id\":\"https:\/\/salgourmet.es\/caja-de-sal\/\",\"url\":\"https:\/\/salgourmet.es\/caja-de-sal\/\",\"name\":\"Salt Box - Sal Gourmet\",\"isPartOf\":{\"@id\":\"https:\/\/salgourmet.es\/#website\"},\"datePublished\":\"2024-07-11T19:36:14+00:00\",\"dateModified\":\"2024-09-02T08:30:22+00:00\",\"breadcrumb\":{\"@id\":\"https:\/\/salgourmet.es\/caja-de-sal\/#breadcrumb\"},\"inLanguage\":\"fr-FR\",\"potentialAction\":[{\"@type\":\"ReadAction\",\"target\":[\"https:\/\/salgourmet.es\/caja-de-sal\/\"]}]},{\"@type\":\"BreadcrumbList\",\"@id\":\"https:\/\/salgourmet.es\/caja-de-sal\/#breadcrumb\",\"itemListElement\":[{\"@type\":\"ListItem\",\"position\":1,\"name\":\"Portada\",\"item\":\"https:\/\/salgourmet.es\/\"},{\"@type\":\"ListItem\",\"position\":2,\"name\":\"Salt Box\"}]},{\"@type\":\"WebSite\",\"@id\":\"https:\/\/salgourmet.es\/#website\",\"url\":\"https:\/\/salgourmet.es\/\",\"name\":\"Sal Gourmet\",\"description\":\"\",\"potentialAction\":[{\"@type\":\"SearchAction\",\"target\":{\"@type\":\"EntryPoint\",\"urlTemplate\":\"https:\/\/salgourmet.es\/?s={search_term_string}\"},\"query-input\":{\"@type\":\"PropertyValueSpecification\",\"valueRequired\":true,\"valueName\":\"search_term_string\"}}],\"inLanguage\":\"fr-FR\"}]}<\/script>\n<!-- \/ Yoast SEO plugin. -->","yoast_head_json":{"title":"Salt Box - Sal Gourmet","robots":{"index":"index","follow":"follow","max-snippet":"max-snippet:-1","max-image-preview":"max-image-preview:large","max-video-preview":"max-video-preview:-1"},"canonical":"https:\/\/salgourmet.es\/fr\/caja-de-sal\/","og_locale":"fr_FR","og_type":"article","og_title":"Salt Box - Sal Gourmet","og_description":"Ideas para regalos. Seleccionamos las mejores esencias, aromas y sabores del mundo, para convertir tus platos en una exquisita degustaci\u00f3n. Nuestras cajas de sal son un regalo original y especial para amantes de la cocina, cocineros, \u00abcocinitas\u00bb y todas aquellas personas a las que aprecias de verdad. Regalo para hombre y mujer, para cumplea\u00f1os, aniversarios,&hellip;&nbsp;Lire la suite &raquo;Salt Box","og_url":"https:\/\/salgourmet.es\/fr\/caja-de-sal\/","og_site_name":"Sal Gourmet","article_modified_time":"2024-09-02T08:30:22+00:00","twitter_card":"summary_large_image","schema":{"@context":"https:\/\/schema.org","@graph":[{"@type":"WebPage","@id":"https:\/\/salgourmet.es\/caja-de-sal\/","url":"https:\/\/salgourmet.es\/caja-de-sal\/","name":"Salt Box - Sal Gourmet","isPartOf":{"@id":"https:\/\/salgourmet.es\/#website"},"datePublished":"2024-07-11T19:36:14+00:00","dateModified":"2024-09-02T08:30:22+00:00","breadcrumb":{"@id":"https:\/\/salgourmet.es\/caja-de-sal\/#breadcrumb"},"inLanguage":"fr-FR","potentialAction":[{"@type":"ReadAction","target":["https:\/\/salgourmet.es\/caja-de-sal\/"]}]},{"@type":"BreadcrumbList","@id":"https:\/\/salgourmet.es\/caja-de-sal\/#breadcrumb","itemListElement":[{"@type":"ListItem","position":1,"name":"Portada","item":"https:\/\/salgourmet.es\/"},{"@type":"ListItem","position":2,"name":"Salt Box"}]},{"@type":"WebSite","@id":"https:\/\/salgourmet.es\/#website","url":"https:\/\/salgourmet.es\/","name":"Sel Gourmand","description":"","potentialAction":[{"@type":"SearchAction","target":{"@type":"EntryPoint","urlTemplate":"https:\/\/salgourmet.es\/?s={search_term_string}"},"query-input":{"@type":"PropertyValueSpecification","valueRequired":true,"valueName":"search_term_string"}}],"inLanguage":"fr-FR"}]}},"_links":{"self":[{"href":"https:\/\/salgourmet.es\/fr\/wp-json\/wp\/v2\/pages\/1106","targetHints":{"allow":["GET"]}}],"collection":[{"href":"https:\/\/salgourmet.es\/fr\/wp-json\/wp\/v2\/pages"}],"about":[{"href":"https:\/\/salgourmet.es\/fr\/wp-json\/wp\/v2\/types\/page"}],"author":[{"embeddable":true,"href":"https:\/\/salgourmet.es\/fr\/wp-json\/wp\/v2\/users\/1"}],"replies":[{"embeddable":true,"href":"https:\/\/salgourmet.es\/fr\/wp-json\/wp\/v2\/comments?post=1106"}],"version-history":[{"count":7,"href":"https:\/\/salgourmet.es\/fr\/wp-json\/wp\/v2\/pages\/1106\/revisions"}],"predecessor-version":[{"id":1113,"href":"https:\/\/salgourmet.es\/fr\/wp-json\/wp\/v2\/pages\/1106\/revisions\/1113"}],"wp:attachment":[{"href":"https:\/\/salgourmet.es\/fr\/wp-json\/wp\/v2\/media?parent=1106"}],"curies":[{"name":"wp","href":"https:\/\/api.w.org\/{rel}","templated":true}]}}