{"id":1092,"date":"2024-07-11T21:33:51","date_gmt":"2024-07-11T19:33:51","guid":{"rendered":"https:\/\/salgourmet.es\/?page_id=1092"},"modified":"2024-07-11T21:34:39","modified_gmt":"2024-07-11T19:34:39","slug":"flocons-de-sel","status":"publish","type":"page","link":"https:\/\/salgourmet.es\/fr\/flocons-de-sel\/","title":{"rendered":"Flocons de Sel"},"content":{"rendered":"<div data-elementor-type=\"wp-page\" data-elementor-id=\"1092\" class=\"elementor elementor-1092\" data-elementor-post-type=\"page\">\n\t\t\t\t<div class=\"elementor-element elementor-element-b27afe7 e-flex e-con-boxed e-con e-parent\" data-id=\"b27afe7\" data-element_type=\"container\">\n\t\t\t\t\t<div class=\"e-con-inner\">\n\t\t<div class=\"elementor-element elementor-element-9823fc5 e-con-full e-flex e-con e-child\" data-id=\"9823fc5\" data-element_type=\"container\">\n\t\t\t\t<div class=\"elementor-element elementor-element-58023b8 elementor-widget elementor-widget-text-editor\" data-id=\"58023b8\" data-element_type=\"widget\" data-widget_type=\"text-editor.default\">\n\t\t\t\t<div class=\"elementor-widget-container\">\n\t\t\t\t\t\t\t\t\t<p>D\u00e9couvrez nos exclusifs &quot;Flocons de Sel&quot;, une s\u00e9lection de sels et condiments de la plus haute qualit\u00e9, avec un packaging \u00e9l\u00e9gant et une proposition de saveurs unique et originale qui ne laissera personne indiff\u00e9rent.\u00a0 \u00a0<\/p>\t\t\t\t\t\t\t\t<\/div>\n\t\t\t\t<\/div>\n\t\t\t\t<div class=\"elementor-element elementor-element-15d08e2 elementor-grid-4 elementor-grid-tablet-3 elementor-grid-mobile-2 elementor-products-grid elementor-wc-products elementor-show-pagination-border-yes elementor-widget elementor-widget-woocommerce-products\" data-id=\"15d08e2\" data-element_type=\"widget\" data-widget_type=\"woocommerce-products.default\">\n\t\t\t\t<div class=\"elementor-widget-container\">\n\t\t\t\t\t<div class=\"woocommerce columns-4\"><div class=\"woocommerce-notices-wrapper\"><\/div><ul class=\"products elementor-grid columns-4\">\n<li class=\"wvs-archive-product-wrapper product type-product post-844 status-publish first instock product_cat-flocons-de-sel has-post-thumbnail taxable shipping-taxable purchasable product-type-variable\">\n\t<div class=\"nv-card-content-wrapper\"><a href=\"https:\/\/salgourmet.es\/fr\/flocons-de-sel\/manantial-escamas\/\" class=\"woocommerce-LoopProduct-link woocommerce-loop-product__link\"><div class=\"sp-product-image\"><div class=\"img-wrap\"><img fetchpriority=\"high\" decoding=\"async\" width=\"300\" height=\"300\" src=\"https:\/\/salgourmet.es\/wp-content\/uploads\/Sal-de-manantial-en-escamas-300x300.jpg\" class=\"attachment-woocommerce_thumbnail size-woocommerce_thumbnail wvs-archive-product-image\" alt=\"Sal de manantial en escamas\" srcset=\"https:\/\/salgourmet.es\/wp-content\/uploads\/Sal-de-manantial-en-escamas-300x300.jpg 300w, https:\/\/salgourmet.es\/wp-content\/uploads\/Sal-de-manantial-en-escamas-1024x1024.jpg 1024w, https:\/\/salgourmet.es\/wp-content\/uploads\/Sal-de-manantial-en-escamas-200x200.jpg 200w, https:\/\/salgourmet.es\/wp-content\/uploads\/Sal-de-manantial-en-escamas-768x768.jpg 768w, https:\/\/salgourmet.es\/wp-content\/uploads\/Sal-de-manantial-en-escamas-1536x1536.jpg 1536w, https:\/\/salgourmet.es\/wp-content\/uploads\/Sal-de-manantial-en-escamas-600x600.jpg 600w, https:\/\/salgourmet.es\/wp-content\/uploads\/Sal-de-manantial-en-escamas-100x100.jpg 100w, https:\/\/salgourmet.es\/wp-content\/uploads\/Sal-de-manantial-en-escamas-50x50.jpg 50w, https:\/\/salgourmet.es\/wp-content\/uploads\/Sal-de-manantial-en-escamas.jpg 2000w\" sizes=\"(max-width: 300px) 100vw, 300px\" \/><\/div><\/div><h2 class=\"woocommerce-loop-product__title\">Sel de printemps en flocons<\/h2>\n\t<span class=\"price\"><span class=\"woocommerce-Price-amount amount\"><bdi>4,40&nbsp;<span class=\"woocommerce-Price-currencySymbol\">\u20ac<\/span><\/bdi><\/span><\/span>\n<\/a><a href=\"https:\/\/salgourmet.es\/fr\/flocons-de-sel\/manantial-escamas\/\" aria-describedby=\"woocommerce_loop_add_to_cart_link_describedby_844\" data-quantity=\"1\" class=\"button product_type_variable add_to_cart_button\" data-product_id=\"844\" data-product_sku=\"\" aria-label=\"S\u00e9lectionner les options pour \u201cSal de manantial en escamas\u201d\" rel=\"nofollow\" data-no-translation=\"\" data-trp-gettext=\"\" data-no-translation-aria-label=\"\">Choix des options<\/a>\t<span id=\"woocommerce_loop_add_to_cart_link_describedby_844\" class=\"screen-reader-text\">\n\t\tCe produit a plusieurs variations. Les options peuvent \u00eatre choisies sur la page du produit\t<\/span>\n<\/div><\/li>\n<li class=\"wvs-archive-product-wrapper product type-product post-829 status-publish instock product_cat-flocons-de-sel has-post-thumbnail taxable shipping-taxable purchasable product-type-variable\">\n\t<div class=\"nv-card-content-wrapper\"><a href=\"https:\/\/salgourmet.es\/fr\/flocons-de-sel\/rosas\/\" class=\"woocommerce-LoopProduct-link woocommerce-loop-product__link\"><div class=\"sp-product-image\"><div class=\"img-wrap\"><img decoding=\"async\" width=\"300\" height=\"300\" src=\"https:\/\/salgourmet.es\/wp-content\/uploads\/Sal-condimentada-con-Rosas-300x300.jpg\" class=\"attachment-woocommerce_thumbnail size-woocommerce_thumbnail wvs-archive-product-image\" alt=\"Sal condimentada con Rosas\" srcset=\"https:\/\/salgourmet.es\/wp-content\/uploads\/Sal-condimentada-con-Rosas-300x300.jpg 300w, https:\/\/salgourmet.es\/wp-content\/uploads\/Sal-condimentada-con-Rosas-1024x1024.jpg 1024w, https:\/\/salgourmet.es\/wp-content\/uploads\/Sal-condimentada-con-Rosas-200x200.jpg 200w, https:\/\/salgourmet.es\/wp-content\/uploads\/Sal-condimentada-con-Rosas-768x768.jpg 768w, https:\/\/salgourmet.es\/wp-content\/uploads\/Sal-condimentada-con-Rosas-1536x1536.jpg 1536w, https:\/\/salgourmet.es\/wp-content\/uploads\/Sal-condimentada-con-Rosas-600x600.jpg 600w, https:\/\/salgourmet.es\/wp-content\/uploads\/Sal-condimentada-con-Rosas-100x100.jpg 100w, https:\/\/salgourmet.es\/wp-content\/uploads\/Sal-condimentada-con-Rosas-50x50.jpg 50w, https:\/\/salgourmet.es\/wp-content\/uploads\/Sal-condimentada-con-Rosas.jpg 2000w\" sizes=\"(max-width: 300px) 100vw, 300px\" \/><\/div><\/div><h2 class=\"woocommerce-loop-product__title\">Sel assaisonn\u00e9 aux Roses<\/h2>\n\t<span class=\"price\"><span class=\"woocommerce-Price-amount amount\"><bdi>4,40&nbsp;<span class=\"woocommerce-Price-currencySymbol\">\u20ac<\/span><\/bdi><\/span><\/span>\n<\/a><a href=\"https:\/\/salgourmet.es\/fr\/flocons-de-sel\/rosas\/\" aria-describedby=\"woocommerce_loop_add_to_cart_link_describedby_829\" data-quantity=\"1\" class=\"button product_type_variable add_to_cart_button\" data-product_id=\"829\" data-product_sku=\"\" aria-label=\"S\u00e9lectionner les options pour \u201cSal condimentada con Rosas\u201d\" rel=\"nofollow\" data-no-translation=\"\" data-trp-gettext=\"\" data-no-translation-aria-label=\"\">Choix des options<\/a>\t<span id=\"woocommerce_loop_add_to_cart_link_describedby_829\" class=\"screen-reader-text\">\n\t\tCe produit a plusieurs variations. Les options peuvent \u00eatre choisies sur la page du produit\t<\/span>\n<\/div><\/li>\n<li class=\"wvs-archive-product-wrapper product type-product post-814 status-publish instock product_cat-flocons-de-sel has-post-thumbnail taxable shipping-taxable purchasable product-type-variable\">\n\t<div class=\"nv-card-content-wrapper\"><a href=\"https:\/\/salgourmet.es\/fr\/flocons-de-sel\/pimienta-sichuan\/\" class=\"woocommerce-LoopProduct-link woocommerce-loop-product__link\"><div class=\"sp-product-image\"><div class=\"img-wrap\"><img decoding=\"async\" width=\"300\" height=\"300\" src=\"https:\/\/salgourmet.es\/wp-content\/uploads\/Condimento-preparado-con-Pimienta-Sichuan-300x300.jpg\" class=\"attachment-woocommerce_thumbnail size-woocommerce_thumbnail wvs-archive-product-image\" alt=\"Condimento preparado con Pimienta Sichuan\" srcset=\"https:\/\/salgourmet.es\/wp-content\/uploads\/Condimento-preparado-con-Pimienta-Sichuan-300x300.jpg 300w, https:\/\/salgourmet.es\/wp-content\/uploads\/Condimento-preparado-con-Pimienta-Sichuan-1024x1024.jpg 1024w, https:\/\/salgourmet.es\/wp-content\/uploads\/Condimento-preparado-con-Pimienta-Sichuan-200x200.jpg 200w, https:\/\/salgourmet.es\/wp-content\/uploads\/Condimento-preparado-con-Pimienta-Sichuan-768x768.jpg 768w, https:\/\/salgourmet.es\/wp-content\/uploads\/Condimento-preparado-con-Pimienta-Sichuan-1536x1536.jpg 1536w, https:\/\/salgourmet.es\/wp-content\/uploads\/Condimento-preparado-con-Pimienta-Sichuan-600x600.jpg 600w, https:\/\/salgourmet.es\/wp-content\/uploads\/Condimento-preparado-con-Pimienta-Sichuan-100x100.jpg 100w, https:\/\/salgourmet.es\/wp-content\/uploads\/Condimento-preparado-con-Pimienta-Sichuan-50x50.jpg 50w, https:\/\/salgourmet.es\/wp-content\/uploads\/Condimento-preparado-con-Pimienta-Sichuan.jpg 2000w\" sizes=\"(max-width: 300px) 100vw, 300px\" \/><\/div><\/div><h2 class=\"woocommerce-loop-product__title\">Assaisonnement pr\u00e9par\u00e9 avec du Poivre de Sichuan<\/h2>\n\t<span class=\"price\"><span class=\"woocommerce-Price-amount amount\"><bdi>4,40&nbsp;<span class=\"woocommerce-Price-currencySymbol\">\u20ac<\/span><\/bdi><\/span><\/span>\n<\/a><a href=\"https:\/\/salgourmet.es\/fr\/flocons-de-sel\/pimienta-sichuan\/\" aria-describedby=\"woocommerce_loop_add_to_cart_link_describedby_814\" data-quantity=\"1\" class=\"button product_type_variable add_to_cart_button\" data-product_id=\"814\" data-product_sku=\"\" aria-label=\"S\u00e9lectionner les options pour \u201cCondimento preparado con Pimienta Sichuan\u201d\" rel=\"nofollow\" data-no-translation=\"\" data-trp-gettext=\"\" data-no-translation-aria-label=\"\">Choix des options<\/a>\t<span id=\"woocommerce_loop_add_to_cart_link_describedby_814\" class=\"screen-reader-text\">\n\t\tCe produit a plusieurs variations. Les options peuvent \u00eatre choisies sur la page du produit\t<\/span>\n<\/div><\/li>\n<li class=\"wvs-archive-product-wrapper product type-product post-784 status-publish last instock product_cat-flocons-de-sel has-post-thumbnail taxable shipping-taxable purchasable product-type-variable\">\n\t<div class=\"nv-card-content-wrapper\"><a href=\"https:\/\/salgourmet.es\/fr\/flocons-de-sel\/algas-de-bretana\/\" class=\"woocommerce-LoopProduct-link woocommerce-loop-product__link\"><div class=\"sp-product-image\"><div class=\"img-wrap\"><img loading=\"lazy\" decoding=\"async\" width=\"300\" height=\"300\" src=\"https:\/\/salgourmet.es\/wp-content\/uploads\/Sal-de-manantial-en-escamas-con-Algas-de-Bretana-300x300.jpg\" class=\"attachment-woocommerce_thumbnail size-woocommerce_thumbnail wvs-archive-product-image\" alt=\"Sal de manantial en escamas con Algas de Breta\u00f1a\" srcset=\"https:\/\/salgourmet.es\/wp-content\/uploads\/Sal-de-manantial-en-escamas-con-Algas-de-Bretana-300x300.jpg 300w, https:\/\/salgourmet.es\/wp-content\/uploads\/Sal-de-manantial-en-escamas-con-Algas-de-Bretana-1024x1024.jpg 1024w, https:\/\/salgourmet.es\/wp-content\/uploads\/Sal-de-manantial-en-escamas-con-Algas-de-Bretana-200x200.jpg 200w, https:\/\/salgourmet.es\/wp-content\/uploads\/Sal-de-manantial-en-escamas-con-Algas-de-Bretana-768x768.jpg 768w, https:\/\/salgourmet.es\/wp-content\/uploads\/Sal-de-manantial-en-escamas-con-Algas-de-Bretana-1536x1536.jpg 1536w, https:\/\/salgourmet.es\/wp-content\/uploads\/Sal-de-manantial-en-escamas-con-Algas-de-Bretana-600x600.jpg 600w, https:\/\/salgourmet.es\/wp-content\/uploads\/Sal-de-manantial-en-escamas-con-Algas-de-Bretana-100x100.jpg 100w, https:\/\/salgourmet.es\/wp-content\/uploads\/Sal-de-manantial-en-escamas-con-Algas-de-Bretana-50x50.jpg 50w, https:\/\/salgourmet.es\/wp-content\/uploads\/Sal-de-manantial-en-escamas-con-Algas-de-Bretana.jpg 2000w\" sizes=\"(max-width: 300px) 100vw, 300px\" \/><\/div><\/div><h2 class=\"woocommerce-loop-product__title\">Flocons de sel de printemps aux algues de Bretagne<\/h2>\n\t<span class=\"price\"><span class=\"woocommerce-Price-amount amount\"><bdi>4,40&nbsp;<span class=\"woocommerce-Price-currencySymbol\">\u20ac<\/span><\/bdi><\/span><\/span>\n<\/a><a href=\"https:\/\/salgourmet.es\/fr\/flocons-de-sel\/algas-de-bretana\/\" aria-describedby=\"woocommerce_loop_add_to_cart_link_describedby_784\" data-quantity=\"1\" class=\"button product_type_variable add_to_cart_button\" data-product_id=\"784\" data-product_sku=\"\" aria-label=\"S\u00e9lectionner les options pour \u201cSal de manantial en escamas con Algas de Breta\u00f1a\u201d\" rel=\"nofollow\" data-no-translation=\"\" data-trp-gettext=\"\" data-no-translation-aria-label=\"\">Choix des options<\/a>\t<span id=\"woocommerce_loop_add_to_cart_link_describedby_784\" class=\"screen-reader-text\">\n\t\tCe produit a plusieurs variations. Les options peuvent \u00eatre choisies sur la page du produit\t<\/span>\n<\/div><\/li>\n<\/ul>\n<\/div>\t\t\t\t<\/div>\n\t\t\t\t<\/div>\n\t\t\t\t<\/div>\n\t\t\t\t\t<\/div>\n\t\t\t\t<\/div>\n\t\t\t\t<\/div>","protected":false},"excerpt":{"rendered":"<p>D\u00e9couvrez nos exclusifs &quot;Flocons de Sel&quot;, une s\u00e9lection de sels et condiments de la plus haute qualit\u00e9, avec un packaging \u00e9l\u00e9gant et une proposition de saveurs unique et originale qui ne laissera personne indiff\u00e9rent.\u00a0 \u00a0<\/p>","protected":false},"author":1,"featured_media":0,"parent":0,"menu_order":0,"comment_status":"closed","ping_status":"closed","template":"page-templates\/template-pagebuilder-full-width.php","meta":{"_acf_changed":false,"neve_meta_sidebar":"","neve_meta_container":"","neve_meta_enable_content_width":"off","neve_meta_content_width":100,"neve_meta_title_alignment":"","neve_meta_author_avatar":"","neve_post_elements_order":"","neve_meta_disable_header":"","neve_meta_disable_footer":"","neve_meta_disable_title":"","footnotes":""},"class_list":["post-1092","page","type-page","status-publish","hentry"],"acf":[],"yoast_head":"<!-- This site is optimized with the Yoast SEO plugin v25.8 - https:\/\/yoast.com\/wordpress\/plugins\/seo\/ -->\n<title>Flocons de Sel - Sal Gourmet<\/title>\n<meta name=\"robots\" content=\"index, follow, max-snippet:-1, max-image-preview:large, max-video-preview:-1\" \/>\n<link rel=\"canonical\" href=\"https:\/\/salgourmet.es\/fr\/flocons-de-sel\/\" \/>\n<meta property=\"og:locale\" content=\"fr_FR\" \/>\n<meta property=\"og:type\" content=\"article\" \/>\n<meta property=\"og:title\" content=\"Flocons de Sel - Sal Gourmet\" \/>\n<meta property=\"og:description\" content=\"Descubre nuestros exclusivos \u00abFlocons de Sel\u00bb, una selecci\u00f3n de sales y condimentos de alt\u00edsima calidad, con un elegante envase y una propuesta de sabores \u00fanica y original que no dejar\u00e1 a nadie indiferente.\u00a0 \u00a0\" \/>\n<meta property=\"og:url\" content=\"https:\/\/salgourmet.es\/fr\/flocons-de-sel\/\" \/>\n<meta property=\"og:site_name\" content=\"Sal Gourmet\" \/>\n<meta property=\"article:modified_time\" content=\"2024-07-11T19:34:39+00:00\" \/>\n<meta name=\"twitter:card\" content=\"summary_large_image\" \/>\n<script type=\"application\/ld+json\" class=\"yoast-schema-graph\">{\"@context\":\"https:\/\/schema.org\",\"@graph\":[{\"@type\":\"WebPage\",\"@id\":\"https:\/\/salgourmet.es\/flocons-de-sel\/\",\"url\":\"https:\/\/salgourmet.es\/flocons-de-sel\/\",\"name\":\"Flocons de Sel - Sal Gourmet\",\"isPartOf\":{\"@id\":\"https:\/\/salgourmet.es\/#website\"},\"datePublished\":\"2024-07-11T19:33:51+00:00\",\"dateModified\":\"2024-07-11T19:34:39+00:00\",\"breadcrumb\":{\"@id\":\"https:\/\/salgourmet.es\/flocons-de-sel\/#breadcrumb\"},\"inLanguage\":\"fr-FR\",\"potentialAction\":[{\"@type\":\"ReadAction\",\"target\":[\"https:\/\/salgourmet.es\/flocons-de-sel\/\"]}]},{\"@type\":\"BreadcrumbList\",\"@id\":\"https:\/\/salgourmet.es\/flocons-de-sel\/#breadcrumb\",\"itemListElement\":[{\"@type\":\"ListItem\",\"position\":1,\"name\":\"Portada\",\"item\":\"https:\/\/salgourmet.es\/\"},{\"@type\":\"ListItem\",\"position\":2,\"name\":\"Flocons de Sel\"}]},{\"@type\":\"WebSite\",\"@id\":\"https:\/\/salgourmet.es\/#website\",\"url\":\"https:\/\/salgourmet.es\/\",\"name\":\"Sal Gourmet\",\"description\":\"\",\"potentialAction\":[{\"@type\":\"SearchAction\",\"target\":{\"@type\":\"EntryPoint\",\"urlTemplate\":\"https:\/\/salgourmet.es\/?s={search_term_string}\"},\"query-input\":{\"@type\":\"PropertyValueSpecification\",\"valueRequired\":true,\"valueName\":\"search_term_string\"}}],\"inLanguage\":\"fr-FR\"}]}<\/script>\n<!-- \/ Yoast SEO plugin. -->","yoast_head_json":{"title":"Flocons de Sel - Sal Gourmet","robots":{"index":"index","follow":"follow","max-snippet":"max-snippet:-1","max-image-preview":"max-image-preview:large","max-video-preview":"max-video-preview:-1"},"canonical":"https:\/\/salgourmet.es\/fr\/flocons-de-sel\/","og_locale":"fr_FR","og_type":"article","og_title":"Flocons de Sel - Sal Gourmet","og_description":"Descubre nuestros exclusivos \u00abFlocons de Sel\u00bb, una selecci\u00f3n de sales y condimentos de alt\u00edsima calidad, con un elegante envase y una propuesta de sabores \u00fanica y original que no dejar\u00e1 a nadie indiferente.\u00a0 \u00a0","og_url":"https:\/\/salgourmet.es\/fr\/flocons-de-sel\/","og_site_name":"Sal Gourmet","article_modified_time":"2024-07-11T19:34:39+00:00","twitter_card":"summary_large_image","schema":{"@context":"https:\/\/schema.org","@graph":[{"@type":"WebPage","@id":"https:\/\/salgourmet.es\/flocons-de-sel\/","url":"https:\/\/salgourmet.es\/flocons-de-sel\/","name":"Flocons de Sel - Sal Gourmet","isPartOf":{"@id":"https:\/\/salgourmet.es\/#website"},"datePublished":"2024-07-11T19:33:51+00:00","dateModified":"2024-07-11T19:34:39+00:00","breadcrumb":{"@id":"https:\/\/salgourmet.es\/flocons-de-sel\/#breadcrumb"},"inLanguage":"fr-FR","potentialAction":[{"@type":"ReadAction","target":["https:\/\/salgourmet.es\/flocons-de-sel\/"]}]},{"@type":"BreadcrumbList","@id":"https:\/\/salgourmet.es\/flocons-de-sel\/#breadcrumb","itemListElement":[{"@type":"ListItem","position":1,"name":"Portada","item":"https:\/\/salgourmet.es\/"},{"@type":"ListItem","position":2,"name":"Flocons de Sel"}]},{"@type":"WebSite","@id":"https:\/\/salgourmet.es\/#website","url":"https:\/\/salgourmet.es\/","name":"Sel Gourmand","description":"","potentialAction":[{"@type":"SearchAction","target":{"@type":"EntryPoint","urlTemplate":"https:\/\/salgourmet.es\/?s={search_term_string}"},"query-input":{"@type":"PropertyValueSpecification","valueRequired":true,"valueName":"search_term_string"}}],"inLanguage":"fr-FR"}]}},"_links":{"self":[{"href":"https:\/\/salgourmet.es\/fr\/wp-json\/wp\/v2\/pages\/1092","targetHints":{"allow":["GET"]}}],"collection":[{"href":"https:\/\/salgourmet.es\/fr\/wp-json\/wp\/v2\/pages"}],"about":[{"href":"https:\/\/salgourmet.es\/fr\/wp-json\/wp\/v2\/types\/page"}],"author":[{"embeddable":true,"href":"https:\/\/salgourmet.es\/fr\/wp-json\/wp\/v2\/users\/1"}],"replies":[{"embeddable":true,"href":"https:\/\/salgourmet.es\/fr\/wp-json\/wp\/v2\/comments?post=1092"}],"version-history":[{"count":7,"href":"https:\/\/salgourmet.es\/fr\/wp-json\/wp\/v2\/pages\/1092\/revisions"}],"predecessor-version":[{"id":1099,"href":"https:\/\/salgourmet.es\/fr\/wp-json\/wp\/v2\/pages\/1092\/revisions\/1099"}],"wp:attachment":[{"href":"https:\/\/salgourmet.es\/fr\/wp-json\/wp\/v2\/media?parent=1092"}],"curies":[{"name":"wp","href":"https:\/\/api.w.org\/{rel}","templated":true}]}}