{"id":784,"date":"2024-07-11T11:53:36","date_gmt":"2024-07-11T09:53:36","guid":{"rendered":"https:\/\/salgourmet.es\/?post_type=product&#038;p=784"},"modified":"2025-03-12T12:33:38","modified_gmt":"2025-03-12T11:33:38","slug":"algas-de-bretana","status":"publish","type":"product","link":"https:\/\/salgourmet.es\/en\/flocons-de-sel\/algas-de-bretana\/","title":{"rendered":"Spring salt flakes with Brittany algae"},"content":{"rendered":"<div class=\"desc\">\n<div class=\"col-12 col-md-6\">\n<div class=\"desc\">\n<div class=\"desc\">\n<div class=\"desc\">\n<div class=\"col-12 col-md-6\">\n<div class=\"col-12 col-md-6\">\n<div class=\"desc\">\n<div class=\"col-12 col-md-6\">\n<div class=\"desc\">\n<div class=\"col-12 col-md-6\">\n<div class=\"desc\">\n<div class=\"desc\">\n<div class=\"col-12 col-md-6\">\n<div class=\"col-12 col-md-6\">\n<div class=\"col-12 col-md-6\">\n<div>Spring salt has many positive characteristics, both for health, because it is low in sodium chloride, and because of its completely artisanal and manual extraction method. And if we add to all the positive characteristics those of Brittany seaweed, we get a pleasure in dishes that do not leave us doubting its great flavour.<\/div>\n<div>Brittany algae have many essential benefits for life, an element of nature that the earth gives us so that we can use it and season it without any problem.<\/div>\n<div>The use of seaweed in the East is very typical, although in the West it is not customary to use it as a condiment, but this product is becoming more and more popular. It should be noted that seaweed contains more than 500 times the essential elements of life: mineral salts, magnesium, calcium, potassium, vitamins and acids.<\/div>\n<\/div>\n<div class=\"col-12 col-md-6\"><\/div>\n<\/div>\n<\/div>\n<\/div>\n<\/div>\n<\/div>\n<\/div>\n<\/div>\n<\/div>\n<\/div>\n<\/div>\n<div class=\"col-12 col-md-6\"><\/div>\n<\/div>\n<\/div>\n<\/div>\n<\/div>\n<\/div>","protected":false},"excerpt":{"rendered":"<div class=\"desc\">\n<div class=\"desc\">\n<div class=\"col-12 col-md-6\">\n<div class=\"col-12 col-md-6\">\n<div class=\"desc\">\n<div class=\"desc\">\n<div class=\"col-12 col-md-6\">\n<div class=\"desc\">\n<div class=\"desc\">\n<div class=\"desc\">\n<p>Experience the flavour of the ocean with salt seasoned with seaweed from Brittany, one of the most original elements to give a different touch to the kitchen and bring out the fiercest side of the depths of the British seas.<\/p>\n<p>SMEABFS<\/p>\n<\/div>\n<\/div>\n<\/div>\n<\/div>\n<\/div>\n<\/div>\n<\/div>\n<\/div>\n<\/div>\n<\/div>","protected":false},"featured_media":879,"template":"","meta":{"_acf_changed":false,"neve_meta_sidebar":"","neve_meta_container":"","neve_meta_enable_content_width":"off","neve_meta_content_width":100,"neve_meta_title_alignment":"","neve_meta_author_avatar":"","neve_post_elements_order":"","neve_meta_disable_header":"","neve_meta_disable_footer":"","neve_meta_disable_title":""},"product_brand":[],"product_cat":[21],"product_tag":[],"class_list":{"0":"post-784","1":"product","2":"type-product","3":"status-publish","4":"has-post-thumbnail","6":"product_cat-flocons-de-sel","8":"first","9":"instock","10":"taxable","11":"shipping-taxable","12":"purchasable","13":"product-type-variable","14":"wvs-archive-product-wrapper"},"acf":[],"yoast_head":"<!-- This site is optimized with the Yoast SEO plugin v25.8 - https:\/\/yoast.com\/wordpress\/plugins\/seo\/ -->\n<title>Sal de manantial en escamas con Algas de Breta\u00f1a - Sal Gourmet<\/title>\n<meta name=\"robots\" content=\"index, follow, max-snippet:-1, max-image-preview:large, max-video-preview:-1\" \/>\n<link rel=\"canonical\" href=\"https:\/\/salgourmet.es\/en\/flocons-de-sel\/algas-de-bretana\/\" \/>\n<meta property=\"og:locale\" content=\"en_GB\" \/>\n<meta property=\"og:type\" content=\"article\" \/>\n<meta property=\"og:title\" content=\"Sal de manantial en escamas con Algas de Breta\u00f1a - Sal Gourmet\" \/>\n<meta property=\"og:description\" content=\"Siente el sabor del oc\u00e9ano con la sal condimentada con algas de Breta\u00f1a, uno de los elementos m\u00e1s originales para dar un toque diferente a la cocina y sacar ese lado m\u00e1s feroz de las profundidades de los mares brit\u00e1nicos.  SMEABFS\" \/>\n<meta property=\"og:url\" content=\"https:\/\/salgourmet.es\/en\/flocons-de-sel\/algas-de-bretana\/\" \/>\n<meta property=\"og:site_name\" content=\"Sal Gourmet\" \/>\n<meta property=\"article:modified_time\" content=\"2025-03-12T11:33:38+00:00\" \/>\n<meta property=\"og:image\" content=\"https:\/\/salgourmet.es\/wp-content\/uploads\/Sal-de-manantial-en-escamas-con-Algas-de-Bretana.jpg\" \/>\n\t<meta property=\"og:image:width\" content=\"2000\" \/>\n\t<meta property=\"og:image:height\" content=\"2000\" \/>\n\t<meta property=\"og:image:type\" content=\"image\/jpeg\" \/>\n<meta name=\"twitter:card\" content=\"summary_large_image\" \/>\n<meta name=\"twitter:label1\" content=\"Estimated reading time\" \/>\n\t<meta name=\"twitter:data1\" content=\"1 minute\" \/>\n<script type=\"application\/ld+json\" class=\"yoast-schema-graph\">{\"@context\":\"https:\/\/schema.org\",\"@graph\":[{\"@type\":\"WebPage\",\"@id\":\"https:\/\/salgourmet.es\/flocons-de-sel\/algas-de-bretana\/\",\"url\":\"https:\/\/salgourmet.es\/flocons-de-sel\/algas-de-bretana\/\",\"name\":\"Sal de manantial en escamas con Algas de Breta\u00f1a - Sal Gourmet\",\"isPartOf\":{\"@id\":\"https:\/\/salgourmet.es\/#website\"},\"primaryImageOfPage\":{\"@id\":\"https:\/\/salgourmet.es\/flocons-de-sel\/algas-de-bretana\/#primaryimage\"},\"image\":{\"@id\":\"https:\/\/salgourmet.es\/flocons-de-sel\/algas-de-bretana\/#primaryimage\"},\"thumbnailUrl\":\"https:\/\/salgourmet.es\/wp-content\/uploads\/Sal-de-manantial-en-escamas-con-Algas-de-Bretana.jpg\",\"datePublished\":\"2024-07-11T09:53:36+00:00\",\"dateModified\":\"2025-03-12T11:33:38+00:00\",\"breadcrumb\":{\"@id\":\"https:\/\/salgourmet.es\/flocons-de-sel\/algas-de-bretana\/#breadcrumb\"},\"inLanguage\":\"en-GB\",\"potentialAction\":[{\"@type\":\"ReadAction\",\"target\":[\"https:\/\/salgourmet.es\/flocons-de-sel\/algas-de-bretana\/\"]}]},{\"@type\":\"ImageObject\",\"inLanguage\":\"en-GB\",\"@id\":\"https:\/\/salgourmet.es\/flocons-de-sel\/algas-de-bretana\/#primaryimage\",\"url\":\"https:\/\/salgourmet.es\/wp-content\/uploads\/Sal-de-manantial-en-escamas-con-Algas-de-Bretana.jpg\",\"contentUrl\":\"https:\/\/salgourmet.es\/wp-content\/uploads\/Sal-de-manantial-en-escamas-con-Algas-de-Bretana.jpg\",\"width\":2000,\"height\":2000},{\"@type\":\"BreadcrumbList\",\"@id\":\"https:\/\/salgourmet.es\/flocons-de-sel\/algas-de-bretana\/#breadcrumb\",\"itemListElement\":[{\"@type\":\"ListItem\",\"position\":1,\"name\":\"Portada\",\"item\":\"https:\/\/salgourmet.es\/\"},{\"@type\":\"ListItem\",\"position\":2,\"name\":\"Tienda\",\"item\":\"https:\/\/salgourmet.es\/tienda\/\"},{\"@type\":\"ListItem\",\"position\":3,\"name\":\"Sal de manantial en escamas con Algas de Breta\u00f1a\"}]},{\"@type\":\"WebSite\",\"@id\":\"https:\/\/salgourmet.es\/#website\",\"url\":\"https:\/\/salgourmet.es\/\",\"name\":\"Sal Gourmet\",\"description\":\"\",\"potentialAction\":[{\"@type\":\"SearchAction\",\"target\":{\"@type\":\"EntryPoint\",\"urlTemplate\":\"https:\/\/salgourmet.es\/?s={search_term_string}\"},\"query-input\":{\"@type\":\"PropertyValueSpecification\",\"valueRequired\":true,\"valueName\":\"search_term_string\"}}],\"inLanguage\":\"en-GB\"}]}<\/script>\n<!-- \/ Yoast SEO plugin. -->","yoast_head_json":{"title":"Sal de manantial en escamas con Algas de Breta\u00f1a - Sal Gourmet","robots":{"index":"index","follow":"follow","max-snippet":"max-snippet:-1","max-image-preview":"max-image-preview:large","max-video-preview":"max-video-preview:-1"},"canonical":"https:\/\/salgourmet.es\/en\/flocons-de-sel\/algas-de-bretana\/","og_locale":"en_GB","og_type":"article","og_title":"Sal de manantial en escamas con Algas de Breta\u00f1a - Sal Gourmet","og_description":"Siente el sabor del oc\u00e9ano con la sal condimentada con algas de Breta\u00f1a, uno de los elementos m\u00e1s originales para dar un toque diferente a la cocina y sacar ese lado m\u00e1s feroz de las profundidades de los mares brit\u00e1nicos.  SMEABFS","og_url":"https:\/\/salgourmet.es\/en\/flocons-de-sel\/algas-de-bretana\/","og_site_name":"Sal Gourmet","article_modified_time":"2025-03-12T11:33:38+00:00","og_image":[{"width":2000,"height":2000,"url":"https:\/\/salgourmet.es\/wp-content\/uploads\/Sal-de-manantial-en-escamas-con-Algas-de-Bretana.jpg","type":"image\/jpeg"}],"twitter_card":"summary_large_image","twitter_misc":{"Estimated reading time":"1 minute"},"schema":{"@context":"https:\/\/schema.org","@graph":[{"@type":"WebPage","@id":"https:\/\/salgourmet.es\/flocons-de-sel\/algas-de-bretana\/","url":"https:\/\/salgourmet.es\/flocons-de-sel\/algas-de-bretana\/","name":"Sal de manantial en escamas con Algas de Breta\u00f1a - Sal Gourmet","isPartOf":{"@id":"https:\/\/salgourmet.es\/#website"},"primaryImageOfPage":{"@id":"https:\/\/salgourmet.es\/flocons-de-sel\/algas-de-bretana\/#primaryimage"},"image":{"@id":"https:\/\/salgourmet.es\/flocons-de-sel\/algas-de-bretana\/#primaryimage"},"thumbnailUrl":"https:\/\/salgourmet.es\/wp-content\/uploads\/Sal-de-manantial-en-escamas-con-Algas-de-Bretana.jpg","datePublished":"2024-07-11T09:53:36+00:00","dateModified":"2025-03-12T11:33:38+00:00","breadcrumb":{"@id":"https:\/\/salgourmet.es\/flocons-de-sel\/algas-de-bretana\/#breadcrumb"},"inLanguage":"en-GB","potentialAction":[{"@type":"ReadAction","target":["https:\/\/salgourmet.es\/flocons-de-sel\/algas-de-bretana\/"]}]},{"@type":"ImageObject","inLanguage":"en-GB","@id":"https:\/\/salgourmet.es\/flocons-de-sel\/algas-de-bretana\/#primaryimage","url":"https:\/\/salgourmet.es\/wp-content\/uploads\/Sal-de-manantial-en-escamas-con-Algas-de-Bretana.jpg","contentUrl":"https:\/\/salgourmet.es\/wp-content\/uploads\/Sal-de-manantial-en-escamas-con-Algas-de-Bretana.jpg","width":2000,"height":2000},{"@type":"BreadcrumbList","@id":"https:\/\/salgourmet.es\/flocons-de-sel\/algas-de-bretana\/#breadcrumb","itemListElement":[{"@type":"ListItem","position":1,"name":"Portada","item":"https:\/\/salgourmet.es\/"},{"@type":"ListItem","position":2,"name":"Tienda","item":"https:\/\/salgourmet.es\/tienda\/"},{"@type":"ListItem","position":3,"name":"Sal de manantial en escamas con Algas de Breta\u00f1a"}]},{"@type":"WebSite","@id":"https:\/\/salgourmet.es\/#website","url":"https:\/\/salgourmet.es\/","name":"Gourmet Salt","description":"","potentialAction":[{"@type":"SearchAction","target":{"@type":"EntryPoint","urlTemplate":"https:\/\/salgourmet.es\/?s={search_term_string}"},"query-input":{"@type":"PropertyValueSpecification","valueRequired":true,"valueName":"search_term_string"}}],"inLanguage":"en-GB"}]}},"_links":{"self":[{"href":"https:\/\/salgourmet.es\/en\/wp-json\/wp\/v2\/product\/784","targetHints":{"allow":["GET"]}}],"collection":[{"href":"https:\/\/salgourmet.es\/en\/wp-json\/wp\/v2\/product"}],"about":[{"href":"https:\/\/salgourmet.es\/en\/wp-json\/wp\/v2\/types\/product"}],"wp:featuredmedia":[{"embeddable":true,"href":"https:\/\/salgourmet.es\/en\/wp-json\/wp\/v2\/media\/879"}],"wp:attachment":[{"href":"https:\/\/salgourmet.es\/en\/wp-json\/wp\/v2\/media?parent=784"}],"wp:term":[{"taxonomy":"product_brand","embeddable":true,"href":"https:\/\/salgourmet.es\/en\/wp-json\/wp\/v2\/product_brand?post=784"},{"taxonomy":"product_cat","embeddable":true,"href":"https:\/\/salgourmet.es\/en\/wp-json\/wp\/v2\/product_cat?post=784"},{"taxonomy":"product_tag","embeddable":true,"href":"https:\/\/salgourmet.es\/en\/wp-json\/wp\/v2\/product_tag?post=784"}],"curies":[{"name":"wp","href":"https:\/\/api.w.org\/{rel}","templated":true}]}}