{"id":526,"date":"2024-07-11T11:33:52","date_gmt":"2024-07-11T09:33:52","guid":{"rendered":"https:\/\/salgourmet.es\/?post_type=product&#038;p=526"},"modified":"2025-03-11T13:54:02","modified_gmt":"2025-03-11T12:54:02","slug":"himalaya-negra","status":"publish","type":"product","link":"https:\/\/salgourmet.es\/en\/sales-del-mundo\/himalaya-negra\/","title":{"rendered":"Kala Namak Black Himalayan Salt"},"content":{"rendered":"<div class=\"desc\">\n<div class=\"col-12 col-md-6\">\n<div class=\"desc\">\n<div class=\"desc\">\n<div class=\"desc\">\n<div class=\"col-12 col-md-6\">\n<div class=\"col-12 col-md-6\">\n<div class=\"desc\">\n<div class=\"col-12 col-md-6\">\n<div class=\"desc\">\n<div class=\"col-12 col-md-6\">\n<div class=\"desc\">\n<div class=\"desc\">\n<div class=\"col-12 col-md-6\">\n<p><span style=\"font-weight: 400;\">Himalayan black salt, also known as black salt, Kala Namak, black salt, Sulemani Namak or Kala loon, Himalayan black salt is a very special type of unrefined mineral rock salt with less salting power than common salt.<\/span><\/p>\n<p><span style=\"font-weight: 400;\">It comes from the Himalayas and has a distinctive sulphurous taste. Its taste is totally different from sea salt or table salt, as its chemical composition has sulphur compounds and contains traces of various minerals, along with sodium chloride, potassium chloride and iron chloride. According to classical Hindu medical science, Ayurveda, Himalayan Black Salt has great therapeutic benefits, it is very rich in iron, it helps digestion and is very good for flatulence and heartburn.<\/span><\/p>\n<\/div>\n<\/div>\n<\/div>\n<\/div>\n<\/div>\n<\/div>\n<\/div>\n<\/div>\n<\/div>\n<div class=\"col-12 col-md-6\"><\/div>\n<\/div>\n<\/div>\n<\/div>\n<\/div>\n<\/div>","protected":false},"excerpt":{"rendered":"<div class=\"desc\">\n<div class=\"desc\">\n<div class=\"col-12 col-md-6\">\n<div class=\"col-12 col-md-6\">\n<div class=\"desc\">\n<div class=\"desc\">\n<div class=\"col-12 col-md-6\">\n<div class=\"desc\">\n<p>Known as Kala Namak, it has a distinctive sulphurous taste and is rich in iron, aiding digestion according to Hindu Ayurveda medicine. It is the famous egg-flavoured salt!<br \/>\nHNSM<\/p>\n<\/div>\n<\/div>\n<\/div>\n<\/div>\n<\/div>\n<\/div>\n<\/div>\n<\/div>","protected":false},"featured_media":541,"template":"","meta":{"_acf_changed":false,"neve_meta_sidebar":"","neve_meta_container":"","neve_meta_enable_content_width":"off","neve_meta_content_width":100,"neve_meta_title_alignment":"","neve_meta_author_avatar":"","neve_post_elements_order":"","neve_meta_disable_header":"","neve_meta_disable_footer":"","neve_meta_disable_title":""},"product_brand":[],"product_cat":[19],"product_tag":[],"class_list":{"0":"post-526","1":"product","2":"type-product","3":"status-publish","4":"has-post-thumbnail","6":"product_cat-sales-del-mundo","8":"first","9":"instock","10":"taxable","11":"shipping-taxable","12":"purchasable","13":"product-type-variable","14":"wvs-archive-product-wrapper"},"acf":[],"yoast_head":"<!-- This site is optimized with the Yoast SEO plugin v25.8 - https:\/\/yoast.com\/wordpress\/plugins\/seo\/ -->\n<title>Sal del Himalaya Negra Kala Namak - Sal Gourmet<\/title>\n<meta name=\"robots\" content=\"index, follow, max-snippet:-1, max-image-preview:large, max-video-preview:-1\" \/>\n<link rel=\"canonical\" href=\"https:\/\/salgourmet.es\/en\/sales-del-mundo\/himalaya-negra\/\" \/>\n<meta property=\"og:locale\" content=\"en_GB\" \/>\n<meta property=\"og:type\" content=\"article\" \/>\n<meta property=\"og:title\" content=\"Sal del Himalaya Negra Kala Namak - Sal Gourmet\" \/>\n<meta property=\"og:description\" content=\"Conocida como Kala Namak, tiene un distintivo sabor sulfuroso y es rica en hierro, ayuda a la digesti\u00f3n seg\u00fan la medicina hind\u00fa Ayurvreda. \u00a1Es la famosa sal con sabor a huevo! HNSM\" \/>\n<meta property=\"og:url\" content=\"https:\/\/salgourmet.es\/en\/sales-del-mundo\/himalaya-negra\/\" \/>\n<meta property=\"og:site_name\" content=\"Sal Gourmet\" \/>\n<meta property=\"article:modified_time\" content=\"2025-03-11T12:54:02+00:00\" \/>\n<meta property=\"og:image\" content=\"https:\/\/salgourmet.es\/wp-content\/uploads\/Sal-del-Himalaya-Negra-Kala-Namak.jpg\" \/>\n\t<meta property=\"og:image:width\" content=\"2000\" \/>\n\t<meta property=\"og:image:height\" content=\"2000\" \/>\n\t<meta property=\"og:image:type\" content=\"image\/jpeg\" \/>\n<meta name=\"twitter:card\" content=\"summary_large_image\" \/>\n<meta name=\"twitter:label1\" content=\"Estimated reading time\" \/>\n\t<meta name=\"twitter:data1\" content=\"1 minute\" \/>\n<script type=\"application\/ld+json\" class=\"yoast-schema-graph\">{\"@context\":\"https:\/\/schema.org\",\"@graph\":[{\"@type\":\"WebPage\",\"@id\":\"https:\/\/salgourmet.es\/sales-del-mundo\/himalaya-negra\/\",\"url\":\"https:\/\/salgourmet.es\/sales-del-mundo\/himalaya-negra\/\",\"name\":\"Sal del Himalaya Negra Kala Namak - Sal Gourmet\",\"isPartOf\":{\"@id\":\"https:\/\/salgourmet.es\/#website\"},\"primaryImageOfPage\":{\"@id\":\"https:\/\/salgourmet.es\/sales-del-mundo\/himalaya-negra\/#primaryimage\"},\"image\":{\"@id\":\"https:\/\/salgourmet.es\/sales-del-mundo\/himalaya-negra\/#primaryimage\"},\"thumbnailUrl\":\"https:\/\/salgourmet.es\/wp-content\/uploads\/Sal-del-Himalaya-Negra-Kala-Namak.jpg\",\"datePublished\":\"2024-07-11T09:33:52+00:00\",\"dateModified\":\"2025-03-11T12:54:02+00:00\",\"breadcrumb\":{\"@id\":\"https:\/\/salgourmet.es\/sales-del-mundo\/himalaya-negra\/#breadcrumb\"},\"inLanguage\":\"en-GB\",\"potentialAction\":[{\"@type\":\"ReadAction\",\"target\":[\"https:\/\/salgourmet.es\/sales-del-mundo\/himalaya-negra\/\"]}]},{\"@type\":\"ImageObject\",\"inLanguage\":\"en-GB\",\"@id\":\"https:\/\/salgourmet.es\/sales-del-mundo\/himalaya-negra\/#primaryimage\",\"url\":\"https:\/\/salgourmet.es\/wp-content\/uploads\/Sal-del-Himalaya-Negra-Kala-Namak.jpg\",\"contentUrl\":\"https:\/\/salgourmet.es\/wp-content\/uploads\/Sal-del-Himalaya-Negra-Kala-Namak.jpg\",\"width\":2000,\"height\":2000},{\"@type\":\"BreadcrumbList\",\"@id\":\"https:\/\/salgourmet.es\/sales-del-mundo\/himalaya-negra\/#breadcrumb\",\"itemListElement\":[{\"@type\":\"ListItem\",\"position\":1,\"name\":\"Portada\",\"item\":\"https:\/\/salgourmet.es\/\"},{\"@type\":\"ListItem\",\"position\":2,\"name\":\"Tienda\",\"item\":\"https:\/\/salgourmet.es\/tienda\/\"},{\"@type\":\"ListItem\",\"position\":3,\"name\":\"Sal del Himalaya Negra Kala Namak\"}]},{\"@type\":\"WebSite\",\"@id\":\"https:\/\/salgourmet.es\/#website\",\"url\":\"https:\/\/salgourmet.es\/\",\"name\":\"Sal Gourmet\",\"description\":\"\",\"potentialAction\":[{\"@type\":\"SearchAction\",\"target\":{\"@type\":\"EntryPoint\",\"urlTemplate\":\"https:\/\/salgourmet.es\/?s={search_term_string}\"},\"query-input\":{\"@type\":\"PropertyValueSpecification\",\"valueRequired\":true,\"valueName\":\"search_term_string\"}}],\"inLanguage\":\"en-GB\"}]}<\/script>\n<!-- \/ Yoast SEO plugin. -->","yoast_head_json":{"title":"Sal del Himalaya Negra Kala Namak - Sal Gourmet","robots":{"index":"index","follow":"follow","max-snippet":"max-snippet:-1","max-image-preview":"max-image-preview:large","max-video-preview":"max-video-preview:-1"},"canonical":"https:\/\/salgourmet.es\/en\/sales-del-mundo\/himalaya-negra\/","og_locale":"en_GB","og_type":"article","og_title":"Sal del Himalaya Negra Kala Namak - Sal Gourmet","og_description":"Conocida como Kala Namak, tiene un distintivo sabor sulfuroso y es rica en hierro, ayuda a la digesti\u00f3n seg\u00fan la medicina hind\u00fa Ayurvreda. \u00a1Es la famosa sal con sabor a huevo! HNSM","og_url":"https:\/\/salgourmet.es\/en\/sales-del-mundo\/himalaya-negra\/","og_site_name":"Sal Gourmet","article_modified_time":"2025-03-11T12:54:02+00:00","og_image":[{"width":2000,"height":2000,"url":"https:\/\/salgourmet.es\/wp-content\/uploads\/Sal-del-Himalaya-Negra-Kala-Namak.jpg","type":"image\/jpeg"}],"twitter_card":"summary_large_image","twitter_misc":{"Estimated reading time":"1 minute"},"schema":{"@context":"https:\/\/schema.org","@graph":[{"@type":"WebPage","@id":"https:\/\/salgourmet.es\/sales-del-mundo\/himalaya-negra\/","url":"https:\/\/salgourmet.es\/sales-del-mundo\/himalaya-negra\/","name":"Sal del Himalaya Negra Kala Namak - Sal Gourmet","isPartOf":{"@id":"https:\/\/salgourmet.es\/#website"},"primaryImageOfPage":{"@id":"https:\/\/salgourmet.es\/sales-del-mundo\/himalaya-negra\/#primaryimage"},"image":{"@id":"https:\/\/salgourmet.es\/sales-del-mundo\/himalaya-negra\/#primaryimage"},"thumbnailUrl":"https:\/\/salgourmet.es\/wp-content\/uploads\/Sal-del-Himalaya-Negra-Kala-Namak.jpg","datePublished":"2024-07-11T09:33:52+00:00","dateModified":"2025-03-11T12:54:02+00:00","breadcrumb":{"@id":"https:\/\/salgourmet.es\/sales-del-mundo\/himalaya-negra\/#breadcrumb"},"inLanguage":"en-GB","potentialAction":[{"@type":"ReadAction","target":["https:\/\/salgourmet.es\/sales-del-mundo\/himalaya-negra\/"]}]},{"@type":"ImageObject","inLanguage":"en-GB","@id":"https:\/\/salgourmet.es\/sales-del-mundo\/himalaya-negra\/#primaryimage","url":"https:\/\/salgourmet.es\/wp-content\/uploads\/Sal-del-Himalaya-Negra-Kala-Namak.jpg","contentUrl":"https:\/\/salgourmet.es\/wp-content\/uploads\/Sal-del-Himalaya-Negra-Kala-Namak.jpg","width":2000,"height":2000},{"@type":"BreadcrumbList","@id":"https:\/\/salgourmet.es\/sales-del-mundo\/himalaya-negra\/#breadcrumb","itemListElement":[{"@type":"ListItem","position":1,"name":"Portada","item":"https:\/\/salgourmet.es\/"},{"@type":"ListItem","position":2,"name":"Tienda","item":"https:\/\/salgourmet.es\/tienda\/"},{"@type":"ListItem","position":3,"name":"Sal del Himalaya Negra Kala Namak"}]},{"@type":"WebSite","@id":"https:\/\/salgourmet.es\/#website","url":"https:\/\/salgourmet.es\/","name":"Gourmet Salt","description":"","potentialAction":[{"@type":"SearchAction","target":{"@type":"EntryPoint","urlTemplate":"https:\/\/salgourmet.es\/?s={search_term_string}"},"query-input":{"@type":"PropertyValueSpecification","valueRequired":true,"valueName":"search_term_string"}}],"inLanguage":"en-GB"}]}},"_links":{"self":[{"href":"https:\/\/salgourmet.es\/en\/wp-json\/wp\/v2\/product\/526","targetHints":{"allow":["GET"]}}],"collection":[{"href":"https:\/\/salgourmet.es\/en\/wp-json\/wp\/v2\/product"}],"about":[{"href":"https:\/\/salgourmet.es\/en\/wp-json\/wp\/v2\/types\/product"}],"wp:featuredmedia":[{"embeddable":true,"href":"https:\/\/salgourmet.es\/en\/wp-json\/wp\/v2\/media\/541"}],"wp:attachment":[{"href":"https:\/\/salgourmet.es\/en\/wp-json\/wp\/v2\/media?parent=526"}],"wp:term":[{"taxonomy":"product_brand","embeddable":true,"href":"https:\/\/salgourmet.es\/en\/wp-json\/wp\/v2\/product_brand?post=526"},{"taxonomy":"product_cat","embeddable":true,"href":"https:\/\/salgourmet.es\/en\/wp-json\/wp\/v2\/product_cat?post=526"},{"taxonomy":"product_tag","embeddable":true,"href":"https:\/\/salgourmet.es\/en\/wp-json\/wp\/v2\/product_tag?post=526"}],"curies":[{"name":"wp","href":"https:\/\/api.w.org\/{rel}","templated":true}]}}