{"id":412,"date":"2024-07-11T11:24:21","date_gmt":"2024-07-11T09:24:21","guid":{"rendered":"https:\/\/salgourmet.es\/?post_type=product&#038;p=412"},"modified":"2025-03-11T11:01:32","modified_gmt":"2025-03-11T10:01:32","slug":"hierbas-aromaticas","status":"publish","type":"product","link":"https:\/\/salgourmet.es\/en\/sal-con-especias\/hierbas-aromaticas\/","title":{"rendered":"Aromatic Herbs"},"content":{"rendered":"<div class=\"desc\">\n<div class=\"col-12 col-md-6\">\n<div class=\"desc\">\n<div class=\"desc\">\n<div class=\"desc\">\n<div class=\"col-12 col-md-6\">\n<div class=\"col-12 col-md-6\">\n<div class=\"desc\">\n<div class=\"col-12 col-md-6\">River salt with a selection of aromatic herbs and pepper, intimately mixed to always maintain the same flavour.<\/div>\n<\/div>\n<\/div>\n<\/div>\n<\/div>\n<\/div>\n<\/div>\n<\/div>\n<\/div>","protected":false},"excerpt":{"rendered":"<div class=\"desc\">\n<div class=\"desc\">\n<div class=\"col-12 col-md-6\">\n<div class=\"col-12 col-md-6\">\n<div class=\"desc\">\n<div class=\"col-12 col-md-6\">\n<div class=\"col-12 col-md-6\">\n<div class=\"desc\">\n<div class=\"col-12 col-md-6\">River salt with a selection of aromatic herbs and pepper, intimately mixed to always maintain the same flavour.<br \/>\nHASE<\/div>\n<\/div>\n<\/div>\n<\/div>\n<div class=\"col-12 col-md-6\"><\/div>\n<\/div>\n<\/div>\n<\/div>\n<\/div>\n<\/div>","protected":false},"featured_media":427,"template":"","meta":{"_acf_changed":false,"neve_meta_sidebar":"","neve_meta_container":"","neve_meta_enable_content_width":"off","neve_meta_content_width":100,"neve_meta_title_alignment":"","neve_meta_author_avatar":"","neve_post_elements_order":"","neve_meta_disable_header":"","neve_meta_disable_footer":"","neve_meta_disable_title":""},"product_brand":[],"product_cat":[18],"product_tag":[],"class_list":{"0":"post-412","1":"product","2":"type-product","3":"status-publish","4":"has-post-thumbnail","6":"product_cat-sal-con-especias","8":"first","9":"instock","10":"taxable","11":"shipping-taxable","12":"purchasable","13":"product-type-variable","14":"wvs-archive-product-wrapper"},"acf":[],"yoast_head":"<!-- This site is optimized with the Yoast SEO plugin v25.8 - https:\/\/yoast.com\/wordpress\/plugins\/seo\/ -->\n<title>Hierbas Arom\u00e1ticas - Sal Gourmet<\/title>\n<meta name=\"robots\" content=\"index, follow, max-snippet:-1, max-image-preview:large, max-video-preview:-1\" \/>\n<link rel=\"canonical\" href=\"https:\/\/salgourmet.es\/en\/sal-con-especias\/hierbas-aromaticas\/\" \/>\n<meta property=\"og:locale\" content=\"en_GB\" \/>\n<meta property=\"og:type\" content=\"article\" \/>\n<meta property=\"og:title\" content=\"Hierbas Arom\u00e1ticas - Sal Gourmet\" \/>\n<meta property=\"og:description\" content=\"Sal de r\u00edo con una selecci\u00f3n de hierbas arom\u00e1ticas y pimienta, \u00edntimamente mezcladas para mantener siempre el mismo sabor. HASE\" \/>\n<meta property=\"og:url\" content=\"https:\/\/salgourmet.es\/en\/sal-con-especias\/hierbas-aromaticas\/\" \/>\n<meta property=\"og:site_name\" content=\"Sal Gourmet\" \/>\n<meta property=\"article:modified_time\" content=\"2025-03-11T10:01:32+00:00\" \/>\n<meta property=\"og:image\" content=\"https:\/\/salgourmet.es\/wp-content\/uploads\/Hierbas-Aromaticas.jpg\" \/>\n\t<meta property=\"og:image:width\" content=\"2000\" \/>\n\t<meta property=\"og:image:height\" content=\"2000\" \/>\n\t<meta property=\"og:image:type\" content=\"image\/jpeg\" \/>\n<meta name=\"twitter:card\" content=\"summary_large_image\" \/>\n<meta name=\"twitter:label1\" content=\"Estimated reading time\" \/>\n\t<meta name=\"twitter:data1\" content=\"1 minute\" \/>\n<script type=\"application\/ld+json\" class=\"yoast-schema-graph\">{\"@context\":\"https:\/\/schema.org\",\"@graph\":[{\"@type\":\"WebPage\",\"@id\":\"https:\/\/salgourmet.es\/sal-con-especias\/hierbas-aromaticas\/\",\"url\":\"https:\/\/salgourmet.es\/sal-con-especias\/hierbas-aromaticas\/\",\"name\":\"Hierbas Arom\u00e1ticas - Sal Gourmet\",\"isPartOf\":{\"@id\":\"https:\/\/salgourmet.es\/#website\"},\"primaryImageOfPage\":{\"@id\":\"https:\/\/salgourmet.es\/sal-con-especias\/hierbas-aromaticas\/#primaryimage\"},\"image\":{\"@id\":\"https:\/\/salgourmet.es\/sal-con-especias\/hierbas-aromaticas\/#primaryimage\"},\"thumbnailUrl\":\"https:\/\/salgourmet.es\/wp-content\/uploads\/Hierbas-Aromaticas.jpg\",\"datePublished\":\"2024-07-11T09:24:21+00:00\",\"dateModified\":\"2025-03-11T10:01:32+00:00\",\"breadcrumb\":{\"@id\":\"https:\/\/salgourmet.es\/sal-con-especias\/hierbas-aromaticas\/#breadcrumb\"},\"inLanguage\":\"en-GB\",\"potentialAction\":[{\"@type\":\"ReadAction\",\"target\":[\"https:\/\/salgourmet.es\/sal-con-especias\/hierbas-aromaticas\/\"]}]},{\"@type\":\"ImageObject\",\"inLanguage\":\"en-GB\",\"@id\":\"https:\/\/salgourmet.es\/sal-con-especias\/hierbas-aromaticas\/#primaryimage\",\"url\":\"https:\/\/salgourmet.es\/wp-content\/uploads\/Hierbas-Aromaticas.jpg\",\"contentUrl\":\"https:\/\/salgourmet.es\/wp-content\/uploads\/Hierbas-Aromaticas.jpg\",\"width\":2000,\"height\":2000},{\"@type\":\"BreadcrumbList\",\"@id\":\"https:\/\/salgourmet.es\/sal-con-especias\/hierbas-aromaticas\/#breadcrumb\",\"itemListElement\":[{\"@type\":\"ListItem\",\"position\":1,\"name\":\"Portada\",\"item\":\"https:\/\/salgourmet.es\/\"},{\"@type\":\"ListItem\",\"position\":2,\"name\":\"Tienda\",\"item\":\"https:\/\/salgourmet.es\/tienda\/\"},{\"@type\":\"ListItem\",\"position\":3,\"name\":\"Hierbas Arom\u00e1ticas\"}]},{\"@type\":\"WebSite\",\"@id\":\"https:\/\/salgourmet.es\/#website\",\"url\":\"https:\/\/salgourmet.es\/\",\"name\":\"Sal Gourmet\",\"description\":\"\",\"potentialAction\":[{\"@type\":\"SearchAction\",\"target\":{\"@type\":\"EntryPoint\",\"urlTemplate\":\"https:\/\/salgourmet.es\/?s={search_term_string}\"},\"query-input\":{\"@type\":\"PropertyValueSpecification\",\"valueRequired\":true,\"valueName\":\"search_term_string\"}}],\"inLanguage\":\"en-GB\"}]}<\/script>\n<!-- \/ Yoast SEO plugin. -->","yoast_head_json":{"title":"Hierbas Arom\u00e1ticas - Sal Gourmet","robots":{"index":"index","follow":"follow","max-snippet":"max-snippet:-1","max-image-preview":"max-image-preview:large","max-video-preview":"max-video-preview:-1"},"canonical":"https:\/\/salgourmet.es\/en\/sal-con-especias\/hierbas-aromaticas\/","og_locale":"en_GB","og_type":"article","og_title":"Hierbas Arom\u00e1ticas - Sal Gourmet","og_description":"Sal de r\u00edo con una selecci\u00f3n de hierbas arom\u00e1ticas y pimienta, \u00edntimamente mezcladas para mantener siempre el mismo sabor. HASE","og_url":"https:\/\/salgourmet.es\/en\/sal-con-especias\/hierbas-aromaticas\/","og_site_name":"Sal Gourmet","article_modified_time":"2025-03-11T10:01:32+00:00","og_image":[{"width":2000,"height":2000,"url":"https:\/\/salgourmet.es\/wp-content\/uploads\/Hierbas-Aromaticas.jpg","type":"image\/jpeg"}],"twitter_card":"summary_large_image","twitter_misc":{"Estimated reading time":"1 minute"},"schema":{"@context":"https:\/\/schema.org","@graph":[{"@type":"WebPage","@id":"https:\/\/salgourmet.es\/sal-con-especias\/hierbas-aromaticas\/","url":"https:\/\/salgourmet.es\/sal-con-especias\/hierbas-aromaticas\/","name":"Hierbas Arom\u00e1ticas - Sal Gourmet","isPartOf":{"@id":"https:\/\/salgourmet.es\/#website"},"primaryImageOfPage":{"@id":"https:\/\/salgourmet.es\/sal-con-especias\/hierbas-aromaticas\/#primaryimage"},"image":{"@id":"https:\/\/salgourmet.es\/sal-con-especias\/hierbas-aromaticas\/#primaryimage"},"thumbnailUrl":"https:\/\/salgourmet.es\/wp-content\/uploads\/Hierbas-Aromaticas.jpg","datePublished":"2024-07-11T09:24:21+00:00","dateModified":"2025-03-11T10:01:32+00:00","breadcrumb":{"@id":"https:\/\/salgourmet.es\/sal-con-especias\/hierbas-aromaticas\/#breadcrumb"},"inLanguage":"en-GB","potentialAction":[{"@type":"ReadAction","target":["https:\/\/salgourmet.es\/sal-con-especias\/hierbas-aromaticas\/"]}]},{"@type":"ImageObject","inLanguage":"en-GB","@id":"https:\/\/salgourmet.es\/sal-con-especias\/hierbas-aromaticas\/#primaryimage","url":"https:\/\/salgourmet.es\/wp-content\/uploads\/Hierbas-Aromaticas.jpg","contentUrl":"https:\/\/salgourmet.es\/wp-content\/uploads\/Hierbas-Aromaticas.jpg","width":2000,"height":2000},{"@type":"BreadcrumbList","@id":"https:\/\/salgourmet.es\/sal-con-especias\/hierbas-aromaticas\/#breadcrumb","itemListElement":[{"@type":"ListItem","position":1,"name":"Portada","item":"https:\/\/salgourmet.es\/"},{"@type":"ListItem","position":2,"name":"Tienda","item":"https:\/\/salgourmet.es\/tienda\/"},{"@type":"ListItem","position":3,"name":"Hierbas Arom\u00e1ticas"}]},{"@type":"WebSite","@id":"https:\/\/salgourmet.es\/#website","url":"https:\/\/salgourmet.es\/","name":"Gourmet Salt","description":"","potentialAction":[{"@type":"SearchAction","target":{"@type":"EntryPoint","urlTemplate":"https:\/\/salgourmet.es\/?s={search_term_string}"},"query-input":{"@type":"PropertyValueSpecification","valueRequired":true,"valueName":"search_term_string"}}],"inLanguage":"en-GB"}]}},"_links":{"self":[{"href":"https:\/\/salgourmet.es\/en\/wp-json\/wp\/v2\/product\/412","targetHints":{"allow":["GET"]}}],"collection":[{"href":"https:\/\/salgourmet.es\/en\/wp-json\/wp\/v2\/product"}],"about":[{"href":"https:\/\/salgourmet.es\/en\/wp-json\/wp\/v2\/types\/product"}],"wp:featuredmedia":[{"embeddable":true,"href":"https:\/\/salgourmet.es\/en\/wp-json\/wp\/v2\/media\/427"}],"wp:attachment":[{"href":"https:\/\/salgourmet.es\/en\/wp-json\/wp\/v2\/media?parent=412"}],"wp:term":[{"taxonomy":"product_brand","embeddable":true,"href":"https:\/\/salgourmet.es\/en\/wp-json\/wp\/v2\/product_brand?post=412"},{"taxonomy":"product_cat","embeddable":true,"href":"https:\/\/salgourmet.es\/en\/wp-json\/wp\/v2\/product_cat?post=412"},{"taxonomy":"product_tag","embeddable":true,"href":"https:\/\/salgourmet.es\/en\/wp-json\/wp\/v2\/product_tag?post=412"}],"curies":[{"name":"wp","href":"https:\/\/api.w.org\/{rel}","templated":true}]}}