{"id":349,"date":"2024-07-11T11:18:43","date_gmt":"2024-07-11T09:18:43","guid":{"rendered":"https:\/\/salgourmet.es\/?post_type=product&#038;p=349"},"modified":"2025-03-07T13:50:57","modified_gmt":"2025-03-07T12:50:57","slug":"aceto-balsamico","status":"publish","type":"product","link":"https:\/\/salgourmet.es\/en\/sal-con-especias\/aceto-balsamico\/","title":{"rendered":"Petals of Salt with Balsamic Vinegar"},"content":{"rendered":"<div class=\"desc\">\n<div class=\"col-12 col-md-6\">\n<div class=\"desc\">\n<div class=\"desc\">Delicate and crunchy Salt Petals impregnated with the most exquisite Balsamic Vinegar and together they merge in the dish enhancing the flavors.<\/div>\n<\/div>\n<\/div>\n<\/div>","protected":false},"excerpt":{"rendered":"<div class=\"desc\">\n<div class=\"desc\">\n<div class=\"col-12 col-md-6\">\n<div class=\"col-12 col-md-6\">Delicate and crunchy Salt Petals impregnated with the most exquisite Balsamic Vinegar and together they merge in the dish enhancing the flavors.<br \/>\nPSABSE<\/div>\n<\/div>\n<\/div>\n<\/div>","protected":false},"featured_media":364,"template":"","meta":{"_acf_changed":false,"neve_meta_sidebar":"","neve_meta_container":"","neve_meta_enable_content_width":"off","neve_meta_content_width":100,"neve_meta_title_alignment":"","neve_meta_author_avatar":"","neve_post_elements_order":"","neve_meta_disable_header":"","neve_meta_disable_footer":"","neve_meta_disable_title":""},"product_brand":[],"product_cat":[18],"product_tag":[],"class_list":{"0":"post-349","1":"product","2":"type-product","3":"status-publish","4":"has-post-thumbnail","6":"product_cat-sal-con-especias","8":"first","9":"instock","10":"taxable","11":"shipping-taxable","12":"purchasable","13":"product-type-variable","14":"wvs-archive-product-wrapper"},"acf":[],"yoast_head":"<!-- This site is optimized with the Yoast SEO plugin v25.8 - https:\/\/yoast.com\/wordpress\/plugins\/seo\/ -->\n<title>P\u00e9talos de Sal al Aceto Bals\u00e1mico - Sal Gourmet<\/title>\n<meta name=\"robots\" content=\"index, follow, max-snippet:-1, max-image-preview:large, max-video-preview:-1\" \/>\n<link rel=\"canonical\" href=\"https:\/\/salgourmet.es\/en\/sal-con-especias\/aceto-balsamico\/\" \/>\n<meta property=\"og:locale\" content=\"en_GB\" \/>\n<meta property=\"og:type\" content=\"article\" \/>\n<meta property=\"og:title\" content=\"P\u00e9talos de Sal al Aceto Bals\u00e1mico - Sal Gourmet\" \/>\n<meta property=\"og:description\" content=\"Delicados y crujientes P\u00e9talos de Sal impregnados del m\u00e1s exquisito Aceto Bals\u00e1mico y juntos se fusionan en el plato realzando los sabores. PSABSE\" \/>\n<meta property=\"og:url\" content=\"https:\/\/salgourmet.es\/en\/sal-con-especias\/aceto-balsamico\/\" \/>\n<meta property=\"og:site_name\" content=\"Sal Gourmet\" \/>\n<meta property=\"article:modified_time\" content=\"2025-03-07T12:50:57+00:00\" \/>\n<meta property=\"og:image\" content=\"https:\/\/salgourmet.es\/wp-content\/uploads\/Petalos-de-Sal-al-Aceto-Balsamico.jpg\" \/>\n\t<meta property=\"og:image:width\" content=\"2000\" \/>\n\t<meta property=\"og:image:height\" content=\"2000\" \/>\n\t<meta property=\"og:image:type\" content=\"image\/jpeg\" \/>\n<meta name=\"twitter:card\" content=\"summary_large_image\" \/>\n<meta name=\"twitter:label1\" content=\"Estimated reading time\" \/>\n\t<meta name=\"twitter:data1\" content=\"1 minute\" \/>\n<script type=\"application\/ld+json\" class=\"yoast-schema-graph\">{\"@context\":\"https:\/\/schema.org\",\"@graph\":[{\"@type\":\"WebPage\",\"@id\":\"https:\/\/salgourmet.es\/sal-con-especias\/aceto-balsamico\/\",\"url\":\"https:\/\/salgourmet.es\/sal-con-especias\/aceto-balsamico\/\",\"name\":\"P\u00e9talos de Sal al Aceto Bals\u00e1mico - Sal Gourmet\",\"isPartOf\":{\"@id\":\"https:\/\/salgourmet.es\/#website\"},\"primaryImageOfPage\":{\"@id\":\"https:\/\/salgourmet.es\/sal-con-especias\/aceto-balsamico\/#primaryimage\"},\"image\":{\"@id\":\"https:\/\/salgourmet.es\/sal-con-especias\/aceto-balsamico\/#primaryimage\"},\"thumbnailUrl\":\"https:\/\/salgourmet.es\/wp-content\/uploads\/Petalos-de-Sal-al-Aceto-Balsamico.jpg\",\"datePublished\":\"2024-07-11T09:18:43+00:00\",\"dateModified\":\"2025-03-07T12:50:57+00:00\",\"breadcrumb\":{\"@id\":\"https:\/\/salgourmet.es\/sal-con-especias\/aceto-balsamico\/#breadcrumb\"},\"inLanguage\":\"en-GB\",\"potentialAction\":[{\"@type\":\"ReadAction\",\"target\":[\"https:\/\/salgourmet.es\/sal-con-especias\/aceto-balsamico\/\"]}]},{\"@type\":\"ImageObject\",\"inLanguage\":\"en-GB\",\"@id\":\"https:\/\/salgourmet.es\/sal-con-especias\/aceto-balsamico\/#primaryimage\",\"url\":\"https:\/\/salgourmet.es\/wp-content\/uploads\/Petalos-de-Sal-al-Aceto-Balsamico.jpg\",\"contentUrl\":\"https:\/\/salgourmet.es\/wp-content\/uploads\/Petalos-de-Sal-al-Aceto-Balsamico.jpg\",\"width\":2000,\"height\":2000},{\"@type\":\"BreadcrumbList\",\"@id\":\"https:\/\/salgourmet.es\/sal-con-especias\/aceto-balsamico\/#breadcrumb\",\"itemListElement\":[{\"@type\":\"ListItem\",\"position\":1,\"name\":\"Portada\",\"item\":\"https:\/\/salgourmet.es\/\"},{\"@type\":\"ListItem\",\"position\":2,\"name\":\"Tienda\",\"item\":\"https:\/\/salgourmet.es\/tienda\/\"},{\"@type\":\"ListItem\",\"position\":3,\"name\":\"P\u00e9talos de Sal al Aceto Bals\u00e1mico\"}]},{\"@type\":\"WebSite\",\"@id\":\"https:\/\/salgourmet.es\/#website\",\"url\":\"https:\/\/salgourmet.es\/\",\"name\":\"Sal Gourmet\",\"description\":\"\",\"potentialAction\":[{\"@type\":\"SearchAction\",\"target\":{\"@type\":\"EntryPoint\",\"urlTemplate\":\"https:\/\/salgourmet.es\/?s={search_term_string}\"},\"query-input\":{\"@type\":\"PropertyValueSpecification\",\"valueRequired\":true,\"valueName\":\"search_term_string\"}}],\"inLanguage\":\"en-GB\"}]}<\/script>\n<!-- \/ Yoast SEO plugin. -->","yoast_head_json":{"title":"P\u00e9talos de Sal al Aceto Bals\u00e1mico - Sal Gourmet","robots":{"index":"index","follow":"follow","max-snippet":"max-snippet:-1","max-image-preview":"max-image-preview:large","max-video-preview":"max-video-preview:-1"},"canonical":"https:\/\/salgourmet.es\/en\/sal-con-especias\/aceto-balsamico\/","og_locale":"en_GB","og_type":"article","og_title":"P\u00e9talos de Sal al Aceto Bals\u00e1mico - Sal Gourmet","og_description":"Delicados y crujientes P\u00e9talos de Sal impregnados del m\u00e1s exquisito Aceto Bals\u00e1mico y juntos se fusionan en el plato realzando los sabores. PSABSE","og_url":"https:\/\/salgourmet.es\/en\/sal-con-especias\/aceto-balsamico\/","og_site_name":"Sal Gourmet","article_modified_time":"2025-03-07T12:50:57+00:00","og_image":[{"width":2000,"height":2000,"url":"https:\/\/salgourmet.es\/wp-content\/uploads\/Petalos-de-Sal-al-Aceto-Balsamico.jpg","type":"image\/jpeg"}],"twitter_card":"summary_large_image","twitter_misc":{"Estimated reading time":"1 minute"},"schema":{"@context":"https:\/\/schema.org","@graph":[{"@type":"WebPage","@id":"https:\/\/salgourmet.es\/sal-con-especias\/aceto-balsamico\/","url":"https:\/\/salgourmet.es\/sal-con-especias\/aceto-balsamico\/","name":"P\u00e9talos de Sal al Aceto Bals\u00e1mico - Sal Gourmet","isPartOf":{"@id":"https:\/\/salgourmet.es\/#website"},"primaryImageOfPage":{"@id":"https:\/\/salgourmet.es\/sal-con-especias\/aceto-balsamico\/#primaryimage"},"image":{"@id":"https:\/\/salgourmet.es\/sal-con-especias\/aceto-balsamico\/#primaryimage"},"thumbnailUrl":"https:\/\/salgourmet.es\/wp-content\/uploads\/Petalos-de-Sal-al-Aceto-Balsamico.jpg","datePublished":"2024-07-11T09:18:43+00:00","dateModified":"2025-03-07T12:50:57+00:00","breadcrumb":{"@id":"https:\/\/salgourmet.es\/sal-con-especias\/aceto-balsamico\/#breadcrumb"},"inLanguage":"en-GB","potentialAction":[{"@type":"ReadAction","target":["https:\/\/salgourmet.es\/sal-con-especias\/aceto-balsamico\/"]}]},{"@type":"ImageObject","inLanguage":"en-GB","@id":"https:\/\/salgourmet.es\/sal-con-especias\/aceto-balsamico\/#primaryimage","url":"https:\/\/salgourmet.es\/wp-content\/uploads\/Petalos-de-Sal-al-Aceto-Balsamico.jpg","contentUrl":"https:\/\/salgourmet.es\/wp-content\/uploads\/Petalos-de-Sal-al-Aceto-Balsamico.jpg","width":2000,"height":2000},{"@type":"BreadcrumbList","@id":"https:\/\/salgourmet.es\/sal-con-especias\/aceto-balsamico\/#breadcrumb","itemListElement":[{"@type":"ListItem","position":1,"name":"Portada","item":"https:\/\/salgourmet.es\/"},{"@type":"ListItem","position":2,"name":"Tienda","item":"https:\/\/salgourmet.es\/tienda\/"},{"@type":"ListItem","position":3,"name":"P\u00e9talos de Sal al Aceto Bals\u00e1mico"}]},{"@type":"WebSite","@id":"https:\/\/salgourmet.es\/#website","url":"https:\/\/salgourmet.es\/","name":"Gourmet Salt","description":"","potentialAction":[{"@type":"SearchAction","target":{"@type":"EntryPoint","urlTemplate":"https:\/\/salgourmet.es\/?s={search_term_string}"},"query-input":{"@type":"PropertyValueSpecification","valueRequired":true,"valueName":"search_term_string"}}],"inLanguage":"en-GB"}]}},"_links":{"self":[{"href":"https:\/\/salgourmet.es\/en\/wp-json\/wp\/v2\/product\/349","targetHints":{"allow":["GET"]}}],"collection":[{"href":"https:\/\/salgourmet.es\/en\/wp-json\/wp\/v2\/product"}],"about":[{"href":"https:\/\/salgourmet.es\/en\/wp-json\/wp\/v2\/types\/product"}],"wp:featuredmedia":[{"embeddable":true,"href":"https:\/\/salgourmet.es\/en\/wp-json\/wp\/v2\/media\/364"}],"wp:attachment":[{"href":"https:\/\/salgourmet.es\/en\/wp-json\/wp\/v2\/media?parent=349"}],"wp:term":[{"taxonomy":"product_brand","embeddable":true,"href":"https:\/\/salgourmet.es\/en\/wp-json\/wp\/v2\/product_brand?post=349"},{"taxonomy":"product_cat","embeddable":true,"href":"https:\/\/salgourmet.es\/en\/wp-json\/wp\/v2\/product_cat?post=349"},{"taxonomy":"product_tag","embeddable":true,"href":"https:\/\/salgourmet.es\/en\/wp-json\/wp\/v2\/product_tag?post=349"}],"curies":[{"name":"wp","href":"https:\/\/api.w.org\/{rel}","templated":true}]}}