{"id":283,"date":"2024-07-11T11:03:27","date_gmt":"2024-07-11T09:03:27","guid":{"rendered":"https:\/\/salgourmet.es\/?post_type=product&#038;p=283"},"modified":"2025-03-05T12:59:37","modified_gmt":"2025-03-05T11:59:37","slug":"ahumados","status":"publish","type":"product","link":"https:\/\/salgourmet.es\/en\/petalos-de-sal\/ahumados\/","title":{"rendered":"Smoked Salt Petals"},"content":{"rendered":"<div class=\"desc\">\n<div class=\"desc\">\n<div class=\"col-12 col-md-6\">Fossil\u00ae Salt Petals is a salt in the form of pyramidal crystals, with a very mild flavour due to its mineral origin and its high content of trace elements, which unlike some marine flake salts, does not have that slightly bitter aftertaste. When adding Salt Petals when serving, they fuse into the dish, enhancing the flavours of the food. It has a fairly mild smoky flavour and smell, it is smoked with a natural fire, the hot smoke attaches to the salt and gives it a soft wood flavour.<\/div>\n<\/div>\n<\/div>","protected":false},"excerpt":{"rendered":"<div class=\"desc\">\n<div class=\"desc\">\n<div class=\"desc\">\n<p>A special salt made from crunchy petals smoked over a wood fire in a traditional way. New flavour! Now with a more natural smoke of much higher quality.<\/p>\n<\/div>\n<p>PSAPS<\/p>\n<\/div>\n<\/div>","protected":false},"featured_media":298,"template":"","meta":{"_acf_changed":false,"neve_meta_sidebar":"","neve_meta_container":"","neve_meta_enable_content_width":"off","neve_meta_content_width":100,"neve_meta_title_alignment":"","neve_meta_author_avatar":"","neve_post_elements_order":"","neve_meta_disable_header":"","neve_meta_disable_footer":"","neve_meta_disable_title":""},"product_brand":[],"product_cat":[17],"product_tag":[],"class_list":{"0":"post-283","1":"product","2":"type-product","3":"status-publish","4":"has-post-thumbnail","6":"product_cat-petalos-de-sal","8":"first","9":"instock","10":"taxable","11":"shipping-taxable","12":"purchasable","13":"product-type-variable","14":"wvs-archive-product-wrapper"},"acf":[],"yoast_head":"<!-- This site is optimized with the Yoast SEO plugin v25.8 - https:\/\/yoast.com\/wordpress\/plugins\/seo\/ -->\n<title>P\u00e9talos de Sal Ahumados - Sal Gourmet<\/title>\n<meta name=\"robots\" content=\"index, follow, max-snippet:-1, max-image-preview:large, max-video-preview:-1\" \/>\n<link rel=\"canonical\" href=\"https:\/\/salgourmet.es\/en\/petalos-de-sal\/ahumados\/\" \/>\n<meta property=\"og:locale\" content=\"en_GB\" \/>\n<meta property=\"og:type\" content=\"article\" \/>\n<meta property=\"og:title\" content=\"P\u00e9talos de Sal Ahumados - Sal Gourmet\" \/>\n<meta property=\"og:description\" content=\"Una sal especial de crujientes p\u00e9talos ahumados a la le\u00f1a de forma artesanal. \u00a1Nuevo sabor! Ahora con un ahumado m\u00e1s natural de mucha m\u00e1s calidad.   PSAPS\" \/>\n<meta property=\"og:url\" content=\"https:\/\/salgourmet.es\/en\/petalos-de-sal\/ahumados\/\" \/>\n<meta property=\"og:site_name\" content=\"Sal Gourmet\" \/>\n<meta property=\"article:modified_time\" content=\"2025-03-05T11:59:37+00:00\" \/>\n<meta property=\"og:image\" content=\"https:\/\/salgourmet.es\/wp-content\/uploads\/Petalos-de-Sal-Ahumados.jpg\" \/>\n\t<meta property=\"og:image:width\" content=\"2000\" \/>\n\t<meta property=\"og:image:height\" content=\"2000\" \/>\n\t<meta property=\"og:image:type\" content=\"image\/jpeg\" \/>\n<meta name=\"twitter:card\" content=\"summary_large_image\" \/>\n<meta name=\"twitter:label1\" content=\"Estimated reading time\" \/>\n\t<meta name=\"twitter:data1\" content=\"1 minute\" \/>\n<script type=\"application\/ld+json\" class=\"yoast-schema-graph\">{\"@context\":\"https:\/\/schema.org\",\"@graph\":[{\"@type\":\"WebPage\",\"@id\":\"https:\/\/salgourmet.es\/petalos-de-sal\/ahumados\/\",\"url\":\"https:\/\/salgourmet.es\/petalos-de-sal\/ahumados\/\",\"name\":\"P\u00e9talos de Sal Ahumados - Sal Gourmet\",\"isPartOf\":{\"@id\":\"https:\/\/salgourmet.es\/#website\"},\"primaryImageOfPage\":{\"@id\":\"https:\/\/salgourmet.es\/petalos-de-sal\/ahumados\/#primaryimage\"},\"image\":{\"@id\":\"https:\/\/salgourmet.es\/petalos-de-sal\/ahumados\/#primaryimage\"},\"thumbnailUrl\":\"https:\/\/salgourmet.es\/wp-content\/uploads\/Petalos-de-Sal-Ahumados.jpg\",\"datePublished\":\"2024-07-11T09:03:27+00:00\",\"dateModified\":\"2025-03-05T11:59:37+00:00\",\"breadcrumb\":{\"@id\":\"https:\/\/salgourmet.es\/petalos-de-sal\/ahumados\/#breadcrumb\"},\"inLanguage\":\"en-GB\",\"potentialAction\":[{\"@type\":\"ReadAction\",\"target\":[\"https:\/\/salgourmet.es\/petalos-de-sal\/ahumados\/\"]}]},{\"@type\":\"ImageObject\",\"inLanguage\":\"en-GB\",\"@id\":\"https:\/\/salgourmet.es\/petalos-de-sal\/ahumados\/#primaryimage\",\"url\":\"https:\/\/salgourmet.es\/wp-content\/uploads\/Petalos-de-Sal-Ahumados.jpg\",\"contentUrl\":\"https:\/\/salgourmet.es\/wp-content\/uploads\/Petalos-de-Sal-Ahumados.jpg\",\"width\":2000,\"height\":2000},{\"@type\":\"BreadcrumbList\",\"@id\":\"https:\/\/salgourmet.es\/petalos-de-sal\/ahumados\/#breadcrumb\",\"itemListElement\":[{\"@type\":\"ListItem\",\"position\":1,\"name\":\"Portada\",\"item\":\"https:\/\/salgourmet.es\/\"},{\"@type\":\"ListItem\",\"position\":2,\"name\":\"Tienda\",\"item\":\"https:\/\/salgourmet.es\/tienda\/\"},{\"@type\":\"ListItem\",\"position\":3,\"name\":\"P\u00e9talos de Sal Ahumados\"}]},{\"@type\":\"WebSite\",\"@id\":\"https:\/\/salgourmet.es\/#website\",\"url\":\"https:\/\/salgourmet.es\/\",\"name\":\"Sal Gourmet\",\"description\":\"\",\"potentialAction\":[{\"@type\":\"SearchAction\",\"target\":{\"@type\":\"EntryPoint\",\"urlTemplate\":\"https:\/\/salgourmet.es\/?s={search_term_string}\"},\"query-input\":{\"@type\":\"PropertyValueSpecification\",\"valueRequired\":true,\"valueName\":\"search_term_string\"}}],\"inLanguage\":\"en-GB\"}]}<\/script>\n<!-- \/ Yoast SEO plugin. -->","yoast_head_json":{"title":"Smoked Salt Petals - Gourmet Salt","robots":{"index":"index","follow":"follow","max-snippet":"max-snippet:-1","max-image-preview":"max-image-preview:large","max-video-preview":"max-video-preview:-1"},"canonical":"https:\/\/salgourmet.es\/en\/petalos-de-sal\/ahumados\/","og_locale":"en_GB","og_type":"article","og_title":"P\u00e9talos de Sal Ahumados - Sal Gourmet","og_description":"Una sal especial de crujientes p\u00e9talos ahumados a la le\u00f1a de forma artesanal. \u00a1Nuevo sabor! Ahora con un ahumado m\u00e1s natural de mucha m\u00e1s calidad.   PSAPS","og_url":"https:\/\/salgourmet.es\/en\/petalos-de-sal\/ahumados\/","og_site_name":"Sal Gourmet","article_modified_time":"2025-03-05T11:59:37+00:00","og_image":[{"width":2000,"height":2000,"url":"https:\/\/salgourmet.es\/wp-content\/uploads\/Petalos-de-Sal-Ahumados.jpg","type":"image\/jpeg"}],"twitter_card":"summary_large_image","twitter_misc":{"Estimated reading time":"1 minute"},"schema":{"@context":"https:\/\/schema.org","@graph":[{"@type":"WebPage","@id":"https:\/\/salgourmet.es\/petalos-de-sal\/ahumados\/","url":"https:\/\/salgourmet.es\/petalos-de-sal\/ahumados\/","name":"Smoked Salt Petals - Gourmet Salt","isPartOf":{"@id":"https:\/\/salgourmet.es\/#website"},"primaryImageOfPage":{"@id":"https:\/\/salgourmet.es\/petalos-de-sal\/ahumados\/#primaryimage"},"image":{"@id":"https:\/\/salgourmet.es\/petalos-de-sal\/ahumados\/#primaryimage"},"thumbnailUrl":"https:\/\/salgourmet.es\/wp-content\/uploads\/Petalos-de-Sal-Ahumados.jpg","datePublished":"2024-07-11T09:03:27+00:00","dateModified":"2025-03-05T11:59:37+00:00","breadcrumb":{"@id":"https:\/\/salgourmet.es\/petalos-de-sal\/ahumados\/#breadcrumb"},"inLanguage":"en-GB","potentialAction":[{"@type":"ReadAction","target":["https:\/\/salgourmet.es\/petalos-de-sal\/ahumados\/"]}]},{"@type":"ImageObject","inLanguage":"en-GB","@id":"https:\/\/salgourmet.es\/petalos-de-sal\/ahumados\/#primaryimage","url":"https:\/\/salgourmet.es\/wp-content\/uploads\/Petalos-de-Sal-Ahumados.jpg","contentUrl":"https:\/\/salgourmet.es\/wp-content\/uploads\/Petalos-de-Sal-Ahumados.jpg","width":2000,"height":2000},{"@type":"BreadcrumbList","@id":"https:\/\/salgourmet.es\/petalos-de-sal\/ahumados\/#breadcrumb","itemListElement":[{"@type":"ListItem","position":1,"name":"Portada","item":"https:\/\/salgourmet.es\/"},{"@type":"ListItem","position":2,"name":"Tienda","item":"https:\/\/salgourmet.es\/tienda\/"},{"@type":"ListItem","position":3,"name":"P\u00e9talos de Sal Ahumados"}]},{"@type":"WebSite","@id":"https:\/\/salgourmet.es\/#website","url":"https:\/\/salgourmet.es\/","name":"Gourmet Salt","description":"","potentialAction":[{"@type":"SearchAction","target":{"@type":"EntryPoint","urlTemplate":"https:\/\/salgourmet.es\/?s={search_term_string}"},"query-input":{"@type":"PropertyValueSpecification","valueRequired":true,"valueName":"search_term_string"}}],"inLanguage":"en-GB"}]}},"_links":{"self":[{"href":"https:\/\/salgourmet.es\/en\/wp-json\/wp\/v2\/product\/283","targetHints":{"allow":["GET"]}}],"collection":[{"href":"https:\/\/salgourmet.es\/en\/wp-json\/wp\/v2\/product"}],"about":[{"href":"https:\/\/salgourmet.es\/en\/wp-json\/wp\/v2\/types\/product"}],"wp:featuredmedia":[{"embeddable":true,"href":"https:\/\/salgourmet.es\/en\/wp-json\/wp\/v2\/media\/298"}],"wp:attachment":[{"href":"https:\/\/salgourmet.es\/en\/wp-json\/wp\/v2\/media?parent=283"}],"wp:term":[{"taxonomy":"product_brand","embeddable":true,"href":"https:\/\/salgourmet.es\/en\/wp-json\/wp\/v2\/product_brand?post=283"},{"taxonomy":"product_cat","embeddable":true,"href":"https:\/\/salgourmet.es\/en\/wp-json\/wp\/v2\/product_cat?post=283"},{"taxonomy":"product_tag","embeddable":true,"href":"https:\/\/salgourmet.es\/en\/wp-json\/wp\/v2\/product_tag?post=283"}],"curies":[{"name":"wp","href":"https:\/\/api.w.org\/{rel}","templated":true}]}}