{"id":2013,"date":"2024-08-08T14:39:34","date_gmt":"2024-08-08T12:39:34","guid":{"rendered":"https:\/\/salgourmet.es\/?page_id=2013"},"modified":"2024-08-08T14:41:02","modified_gmt":"2024-08-08T12:41:02","slug":"cookies","status":"publish","type":"page","link":"https:\/\/salgourmet.es\/en\/cookies\/","title":{"rendered":"Cookie Policy"},"content":{"rendered":"<div data-elementor-type=\"wp-page\" data-elementor-id=\"2013\" class=\"elementor elementor-2013\" data-elementor-post-type=\"page\">\n\t\t\t\t<div class=\"elementor-element elementor-element-0a140b4 e-con-full e-flex e-con e-parent\" data-id=\"0a140b4\" data-element_type=\"container\" data-settings=\"{&quot;background_background&quot;:&quot;classic&quot;}\">\n\t\t\t\t<\/div>\n\t\t<div class=\"elementor-element elementor-element-ddf0381 e-flex e-con-boxed e-con e-parent\" data-id=\"ddf0381\" data-element_type=\"container\">\n\t\t\t\t\t<div class=\"e-con-inner\">\n\t\t<div class=\"elementor-element elementor-element-bd633e0 e-con-full e-flex e-con e-child\" data-id=\"bd633e0\" data-element_type=\"container\">\n\t\t\t\t<\/div>\n\t\t<div class=\"elementor-element elementor-element-b3174c6 e-con-full e-flex e-con e-child\" data-id=\"b3174c6\" data-element_type=\"container\">\n\t\t\t\t<div class=\"elementor-element elementor-element-a9a3f8e elementor-widget elementor-widget-text-editor\" data-id=\"a9a3f8e\" data-element_type=\"widget\" data-widget_type=\"text-editor.default\">\n\t\t\t\t<div class=\"elementor-widget-container\">\n\t\t\t\t\t\t\t\t\t<div class=\"wrapper\"><div id=\"contenido\"><h1>Cookie Policy<\/h1><p><strong>USE OF COOKIES<\/strong><\/p><p>There are no hyperlinks on our Website that allow your data to be communicated to other websites, nor are there any invisible processing of personal data. In order to use the Website, the use of cookies is necessary (understood as a set of characters that are stored on the hard drive or in the temporary memory of a user&#039;s computer when accessing the pages of certain websites).<\/p><p>The information that LANCASTER PLUS, SLU stores on your computer using this mechanism consists solely of that which is necessary to carry out the purchasing process, without saving private data.<\/p><p>The cookies generated are:<\/p><ul><li><strong>Name:<\/strong> ASPSESSIONIDQQDDSDBB<ul><li>Source server: www.salgourmet.es<\/li><li>Purpose: Strictly necessary<\/li><li>Own \/ Third parties: Own<\/li><li>Excluded\/Not Excluded (from the duty of information and consent): Yes<\/li><\/ul><\/li><li><strong>Name:<\/strong>\u00a0yourorder<ul><li>Source server: www.salgourmet.es<\/li><li>Purpose: Strictly necessary<\/li><li>Own \/ Third parties: Own<\/li><li>Excluded\/Not Excluded (from the duty of information and consent): Yes<\/li><\/ul><\/li><li><strong>Name:<\/strong> cookies-accepted<ul><li>Source server: www.salgourmet.es<\/li><li>Purpose: Strictly necessary<\/li><li>Own \/ Third parties: Own<\/li><li>Excluded\/Not Excluded (from the duty of information and consent): Yes<\/li><\/ul><\/li><li><strong>Name:<\/strong> _ga<ul><li>Source server: www.salgourmet.es<\/li><li>Purpose: Google Analytics cookies. They generate an anonymous user ID, which is used to count how many times a user visits the site. They also record the first and last time the user visited the website. They also calculate when a session has ended, the origin of the user, and keywords.\u00a0<a href=\"https:\/\/developers.google.com\/analytics\/devguides\/collection\/analyticsjs\/cookie-usage\" target=\"_blank\" rel=\"nofollow noopener\">More information<\/a>.<\/li><li>First party\/Third party: Third party, Google Inc.<\/li><li>Excluded\/Not Excluded (from the duty of information and consent): No\u00a0<\/li><\/ul><\/li><li><strong>Name:<\/strong> _gat<ul><li>Source server: www.salgourmet.es<\/li><li>Purpose: Google Analytics cookies. They generate an anonymous user ID, which is used to count how many times a user visits the site. They also record the first and last time the user visited the website. They also calculate when a session has ended, the origin of the user, and keywords.\u00a0<a href=\"https:\/\/developers.google.com\/analytics\/devguides\/collection\/analyticsjs\/cookie-usage\" target=\"_blank\" rel=\"nofollow noopener\">More information<\/a>.<\/li><li>First party\/Third party: Third party, Google Inc.<\/li><li>Excluded\/Not Excluded (from the duty of information and consent): No\u00a0<\/li><\/ul><\/li><\/ul><p>If you wish, you can configure your browser to notify you on screen when you receive cookies and to prevent the installation of cookies on your hard drive. However, if you select this setting, you may not be able to access certain parts of the Website or take advantage of some of our services. Unless you have adjusted your browser settings so that it will refuse cookies, our system will issue cookies when you connect to our Website. Please consult your browser&#039;s instructions and manuals for further information. <\/p><\/div><\/div>\t\t\t\t\t\t\t\t<\/div>\n\t\t\t\t<\/div>\n\t\t\t\t<\/div>\n\t\t\t\t\t<\/div>\n\t\t\t\t<\/div>\n\t\t\t\t<\/div>","protected":false},"excerpt":{"rendered":"<p>Cookie Policy USE OF COOKIES Our Website does not contain hyperlinks that allow your data to be transferred to other websites, nor does it contain any invisible processing of personal data. The use of cookies (understood as a set of characters stored on the hard drive) is required for the use of the Website.&nbsp;<a href=\"https:\/\/salgourmet.es\/en\/cookies\/\" rel=\"bookmark\">Read More \u00bb<span class=\"screen-reader-text\">Cookie Policy<\/span><\/a><\/p>","protected":false},"author":2,"featured_media":0,"parent":0,"menu_order":0,"comment_status":"closed","ping_status":"closed","template":"page-templates\/template-pagebuilder-full-width.php","meta":{"_acf_changed":false,"neve_meta_sidebar":"","neve_meta_container":"","neve_meta_enable_content_width":"off","neve_meta_content_width":100,"neve_meta_title_alignment":"","neve_meta_author_avatar":"","neve_post_elements_order":"","neve_meta_disable_header":"","neve_meta_disable_footer":"","neve_meta_disable_title":"","footnotes":""},"class_list":["post-2013","page","type-page","status-publish","hentry"],"acf":[],"yoast_head":"<!-- This site is optimized with the Yoast SEO plugin v25.8 - https:\/\/yoast.com\/wordpress\/plugins\/seo\/ -->\n<title>Pol\u00edtica de cookies - Sal Gourmet<\/title>\n<meta name=\"robots\" content=\"index, follow, max-snippet:-1, max-image-preview:large, max-video-preview:-1\" \/>\n<link rel=\"canonical\" href=\"https:\/\/salgourmet.es\/en\/cookies\/\" \/>\n<meta property=\"og:locale\" content=\"en_GB\" \/>\n<meta property=\"og:type\" content=\"article\" \/>\n<meta property=\"og:title\" content=\"Pol\u00edtica de cookies - Sal Gourmet\" \/>\n<meta property=\"og:description\" content=\"Pol\u00edtica de cookies UTILIZACI\u00d3N DE COOKIES En nuestro Sitio Web no existen hiperv\u00ednculos que permitan la comunicaci\u00f3n de sus datos a otras p\u00e1ginas web y tampoco existen tratamientos invisibles de datos personales. Para la utilizaci\u00f3n del Sitio Web es necesaria la utilizaci\u00f3n de cookies (entendido como conjunto de caracteres que se almacenan en el disco&hellip;&nbsp;Read More &raquo;Pol\u00edtica de cookies\" \/>\n<meta property=\"og:url\" content=\"https:\/\/salgourmet.es\/en\/cookies\/\" \/>\n<meta property=\"og:site_name\" content=\"Sal Gourmet\" \/>\n<meta property=\"article:modified_time\" content=\"2024-08-08T12:41:02+00:00\" \/>\n<meta name=\"twitter:card\" content=\"summary_large_image\" \/>\n<meta name=\"twitter:label1\" content=\"Estimated reading time\" \/>\n\t<meta name=\"twitter:data1\" content=\"2 minutes\" \/>\n<script type=\"application\/ld+json\" class=\"yoast-schema-graph\">{\"@context\":\"https:\/\/schema.org\",\"@graph\":[{\"@type\":\"WebPage\",\"@id\":\"https:\/\/salgourmet.es\/cookies\/\",\"url\":\"https:\/\/salgourmet.es\/cookies\/\",\"name\":\"Pol\u00edtica de cookies - Sal Gourmet\",\"isPartOf\":{\"@id\":\"https:\/\/salgourmet.es\/#website\"},\"datePublished\":\"2024-08-08T12:39:34+00:00\",\"dateModified\":\"2024-08-08T12:41:02+00:00\",\"breadcrumb\":{\"@id\":\"https:\/\/salgourmet.es\/cookies\/#breadcrumb\"},\"inLanguage\":\"en-GB\",\"potentialAction\":[{\"@type\":\"ReadAction\",\"target\":[\"https:\/\/salgourmet.es\/cookies\/\"]}]},{\"@type\":\"BreadcrumbList\",\"@id\":\"https:\/\/salgourmet.es\/cookies\/#breadcrumb\",\"itemListElement\":[{\"@type\":\"ListItem\",\"position\":1,\"name\":\"Portada\",\"item\":\"https:\/\/salgourmet.es\/\"},{\"@type\":\"ListItem\",\"position\":2,\"name\":\"Pol\u00edtica de cookies\"}]},{\"@type\":\"WebSite\",\"@id\":\"https:\/\/salgourmet.es\/#website\",\"url\":\"https:\/\/salgourmet.es\/\",\"name\":\"Sal Gourmet\",\"description\":\"\",\"potentialAction\":[{\"@type\":\"SearchAction\",\"target\":{\"@type\":\"EntryPoint\",\"urlTemplate\":\"https:\/\/salgourmet.es\/?s={search_term_string}\"},\"query-input\":{\"@type\":\"PropertyValueSpecification\",\"valueRequired\":true,\"valueName\":\"search_term_string\"}}],\"inLanguage\":\"en-GB\"}]}<\/script>\n<!-- \/ Yoast SEO plugin. -->","yoast_head_json":{"title":"Pol\u00edtica de cookies - Sal Gourmet","robots":{"index":"index","follow":"follow","max-snippet":"max-snippet:-1","max-image-preview":"max-image-preview:large","max-video-preview":"max-video-preview:-1"},"canonical":"https:\/\/salgourmet.es\/en\/cookies\/","og_locale":"en_GB","og_type":"article","og_title":"Pol\u00edtica de cookies - Sal Gourmet","og_description":"Pol\u00edtica de cookies UTILIZACI\u00d3N DE COOKIES En nuestro Sitio Web no existen hiperv\u00ednculos que permitan la comunicaci\u00f3n de sus datos a otras p\u00e1ginas web y tampoco existen tratamientos invisibles de datos personales. Para la utilizaci\u00f3n del Sitio Web es necesaria la utilizaci\u00f3n de cookies (entendido como conjunto de caracteres que se almacenan en el disco&hellip;&nbsp;Read More &raquo;Pol\u00edtica de cookies","og_url":"https:\/\/salgourmet.es\/en\/cookies\/","og_site_name":"Sal Gourmet","article_modified_time":"2024-08-08T12:41:02+00:00","twitter_card":"summary_large_image","twitter_misc":{"Estimated reading time":"2 minutes"},"schema":{"@context":"https:\/\/schema.org","@graph":[{"@type":"WebPage","@id":"https:\/\/salgourmet.es\/cookies\/","url":"https:\/\/salgourmet.es\/cookies\/","name":"Pol\u00edtica de cookies - Sal Gourmet","isPartOf":{"@id":"https:\/\/salgourmet.es\/#website"},"datePublished":"2024-08-08T12:39:34+00:00","dateModified":"2024-08-08T12:41:02+00:00","breadcrumb":{"@id":"https:\/\/salgourmet.es\/cookies\/#breadcrumb"},"inLanguage":"en-GB","potentialAction":[{"@type":"ReadAction","target":["https:\/\/salgourmet.es\/cookies\/"]}]},{"@type":"BreadcrumbList","@id":"https:\/\/salgourmet.es\/cookies\/#breadcrumb","itemListElement":[{"@type":"ListItem","position":1,"name":"Portada","item":"https:\/\/salgourmet.es\/"},{"@type":"ListItem","position":2,"name":"Pol\u00edtica de cookies"}]},{"@type":"WebSite","@id":"https:\/\/salgourmet.es\/#website","url":"https:\/\/salgourmet.es\/","name":"Gourmet Salt","description":"","potentialAction":[{"@type":"SearchAction","target":{"@type":"EntryPoint","urlTemplate":"https:\/\/salgourmet.es\/?s={search_term_string}"},"query-input":{"@type":"PropertyValueSpecification","valueRequired":true,"valueName":"search_term_string"}}],"inLanguage":"en-GB"}]}},"_links":{"self":[{"href":"https:\/\/salgourmet.es\/en\/wp-json\/wp\/v2\/pages\/2013","targetHints":{"allow":["GET"]}}],"collection":[{"href":"https:\/\/salgourmet.es\/en\/wp-json\/wp\/v2\/pages"}],"about":[{"href":"https:\/\/salgourmet.es\/en\/wp-json\/wp\/v2\/types\/page"}],"author":[{"embeddable":true,"href":"https:\/\/salgourmet.es\/en\/wp-json\/wp\/v2\/users\/2"}],"replies":[{"embeddable":true,"href":"https:\/\/salgourmet.es\/en\/wp-json\/wp\/v2\/comments?post=2013"}],"version-history":[{"count":4,"href":"https:\/\/salgourmet.es\/en\/wp-json\/wp\/v2\/pages\/2013\/revisions"}],"predecessor-version":[{"id":2018,"href":"https:\/\/salgourmet.es\/en\/wp-json\/wp\/v2\/pages\/2013\/revisions\/2018"}],"wp:attachment":[{"href":"https:\/\/salgourmet.es\/en\/wp-json\/wp\/v2\/media?parent=2013"}],"curies":[{"name":"wp","href":"https:\/\/api.w.org\/{rel}","templated":true}]}}