{"id":1119,"date":"2024-07-11T21:40:05","date_gmt":"2024-07-11T19:40:05","guid":{"rendered":"https:\/\/salgourmet.es\/?page_id=1119"},"modified":"2024-07-11T21:40:41","modified_gmt":"2024-07-11T19:40:41","slug":"monodosis","status":"publish","type":"page","link":"https:\/\/salgourmet.es\/en\/monodosis\/","title":{"rendered":"Single dose"},"content":{"rendered":"<div data-elementor-type=\"wp-page\" data-elementor-id=\"1119\" class=\"elementor elementor-1119\" data-elementor-post-type=\"page\">\n\t\t\t\t<div class=\"elementor-element elementor-element-b27afe7 e-flex e-con-boxed e-con e-parent\" data-id=\"b27afe7\" data-element_type=\"container\">\n\t\t\t\t\t<div class=\"e-con-inner\">\n\t\t<div class=\"elementor-element elementor-element-9823fc5 e-con-full e-flex e-con e-child\" data-id=\"9823fc5\" data-element_type=\"container\">\n\t\t\t\t<div class=\"elementor-element elementor-element-58023b8 elementor-widget elementor-widget-text-editor\" data-id=\"58023b8\" data-element_type=\"widget\" data-widget_type=\"text-editor.default\">\n\t\t\t\t<div class=\"elementor-widget-container\">\n\t\t\t\t\t\t\t\t\t<p>Enjoy our salt in practical single-dose sachet packaging. Maximum hygiene and professionalism, maximum flavour and quality.<\/p>\t\t\t\t\t\t\t\t<\/div>\n\t\t\t\t<\/div>\n\t\t\t\t<div class=\"elementor-element elementor-element-15d08e2 elementor-grid-4 elementor-grid-tablet-3 elementor-grid-mobile-2 elementor-products-grid elementor-wc-products elementor-show-pagination-border-yes elementor-widget elementor-widget-woocommerce-products\" data-id=\"15d08e2\" data-element_type=\"widget\" data-widget_type=\"woocommerce-products.default\">\n\t\t\t\t<div class=\"elementor-widget-container\">\n\t\t\t\t\t<div class=\"woocommerce columns-4\"><div class=\"woocommerce-notices-wrapper\"><\/div><ul class=\"products elementor-grid columns-4\">\n<li class=\"wvs-archive-product-wrapper product type-product post-494 status-publish first instock product_cat-monodosis has-post-thumbnail taxable shipping-taxable purchasable product-type-variable\">\n\t<div class=\"nv-card-content-wrapper\"><a href=\"https:\/\/salgourmet.es\/en\/monodosis\/pimienta-negra-sarawak-sobres-monodosis\/\" class=\"woocommerce-LoopProduct-link woocommerce-loop-product__link\"><div class=\"sp-product-image\"><div class=\"img-wrap\"><img fetchpriority=\"high\" decoding=\"async\" width=\"300\" height=\"300\" src=\"https:\/\/salgourmet.es\/wp-content\/uploads\/imagen_2024-07-11_113230326-300x300.png\" class=\"attachment-woocommerce_thumbnail size-woocommerce_thumbnail wvs-archive-product-image\" alt=\"Pimienta Negra de Sarawak en sobres monodosis\" srcset=\"https:\/\/salgourmet.es\/wp-content\/uploads\/imagen_2024-07-11_113230326-300x300.png 300w, https:\/\/salgourmet.es\/wp-content\/uploads\/imagen_2024-07-11_113230326-200x200.png 200w, https:\/\/salgourmet.es\/wp-content\/uploads\/imagen_2024-07-11_113230326-768x768.png 768w, https:\/\/salgourmet.es\/wp-content\/uploads\/imagen_2024-07-11_113230326-600x600.png 600w, https:\/\/salgourmet.es\/wp-content\/uploads\/imagen_2024-07-11_113230326-100x100.png 100w, https:\/\/salgourmet.es\/wp-content\/uploads\/imagen_2024-07-11_113230326-50x50.png 50w, https:\/\/salgourmet.es\/wp-content\/uploads\/imagen_2024-07-11_113230326.png 798w\" sizes=\"(max-width: 300px) 100vw, 300px\" \/><\/div><\/div><h2 class=\"woocommerce-loop-product__title\">Sarawak Black Pepper in single-dose sachets<\/h2>\n\t<span class=\"price\"><span class=\"woocommerce-Price-amount amount\"><bdi>11,40&nbsp;<span class=\"woocommerce-Price-currencySymbol\">\u20ac<\/span><\/bdi><\/span><\/span>\n<\/a><a href=\"https:\/\/salgourmet.es\/en\/monodosis\/pimienta-negra-sarawak-sobres-monodosis\/\" aria-describedby=\"woocommerce_loop_add_to_cart_link_describedby_494\" data-quantity=\"1\" class=\"button product_type_variable add_to_cart_button\" data-product_id=\"494\" data-product_sku=\"\" aria-label=\"Select options for \u201cPimienta Negra de Sarawak en sobres monodosis\u201d\" rel=\"nofollow\" data-no-translation=\"\" data-trp-gettext=\"\" data-no-translation-aria-label=\"\">Select options<\/a>\t<span id=\"woocommerce_loop_add_to_cart_link_describedby_494\" class=\"screen-reader-text\">\n\t\tThis product has multiple variants. The options may be chosen on the product page\t<\/span>\n<\/div><\/li>\n<li class=\"wvs-archive-product-wrapper product type-product post-476 status-publish instock product_cat-monodosis has-post-thumbnail taxable shipping-taxable purchasable product-type-variable\">\n\t<div class=\"nv-card-content-wrapper\"><a href=\"https:\/\/salgourmet.es\/en\/monodosis\/sal-fina-manantial-envase-monodosis\/\" class=\"woocommerce-LoopProduct-link woocommerce-loop-product__link\"><div class=\"sp-product-image\"><div class=\"img-wrap\"><img decoding=\"async\" width=\"300\" height=\"300\" src=\"https:\/\/salgourmet.es\/wp-content\/uploads\/imagen_2024-07-11_113008221-300x300.png\" class=\"attachment-woocommerce_thumbnail size-woocommerce_thumbnail wvs-archive-product-image\" alt=\"Sal Fina de Manantial en sobres monodosis\" srcset=\"https:\/\/salgourmet.es\/wp-content\/uploads\/imagen_2024-07-11_113008221-300x300.png 300w, https:\/\/salgourmet.es\/wp-content\/uploads\/imagen_2024-07-11_113008221-200x200.png 200w, https:\/\/salgourmet.es\/wp-content\/uploads\/imagen_2024-07-11_113008221-768x768.png 768w, https:\/\/salgourmet.es\/wp-content\/uploads\/imagen_2024-07-11_113008221-600x600.png 600w, https:\/\/salgourmet.es\/wp-content\/uploads\/imagen_2024-07-11_113008221-100x100.png 100w, https:\/\/salgourmet.es\/wp-content\/uploads\/imagen_2024-07-11_113008221-50x50.png 50w, https:\/\/salgourmet.es\/wp-content\/uploads\/imagen_2024-07-11_113008221.png 798w\" sizes=\"(max-width: 300px) 100vw, 300px\" \/><\/div><\/div><h2 class=\"woocommerce-loop-product__title\">Fine Spring Salt in single-dose sachets<\/h2>\n\t<span class=\"price\"><span class=\"woocommerce-Price-amount amount\"><bdi>11,40&nbsp;<span class=\"woocommerce-Price-currencySymbol\">\u20ac<\/span><\/bdi><\/span><\/span>\n<\/a><a href=\"https:\/\/salgourmet.es\/en\/monodosis\/sal-fina-manantial-envase-monodosis\/\" aria-describedby=\"woocommerce_loop_add_to_cart_link_describedby_476\" data-quantity=\"1\" class=\"button product_type_variable add_to_cart_button\" data-product_id=\"476\" data-product_sku=\"\" aria-label=\"Select options for \u201cSal Fina de Manantial en sobres monodosis\u201d\" rel=\"nofollow\" data-no-translation=\"\" data-trp-gettext=\"\" data-no-translation-aria-label=\"\">Select options<\/a>\t<span id=\"woocommerce_loop_add_to_cart_link_describedby_476\" class=\"screen-reader-text\">\n\t\tThis product has multiple variants. The options may be chosen on the product page\t<\/span>\n<\/div><\/li>\n<li class=\"wvs-archive-product-wrapper product type-product post-397 status-publish instock product_cat-monodosis has-post-thumbnail taxable shipping-taxable purchasable product-type-variable\">\n\t<div class=\"nv-card-content-wrapper\"><a href=\"https:\/\/salgourmet.es\/en\/monodosis\/sal-ligera-sodio-sobres-monodosis\/\" class=\"woocommerce-LoopProduct-link woocommerce-loop-product__link\"><div class=\"sp-product-image\"><div class=\"img-wrap\"><img decoding=\"async\" width=\"300\" height=\"300\" src=\"https:\/\/salgourmet.es\/wp-content\/uploads\/imagen_2024-07-11_112451673-300x300.png\" class=\"attachment-woocommerce_thumbnail size-woocommerce_thumbnail wvs-archive-product-image\" alt=\"Sal Ligera en Sodio en sobres monodosis\" srcset=\"https:\/\/salgourmet.es\/wp-content\/uploads\/imagen_2024-07-11_112451673-300x300.png 300w, https:\/\/salgourmet.es\/wp-content\/uploads\/imagen_2024-07-11_112451673-200x200.png 200w, https:\/\/salgourmet.es\/wp-content\/uploads\/imagen_2024-07-11_112451673-768x768.png 768w, https:\/\/salgourmet.es\/wp-content\/uploads\/imagen_2024-07-11_112451673-600x600.png 600w, https:\/\/salgourmet.es\/wp-content\/uploads\/imagen_2024-07-11_112451673-100x100.png 100w, https:\/\/salgourmet.es\/wp-content\/uploads\/imagen_2024-07-11_112451673-50x50.png 50w, https:\/\/salgourmet.es\/wp-content\/uploads\/imagen_2024-07-11_112451673.png 798w\" sizes=\"(max-width: 300px) 100vw, 300px\" \/><\/div><\/div><h2 class=\"woocommerce-loop-product__title\">Light Sodium Salt in single-dose sachets<\/h2>\n\t<span class=\"price\"><span class=\"woocommerce-Price-amount amount\"><bdi>12,60&nbsp;<span class=\"woocommerce-Price-currencySymbol\">\u20ac<\/span><\/bdi><\/span><\/span>\n<\/a><a href=\"https:\/\/salgourmet.es\/en\/monodosis\/sal-ligera-sodio-sobres-monodosis\/\" aria-describedby=\"woocommerce_loop_add_to_cart_link_describedby_397\" data-quantity=\"1\" class=\"button product_type_variable add_to_cart_button\" data-product_id=\"397\" data-product_sku=\"\" aria-label=\"Select options for \u201cSal Ligera en Sodio en sobres monodosis\u201d\" rel=\"nofollow\" data-no-translation=\"\" data-trp-gettext=\"\" data-no-translation-aria-label=\"\">Select options<\/a>\t<span id=\"woocommerce_loop_add_to_cart_link_describedby_397\" class=\"screen-reader-text\">\n\t\tThis product has multiple variants. The options may be chosen on the product page\t<\/span>\n<\/div><\/li>\n<li class=\"wvs-archive-product-wrapper product type-product post-365 status-publish last instock product_cat-monodosis has-post-thumbnail taxable shipping-taxable purchasable product-type-variable\">\n\t<div class=\"nv-card-content-wrapper\"><a href=\"https:\/\/salgourmet.es\/en\/monodosis\/sal-escamas-envase-monodosis\/\" class=\"woocommerce-LoopProduct-link woocommerce-loop-product__link\"><div class=\"sp-product-image\"><div class=\"img-wrap\"><img loading=\"lazy\" decoding=\"async\" width=\"300\" height=\"300\" src=\"https:\/\/salgourmet.es\/wp-content\/uploads\/imagen_2024-07-11_112051666-300x300.png\" class=\"attachment-woocommerce_thumbnail size-woocommerce_thumbnail wvs-archive-product-image\" alt=\"Petalos de Sal en sobres monodosis\" srcset=\"https:\/\/salgourmet.es\/wp-content\/uploads\/imagen_2024-07-11_112051666-300x300.png 300w, https:\/\/salgourmet.es\/wp-content\/uploads\/imagen_2024-07-11_112051666-200x200.png 200w, https:\/\/salgourmet.es\/wp-content\/uploads\/imagen_2024-07-11_112051666-768x768.png 768w, https:\/\/salgourmet.es\/wp-content\/uploads\/imagen_2024-07-11_112051666-600x600.png 600w, https:\/\/salgourmet.es\/wp-content\/uploads\/imagen_2024-07-11_112051666-100x100.png 100w, https:\/\/salgourmet.es\/wp-content\/uploads\/imagen_2024-07-11_112051666-50x50.png 50w, https:\/\/salgourmet.es\/wp-content\/uploads\/imagen_2024-07-11_112051666.png 798w\" sizes=\"(max-width: 300px) 100vw, 300px\" \/><\/div><\/div><h2 class=\"woocommerce-loop-product__title\">Salt petals in single-dose sachets<\/h2>\n\t<span class=\"price\"><span class=\"woocommerce-Price-amount amount\"><bdi>11,40&nbsp;<span class=\"woocommerce-Price-currencySymbol\">\u20ac<\/span><\/bdi><\/span><\/span>\n<\/a><a href=\"https:\/\/salgourmet.es\/en\/monodosis\/sal-escamas-envase-monodosis\/\" aria-describedby=\"woocommerce_loop_add_to_cart_link_describedby_365\" data-quantity=\"1\" class=\"button product_type_variable add_to_cart_button\" data-product_id=\"365\" data-product_sku=\"\" aria-label=\"Select options for \u201cPetalos de Sal en sobres monodosis\u201d\" rel=\"nofollow\" data-no-translation=\"\" data-trp-gettext=\"\" data-no-translation-aria-label=\"\">Select options<\/a>\t<span id=\"woocommerce_loop_add_to_cart_link_describedby_365\" class=\"screen-reader-text\">\n\t\tThis product has multiple variants. The options may be chosen on the product page\t<\/span>\n<\/div><\/li>\n<\/ul>\n<\/div>\t\t\t\t<\/div>\n\t\t\t\t<\/div>\n\t\t\t\t<\/div>\n\t\t\t\t\t<\/div>\n\t\t\t\t<\/div>\n\t\t\t\t<\/div>","protected":false},"excerpt":{"rendered":"<p>Enjoy our salt in practical single-dose sachet packaging. Maximum hygiene and professionalism, maximum flavour and quality.<\/p>","protected":false},"author":1,"featured_media":0,"parent":0,"menu_order":0,"comment_status":"closed","ping_status":"closed","template":"page-templates\/template-pagebuilder-full-width.php","meta":{"_acf_changed":false,"neve_meta_sidebar":"","neve_meta_container":"","neve_meta_enable_content_width":"off","neve_meta_content_width":100,"neve_meta_title_alignment":"","neve_meta_author_avatar":"","neve_post_elements_order":"","neve_meta_disable_header":"","neve_meta_disable_footer":"","neve_meta_disable_title":"","footnotes":""},"class_list":["post-1119","page","type-page","status-publish","hentry"],"acf":[],"yoast_head":"<!-- This site is optimized with the Yoast SEO plugin v25.8 - https:\/\/yoast.com\/wordpress\/plugins\/seo\/ -->\n<title>Monodosis - Sal Gourmet<\/title>\n<meta name=\"robots\" content=\"index, follow, max-snippet:-1, max-image-preview:large, max-video-preview:-1\" \/>\n<link rel=\"canonical\" href=\"https:\/\/salgourmet.es\/en\/monodosis\/\" \/>\n<meta property=\"og:locale\" content=\"en_GB\" \/>\n<meta property=\"og:type\" content=\"article\" \/>\n<meta property=\"og:title\" content=\"Monodosis - Sal Gourmet\" \/>\n<meta property=\"og:description\" content=\"Disfruta de nuestra sal en pr\u00e1cticos envases con sobres monodosis. M\u00e1xima higiene y profesionalidad, m\u00e1ximo sabor y calidad.\" \/>\n<meta property=\"og:url\" content=\"https:\/\/salgourmet.es\/en\/monodosis\/\" \/>\n<meta property=\"og:site_name\" content=\"Sal Gourmet\" \/>\n<meta property=\"article:modified_time\" content=\"2024-07-11T19:40:41+00:00\" \/>\n<meta name=\"twitter:card\" content=\"summary_large_image\" \/>\n<script type=\"application\/ld+json\" class=\"yoast-schema-graph\">{\"@context\":\"https:\/\/schema.org\",\"@graph\":[{\"@type\":\"WebPage\",\"@id\":\"https:\/\/salgourmet.es\/monodosis\/\",\"url\":\"https:\/\/salgourmet.es\/monodosis\/\",\"name\":\"Monodosis - Sal Gourmet\",\"isPartOf\":{\"@id\":\"https:\/\/salgourmet.es\/#website\"},\"datePublished\":\"2024-07-11T19:40:05+00:00\",\"dateModified\":\"2024-07-11T19:40:41+00:00\",\"breadcrumb\":{\"@id\":\"https:\/\/salgourmet.es\/monodosis\/#breadcrumb\"},\"inLanguage\":\"en-GB\",\"potentialAction\":[{\"@type\":\"ReadAction\",\"target\":[\"https:\/\/salgourmet.es\/monodosis\/\"]}]},{\"@type\":\"BreadcrumbList\",\"@id\":\"https:\/\/salgourmet.es\/monodosis\/#breadcrumb\",\"itemListElement\":[{\"@type\":\"ListItem\",\"position\":1,\"name\":\"Portada\",\"item\":\"https:\/\/salgourmet.es\/\"},{\"@type\":\"ListItem\",\"position\":2,\"name\":\"Monodosis\"}]},{\"@type\":\"WebSite\",\"@id\":\"https:\/\/salgourmet.es\/#website\",\"url\":\"https:\/\/salgourmet.es\/\",\"name\":\"Sal Gourmet\",\"description\":\"\",\"potentialAction\":[{\"@type\":\"SearchAction\",\"target\":{\"@type\":\"EntryPoint\",\"urlTemplate\":\"https:\/\/salgourmet.es\/?s={search_term_string}\"},\"query-input\":{\"@type\":\"PropertyValueSpecification\",\"valueRequired\":true,\"valueName\":\"search_term_string\"}}],\"inLanguage\":\"en-GB\"}]}<\/script>\n<!-- \/ Yoast SEO plugin. -->","yoast_head_json":{"title":"Single-dose - Gourmet Salt","robots":{"index":"index","follow":"follow","max-snippet":"max-snippet:-1","max-image-preview":"max-image-preview:large","max-video-preview":"max-video-preview:-1"},"canonical":"https:\/\/salgourmet.es\/en\/monodosis\/","og_locale":"en_GB","og_type":"article","og_title":"Monodosis - Sal Gourmet","og_description":"Disfruta de nuestra sal en pr\u00e1cticos envases con sobres monodosis. M\u00e1xima higiene y profesionalidad, m\u00e1ximo sabor y calidad.","og_url":"https:\/\/salgourmet.es\/en\/monodosis\/","og_site_name":"Sal Gourmet","article_modified_time":"2024-07-11T19:40:41+00:00","twitter_card":"summary_large_image","schema":{"@context":"https:\/\/schema.org","@graph":[{"@type":"WebPage","@id":"https:\/\/salgourmet.es\/monodosis\/","url":"https:\/\/salgourmet.es\/monodosis\/","name":"Single-dose - Gourmet Salt","isPartOf":{"@id":"https:\/\/salgourmet.es\/#website"},"datePublished":"2024-07-11T19:40:05+00:00","dateModified":"2024-07-11T19:40:41+00:00","breadcrumb":{"@id":"https:\/\/salgourmet.es\/monodosis\/#breadcrumb"},"inLanguage":"en-GB","potentialAction":[{"@type":"ReadAction","target":["https:\/\/salgourmet.es\/monodosis\/"]}]},{"@type":"BreadcrumbList","@id":"https:\/\/salgourmet.es\/monodosis\/#breadcrumb","itemListElement":[{"@type":"ListItem","position":1,"name":"Portada","item":"https:\/\/salgourmet.es\/"},{"@type":"ListItem","position":2,"name":"Monodosis"}]},{"@type":"WebSite","@id":"https:\/\/salgourmet.es\/#website","url":"https:\/\/salgourmet.es\/","name":"Gourmet Salt","description":"","potentialAction":[{"@type":"SearchAction","target":{"@type":"EntryPoint","urlTemplate":"https:\/\/salgourmet.es\/?s={search_term_string}"},"query-input":{"@type":"PropertyValueSpecification","valueRequired":true,"valueName":"search_term_string"}}],"inLanguage":"en-GB"}]}},"_links":{"self":[{"href":"https:\/\/salgourmet.es\/en\/wp-json\/wp\/v2\/pages\/1119","targetHints":{"allow":["GET"]}}],"collection":[{"href":"https:\/\/salgourmet.es\/en\/wp-json\/wp\/v2\/pages"}],"about":[{"href":"https:\/\/salgourmet.es\/en\/wp-json\/wp\/v2\/types\/page"}],"author":[{"embeddable":true,"href":"https:\/\/salgourmet.es\/en\/wp-json\/wp\/v2\/users\/1"}],"replies":[{"embeddable":true,"href":"https:\/\/salgourmet.es\/en\/wp-json\/wp\/v2\/comments?post=1119"}],"version-history":[{"count":4,"href":"https:\/\/salgourmet.es\/en\/wp-json\/wp\/v2\/pages\/1119\/revisions"}],"predecessor-version":[{"id":1123,"href":"https:\/\/salgourmet.es\/en\/wp-json\/wp\/v2\/pages\/1119\/revisions\/1123"}],"wp:attachment":[{"href":"https:\/\/salgourmet.es\/en\/wp-json\/wp\/v2\/media?parent=1119"}],"curies":[{"name":"wp","href":"https:\/\/api.w.org\/{rel}","templated":true}]}}